{"id":2515,"date":"2016-01-14T14:21:05","date_gmt":"2016-01-14T13:21:05","guid":{"rendered":"http:\/\/blogsaverroes.juntadeandalucia.es\/ceipelalmendralcarmona\/?page_id=2515"},"modified":"2021-12-12T11:18:05","modified_gmt":"2021-12-12T10:18:05","slug":"escuela-espacio-de-paz","status":"publish","type":"page","link":"https:\/\/blogsaverroes.juntadeandalucia.es\/ceipelalmendralcarmona\/escuela-espacio-de-paz\/","title":{"rendered":"ESCUELA, ESPACIO DE PAZ"},"content":{"rendered":"<h1 style=\"text-align: center\"><a href=\"http:\/\/blogsaverroes.juntadeandalucia.es\/ceipelalmendralcarmona\/files\/2016\/01\/Logos_paz.jpeg\"><img loading=\"lazy\" decoding=\"async\" class=\" wp-image-2520 aligncenter\" src=\"http:\/\/blogsaverroes.juntadeandalucia.es\/ceipelalmendralcarmona\/files\/2016\/01\/Logos_paz-300x138.jpeg\" alt=\"Logos_paz\" width=\"326\" height=\"150\" srcset=\"https:\/\/blogsaverroes.juntadeandalucia.es\/ceipelalmendralcarmona\/files\/2016\/01\/Logos_paz-300x138.jpeg 300w, https:\/\/blogsaverroes.juntadeandalucia.es\/ceipelalmendralcarmona\/files\/2016\/01\/Logos_paz-1024x472.jpeg 1024w, https:\/\/blogsaverroes.juntadeandalucia.es\/ceipelalmendralcarmona\/files\/2016\/01\/Logos_paz.jpeg 1036w\" sizes=\"(max-width: 326px) 100vw, 326px\" \/><\/a><span style=\"color: #ff0000\"><strong>PROYECTO ESCUELA: ESPACIO DE PAZ<\/strong><\/span><\/h1>\n<div class=\"osc-res-tab tabbable   osc-tabs-left\"><div style=\"clear:both;width: 100%;\"><ul class=\"nav osc-res-nav nav-tabs osc-tabs-left-ul\" id=\"oscitas-restabs-1-escuela-espacio-de-paz-81787\"><li class=\"active\"><a href=\"#ert_pane1-0\" data-toggle=\"tab\"><strong>ACTIVIDADES<\/strong><\/a><\/li><li class=\"\"><a href=\"#ert_pane1-1\" data-toggle=\"tab\"><strong>PROYECTO<\/strong><\/a><\/li><li class=\"\"><a href=\"#ert_pane1-2\" data-toggle=\"tab\"><strong>GALER\u00cdA DE IM\u00c1GENES<\/strong><\/a><\/li><li class=\"\"><a href=\"#ert_pane1-3\" data-toggle=\"tab\"><strong>RECURSOS<\/strong><\/a><\/li><\/ul><\/div><div style=\"clear:both;width: 100%;\"><ul class=\"tab-content\" id=\"oscitas-restabcontent-1-escuela-espacio-de-paz-81787\"><li class=\"tab-pane active\" id=\"ert_pane1-0\"><\/p>\n<p>Pulsa sobre el enlace para acceder al <span style=\"font-size: 14pt\"><a href=\"https:\/\/blogsaverroes.juntadeandalucia.es\/ceipelalmendralcarmona\/category\/actividades\/escuela-espacio-de-paz\/\" target=\"_blank\" rel=\"noopener noreferrer\"><strong>HIST\u00d3RICO DE ACTIVIDADES<\/strong><\/a><\/span> relacionadas con el Proyecto.<\/p>\n<p style=\"text-align: center\">&nbsp; <a href=\"https:\/\/blogsaverroes.juntadeandalucia.es\/ceipelalmendralcarmona\/files\/2021\/09\/handshake-27.gif\"><img loading=\"lazy\" decoding=\"async\" class=\"alignnone wp-image-5813\" src=\"https:\/\/blogsaverroes.juntadeandalucia.es\/ceipelalmendralcarmona\/files\/2021\/09\/handshake-27.gif\" alt=\"\" width=\"296\" height=\"291\"><\/a>&nbsp;<\/p>\n<p style=\"text-align: justify\">Se propone la educaci\u00f3n en todos los \u00e1mbitos de la persona. Educaci\u00f3n que va m\u00e1s all\u00e1 de la mera transmisi\u00f3n de informaci\u00f3n, implicando una formaci\u00f3n en valores, que destaque como algo esencial una educaci\u00f3n en y para la paz y la no violencia.<br \/>\nAprender a convivir en paz constituye una de las condiciones que posiblemente tenga m\u00e1s relaci\u00f3n con el \u00e9xito de la ense\u00f1anza y el aprendizaje. Y no es menos cierto que al educar en la convivencia tambi\u00e9n se previenen, se detectan y se resuelven los conflictos que se producen dentro y fuera de nuestro medio escolar.<a href=\"http:\/\/blogsaverroes.juntadeandalucia.es\/ceipelalmendralcarmona\/files\/2016\/01\/invitado.gif\"><img loading=\"lazy\" decoding=\"async\" class=\"size-medium wp-image-2523 alignright\" src=\"http:\/\/blogsaverroes.juntadeandalucia.es\/ceipelalmendralcarmona\/files\/2016\/01\/invitado-264x300.gif\" alt=\"invitado\" width=\"264\" height=\"300\"><\/a><br \/>\nLos colegios, como enclaves que son de vida y crecimiento personal, constituyen una fuente natural de conflictos o, lo que es lo mismo, aut\u00e9nticas oportunidades para aprender a vivir juntos, en un espacio de paz. Dada la escasez de recursos con que contamos los Centros para hacer frente al conflicto en todas sus manifestaciones, este Proyecto \u201cEscuela, Espacio de paz\u201d es un instrumento que permite concienciar y sensibilizar a todos los sectores de la comunidad educativa en la tarea de adquirir las herramientas necesarias que nos ayuden a todos a contribuir desde la educaci\u00f3n a la construcci\u00f3n de la Cultura de Paz.<\/p>\n<p style=\"text-align: justify\">Este Proyecto ser\u00e1 una oportunidad para concretar la organizaci\u00f3n y el funcionamiento de nuestro Centro en relaci\u00f3n con la paz y la no violencia. Recoger\u00e1 las l\u00edneas generales del modelo de convivencia.<br \/>\nLa realizaci\u00f3n de este Proyecto nos inspira una metodolog\u00eda que basada en la soluci\u00f3n de problemas encare tres desaf\u00edos: la comprensi\u00f3n de un problema, la estrategia de intervenci\u00f3n y la soluci\u00f3n del problema, eliminando las causas.<\/p>\n<p><\/li><li class=\"tab-pane \" id=\"ert_pane1-1\"><\/p>\n<p>&nbsp;<\/p>\n<div style=\"text-align: center\">\n<div style=\"margin: 8px 0px 4px\"><a href=\"https:\/\/www.calameo.com\/books\/002977180aafb215e364d\" target=\"_blank\" rel=\"noopener noreferrer\">Escuela Espacio De Paz 2021 2022 W<\/a><\/div>\n<p><iframe loading=\"lazy\" src=\"\/\/v.calameo.com\/?bkcode=002977180aafb215e364d&amp;mode=mini\" scrolling=\"no\" width=\"700\" height=\"450\" frameborder=\"0\"><\/iframe><\/p>\n<\/div>\n<p>&nbsp;<\/p>\n<p><\/li><li class=\"tab-pane \" id=\"ert_pane1-2\"><\/p>\n<p><a href=\"https:\/\/blogsaverroes.juntadeandalucia.es\/ceipelalmendralcarmona\/files\/2021\/09\/4991cccc96499a88-.gif\"><img loading=\"lazy\" decoding=\"async\" class=\" wp-image-5812 aligncenter\" src=\"https:\/\/blogsaverroes.juntadeandalucia.es\/ceipelalmendralcarmona\/files\/2021\/09\/4991cccc96499a88-.gif\" alt=\"\" width=\"232\" height=\"232\"><\/a>Im\u00e1genes de la celebraci\u00f3n del D\u00eda Escolar de la Paz y no violencia.<\/p>\n<ul style=\"list-style-type: square\">\n<li><strong><a href=\"https:\/\/photos.app.goo.gl\/W1BLK5wj7N1m7DaE7\" target=\"_blank\" rel=\"noopener noreferrer\">CURSO 2019\/2020<\/a><\/strong><\/li>\n<li><strong><a href=\"https:\/\/photos.app.goo.gl\/mUSwc9ikSRtuYSDR8\" target=\"_blank\" rel=\"noopener noreferrer\">CURSO 2018\/2019<\/a><\/strong><\/li>\n<li><a href=\"https:\/\/photos.app.goo.gl\/9puFu53qcHFEbrIG3\" target=\"_blank\" rel=\"noopener noreferrer\"><strong>CURSO 2017\/2018<\/strong><\/a><\/li>\n<li><a href=\"https:\/\/goo.gl\/photos\/ezQCW8FnW2BHMGZp9\" target=\"_blank\" rel=\"noopener noreferrer\"><strong>CURSO 2016\/2017<\/strong><\/a><\/li>\n<li><a href=\"https:\/\/goo.gl\/photos\/xj9i7oVLX5CRY1wZ9\" target=\"_blank\" rel=\"noopener noreferrer\"><strong>CURSO 2015\/2016 Parte I<\/strong><\/a><\/li>\n<li><strong><a href=\"https:\/\/goo.gl\/photos\/4oE4WFctNQbh9Pj98\" target=\"_blank\" rel=\"noopener noreferrer\">CURSO 2015\/2016. Parte II<\/a><\/strong><\/li>\n<li>&nbsp;<\/li>\n<\/ul>\n<p>&nbsp;<\/p>\n<p>&nbsp;<\/p>\n<p>&nbsp;<\/p>\n<p><\/li><li class=\"tab-pane \" id=\"ert_pane1-3\"><\/p>\n<ul>\n<li><strong>Portal&nbsp;<a href=\"https:\/\/www.juntadeandalucia.es\/educacion\/portals\/web\/convivencia-escolar\/red-escuela-espacio-de-paz\" target=\"_blank\" rel=\"noopener noreferrer\">CONVIVENCIA ESCOLAR: Red de Centros: Escuela, Espacios de Paz<\/a>.<\/strong><\/li>\n<li><strong><a href=\"https:\/\/www.juntadeandalucia.es\/educacion\/portals\/web\/convivencia-escolar\/dia-escolar-por-la-no-violencia-y-la-paz\" target=\"_blank\" rel=\"noopener noreferrer\">Recursos: D\u00eda Escolar por la No Violencia y la Paz.<\/a><\/strong><\/li>\n<li><strong><a href=\"https:\/\/www.juntadeandalucia.es\/educacion\/portals\/web\/convivencia-escolar\/educacion-emocional\" target=\"_blank\" rel=\"noopener noreferrer\">Educaci\u00f3n emocional.<\/a><\/strong><\/li>\n<li><strong><a href=\"http:\/\/actividadesinfantil.com\/archives\/10634\" target=\"_blank\" rel=\"noopener noreferrer\">Las piruletas de las emociones. <\/a><a href=\"http:\/\/actividadesinfantil.com\/archives\/10634\">(Juegos para trabajar en clase<\/a>)<\/strong><\/li>\n<li><a href=\"http:\/\/www.apega.org\/wp-content\/uploads\/2013\/06\/GUIAEMOCIONES_v2-1.pdf\" target=\"_blank\" rel=\"noopener noreferrer\"><strong>Las emociones. Comprenderlas para vivir mejor<\/strong> <\/a>( Interesante Unidad Did\u00e1ctica sobre las emociones)<\/li>\n<li><strong><a href=\"http:\/\/www.apega.org\/wp-content\/uploads\/2013\/11\/adjuntos_fichero_695712_f85eecff7d7e5afb1.pdf\" target=\"_blank\" rel=\"noopener noreferrer\">Cultivando emociones. Educaci\u00f3n emocional de 3 a 8 a\u00f1os<\/a><\/strong><\/li>\n<\/ul>\n<ul>\n<li><strong>Habilidades Sociales:&nbsp;<\/strong>Cuadernos para trabajar habilidades sociales, alojados en el Portal de Convivencia Escolar de la Consejer\u00eda de Educaci\u00f3n, Cultura y Deporte de la Junta de Andaluc\u00eda.&nbsp;&nbsp;<\/li>\n<\/ul>\n<div>\n<table cellspacing=\"30\" cellpadding=\"20\" border=\"0\" align=\"center\">\n<tbody>\n<tr>\n<td colspan=\"3\">&nbsp; &nbsp; &nbsp; &nbsp; &nbsp; &nbsp; &nbsp; &nbsp; &nbsp; &nbsp;&nbsp;<a title=\"Im\u00e1genes de Habilidades sociales (cuaderno_de_habilidades_sociales.jpg)\" href=\"http:\/\/www.juntadeandalucia.es\/educacion\/webportal\/abaco-portlet\/content\/46c6d0d9-07cb-4004-8166-219240b6edf2\" target=\"_blank\" rel=\"noopener noreferrer\"><img loading=\"lazy\" decoding=\"async\" class=\" aligncenter\" title=\"Im\u00e1genes de Habilidades sociales (cuaderno_de_habilidades_sociales.jpg)\" src=\"http:\/\/www.juntadeandalucia.es\/educacion\/webportal\/ishare-servlet\/content\/8101e34a-a76e-4a35-9a35-2ccd25f1d356\" alt=\"Im\u00e1genes de Habilidades sociales (cuaderno_de_habilidades_sociales.jpg)\" width=\"233\" height=\"344\"><\/a><\/td>\n<\/tr>\n<\/tbody>\n<\/table>\n<\/div>\n<ul>\n<li><strong><a href=\"http:\/\/www.juntadeandalucia.es\/educacion\/webportal\/abaco-portlet\/content\/46c6d0d9-07cb-4004-8166-219240b6edf2\" target=\"_blank\" rel=\"noopener noreferrer\">Cuaderno de habilidades sociales (Programa de educaci\u00f3n para la convivencia) Educaci\u00f3n Primaria &#8211; Alberto Acosta, Jes\u00fas L\u00f3pez Meg\u00edas, Ignacio Segura y Emiliano Rodr\u00edguez.<\/a><\/strong><\/li>\n<\/ul>\n<p><a title=\"Im\u00e1genes de Habilidades sociales (cuaderno_habilidades_alternativas_a_la_agresixn.jpg)\" href=\"http:\/\/www.juntadeandalucia.es\/educacion\/webportal\/abaco-portlet\/content\/efb46430-7161-4811-ac21-aa182c259636.jpg\" target=\"_blank\" rel=\"noopener noreferrer\"><img loading=\"lazy\" decoding=\"async\" class=\"aligncenter\" title=\"Im\u00e1genes de Habilidades sociales (cuaderno_habilidades_alternativas_a_la_agresixn.jpg)\" src=\"http:\/\/www.juntadeandalucia.es\/educacion\/webportal\/ishare-servlet\/content\/775fffef-3581-48a5-bb24-b3aeacf24a2c\" alt=\"Im\u00e1genes de Habilidades sociales (cuaderno_habilidades_alternativas_a_la_agresixn.jpg)\" width=\"195\" height=\"209\"><\/a><\/p>\n<ul>\n<li><strong><a href=\"http:\/\/www.juntadeandalucia.es\/educacion\/webportal\/abaco-portlet\/content\/efb46430-7161-4811-ac21-aa182c259636\" target=\"_blank\" rel=\"noopener noreferrer\">&#8216;Cuaderno de habilidades sociales&#8217; (Programa de educaci\u00f3n para la convivencia) Educaci\u00f3n Primaria &#8211; Alberto Acosta, Jes\u00fas L\u00f3pez Meg\u00edas, Ignacio Segura y Emiliano Rodr\u00edguez Amador.<\/a><\/strong><\/li>\n<\/ul>\n<p><a title=\"Im\u00e1genes de Habilidades sociales (cuaderno_educacixn_en_sentimientos.jpg)\" href=\"http:\/\/www.juntadeandalucia.es\/educacion\/webportal\/abaco-portlet\/content\/8b868805-05da-423c-a3c7-310daefe0780\" target=\"_blank\" rel=\"noopener noreferrer\"><img loading=\"lazy\" decoding=\"async\" class=\" aligncenter\" title=\"Im\u00e1genes de Habilidades sociales (cuaderno_educacixn_en_sentimientos.jpg)\" src=\"http:\/\/www.juntadeandalucia.es\/educacion\/webportal\/ishare-servlet\/content\/1dc61730-3a4b-48be-8590-8ea265ce850d\" alt=\"Im\u00e1genes de Habilidades sociales (cuaderno_educacixn_en_sentimientos.jpg)\" width=\"230\" height=\"188\"><\/a><\/p>\n<ul>\n<li><strong><a href=\"http:\/\/www.juntadeandalucia.es\/educacion\/webportal\/abaco-portlet\/content\/8b868805-05da-423c-a3c7-310daefe0780\" target=\"_blank\" rel=\"noopener noreferrer\">&#8216;Cuaderno de educaci\u00f3n en sentimientos&#8217; (Programa de educaci\u00f3n para la convivencia) Educaci\u00f3n Primaria &#8211; Alberto Acosta, Jes\u00fas L\u00f3pez Meg\u00edas, Ignacio Segura y Emiliano Rodr\u00edguez.<\/a><\/strong><\/li>\n<\/ul>\n<p><a title=\"Im\u00e1genes de Habilidades sociales (ser_persona_y_relacionarse.jpg)\" href=\"http:\/\/www.juntadeandalucia.es\/educacion\/webportal\/abaco-portlet\/content\/13983c19-620f-452a-ab12-0b44fb94368a\" target=\"_blank\" rel=\"noopener noreferrer\"><img loading=\"lazy\" decoding=\"async\" class=\"aligncenter\" title=\"Im\u00e1genes de Habilidades sociales (ser_persona_y_relacionarse.jpg)\" src=\"http:\/\/www.juntadeandalucia.es\/educacion\/webportal\/ishare-servlet\/content\/3ed4caa6-a7d0-4996-b5d3-256c2ff5e439\" alt=\"Im\u00e1genes de Habilidades sociales (ser_persona_y_relacionarse.jpg)\" width=\"203\" height=\"265\"><\/a><\/p>\n<ul>\n<li><strong><a href=\"http:\/\/www.juntadeandalucia.es\/educacion\/webportal\/abaco-portlet\/content\/13983c19-620f-452a-ab12-0b44fb94368a\" target=\"_blank\" rel=\"noopener noreferrer\">&#8216;Ser Persona y Relacionarse&#8217;. Competencia social en el aula (Secundaria: Primer Ciclo) &#8211; Autor: Manuel Segura Morales \/ Ilustraciones: Jos\u00e9 Carlos P\u00e9rez D\u00edaz<\/a><\/strong><\/li>\n<\/ul>\n<p><a href=\"http:\/\/www.cuentosparaconversar.net\/\"><img loading=\"lazy\" decoding=\"async\" class=\" aligncenter\" title=\"Cuentos conversar (cuentosparapensar.jpg)\" src=\"http:\/\/www.juntadeandalucia.es\/educacion\/webportal\/ishare-servlet\/content\/9f9e333f-8d5d-4c2c-9e12-ba59a4c7eb25\" alt=\"Cuentos conversar (cuentosparapensar.jpg)\" width=\"306\" height=\"189\"><\/a><\/p>\n<ul>\n<li><strong><a href=\"http:\/\/www.cuentosparaconversar.net\/\" target=\"_blank\" rel=\"noopener noreferrer\">Cuentos para conversar. (H\u00e1bitos de vida saludable y desarrollo de habilidades para la vida)<\/a><\/strong><\/li>\n<\/ul>\n<p><a href=\"http:\/\/www.zerbikas.es\/guias\/es\/HpV_Empatia.pdf\" target=\"_blank\" rel=\"noopener noreferrer\"><img decoding=\"async\" class=\" aligncenter\" title=\"Empat\u00eda (guia_es_6.gif)\" src=\"http:\/\/www.juntadeandalucia.es\/educacion\/webportal\/ishare-servlet\/content\/cee0abd8-7ac1-4fcc-b3b3-f259bb9a94a1\" alt=\"Empat\u00eda (guia_es_6.gif)\"><\/a><\/p>\n<ul>\n<li><strong><a href=\"http:\/\/www.zerbikas.es\/guias\/es\/HpV_Empatia.pdf\" target=\"_blank\" rel=\"noopener noreferrer\">Empat\u00eda: Gu\u00eda de entrenamiento. Aprendizaje y Servicio Solidario<\/a><\/strong><\/li>\n<\/ul>\n<p><a href=\"http:\/\/books.google.es\/books\/about\/Relacionarnos_bien.html?hl=es&amp;id=NeGR1mmMOM0C\" target=\"_blank\" rel=\"noopener noreferrer\"><img loading=\"lazy\" decoding=\"async\" class=\" aligncenter\" title=\"Relaciornarse bien Manuel Segura (image-182x300.jpg)\" src=\"http:\/\/www.juntadeandalucia.es\/educacion\/webportal\/ishare-servlet\/content\/3ce4db32-b919-4ba5-9cea-cfa1b49d9104\" alt=\"Relaciornarse bien Manuel Segura (image-182x300.jpg)\" width=\"223\" height=\"368\"><\/a><\/p>\n<ul>\n<li><strong><a href=\"http:\/\/books.google.es\/books\/about\/Relacionarnos_bien.html?hl=es&amp;id=NeGR1mmMOM0C\" target=\"_blank\" rel=\"noopener noreferrer\">Relacionarnos Bien: programa de competencia social para ni\u00f1os y ni\u00f1as de 4 a 12 a\u00f1os. Manuel Segura Morales &#8211; Margarita Arcas Cuenca<\/a><\/strong><\/li>\n<\/ul>\n<p><img loading=\"lazy\" decoding=\"async\" class=\" aligncenter\" title=\"Educaci\u00f3n emocional. Manuel Segura (verde_emoci.jpg)\" src=\"http:\/\/www.juntadeandalucia.es\/educacion\/webportal\/ishare-servlet\/content\/4dd20766-2b53-42e6-b6b1-411c288c5323\" alt=\"Educaci\u00f3n emocional. Manuel Segura (verde_emoci.jpg)\" width=\"152\" height=\"251\"><\/p>\n<ul>\n<li><strong><a title=\"Educaci\u00f3n emocional Manuel Segura (EDUCACI\u00d3N EMOCIONAL Segura Morales.pdf)\" href=\"http:\/\/www.juntadeandalucia.es\/educacion\/webportal\/ishare-servlet\/content\/45327ed9-ccbc-4e81-b9bf-7009eeb62dd2\" target=\"_blank\" rel=\"noopener noreferrer\">Educaci\u00f3n Emocional. Manuel Segura Morales &#8211; Margarita Arcas Cuenca<\/a><\/strong><\/li>\n<\/ul>\n<p>&nbsp; &nbsp;<a title=\"Se abre en una nueva ventana\" href=\"http:\/\/www.juntadeandalucia.es\/educacion\/webportal\/web\/convivencia-escolar\/materiales\/bibliografia\/habilidades\" target=\"_blank\" rel=\"noopener noreferrer\"><img loading=\"lazy\" decoding=\"async\" class=\"aligncenter\" src=\"http:\/\/www.juntadeandalucia.es\/educacion\/webportal\/abaco-portlet\/thumbnail\/abaco_medium\/7c78cdc4-4d86-48fe-8486-0881a262f865\" alt=\"\" width=\"225\" height=\"140\"><\/a><\/p>\n<ul>\n<li><strong><a id=\"aui_3_2_0_1152\" title=\"Se abre en una nueva ventana\" href=\"http:\/\/www.juntadeandalucia.es\/educacion\/webportal\/web\/convivencia-escolar\/materiales\/bibliografia\/habilidades\" target=\"_blank\" rel=\"noopener noreferrer\">Cuadernos para trabajar habilidades sociales, alojados en el Portal de Convivencia Escolar de la Consejer\u00eda de Educaci\u00f3n, Cultura y Deporte de la Junta de Andaluc\u00eda.&nbsp;<\/a><\/strong><\/li>\n<\/ul>\n<p>&nbsp; &nbsp; &nbsp;<img loading=\"lazy\" decoding=\"async\" class=\"aligncenter\" src=\"http:\/\/i.imgur.com\/Cic6U.gif\" alt=\"colaboracion\" width=\"231\" height=\"231\"><\/p>\n<p><\/li><\/ul><\/div><\/div>\n<p style=\"text-align: center\"><a href=\"https:\/\/blogsaverroes.juntadeandalucia.es\/ceipelalmendralcarmona\/files\/2021\/09\/ElQr.gif\"><img loading=\"lazy\" decoding=\"async\" class=\" wp-image-5781 aligncenter\" src=\"https:\/\/blogsaverroes.juntadeandalucia.es\/ceipelalmendralcarmona\/files\/2021\/09\/ElQr.gif\" alt=\"\" width=\"300\" height=\"300\"><\/a><\/p>\n","protected":false},"excerpt":{"rendered":"<p>PROYECTO ESCUELA: ESPACIO DE PAZ<\/p>\n","protected":false},"author":2517,"featured_media":0,"parent":0,"menu_order":0,"comment_status":"open","ping_status":"open","template":"","meta":{"ngg_post_thumbnail":0,"footnotes":"","_mc_calendar":[]},"aioseo_notices":[],"_links":{"self":[{"href":"https:\/\/blogsaverroes.juntadeandalucia.es\/ceipelalmendralcarmona\/wp-json\/wp\/v2\/pages\/2515"}],"collection":[{"href":"https:\/\/blogsaverroes.juntadeandalucia.es\/ceipelalmendralcarmona\/wp-json\/wp\/v2\/pages"}],"about":[{"href":"https:\/\/blogsaverroes.juntadeandalucia.es\/ceipelalmendralcarmona\/wp-json\/wp\/v2\/types\/page"}],"author":[{"embeddable":true,"href":"https:\/\/blogsaverroes.juntadeandalucia.es\/ceipelalmendralcarmona\/wp-json\/wp\/v2\/users\/2517"}],"replies":[{"embeddable":true,"href":"https:\/\/blogsaverroes.juntadeandalucia.es\/ceipelalmendralcarmona\/wp-json\/wp\/v2\/comments?post=2515"}],"version-history":[{"count":25,"href":"https:\/\/blogsaverroes.juntadeandalucia.es\/ceipelalmendralcarmona\/wp-json\/wp\/v2\/pages\/2515\/revisions"}],"predecessor-version":[{"id":5966,"href":"https:\/\/blogsaverroes.juntadeandalucia.es\/ceipelalmendralcarmona\/wp-json\/wp\/v2\/pages\/2515\/revisions\/5966"}],"wp:attachment":[{"href":"https:\/\/blogsaverroes.juntadeandalucia.es\/ceipelalmendralcarmona\/wp-json\/wp\/v2\/media?parent=2515"}],"curies":[{"name":"wp","href":"https:\/\/api.w.org\/{rel}","templated":true}]}}