{"id":2528,"date":"2016-01-16T07:15:55","date_gmt":"2016-01-16T06:15:55","guid":{"rendered":"http:\/\/blogsaverroes.juntadeandalucia.es\/ceipelalmendralcarmona\/?page_id=2528"},"modified":"2022-01-20T01:08:45","modified_gmt":"2022-01-20T00:08:45","slug":"plan-de-consumo-de-frutas","status":"publish","type":"page","link":"https:\/\/blogsaverroes.juntadeandalucia.es\/ceipelalmendralcarmona\/plan-de-consumo-de-frutas\/","title":{"rendered":"Plan de Consumo de Frutas"},"content":{"rendered":"<p><a href=\"https:\/\/blogsaverroes.juntadeandalucia.es\/ceipelalmendralcarmona\/files\/2022\/01\/EK2QaE5WsAA35k2.jpg\"><img loading=\"lazy\" decoding=\"async\" class=\"wp-image-6292 aligncenter\" src=\"https:\/\/blogsaverroes.juntadeandalucia.es\/ceipelalmendralcarmona\/files\/2022\/01\/EK2QaE5WsAA35k2.jpg\" alt=\"\" width=\"347\" height=\"491\" srcset=\"https:\/\/blogsaverroes.juntadeandalucia.es\/ceipelalmendralcarmona\/files\/2022\/01\/EK2QaE5WsAA35k2.jpg 847w, https:\/\/blogsaverroes.juntadeandalucia.es\/ceipelalmendralcarmona\/files\/2022\/01\/EK2QaE5WsAA35k2-212x300.jpg 212w, https:\/\/blogsaverroes.juntadeandalucia.es\/ceipelalmendralcarmona\/files\/2022\/01\/EK2QaE5WsAA35k2-723x1024.jpg 723w, https:\/\/blogsaverroes.juntadeandalucia.es\/ceipelalmendralcarmona\/files\/2022\/01\/EK2QaE5WsAA35k2-768x1088.jpg 768w\" sizes=\"(max-width: 347px) 100vw, 347px\" \/><\/a><\/p>\n<p style=\"text-align: left\"><div class=\"osc-res-tab tabbable   osc-tabs-left\"><div style=\"clear:both;width: 100%;\"><ul class=\"nav osc-res-nav nav-tabs osc-tabs-left-ul\" id=\"oscitas-restabs-1-plan-de-consumo-de-frutas-94484\"><li class=\"active\"><a href=\"#ert_pane1-0\" data-toggle=\"tab\"><strong>Presentaci\u00f3n<\/strong><\/a><\/li><li class=\"\"><a href=\"#ert_pane1-1\" data-toggle=\"tab\"><strong>Objetivos<\/strong><\/a><\/li><li class=\"\"><a href=\"#ert_pane1-2\" data-toggle=\"tab\"><strong>Distribuci\u00f3n y entrega<\/strong><\/a><\/li><li class=\"\"><a href=\"#ert_pane1-3\" data-toggle=\"tab\"><strong>Recursos<\/strong><\/a><\/li><\/ul><\/div><div style=\"clear:both;width: 100%;\"><ul class=\"tab-content\" id=\"oscitas-restabcontent-1-plan-de-consumo-de-frutas-94484\"><li class=\"tab-pane active\" id=\"ert_pane1-0\"><\/p>\n<h1 style=\"text-align: center\"><span style=\"color: #ff0000\"><strong>PLAN DE CONSUMO DE FRUTAS<\/strong><\/span><\/h1>\n<div>\n<div id=\"block-system-main\">\n<div>\n<div>\n<div>\n<div>\n<p style=\"text-align: justify\"><img loading=\"lazy\" decoding=\"async\" class=\" alignright\" src=\"http:\/\/ceiphernancortes.es\/sites\/default\/files\/pictures\/CONSUMO%20DE%20FRUTAS_0.jpg\" alt=\"\" width=\"252\" height=\"245\">La Consejer\u00eda de Educaci\u00f3n, de Salud y de Agricultura y Pesca, han puesto en marcha un plan integral de distribuci\u00f3n de fruta en los centros docentes sostenidos con fondos p\u00fablicos de Andaluc\u00eda: \u00abPlan de Consumo de Fruta en las Escuelas Andaluzas\u00bb. Este plan &nbsp;nace a trav\u00e9s de una iniciativa europea para fomentar el consumo de frutas y hortalizas en los escolares. En este a\u00f1o, nuestro centro tambi\u00e9n participa en este programa dirigido a escolares de 3 a 12 a\u00f1os de edad, al alumnado de Educaci\u00f3n Infantil y Primaria..<\/p>\n<p style=\"text-align: justify\">Existen numerosas publicaciones cient\u00edficas que avalan los beneficios nutricionales que aporta un consumo adecuado de frutas y hortalizas diario frente a la prevenci\u00f3n de determinadas enfermedades cardiovasculares, algunos tipos de c\u00e1ncer, diabetes y obesidad, especialmente en los primeros a\u00f1os de vida. Seg\u00fan estudios publicados por la Consejer\u00eda de Agricultura, Pesca y Desarrollo Rural de la Junta de Andaluc\u00eda, los hogares andaluces se encuentran por debajo de la media nacional en cuanto al consumo de estos productos.<\/p>\n<p style=\"text-align: justify\"><\/li><li class=\"tab-pane \" id=\"ert_pane1-1\"><\/p>\n<h4 style=\"padding-left: 30px\"><strong><span style=\"color: #ff0000\">OBJETIVOS:<\/span>&nbsp;<\/strong><\/h4>\n<p style=\"text-align: justify\">A trav\u00e9s de este Plan de Consumo de Frutas, nuestro centro pretende <span style=\"text-decoration: underline\"><strong>fomentar h\u00e1bitos saludables<\/strong><\/span> en el alumnado con los siguientes <strong>objetivos<\/strong>:<\/p>\n<p style=\"text-align: justify\">* Contribuir a reducir problemas de salud relacionados con la alimentaci\u00f3n, y en definitiva a mejorar h\u00e1bitos alimenticios.<\/p>\n<p style=\"text-align: justify\">* Incrementar y consolidar la proporci\u00f3n de frutas y hortalizas en la dieta infantil invirtiendo la tendencia actual al descenso en el consumo de estos productos.<\/p>\n<p style=\"text-align: justify\">* Formar y concienciar de los beneficios saludables de las frutas y hortalizas.<\/p>\n<p style=\"text-align: justify\"><img decoding=\"async\" class=\" alignleft\" src=\"http:\/\/www.gifss.com\/alimentos\/fruta.gif\" alt=\"fresa\"><\/p>\n<p style=\"text-align: justify\">* Crear nuevos estilos de vida saludables y respetuosos con el medio ambiente. Hacer part\u00edcipes a las familias y al profesorado como piezas claves.<\/p>\n<p style=\"text-align: justify\">\u00bfC\u00f3mo lo vamos conseguir? Pues de la siguiente manera:<\/p>\n<p style=\"text-align: justify\">* Dimensi\u00f3n curricular: trabajando en el aula los distintos valores y h\u00e1bitos.<\/p>\n<p style=\"text-align: justify\">* Dimensi\u00f3n del entorno interno del Centro: coordinando a todos los cursos para fomentar estos h\u00e1bitos y valores.<\/p>\n<p style=\"text-align: justify\">* Dimensi\u00f3n familiar: animando a vuestros hijos e hijas a llevar una vida saludable y a tomar muchas frutas y hortalizas.<\/p>\n<p style=\"text-align: justify\">* Dimensi\u00f3n de coordinaci\u00f3n y colaboraci\u00f3n con los recursos externos al Centro: recibiendo fruta para que nuestros alumnos y alumnas los tomen en el Centro.<\/p>\n<p style=\"text-align: justify\"><\/li><li class=\"tab-pane \" id=\"ert_pane1-2\"><\/p>\n<p>&nbsp;<\/p>\n<h4 style=\"padding-left: 30px\"><span style=\"text-decoration: underline;color: #ff0000\"><strong>DISTRIBUCI\u00d3N<a href=\"https:\/\/blogsaverroes.juntadeandalucia.es\/ceipelalmendralcarmona\/files\/2016\/01\/Free-shipping-Educational-Wooden-Block-Toys-Magnet-Music-Cut-15-Fruits-Vegetable-font-b-Kids-b.jpg\"><img loading=\"lazy\" decoding=\"async\" class=\"wp-image-2275 alignright\" src=\"https:\/\/blogsaverroes.juntadeandalucia.es\/ceipelalmendralcarmona\/files\/2016\/01\/Free-shipping-Educational-Wooden-Block-Toys-Magnet-Music-Cut-15-Fruits-Vegetable-font-b-Kids-b.jpg\" alt=\"\" width=\"263\" height=\"263\" srcset=\"https:\/\/blogsaverroes.juntadeandalucia.es\/ceipelalmendralcarmona\/files\/2016\/01\/Free-shipping-Educational-Wooden-Block-Toys-Magnet-Music-Cut-15-Fruits-Vegetable-font-b-Kids-b.jpg 700w, https:\/\/blogsaverroes.juntadeandalucia.es\/ceipelalmendralcarmona\/files\/2016\/01\/Free-shipping-Educational-Wooden-Block-Toys-Magnet-Music-Cut-15-Fruits-Vegetable-font-b-Kids-b-150x150.jpg 150w, https:\/\/blogsaverroes.juntadeandalucia.es\/ceipelalmendralcarmona\/files\/2016\/01\/Free-shipping-Educational-Wooden-Block-Toys-Magnet-Music-Cut-15-Fruits-Vegetable-font-b-Kids-b-300x300.jpg 300w, https:\/\/blogsaverroes.juntadeandalucia.es\/ceipelalmendralcarmona\/files\/2016\/01\/Free-shipping-Educational-Wooden-Block-Toys-Magnet-Music-Cut-15-Fruits-Vegetable-font-b-Kids-b-100x100.jpg 100w\" sizes=\"(max-width: 263px) 100vw, 263px\" \/><\/a><\/strong><\/span><\/h4>\n<p style=\"text-align: justify\">Cada centro tendr\u00e1 un total de 4 entregas distribuidas de enero a mayo. Los d\u00edas de entrega ser\u00e1n de lunes a jueves.<\/p>\n<p>En cada entrega se le proporcionar\u00e1 producto para tres d\u00edas de consumo de la siguiente manera:<\/p>\n<ul>\n<li>1er. d\u00eda de consumo: IV Gama.<\/li>\n<li>2\u00ba d\u00eda de consumo: Gazpacho o fruta convencional.<\/li>\n<li>3er. d\u00eda de consumo: fruta convencional.<\/li>\n<\/ul>\n<p>(*) Para el alumnado infantil el producto naranja ecol\u00f3gica ser\u00e1 sustituido por bolsitas individuales de manzana en IV Gama<\/p>\n<p style=\"text-align: justify\">Pulsa sobre el enlace para conocer la distribuci\u00f3n de entregas prevista para este curso: <strong><a href=\"https:\/\/www.frutanova.es\/entregas.php\" target=\"_blank\" rel=\"noopener noreferrer\">PREVISI\u00d3N DE ENTREGAS<\/a><\/strong><\/p>\n<p style=\"text-align: justify\"><\/li><li class=\"tab-pane \" id=\"ert_pane1-3\"><\/p>\n<table cellspacing=\"2\" cellpadding=\"2\" border=\"2\">\n<tbody>\n<tr>\n<td>\n<div style=\"text-align: center\"><span style=\"color: #ff0000\"><strong><big>ENLACES<\/big><\/strong><\/span><\/div>\n<ul>\n<li><big><a href=\"https:\/\/www.juntadeandalucia.es\/educacion\/portals\/web\/habitos-vida-saludable\/plan-escolar-de-consumo-de-fruta-y-hortalizas\" target=\"_blank\" rel=\"noopener noreferrer\">CONSEJER\u00cdA DE EDUCACI\u00d3N.<\/a> Plan de consumo de frutas y verduras en la escuela.<\/big><\/li>\n<li><big><a href=\"https:\/\/www.frutanova.es\/planConsumo.php\" target=\"_blank\" rel=\"noopener noreferrer\">EMPRESA FRUTANOVA<\/a><\/big><\/li>\n<\/ul>\n<ul>\n<li><big><a href=\"https:\/\/www.alimentosdespana.es\/es\/campanas\/zona-infantil-y-juvenil\/\" target=\"_blank\" rel=\"noopener noreferrer\">ALIMENTOS DE ESPA\u00d1A<\/a>. Web del Ministerio de Agricultura, Alimentaci\u00f3n y Medio Ambiente.<\/big><big><\/big><\/li>\n<li><big><a href=\"http:\/\/www.fruticoles.com\/Inicio\/Index.aspx\" target=\"_blank\" rel=\"noopener noreferrer\">Fruticoles. <\/a>Frutirecetas f\u00e1ciles para peques.<\/big><\/li>\n<\/ul>\n<\/td>\n<td>\n<ul>\n<li><big><span style=\"color: #ff0000\"><strong>MATERIALES<\/strong><\/span><br \/>\n<\/big><\/li>\n<\/ul>\n<ul>\n<li style=\"list-style-type: none\">\n<ul>\n<li><a href=\"http:\/\/www.alimentacion.es\/es\/zona_infantil_y_educativa\/\" target=\"_blank\" rel=\"noopener noreferrer\">Zona infantil y educativa<\/a> de la web alimentaci\u00f3n.es.&nbsp; Juegos, carteles, v\u00eddeos de spot publicitarios,&#8230;<\/li>\n<\/ul>\n<\/li>\n<\/ul>\n<\/td>\n<\/tr>\n<\/tbody>\n<\/table>\n<p style=\"text-align: justify\">&nbsp;<\/li><\/ul><\/div><\/div><\/p>\n<p style=\"text-align: center\"><img decoding=\"async\" src=\"https:\/\/s-media-cache-ak0.pinimg.com\/originals\/70\/e1\/f4\/70e1f4405b7d6e333b18864384b61c2a.gif\" alt=\"manzana\"><\/p>\n<\/div>\n<\/div>\n","protected":false},"excerpt":{"rendered":"","protected":false},"author":2517,"featured_media":0,"parent":0,"menu_order":0,"comment_status":"open","ping_status":"open","template":"","meta":{"ngg_post_thumbnail":0,"footnotes":"","_mc_calendar":[]},"aioseo_notices":[],"_links":{"self":[{"href":"https:\/\/blogsaverroes.juntadeandalucia.es\/ceipelalmendralcarmona\/wp-json\/wp\/v2\/pages\/2528"}],"collection":[{"href":"https:\/\/blogsaverroes.juntadeandalucia.es\/ceipelalmendralcarmona\/wp-json\/wp\/v2\/pages"}],"about":[{"href":"https:\/\/blogsaverroes.juntadeandalucia.es\/ceipelalmendralcarmona\/wp-json\/wp\/v2\/types\/page"}],"author":[{"embeddable":true,"href":"https:\/\/blogsaverroes.juntadeandalucia.es\/ceipelalmendralcarmona\/wp-json\/wp\/v2\/users\/2517"}],"replies":[{"embeddable":true,"href":"https:\/\/blogsaverroes.juntadeandalucia.es\/ceipelalmendralcarmona\/wp-json\/wp\/v2\/comments?post=2528"}],"version-history":[{"count":23,"href":"https:\/\/blogsaverroes.juntadeandalucia.es\/ceipelalmendralcarmona\/wp-json\/wp\/v2\/pages\/2528\/revisions"}],"predecessor-version":[{"id":6299,"href":"https:\/\/blogsaverroes.juntadeandalucia.es\/ceipelalmendralcarmona\/wp-json\/wp\/v2\/pages\/2528\/revisions\/6299"}],"wp:attachment":[{"href":"https:\/\/blogsaverroes.juntadeandalucia.es\/ceipelalmendralcarmona\/wp-json\/wp\/v2\/media?parent=2528"}],"curies":[{"name":"wp","href":"https:\/\/api.w.org\/{rel}","templated":true}]}}