{"id":3290,"date":"2019-12-04T20:24:29","date_gmt":"2019-12-04T19:24:29","guid":{"rendered":"https:\/\/blogsaverroes.juntadeandalucia.es\/ceipelalmendralcarmona\/?page_id=3290"},"modified":"2021-12-13T00:26:12","modified_gmt":"2021-12-12T23:26:12","slug":"cine-forum","status":"publish","type":"page","link":"https:\/\/blogsaverroes.juntadeandalucia.es\/ceipelalmendralcarmona\/pacto-de-estado-contra-la-violencia-de-genero-proyecto-de-igualdad\/cine-forum\/","title":{"rendered":"CINE &#8211; F\u00d3RUM"},"content":{"rendered":"<p>&nbsp;<\/p>\n<p><img loading=\"lazy\" decoding=\"async\" class=\"alignnone size-full wp-image-3437\" src=\"https:\/\/blogsaverroes.juntadeandalucia.es\/ceipelalmendralcarmona\/files\/2020\/01\/IMAGEN-PROYECTO-EDUCACI\u00d3N-EMOCIONAL.png\" alt=\"\" width=\"1024\" height=\"195\" srcset=\"https:\/\/blogsaverroes.juntadeandalucia.es\/ceipelalmendralcarmona\/files\/2020\/01\/IMAGEN-PROYECTO-EDUCACI\u00d3N-EMOCIONAL.png 1024w, https:\/\/blogsaverroes.juntadeandalucia.es\/ceipelalmendralcarmona\/files\/2020\/01\/IMAGEN-PROYECTO-EDUCACI\u00d3N-EMOCIONAL-300x57.png 300w, https:\/\/blogsaverroes.juntadeandalucia.es\/ceipelalmendralcarmona\/files\/2020\/01\/IMAGEN-PROYECTO-EDUCACI\u00d3N-EMOCIONAL-768x146.png 768w, https:\/\/blogsaverroes.juntadeandalucia.es\/ceipelalmendralcarmona\/files\/2020\/01\/IMAGEN-PROYECTO-EDUCACI\u00d3N-EMOCIONAL-24x5.png 24w, https:\/\/blogsaverroes.juntadeandalucia.es\/ceipelalmendralcarmona\/files\/2020\/01\/IMAGEN-PROYECTO-EDUCACI\u00d3N-EMOCIONAL-36x7.png 36w, https:\/\/blogsaverroes.juntadeandalucia.es\/ceipelalmendralcarmona\/files\/2020\/01\/IMAGEN-PROYECTO-EDUCACI\u00d3N-EMOCIONAL-48x9.png 48w, https:\/\/blogsaverroes.juntadeandalucia.es\/ceipelalmendralcarmona\/files\/2020\/01\/IMAGEN-PROYECTO-EDUCACI\u00d3N-EMOCIONAL-1024x195-978x186.png 978w\" sizes=\"(max-width: 1024px) 100vw, 1024px\" \/><\/p>\n<p>Desde la Fad, en esta situaci\u00f3n en la que el lema #Qu\u00e9dateencasa es tan importante, han puesto a disposici\u00f3n de las familias recursos gratuitos para que, ahora m\u00e1s que nunca, la comunicaci\u00f3n con los hijos e hijas sea primordial en nuestros hogares.<\/p>\n<p><img loading=\"lazy\" decoding=\"async\" class=\"alignnone wp-image-4295\" src=\"https:\/\/blogsaverroes.juntadeandalucia.es\/ceipelalmendralcarmona\/files\/2020\/03\/CINE-EN-FAMILIA.png\" alt=\"\" width=\"739\" height=\"262\" srcset=\"https:\/\/blogsaverroes.juntadeandalucia.es\/ceipelalmendralcarmona\/files\/2020\/03\/CINE-EN-FAMILIA.png 533w, https:\/\/blogsaverroes.juntadeandalucia.es\/ceipelalmendralcarmona\/files\/2020\/03\/CINE-EN-FAMILIA-300x106.png 300w, https:\/\/blogsaverroes.juntadeandalucia.es\/ceipelalmendralcarmona\/files\/2020\/03\/CINE-EN-FAMILIA-24x9.png 24w, https:\/\/blogsaverroes.juntadeandalucia.es\/ceipelalmendralcarmona\/files\/2020\/03\/CINE-EN-FAMILIA-36x13.png 36w, https:\/\/blogsaverroes.juntadeandalucia.es\/ceipelalmendralcarmona\/files\/2020\/03\/CINE-EN-FAMILIA-48x17.png 48w\" sizes=\"(max-width: 739px) 100vw, 739px\" \/><br \/>\nDirigidas a padres y madres con hijos e hijas de diferentes edades,&nbsp;se trata de fichas en PDF de 4 p\u00e1ginas que tratan sobre pel\u00edculas que podemos ver en familia y c\u00f3mo podemos utilizar \u00e9stas para dialogar con nuestros hijos e hijas sobre temas de importancia. Ofrecen propuestas para el di\u00e1logo, ense\u00f1anzas y valores que transmiten las diferentes pel\u00edculas&#8230;<\/p>\n<p>El cine en cuarentena tambi\u00e9n puede ser educativo (y en familia mejor que mejor).<\/p>\n<p>Trabajan temas como solidaridad, participaci\u00f3n social, derechos humanos, resiliencia, autoestima, equidad de g\u00e9nero, medio ambiente y sostenibilidad, migraci\u00f3n, diversidad&#8230;<\/p>\n<p>En un intento de facilitar al m\u00e1ximo el acceso a dicho material, nos hemos permitido hacer una peque\u00f1a selecci\u00f3n de pel\u00edculas que est\u00e1n al alcance de todos gratuitamente en youtube con sus correspondientes fichas para trabajarlas. Hay muchas m\u00e1s para elegir a sus intereses, gustos y conveniencia en la p\u00e1gina web de la Fad (<a href=\"https:\/\/www.campusfad.org\/cine-valores\/mediateca\/\" target=\"_blank\" rel=\"noopener noreferrer\"><strong>CINE Y VALORES: AHORA EN FAMILIA<\/strong><\/a>).<\/p>\n<p><span style=\"text-decoration: underline\"><span style=\"font-size: 14pt\"><strong>DE 6 A 8<\/strong><\/span><\/span><span style=\"font-size: 14pt\"><strong> A\u00d1OS:<\/strong><\/span>&nbsp; &nbsp; &nbsp; &nbsp;<\/p>\n<p><a href=\"https:\/\/www.youtube.com\/watch?v=wbUXEPegc_Y\" target=\"_blank\" rel=\"noopener noreferrer\"><img loading=\"lazy\" decoding=\"async\" class=\"wp-image-4298 alignleft\" src=\"https:\/\/blogsaverroes.juntadeandalucia.es\/ceipelalmendralcarmona\/files\/2020\/03\/zafarrancho-en-el-rancho.jpg\" alt=\"\" width=\"152\" height=\"215\" srcset=\"https:\/\/blogsaverroes.juntadeandalucia.es\/ceipelalmendralcarmona\/files\/2020\/03\/zafarrancho-en-el-rancho.jpg 508w, https:\/\/blogsaverroes.juntadeandalucia.es\/ceipelalmendralcarmona\/files\/2020\/03\/zafarrancho-en-el-rancho-212x300.jpg 212w, https:\/\/blogsaverroes.juntadeandalucia.es\/ceipelalmendralcarmona\/files\/2020\/03\/zafarrancho-en-el-rancho-17x24.jpg 17w, https:\/\/blogsaverroes.juntadeandalucia.es\/ceipelalmendralcarmona\/files\/2020\/03\/zafarrancho-en-el-rancho-25x36.jpg 25w, https:\/\/blogsaverroes.juntadeandalucia.es\/ceipelalmendralcarmona\/files\/2020\/03\/zafarrancho-en-el-rancho-34x48.jpg 34w\" sizes=\"(max-width: 152px) 100vw, 152px\" \/><\/a>&nbsp; &nbsp;<\/p>\n<p>&nbsp;<\/p>\n<p>&nbsp;&nbsp;&nbsp;&nbsp;&nbsp;&nbsp;&nbsp;&nbsp;&nbsp;<a href=\"https:\/\/blogsaverroes.juntadeandalucia.es\/ceipelalmendralcarmona\/files\/2020\/03\/GUIA-ZAFARRANCHO.pdf\" target=\"_blank\" rel=\"noopener noreferrer\"> <strong><span style=\"font-size: 14pt\">GU\u00cdA: ZAFARRANCHO EN EL RANCHO<\/span><\/strong><\/a><\/p>\n<p>&nbsp;<\/p>\n<p>&nbsp;<\/p>\n<p>&nbsp;<\/p>\n<p>&nbsp;<\/p>\n<p><a href=\"https:\/\/www.youtube.com\/watch?v=DzhbKdKW_9k\" target=\"_blank\" rel=\"noopener noreferrer\"><img loading=\"lazy\" decoding=\"async\" class=\"wp-image-4584 alignleft\" src=\"https:\/\/blogsaverroes.juntadeandalucia.es\/ceipelalmendralcarmona\/files\/2020\/04\/kirik\u00fa-y-las-bestias-salvajes.jpg\" alt=\"\" width=\"143\" height=\"202\" srcset=\"https:\/\/blogsaverroes.juntadeandalucia.es\/ceipelalmendralcarmona\/files\/2020\/04\/kirik\u00fa-y-las-bestias-salvajes.jpg 350w, https:\/\/blogsaverroes.juntadeandalucia.es\/ceipelalmendralcarmona\/files\/2020\/04\/kirik\u00fa-y-las-bestias-salvajes-213x300.jpg 213w, https:\/\/blogsaverroes.juntadeandalucia.es\/ceipelalmendralcarmona\/files\/2020\/04\/kirik\u00fa-y-las-bestias-salvajes-17x24.jpg 17w, https:\/\/blogsaverroes.juntadeandalucia.es\/ceipelalmendralcarmona\/files\/2020\/04\/kirik\u00fa-y-las-bestias-salvajes-26x36.jpg 26w, https:\/\/blogsaverroes.juntadeandalucia.es\/ceipelalmendralcarmona\/files\/2020\/04\/kirik\u00fa-y-las-bestias-salvajes-34x48.jpg 34w\" sizes=\"(max-width: 143px) 100vw, 143px\" \/><\/a><\/p>\n<p>&nbsp;<\/p>\n<p><strong><span style=\"font-size: 14pt\">&nbsp;&nbsp;&nbsp;&nbsp;&nbsp;&nbsp;&nbsp;&nbsp;&nbsp; <a href=\"https:\/\/blogsaverroes.juntadeandalucia.es\/ceipelalmendralcarmona\/files\/2020\/04\/ficha_Kirikou.pdf\" target=\"_blank\" rel=\"noopener noreferrer\">GU\u00cdA: KIRIK\u00da Y LAS BESTIAS SALVAJES<\/a><\/span><\/strong><\/p>\n<p>&nbsp;<\/p>\n<p>&nbsp;<\/p>\n<p>&nbsp;<\/p>\n<p>&nbsp;<\/p>\n<p><span style=\"text-decoration: underline;font-size: 14pt\"><strong>DE 8 A 10 A\u00d1OS:<\/strong><\/span><\/p>\n<p><a href=\"https:\/\/www.youtube.com\/watch?v=sBiZn4WTCAo\" target=\"_blank\" rel=\"noopener noreferrer\"><img loading=\"lazy\" decoding=\"async\" class=\" wp-image-4300 alignleft\" src=\"https:\/\/blogsaverroes.juntadeandalucia.es\/ceipelalmendralcarmona\/files\/2020\/03\/hermano-oso.jpg\" alt=\"\" width=\"157\" height=\"209\" srcset=\"https:\/\/blogsaverroes.juntadeandalucia.es\/ceipelalmendralcarmona\/files\/2020\/03\/hermano-oso.jpg 375w, https:\/\/blogsaverroes.juntadeandalucia.es\/ceipelalmendralcarmona\/files\/2020\/03\/hermano-oso-225x300.jpg 225w, https:\/\/blogsaverroes.juntadeandalucia.es\/ceipelalmendralcarmona\/files\/2020\/03\/hermano-oso-18x24.jpg 18w, https:\/\/blogsaverroes.juntadeandalucia.es\/ceipelalmendralcarmona\/files\/2020\/03\/hermano-oso-27x36.jpg 27w, https:\/\/blogsaverroes.juntadeandalucia.es\/ceipelalmendralcarmona\/files\/2020\/03\/hermano-oso-36x48.jpg 36w\" sizes=\"(max-width: 157px) 100vw, 157px\" \/><\/a><\/p>\n<p>&nbsp;<\/p>\n<p>&nbsp;<\/p>\n<p>&nbsp;&nbsp;&nbsp;&nbsp;&nbsp;&nbsp;&nbsp;&nbsp;&nbsp; <a href=\"https:\/\/blogsaverroes.juntadeandalucia.es\/ceipelalmendralcarmona\/files\/2020\/03\/GUIA-HERMANO.pdf\" target=\"_blank\" rel=\"noopener noreferrer\"><span style=\"font-size: 14pt\"><strong>GU\u00cdA: HERMANO OSO<\/strong><\/span><\/a><\/p>\n<p>&nbsp;<\/p>\n<p>&nbsp;<\/p>\n<p>&nbsp;<\/p>\n<p><a href=\"https:\/\/www.youtube.com\/watch?v=c9gyONhqGHw&amp;list=PLmtM7aSdKq8HPlWuVF2mrXG1KrV12stNu&amp;index=1\" target=\"_blank\" rel=\"noopener noreferrer\"><img loading=\"lazy\" decoding=\"async\" class=\"wp-image-4585 alignleft\" src=\"https:\/\/blogsaverroes.juntadeandalucia.es\/ceipelalmendralcarmona\/files\/2020\/04\/vecinos-invasores.jpg\" alt=\"\" width=\"155\" height=\"219\" srcset=\"https:\/\/blogsaverroes.juntadeandalucia.es\/ceipelalmendralcarmona\/files\/2020\/04\/vecinos-invasores.jpg 400w, https:\/\/blogsaverroes.juntadeandalucia.es\/ceipelalmendralcarmona\/files\/2020\/04\/vecinos-invasores-212x300.jpg 212w, https:\/\/blogsaverroes.juntadeandalucia.es\/ceipelalmendralcarmona\/files\/2020\/04\/vecinos-invasores-17x24.jpg 17w, https:\/\/blogsaverroes.juntadeandalucia.es\/ceipelalmendralcarmona\/files\/2020\/04\/vecinos-invasores-25x36.jpg 25w, https:\/\/blogsaverroes.juntadeandalucia.es\/ceipelalmendralcarmona\/files\/2020\/04\/vecinos-invasores-34x48.jpg 34w\" sizes=\"(max-width: 155px) 100vw, 155px\" \/><\/a><\/p>\n<p>&nbsp;<\/p>\n<p>&nbsp;&nbsp;&nbsp;&nbsp;&nbsp;&nbsp;&nbsp;&nbsp;&nbsp; <a href=\"https:\/\/blogsaverroes.juntadeandalucia.es\/ceipelalmendralcarmona\/files\/2020\/04\/VecinosMTAS-1.pdf\"><span style=\"font-size: 14pt\"><strong>GU\u00cdA: VECINOS INVASORES<\/strong><\/span><\/a><\/p>\n<p>&nbsp;<\/p>\n<p>&nbsp;<\/p>\n<p>&nbsp;<\/p>\n<p>&nbsp;<\/p>\n<p><span style=\"text-decoration: underline;font-size: 14pt\"><strong>DE 6 A 10 A\u00d1OS<\/strong><\/span><\/p>\n<p><a href=\"https:\/\/www.youtube.com\/watch?v=Tu65UCk4hAo\" target=\"_blank\" rel=\"noopener noreferrer\"><img loading=\"lazy\" decoding=\"async\" class=\"wp-image-4301 alignleft\" src=\"https:\/\/blogsaverroes.juntadeandalucia.es\/ceipelalmendralcarmona\/files\/2020\/03\/deep.jpg\" alt=\"\" width=\"163\" height=\"230\" srcset=\"https:\/\/blogsaverroes.juntadeandalucia.es\/ceipelalmendralcarmona\/files\/2020\/03\/deep.jpg 189w, https:\/\/blogsaverroes.juntadeandalucia.es\/ceipelalmendralcarmona\/files\/2020\/03\/deep-17x24.jpg 17w, https:\/\/blogsaverroes.juntadeandalucia.es\/ceipelalmendralcarmona\/files\/2020\/03\/deep-25x36.jpg 25w, https:\/\/blogsaverroes.juntadeandalucia.es\/ceipelalmendralcarmona\/files\/2020\/03\/deep-34x48.jpg 34w\" sizes=\"(max-width: 163px) 100vw, 163px\" \/><\/a><\/p>\n<p>&nbsp;<\/p>\n<p>&nbsp;<\/p>\n<p>&nbsp;<\/p>\n<p>&nbsp;&nbsp;&nbsp;&nbsp;&nbsp;&nbsp;&nbsp;&nbsp;&nbsp; <a href=\"https:\/\/blogsaverroes.juntadeandalucia.es\/ceipelalmendralcarmona\/files\/2020\/03\/Qu\u00e9dateEnCasa-Deep.pdf\" target=\"_blank\" rel=\"noopener noreferrer\"><span style=\"font-size: 14pt\"><strong>GU\u00cdA: DEEP, EL PULPO<\/strong><\/span><\/a><\/p>\n<p>&nbsp;<\/p>\n<p>&nbsp;<\/p>\n<p>&nbsp;<\/p>\n<p><span style=\"text-decoration: underline;font-size: 14pt\"><strong>DE 10 A 12 A\u00d1OS<\/strong><\/span><\/p>\n<p><a href=\"https:\/\/www.youtube.com\/watch?v=zyNEG5BDY64\" target=\"_blank\" rel=\"noopener noreferrer\"><img loading=\"lazy\" decoding=\"async\" class=\"wp-image-4302 alignleft\" src=\"https:\/\/blogsaverroes.juntadeandalucia.es\/ceipelalmendralcarmona\/files\/2020\/03\/secretos-de-guerra-cartel-pelicula.jpg\" alt=\"\" width=\"171\" height=\"242\" srcset=\"https:\/\/blogsaverroes.juntadeandalucia.es\/ceipelalmendralcarmona\/files\/2020\/03\/secretos-de-guerra-cartel-pelicula.jpg 187w, https:\/\/blogsaverroes.juntadeandalucia.es\/ceipelalmendralcarmona\/files\/2020\/03\/secretos-de-guerra-cartel-pelicula-17x24.jpg 17w, https:\/\/blogsaverroes.juntadeandalucia.es\/ceipelalmendralcarmona\/files\/2020\/03\/secretos-de-guerra-cartel-pelicula-25x36.jpg 25w, https:\/\/blogsaverroes.juntadeandalucia.es\/ceipelalmendralcarmona\/files\/2020\/03\/secretos-de-guerra-cartel-pelicula-34x48.jpg 34w\" sizes=\"(max-width: 171px) 100vw, 171px\" \/><\/a><\/p>\n<p>&nbsp;<\/p>\n<p>&nbsp;<\/p>\n<p>&nbsp;<\/p>\n<p>&nbsp;&nbsp;&nbsp;&nbsp;&nbsp;&nbsp;&nbsp;&nbsp;&nbsp; <a href=\"https:\/\/blogsaverroes.juntadeandalucia.es\/ceipelalmendralcarmona\/files\/2020\/03\/Qu\u00e9dateEnCasa-Secretos-de-Guerra.pdf\" target=\"_blank\" rel=\"noopener noreferrer\"><span style=\"font-size: 14pt\"><strong>GU\u00cdA: SECRETOS DE GUERRA<\/strong><\/span><\/a><\/p>\n<p>&nbsp;<\/p>\n<p>&nbsp;<\/p>\n<p>&nbsp;<\/p>\n<p><a href=\"https:\/\/www.youtube.com\/watch?v=FEJJbF1JJ4g\" target=\"_blank\" rel=\"noopener noreferrer\"><img loading=\"lazy\" decoding=\"async\" class=\"wp-image-4586 alignleft\" src=\"https:\/\/blogsaverroes.juntadeandalucia.es\/ceipelalmendralcarmona\/files\/2020\/04\/wonder-710x1024.jpg\" alt=\"\" width=\"164\" height=\"236\" srcset=\"https:\/\/blogsaverroes.juntadeandalucia.es\/ceipelalmendralcarmona\/files\/2020\/04\/wonder-710x1024.jpg 710w, https:\/\/blogsaverroes.juntadeandalucia.es\/ceipelalmendralcarmona\/files\/2020\/04\/wonder-208x300.jpg 208w, https:\/\/blogsaverroes.juntadeandalucia.es\/ceipelalmendralcarmona\/files\/2020\/04\/wonder-768x1107.jpg 768w, https:\/\/blogsaverroes.juntadeandalucia.es\/ceipelalmendralcarmona\/files\/2020\/04\/wonder-17x24.jpg 17w, https:\/\/blogsaverroes.juntadeandalucia.es\/ceipelalmendralcarmona\/files\/2020\/04\/wonder-25x36.jpg 25w, https:\/\/blogsaverroes.juntadeandalucia.es\/ceipelalmendralcarmona\/files\/2020\/04\/wonder-33x48.jpg 33w, https:\/\/blogsaverroes.juntadeandalucia.es\/ceipelalmendralcarmona\/files\/2020\/04\/wonder.jpg 1110w\" sizes=\"(max-width: 164px) 100vw, 164px\" \/><\/a><\/p>\n<p>&nbsp;<\/p>\n<p>&nbsp;&nbsp;&nbsp;&nbsp;&nbsp;&nbsp;&nbsp;&nbsp;&nbsp; <a href=\"https:\/\/blogsaverroes.juntadeandalucia.es\/ceipelalmendralcarmona\/files\/2020\/04\/Wonder-Gu\u00eda-del-profesorado.pdf\" target=\"_blank\" rel=\"noopener noreferrer\"><span style=\"font-size: 14pt\"><strong>GU\u00cdA: WONDER<\/strong><\/span><\/a><\/p>\n<p>&nbsp;<\/p>\n<p>&nbsp;<\/p>\n<p>&nbsp;<\/p>\n<p>&nbsp;<\/p>\n<p>&nbsp;<\/p>\n<p>&nbsp;<\/p>\n<p>Esperamos que os divirt\u00e1is en familia!!! #Qu\u00e9dateencasa<\/p>\n<p>Un cordial saludo!<\/p>\n<p><img loading=\"lazy\" decoding=\"async\" class=\"alignnone size-full wp-image-3549\" src=\"https:\/\/blogsaverroes.juntadeandalucia.es\/ceipelalmendralcarmona\/files\/2020\/02\/IMG_20200215_0929371-e1583136747629.jpg\" alt=\"\" width=\"1197\" height=\"264\" srcset=\"https:\/\/blogsaverroes.juntadeandalucia.es\/ceipelalmendralcarmona\/files\/2020\/02\/IMG_20200215_0929371-e1583136747629.jpg 1197w, https:\/\/blogsaverroes.juntadeandalucia.es\/ceipelalmendralcarmona\/files\/2020\/02\/IMG_20200215_0929371-e1583136747629-300x66.jpg 300w, https:\/\/blogsaverroes.juntadeandalucia.es\/ceipelalmendralcarmona\/files\/2020\/02\/IMG_20200215_0929371-e1583136747629-768x169.jpg 768w, https:\/\/blogsaverroes.juntadeandalucia.es\/ceipelalmendralcarmona\/files\/2020\/02\/IMG_20200215_0929371-e1583136747629-1024x226.jpg 1024w, https:\/\/blogsaverroes.juntadeandalucia.es\/ceipelalmendralcarmona\/files\/2020\/02\/IMG_20200215_0929371-e1583136747629-24x5.jpg 24w, https:\/\/blogsaverroes.juntadeandalucia.es\/ceipelalmendralcarmona\/files\/2020\/02\/IMG_20200215_0929371-e1583136747629-36x8.jpg 36w, https:\/\/blogsaverroes.juntadeandalucia.es\/ceipelalmendralcarmona\/files\/2020\/02\/IMG_20200215_0929371-e1583136747629-48x11.jpg 48w\" sizes=\"(max-width: 1197px) 100vw, 1197px\" \/><\/p>\n","protected":false},"excerpt":{"rendered":"<p>&nbsp; Desde la Fad, en esta situaci\u00f3n en la que el lema #Qu\u00e9dateencasa es tan importante, han puesto a disposici\u00f3n de las familias recursos gratuitos para que, ahora m\u00e1s que nunca, la comunicaci\u00f3n con los hijos e hijas sea primordial en nuestros hogares. Dirigidas a padres y madres con hijos e hijas de diferentes edades,&nbsp;se &hellip; <\/p>\n<p><a class=\"more-link btn\" href=\"https:\/\/blogsaverroes.juntadeandalucia.es\/ceipelalmendralcarmona\/pacto-de-estado-contra-la-violencia-de-genero-proyecto-de-igualdad\/cine-forum\/\">Seguir leyendo<\/a><\/p>\n","protected":false},"author":2517,"featured_media":3437,"parent":3375,"menu_order":0,"comment_status":"closed","ping_status":"closed","template":"","meta":{"ngg_post_thumbnail":0,"footnotes":"","_mc_calendar":[]},"aioseo_notices":[],"_links":{"self":[{"href":"https:\/\/blogsaverroes.juntadeandalucia.es\/ceipelalmendralcarmona\/wp-json\/wp\/v2\/pages\/3290"}],"collection":[{"href":"https:\/\/blogsaverroes.juntadeandalucia.es\/ceipelalmendralcarmona\/wp-json\/wp\/v2\/pages"}],"about":[{"href":"https:\/\/blogsaverroes.juntadeandalucia.es\/ceipelalmendralcarmona\/wp-json\/wp\/v2\/types\/page"}],"author":[{"embeddable":true,"href":"https:\/\/blogsaverroes.juntadeandalucia.es\/ceipelalmendralcarmona\/wp-json\/wp\/v2\/users\/2517"}],"replies":[{"embeddable":true,"href":"https:\/\/blogsaverroes.juntadeandalucia.es\/ceipelalmendralcarmona\/wp-json\/wp\/v2\/comments?post=3290"}],"version-history":[{"count":6,"href":"https:\/\/blogsaverroes.juntadeandalucia.es\/ceipelalmendralcarmona\/wp-json\/wp\/v2\/pages\/3290\/revisions"}],"predecessor-version":[{"id":4297,"href":"https:\/\/blogsaverroes.juntadeandalucia.es\/ceipelalmendralcarmona\/wp-json\/wp\/v2\/pages\/3290\/revisions\/4297"}],"up":[{"embeddable":true,"href":"https:\/\/blogsaverroes.juntadeandalucia.es\/ceipelalmendralcarmona\/wp-json\/wp\/v2\/pages\/3375"}],"wp:featuredmedia":[{"embeddable":true,"href":"https:\/\/blogsaverroes.juntadeandalucia.es\/ceipelalmendralcarmona\/wp-json\/wp\/v2\/media\/3437"}],"wp:attachment":[{"href":"https:\/\/blogsaverroes.juntadeandalucia.es\/ceipelalmendralcarmona\/wp-json\/wp\/v2\/media?parent=3290"}],"curies":[{"name":"wp","href":"https:\/\/api.w.org\/{rel}","templated":true}]}}