{"id":330,"date":"2015-03-18T07:11:43","date_gmt":"2015-03-18T07:11:43","guid":{"rendered":"http:\/\/blogsaverroes.juntadeandalucia.es\/pre\/ceip\/?page_id=330"},"modified":"2021-11-23T01:22:25","modified_gmt":"2021-11-23T00:22:25","slug":"bibliop","status":"publish","type":"page","link":"https:\/\/blogsaverroes.juntadeandalucia.es\/ceipelalmendralcarmona\/biblioteca\/bibliop\/","title":{"rendered":"Biblioweb del colegio"},"content":{"rendered":"<p><img loading=\"lazy\" decoding=\"async\" class=\"wp-image-3043 aligncenter\" src=\"https:\/\/blogsaverroes.juntadeandalucia.es\/ceipelalmendralcarmona\/files\/2018\/07\/libros.jpg\" alt=\"\" width=\"337\" height=\"253\" srcset=\"https:\/\/blogsaverroes.juntadeandalucia.es\/ceipelalmendralcarmona\/files\/2018\/07\/libros.jpg 720w, https:\/\/blogsaverroes.juntadeandalucia.es\/ceipelalmendralcarmona\/files\/2018\/07\/libros-300x225.jpg 300w, https:\/\/blogsaverroes.juntadeandalucia.es\/ceipelalmendralcarmona\/files\/2018\/07\/libros-24x18.jpg 24w, https:\/\/blogsaverroes.juntadeandalucia.es\/ceipelalmendralcarmona\/files\/2018\/07\/libros-36x27.jpg 36w, https:\/\/blogsaverroes.juntadeandalucia.es\/ceipelalmendralcarmona\/files\/2018\/07\/libros-48x36.jpg 48w\" sizes=\"(max-width: 337px) 100vw, 337px\" \/><\/p>\n<p style=\"padding-left: 30px\">Aqu\u00ed podr\u00e1s obtener:<\/p>\n<ul>\n<li>Informaci\u00f3n detallada de los recursos ofertados por la Biblioteca escolar, consultar su cat\u00e1logo y saber si los t\u00edtulos que te interesan est\u00e1n libres o prestados,&#8230;<\/li>\n<li>Proyecto de Lectura y Biblioteca.<\/li>\n<li>Gu\u00eda de uso de la biblioteca escolar.<\/li>\n<li>Normas de organizaci\u00f3n de la biblioteca.<\/li>\n<\/ul>\n<p><a title=\"Enlace a la BIBLIOWEB S\u00c9NECA del C.E.I.P. El Almendral\" href=\"https:\/\/www.juntadeandalucia.es\/educacion\/senecav2\/seneca\/biblioweb\/portal\/41010344\"><span style=\"font-size: 18pt\"><strong>Enlace a la BIBLIOWEB S\u00c9NECA del C.E.I.P. El Almendral<\/strong><\/span><\/a><\/p>\n<p><a href=\"https:\/\/www.juntadeandalucia.es\/educacion\/senecav2\/seneca\/biblioweb\/portal\/41010344\" target=\"_blank\" rel=\"noopener noreferrer\"><img loading=\"lazy\" decoding=\"async\" class=\"size-full wp-image-6001 aligncenter\" src=\"https:\/\/blogsaverroes.juntadeandalucia.es\/ceipelalmendralcarmona\/files\/2021\/11\/BIBLIOWEB_COLE.png\" alt=\"\" width=\"1173\" height=\"946\" srcset=\"https:\/\/blogsaverroes.juntadeandalucia.es\/ceipelalmendralcarmona\/files\/2021\/11\/BIBLIOWEB_COLE.png 1173w, https:\/\/blogsaverroes.juntadeandalucia.es\/ceipelalmendralcarmona\/files\/2021\/11\/BIBLIOWEB_COLE-300x242.png 300w, https:\/\/blogsaverroes.juntadeandalucia.es\/ceipelalmendralcarmona\/files\/2021\/11\/BIBLIOWEB_COLE-1024x826.png 1024w, https:\/\/blogsaverroes.juntadeandalucia.es\/ceipelalmendralcarmona\/files\/2021\/11\/BIBLIOWEB_COLE-768x619.png 768w\" sizes=\"(max-width: 1173px) 100vw, 1173px\" \/><\/a><\/p>\n<p>&nbsp;<\/p>\n","protected":false},"excerpt":{"rendered":"<p>Aqu\u00ed podr\u00e1s obtener: Informaci\u00f3n detallada de los recursos ofertados por la Biblioteca escolar, consultar su cat\u00e1logo y saber si los t\u00edtulos que te interesan est\u00e1n libres o prestados,&#8230; Proyecto de Lectura y Biblioteca. Gu\u00eda de uso de la biblioteca escolar. Normas de organizaci\u00f3n de la biblioteca. Enlace a la BIBLIOWEB S\u00c9NECA del C.E.I.P. El Almendral &hellip; <\/p>\n<p><a class=\"more-link btn\" href=\"https:\/\/blogsaverroes.juntadeandalucia.es\/ceipelalmendralcarmona\/biblioteca\/bibliop\/\">Seguir leyendo<\/a><\/p>\n","protected":false},"author":1,"featured_media":0,"parent":113,"menu_order":0,"comment_status":"closed","ping_status":"open","template":"page-cs.php","meta":{"ngg_post_thumbnail":0,"footnotes":"","_mc_calendar":[]},"aioseo_notices":[],"_links":{"self":[{"href":"https:\/\/blogsaverroes.juntadeandalucia.es\/ceipelalmendralcarmona\/wp-json\/wp\/v2\/pages\/330"}],"collection":[{"href":"https:\/\/blogsaverroes.juntadeandalucia.es\/ceipelalmendralcarmona\/wp-json\/wp\/v2\/pages"}],"about":[{"href":"https:\/\/blogsaverroes.juntadeandalucia.es\/ceipelalmendralcarmona\/wp-json\/wp\/v2\/types\/page"}],"author":[{"embeddable":true,"href":"https:\/\/blogsaverroes.juntadeandalucia.es\/ceipelalmendralcarmona\/wp-json\/wp\/v2\/users\/1"}],"replies":[{"embeddable":true,"href":"https:\/\/blogsaverroes.juntadeandalucia.es\/ceipelalmendralcarmona\/wp-json\/wp\/v2\/comments?post=330"}],"version-history":[{"count":9,"href":"https:\/\/blogsaverroes.juntadeandalucia.es\/ceipelalmendralcarmona\/wp-json\/wp\/v2\/pages\/330\/revisions"}],"predecessor-version":[{"id":5271,"href":"https:\/\/blogsaverroes.juntadeandalucia.es\/ceipelalmendralcarmona\/wp-json\/wp\/v2\/pages\/330\/revisions\/5271"}],"up":[{"embeddable":true,"href":"https:\/\/blogsaverroes.juntadeandalucia.es\/ceipelalmendralcarmona\/wp-json\/wp\/v2\/pages\/113"}],"wp:attachment":[{"href":"https:\/\/blogsaverroes.juntadeandalucia.es\/ceipelalmendralcarmona\/wp-json\/wp\/v2\/media?parent=330"}],"curies":[{"name":"wp","href":"https:\/\/api.w.org\/{rel}","templated":true}]}}