{"id":3419,"date":"2019-12-15T13:46:12","date_gmt":"2019-12-15T12:46:12","guid":{"rendered":"https:\/\/blogsaverroes.juntadeandalucia.es\/ceipelalmendralcarmona\/?page_id=3419"},"modified":"2021-09-07T23:40:45","modified_gmt":"2021-09-07T22:40:45","slug":"comedor-escolar","status":"publish","type":"page","link":"https:\/\/blogsaverroes.juntadeandalucia.es\/ceipelalmendralcarmona\/comedor-escolar\/","title":{"rendered":"Comedor Escolar"},"content":{"rendered":"<div class=\"osc-res-tab tabbable   osc-tabs-left\"><div style=\"clear:both;width: 100%;\"><ul class=\"nav osc-res-nav nav-tabs osc-tabs-left-ul\" id=\"oscitas-restabs-1-comedor-escolar-24443\"><li class=\"active\"><a href=\"#ert_pane1-0\" data-toggle=\"tab\"><strong>OBJETIVOS<\/strong><\/a><\/li><li class=\"\"><a href=\"#ert_pane1-1\" data-toggle=\"tab\"><strong>HORARIO<\/strong><\/a><\/li><li class=\"\"><a href=\"#ert_pane1-2\" data-toggle=\"tab\"><strong>CATERING<\/strong><\/a><\/li><li class=\"\"><a href=\"#ert_pane1-3\" data-toggle=\"tab\"><strong>MEN\u00daS<\/strong><\/a><\/li><li class=\"\"><a href=\"#ert_pane1-4\" data-toggle=\"tab\"><strong>IMPRESOS\/SOLICITUDES<\/strong><\/a><\/li><li class=\"\"><a href=\"#ert_pane1-5\" data-toggle=\"tab\"><strong>NORMATIVA<\/strong><\/a><\/li><\/ul><\/div><div style=\"clear:both;width: 100%;\"><ul class=\"tab-content\" id=\"oscitas-restabcontent-1-comedor-escolar-24443\"><li class=\"tab-pane active\" id=\"ert_pane1-0\"><\/p>\n<div class=\"entry-content cf\">\n<p>&nbsp;<\/p>\n<p>El comedor escolar debe entenderse como un servicio educativo que completa la labor del centro docente, por lo que en \u00e9l debe desarrollarse las siguientes funciones:<\/p>\n<ul>\n<li>Educar en h\u00e1bitos alimentarios saludables utilizando un plan de alimentaci\u00f3n equilibrado.<\/li>\n<li>Promover la adaptaci\u00f3n del alumnado a una diversidad de men\u00fas y a una disciplina que incluya la cortes\u00eda, la tolerancia, la solidaridad y la educaci\u00f3n para la convivencia (educaci\u00f3n en la mesa, postura correcta\u2026).<\/li>\n<li>Ofrecer una planificaci\u00f3n alimentaria que aporte las sustancias nutritivas que los alumnos y alumnas necesitan para su normal desarrollo.<\/li>\n<li>Contribuir a la integraci\u00f3n de la familia en la medida que facilite a los padres y madres el ejercicio de sus funciones laborales y sociales.<\/li>\n<li>Facilitar que mujeres y hombres andaluces puedan optar libremente a su proyecto de desarrollo personal y profesional.<\/li>\n<li>Interesar a las familias en los beneficios que puedan obtenerse de una colaboraci\u00f3n conjunta con los responsables del comedor escolar, tanto en lo referido a la salud como en su educaci\u00f3n nutricional.<\/li>\n<li>Concienciar a las familias en los patrones de conducta adquiridos en el comedor del centro escolar.<\/li>\n<li>Informar y concienciar a los alumnos de programas y pr\u00e1cticas de higiene personal: aseo general, lavado de manos, cepillado de dientes, manipulaci\u00f3n en el consumo de alimentos\u2026<\/li>\n<li>Educar a los alumnos y alumnas en la relaci\u00f3n social: fomento de la comunicaci\u00f3n, la buena convivencia y y las relaciones con los compa\u00f1eros y compa\u00f1eras de mesa.<\/li>\n<\/ul>\n<p><a href=\"https:\/\/blogsaverroes.juntadeandalucia.es\/ceipelalmendralcarmona\/files\/2016\/01\/Free-shipping-Educational-Wooden-Block-Toys-Magnet-Music-Cut-15-Fruits-Vegetable-font-b-Kids-b.jpg\"><img loading=\"lazy\" decoding=\"async\" class=\"wp-image-2275 aligncenter\" src=\"https:\/\/blogsaverroes.juntadeandalucia.es\/ceipelalmendralcarmona\/files\/2016\/01\/Free-shipping-Educational-Wooden-Block-Toys-Magnet-Music-Cut-15-Fruits-Vegetable-font-b-Kids-b.jpg\" alt=\"\" width=\"376\" height=\"376\" srcset=\"https:\/\/blogsaverroes.juntadeandalucia.es\/ceipelalmendralcarmona\/files\/2016\/01\/Free-shipping-Educational-Wooden-Block-Toys-Magnet-Music-Cut-15-Fruits-Vegetable-font-b-Kids-b.jpg 700w, https:\/\/blogsaverroes.juntadeandalucia.es\/ceipelalmendralcarmona\/files\/2016\/01\/Free-shipping-Educational-Wooden-Block-Toys-Magnet-Music-Cut-15-Fruits-Vegetable-font-b-Kids-b-150x150.jpg 150w, https:\/\/blogsaverroes.juntadeandalucia.es\/ceipelalmendralcarmona\/files\/2016\/01\/Free-shipping-Educational-Wooden-Block-Toys-Magnet-Music-Cut-15-Fruits-Vegetable-font-b-Kids-b-300x300.jpg 300w, https:\/\/blogsaverroes.juntadeandalucia.es\/ceipelalmendralcarmona\/files\/2016\/01\/Free-shipping-Educational-Wooden-Block-Toys-Magnet-Music-Cut-15-Fruits-Vegetable-font-b-Kids-b-100x100.jpg 100w\" sizes=\"(max-width: 376px) 100vw, 376px\" \/><\/a><\/p>\n<\/div>\n<p><\/li><li class=\"tab-pane \" id=\"ert_pane1-1\"><\/p>\n<p>&nbsp;<\/p>\n<p>El horario de Comedor&nbsp; es de Lunes a Viernes de 14 a 16:00 horas y en \u00e9l se pretende que sea continuaci\u00f3n de la tarea educativa.<br \/>\nSi quiere realizar alguna gesti\u00f3n o consulta utilice cualquiera de estas v\u00edas:<\/p>\n<ul>\n<li><strong>Correo ordinario:Direcci\u00f3n:<\/strong>&nbsp; C.E.I.P. El Almendral\n<ul>\n<li style=\"list-style-type: none\">\n<ul>\n<li style=\"list-style-type: none\">\n<ul>\n<li style=\"list-style-type: none\">\n<ul>\n<li style=\"list-style-type: none\">\n<ul>\n<li style=\"list-style-type: none\">\n<ul>\n<li>Calle Andaluc\u00eda, s\/n. Bda. Los Almendrales. Carmona \u2013 41410&nbsp; (Sevilla)<\/li>\n<\/ul>\n<\/li>\n<\/ul>\n<\/li>\n<\/ul>\n<\/li>\n<\/ul>\n<\/li>\n<\/ul>\n<\/li>\n<\/ul>\n<\/li>\n<li><strong>Tel\u00e9fonos: <\/strong>\n<ul>\n<li>General del centro: 955 622 927&nbsp;<\/li>\n<li>M\u00f3vil Direcci\u00f3n: 694 951 589<\/li>\n<\/ul>\n<\/li>\n<\/ul>\n<ul>\n<li><strong>FAX: &nbsp;<\/strong>955 622 926&nbsp;<\/li>\n<li><strong>E-mail:<\/strong>&nbsp; &nbsp; <a href=\"mailto:41010344.edu@juntadeandalucia.es\">41010344.edu@juntadeandalucia.es<\/a><\/li>\n<\/ul>\n<p>Si considera que debe <strong>asistir en persona<\/strong> a las instalaciones del centro para solucionar alguna cuesti\u00f3n, debe pedir <em><strong>cita previa.<\/strong><\/em><\/p>\n<p><a href=\"https:\/\/blogsaverroes.juntadeandalucia.es\/ceipelalmendralcarmona\/files\/2021\/09\/ICONO-CITA-PREVIA-300x216-1.jpg\"><img loading=\"lazy\" decoding=\"async\" class=\"size-full wp-image-5353 aligncenter\" src=\"https:\/\/blogsaverroes.juntadeandalucia.es\/ceipelalmendralcarmona\/files\/2021\/09\/ICONO-CITA-PREVIA-300x216-1.jpg\" alt=\"\" width=\"300\" height=\"216\"><\/a><\/p>\n<p>&nbsp;<\/p>\n<p><\/li><li class=\"tab-pane \" id=\"ert_pane1-2\"><\/p>\n<p>El servicio de comedor escolar ofrece comida diaria (dos platos, pan, agua y postre),&nbsp; servida &nbsp;por el catering Aramark, contratado por la Junta de Andaluc\u00eda.<\/p>\n<p style=\"text-align: center\"><strong><a href=\"https:\/\/www.aramark.es\/\" target=\"_blank\" rel=\"noopener noreferrer\"><span style=\"font-size: 18pt\">Web de Aramark<\/span><\/a><\/strong><\/p>\n<p><iframe loading=\"lazy\" src=\"https:\/\/blogsaverroes.juntadeandalucia.es\/ceipborbolla\/files\/2020\/11\/Circular-a-Padres-Curso-2020-2021-Contrato-Nuevo-Exp-00164-ISE-2019-SC-CATERING.pdf\" width=\"600\" height=\"780\">&lt;span data-mce-type=\u00bbbookmark\u00bb style=\u00bbwidth: 0px;overflow: hidden;line-height: 0&#8243; class=\u00bbmce_SELRES_start\u00bb&gt;\ufeff&lt;\/span&gt;<\/iframe><\/p>\n<p><\/li><li class=\"tab-pane \" id=\"ert_pane1-3\"><\/p>\n<p>Pulsa sobre el enlace: &nbsp;&nbsp;<a href=\"https:\/\/blogsaverroes.juntadeandalucia.es\/ceipelalmendralcarmona\/category\/servicios-complementarios\/comedor-servicios-complementarios\/menu\/\" target=\"_blank\" rel=\"noopener noreferrer\"><strong>RELACI\u00d3N DE MEN\u00daS<\/strong><\/a><\/p>\n<p>&nbsp;<\/p>\n<p><a href=\"https:\/\/blogsaverroes.juntadeandalucia.es\/ceipelalmendralcarmona\/ed-primaria-2o-ciclo\/superficie\/\" rel=\"attachment wp-att-1589\"><img loading=\"lazy\" decoding=\"async\" class=\"wp-image-1589 aligncenter\" src=\"https:\/\/blogsaverroes.juntadeandalucia.es\/ceipelalmendralcarmona\/files\/2015\/03\/superficie.jpg\" alt=\"\" width=\"407\" height=\"476\" srcset=\"https:\/\/blogsaverroes.juntadeandalucia.es\/ceipelalmendralcarmona\/files\/2015\/03\/superficie.jpg 512w, https:\/\/blogsaverroes.juntadeandalucia.es\/ceipelalmendralcarmona\/files\/2015\/03\/superficie-256x300.jpg 256w\" sizes=\"(max-width: 407px) 100vw, 407px\" \/><\/a><\/p>\n<p><\/li><li class=\"tab-pane \" id=\"ert_pane1-4\"><\/p>\n<ul>\n<li style=\"list-style-type: none\">\n<ul>\n<li><a href=\"http:\/\/www.juntadeandalucia.es\/export\/drupaljda\/002563-A00-V02-00.pdf\" target=\"_blank\" rel=\"noopener noreferrer\">Anexo II.- Servicio de Aula Matinal, Comedor Escolar y actividades Extraescolares (pdf)<\/a>&nbsp;<\/li>\n<li><a href=\"http:\/\/www.juntadeandalucia.es\/export\/drupaljda\/002563-A05-V01-00.pdf\" target=\"_blank\" rel=\"noopener noreferrer\">Anexo V.- Gratuidad\/bonificaci\u00f3n del precio p\u00fablico por los servicios complementarios de Aula Matinal, Comedor Escolar y Actividades Extraescolares (pdf)<\/a>\n<ul>\n<li><a href=\"https:\/\/blogsaverroes.juntadeandalucia.es\/ceipelalmendralcarmona\/files\/2021\/08\/FICHA_ALTA_COMEDOR_21_22.pdf\" target=\"_blank\" rel=\"noopener noreferrer\">FICHA ALTA COMEDOR 21\/22<\/a><\/li>\n<\/ul>\n<\/li>\n<li><a href=\"http:\/\/blogsaverroes.juntadeandalucia.es\/ceipborbolla\/files\/2015\/12\/pdf-icono.gif\"><img loading=\"lazy\" decoding=\"async\" class=\" size-full wp-image-2203 alignleft\" src=\"http:\/\/blogsaverroes.juntadeandalucia.es\/ceipborbolla\/files\/2015\/12\/pdf-icono.gif\" alt=\"pdf-icono\" width=\"18\" height=\"18\"><\/a><a href=\"https:\/\/blogsaverroes.juntadeandalucia.es\/ceipborbolla\/files\/2020\/01\/Solicitud-Baja-PAF.pdf\" target=\"_blank\" rel=\"noopener noreferrer\">SOLICITUD DE BAJA DE SERVICIOS COMPLEMENTARIOS.<\/a><\/li>\n<\/ul>\n<\/li>\n<\/ul>\n<p><a href=\"https:\/\/blogsaverroes.juntadeandalucia.es\/ceipelalmendralcarmona\/files\/2016\/01\/food-puzzle-ingredients-diet-creative-concept-abstract-34595324.jpg\"><img loading=\"lazy\" decoding=\"async\" class=\"size-full wp-image-2276 aligncenter\" src=\"https:\/\/blogsaverroes.juntadeandalucia.es\/ceipelalmendralcarmona\/files\/2016\/01\/food-puzzle-ingredients-diet-creative-concept-abstract-34595324.jpg\" alt=\"\" width=\"240\" height=\"160\"><\/a><\/p>\n<p>&nbsp;<\/p>\n<p><\/li><li class=\"tab-pane \" id=\"ert_pane1-5\"><\/p>\n<p style=\"padding-left: 40px\"><strong><span style=\"text-decoration: underline\">INFORMACI\u00d3N GENERAL<\/span><\/strong><\/p>\n<ul>\n<li><a href=\"http:\/\/blogsaverroes.juntadeandalucia.es\/ceipborbolla\/files\/2015\/12\/pdf-icono.gif\"><img loading=\"lazy\" decoding=\"async\" class=\" size-full wp-image-2203 alignleft\" src=\"http:\/\/blogsaverroes.juntadeandalucia.es\/ceipborbolla\/files\/2015\/12\/pdf-icono.gif\" alt=\"pdf-icono\" width=\"18\" height=\"18\"><\/a><a href=\"https:\/\/blogsaverroes.juntadeandalucia.es\/ceipborbolla\/files\/2021\/08\/Precios-servicios-complementarios-3-8-2021.pdf\" target=\"_blank\" rel=\"noopener noreferrer\">Precios servicios complementarios 3-8-2021<\/a><\/li>\n<\/ul>\n<p>&nbsp;<\/p>\n<p>&nbsp;<\/p>\n<p style=\"padding-left: 40px\">Enlace con la web de Consejer\u00eda de Educaci\u00f3n con acceso a la NORMATIVA actualizada sobre el tema:<\/p>\n<ul>\n<li style=\"list-style-type: none\">\n<ul>\n<li><a href=\"http:\/\/blogsaverroes.juntadeandalucia.es\/ceipborbolla\/files\/2015\/12\/pdf-icono.gif\"><img loading=\"lazy\" decoding=\"async\" class=\" size-full wp-image-2203 alignleft\" src=\"http:\/\/blogsaverroes.juntadeandalucia.es\/ceipborbolla\/files\/2015\/12\/pdf-icono.gif\" alt=\"pdf-icono\" width=\"18\" height=\"18\"><\/a><a href=\"http:\/\/www.juntadeandalucia.es\/educacion\/portals\/web\/ced\/comedor-escolar\" target=\"_blank\" rel=\"noopener noreferrer\"><span style=\"font-size: 16pt\">Normativa Web Consejer\u00eda Educaci\u00f3n<\/span><\/a><\/li>\n<\/ul>\n<\/li>\n<\/ul>\n<p>&nbsp;<\/p>\n<p><a href=\"https:\/\/blogsaverroes.juntadeandalucia.es\/ceipelalmendralcarmona\/files\/2021\/08\/buscar.gif\"><img loading=\"lazy\" decoding=\"async\" class=\"size-full wp-image-5312 aligncenter\" src=\"https:\/\/blogsaverroes.juntadeandalucia.es\/ceipelalmendralcarmona\/files\/2021\/08\/buscar.gif\" alt=\"\" width=\"240\" height=\"320\"><\/a><\/p>\n<p><\/li><\/ul><\/div><\/div>\n<p><a href=\"https:\/\/blogsaverroes.juntadeandalucia.es\/ceipelalmendralcarmona\/files\/2016\/01\/comida-sana.jpg\"><img loading=\"lazy\" decoding=\"async\" class=\"size-full wp-image-2269 alignnone\" src=\"https:\/\/blogsaverroes.juntadeandalucia.es\/ceipelalmendralcarmona\/files\/2016\/01\/comida-sana.jpg\" alt=\"\" width=\"270\" height=\"228\"><\/a> &nbsp; &nbsp; &nbsp; &nbsp; &nbsp; &nbsp; &nbsp; &nbsp; &nbsp; &nbsp; &nbsp; &nbsp; &nbsp; &nbsp; &nbsp; &nbsp; &nbsp; &nbsp; &nbsp; &nbsp; &nbsp; &nbsp; &nbsp; &nbsp; &nbsp; &nbsp; &nbsp; &nbsp; &nbsp; &nbsp; &nbsp; &nbsp; &nbsp; &nbsp; &nbsp;<a href=\"https:\/\/blogsaverroes.juntadeandalucia.es\/ceipelalmendralcarmona\/files\/2016\/01\/cocineros-del-beb\u00e9-de-la-gente-blanca-d-53105925.jpg\"><img loading=\"lazy\" decoding=\"async\" class=\"size-full wp-image-2278 alignnone\" src=\"https:\/\/blogsaverroes.juntadeandalucia.es\/ceipelalmendralcarmona\/files\/2016\/01\/cocineros-del-beb\u00e9-de-la-gente-blanca-d-53105925.jpg\" alt=\"\" width=\"126\" height=\"160\"><\/a><\/p>\n<p>&nbsp;<\/p>\n<p>&nbsp;<\/p>\n","protected":false},"excerpt":{"rendered":"<p>&nbsp; &nbsp; &nbsp; &nbsp; &nbsp; &nbsp; &nbsp; &nbsp; &nbsp; &nbsp; &nbsp; &nbsp; &nbsp; &nbsp; &nbsp; &nbsp; &nbsp; &nbsp; &nbsp; &nbsp; &nbsp; &nbsp; &nbsp; &nbsp; &nbsp; &nbsp; &nbsp; &nbsp; &nbsp; &nbsp; &nbsp; &nbsp; &nbsp; &nbsp; &nbsp; &nbsp; &nbsp;<\/p>\n","protected":false},"author":2517,"featured_media":0,"parent":0,"menu_order":0,"comment_status":"closed","ping_status":"closed","template":"","meta":{"ngg_post_thumbnail":0,"footnotes":"","_mc_calendar":[]},"aioseo_notices":[],"_links":{"self":[{"href":"https:\/\/blogsaverroes.juntadeandalucia.es\/ceipelalmendralcarmona\/wp-json\/wp\/v2\/pages\/3419"}],"collection":[{"href":"https:\/\/blogsaverroes.juntadeandalucia.es\/ceipelalmendralcarmona\/wp-json\/wp\/v2\/pages"}],"about":[{"href":"https:\/\/blogsaverroes.juntadeandalucia.es\/ceipelalmendralcarmona\/wp-json\/wp\/v2\/types\/page"}],"author":[{"embeddable":true,"href":"https:\/\/blogsaverroes.juntadeandalucia.es\/ceipelalmendralcarmona\/wp-json\/wp\/v2\/users\/2517"}],"replies":[{"embeddable":true,"href":"https:\/\/blogsaverroes.juntadeandalucia.es\/ceipelalmendralcarmona\/wp-json\/wp\/v2\/comments?post=3419"}],"version-history":[{"count":10,"href":"https:\/\/blogsaverroes.juntadeandalucia.es\/ceipelalmendralcarmona\/wp-json\/wp\/v2\/pages\/3419\/revisions"}],"predecessor-version":[{"id":5561,"href":"https:\/\/blogsaverroes.juntadeandalucia.es\/ceipelalmendralcarmona\/wp-json\/wp\/v2\/pages\/3419\/revisions\/5561"}],"wp:attachment":[{"href":"https:\/\/blogsaverroes.juntadeandalucia.es\/ceipelalmendralcarmona\/wp-json\/wp\/v2\/media?parent=3419"}],"curies":[{"name":"wp","href":"https:\/\/api.w.org\/{rel}","templated":true}]}}