{"id":3650,"date":"2020-03-15T08:57:19","date_gmt":"2020-03-15T07:57:19","guid":{"rendered":"https:\/\/blogsaverroes.juntadeandalucia.es\/ceipelalmendralcarmona\/?page_id=3650"},"modified":"2023-03-01T10:09:06","modified_gmt":"2023-03-01T09:09:06","slug":"secretaria-virtual","status":"publish","type":"page","link":"https:\/\/blogsaverroes.juntadeandalucia.es\/ceipelalmendralcarmona\/secretaria-virtual\/","title":{"rendered":"SECRETAR\u00cdA VIRTUAL"},"content":{"rendered":"<header class=\"entry-header cf\">\n<h1 class=\"entry-title\" style=\"text-align: center\"><span style=\"text-decoration: underline;font-size: 28pt\"><span style=\"color: #ff0000;text-decoration: underline\">Presentaci\u00f3n Electr\u00f3nica General<\/span><\/span><\/h1>\n<h1 class=\"entry-title\" style=\"text-align: center\"><span style=\"text-decoration: underline;font-size: 28pt\"><span style=\"color: #ff0000;text-decoration: underline\"> en Centros Educativos<\/span><\/span><\/h1>\n<p><a href=\"https:\/\/www.juntadeandalucia.es\/educacion\/secretariavirtual\/\"><img loading=\"lazy\" decoding=\"async\" class=\"alignnone wp-image-5350 size-full\" src=\"https:\/\/blogsaverroes.juntadeandalucia.es\/ceipelalmendralcarmona\/files\/2021\/09\/SECRETARIA_VITURAL_300.png\" alt=\"\" width=\"300\" height=\"236\"><\/a><a href=\"https:\/\/www.juntadeandalucia.es\/educacion\/secretariavirtual\/\" target=\"_blank\" rel=\"noopener noreferrer\"><span style=\"font-size: 18pt\"><strong>ACCESO SECRETAR\u00cdA VIRTUAL<\/strong><\/span><\/a><\/p>\n<\/header>\n<h5><span style=\"font-size: 12pt\"><strong>Desde la plataforma <a id=\"yui_patched_v3_11_0_2_1630625291215_195\" title=\"Secretar\u00eda Virtual de los Centros\" href=\"https:\/\/www.juntadeandalucia.es\/educacion\/secretariavirtual\" target=\"_blank\" rel=\"noopener noreferrer\">Secretar\u00eda Virtual de los Centros&nbsp;&nbsp;<\/a> de la Consejer\u00eda de Educaci\u00f3n podr\u00e1 realizar tr\u00e1mites telem\u00e1ticos con las Secretar\u00edas de los Centros de Ense\u00f1anza, sin necesidad de tener que desplazarse al centro.<br \/>\n<\/strong><\/span><\/h5>\n<p>Para facilitar el acceso al tr\u00e1mite concreto que pudiera interesar a la comunidad educativa puntualmente se publicar\u00e1 en esta web el enlace correspondiente a la convocatoria o consulta espec\u00edfica.<\/p>\n<p>M\u00e1s abajo se insertan algunos enlaces con <span style=\"text-decoration: underline\"><strong>TUTORIALES<\/strong><\/span> diversos para facilitar su uso.<\/p>\n<p>&nbsp;<\/p>\n<div class=\"entry-content cf\">\n<table>\n<tbody>\n<tr>\n<td>\n<h4 style=\"text-align: center\">C\u00f3mo acceder a la secretar\u00eda virtual de los centros educativos andaluces con el nuevo Identificador Andaluz Educativo (iANDE), d\u00f3nde encontrarlo o c\u00f3mo solicitarlo.<\/h4>\n<\/td>\n<\/tr>\n<tr>\n<td style=\"text-align: center\">[https:\/\/www.youtube.com\/watch?v=p8bqMdBsLd4]<\/td>\n<\/tr>\n<\/tbody>\n<\/table>\n<p style=\"text-align: center\">&nbsp;<\/p>\n<p><iframe loading=\"lazy\" src=\"https:\/\/www.youtube.com\/embed\/p8bqMdBsLd4\" width=\"560\" height=\"315\" frameborder=\"0\"><\/iframe><\/p>\n<table class=\" aligncenter\">\n<tbody>\n<tr>\n<td>\n<h4 style=\"text-align: center\">Descripci\u00f3n del procedimiento de presentaci\u00f3n de solicitud telem\u00e1tica de admisi\u00f3n en los centros educativos andaluces.<\/h4>\n<\/td>\n<\/tr>\n<tr>\n<td style=\"text-align: center\">[https:\/\/www.youtube.com\/watch?v=ksm-g4kbVnQ]<\/td>\n<\/tr>\n<\/tbody>\n<\/table>\n<p style=\"text-align: center\">&nbsp;<\/p>\n<table class=\" aligncenter\">\n<tbody>\n<tr>\n<td>\n<h4 style=\"text-align: center\">Descripci\u00f3n del procedimiento de presentaci\u00f3n de solicitud telem\u00e1tica de admisi\u00f3n en los centros educativos andaluces (<span style=\"text-decoration: underline\">sin certificado digital<\/span>)<\/h4>\n<\/td>\n<\/tr>\n<tr>\n<td style=\"text-align: center\">[https:\/\/www.youtube.com\/watch?v=0jzsoje-GyQ]<\/td>\n<\/tr>\n<\/tbody>\n<\/table>\n<p style=\"text-align: center\">&nbsp;<\/p>\n<table class=\" aligncenter\">\n<tbody>\n<tr>\n<td>\n<h4 style=\"text-align: center\"><span style=\"text-decoration: underline\">Descripci\u00f3n del procedimiento de presentaci\u00f3n general de documentos en los centros educativos andaluces: ayudas, escritos\u2026<\/span><\/h4>\n<p style=\"text-align: center\">(NO para Escolarizaci\u00f3n y Matriculaci\u00f3n, que tienen su tr\u00e1mite espec\u00edfico )<\/p>\n<\/td>\n<\/tr>\n<tr>\n<td style=\"text-align: center\">[youtube https:\/\/www.youtube.com\/watch?v=6qnpRCkgJxQ]<\/td>\n<\/tr>\n<tr>\n<td>&nbsp;<\/td>\n<\/tr>\n<\/tbody>\n<\/table>\n<p style=\"text-align: center\"><a href=\"https:\/\/www.juntadeandalucia.es\/educacion\/secretariavirtual\"><img loading=\"lazy\" decoding=\"async\" class=\"aligncenter wp-image-5352 size-full\" src=\"https:\/\/blogsaverroes.juntadeandalucia.es\/ceipelalmendralcarmona\/files\/2021\/09\/PRIORIDAD_SECR_VIRTUAL.png\" alt=\"\" width=\"744\" height=\"258\" srcset=\"https:\/\/blogsaverroes.juntadeandalucia.es\/ceipelalmendralcarmona\/files\/2021\/09\/PRIORIDAD_SECR_VIRTUAL.png 744w, https:\/\/blogsaverroes.juntadeandalucia.es\/ceipelalmendralcarmona\/files\/2021\/09\/PRIORIDAD_SECR_VIRTUAL-300x104.png 300w\" sizes=\"(max-width: 744px) 100vw, 744px\" \/><\/a><\/p>\n<\/div>\n<p>&nbsp;<\/p>\n","protected":false},"excerpt":{"rendered":"<p>Presentaci\u00f3n Electr\u00f3nica General en Centros Educativos ACCESO SECRETAR\u00cdA VIRTUAL Desde la plataforma Secretar\u00eda Virtual de los Centros&nbsp;&nbsp; de la Consejer\u00eda de Educaci\u00f3n podr\u00e1 realizar tr\u00e1mites telem\u00e1ticos con las Secretar\u00edas de los Centros de Ense\u00f1anza, sin necesidad de tener que desplazarse al centro. Para facilitar el acceso al tr\u00e1mite concreto que pudiera interesar a la comunidad &hellip; <\/p>\n<p><a class=\"more-link btn\" href=\"https:\/\/blogsaverroes.juntadeandalucia.es\/ceipelalmendralcarmona\/secretaria-virtual\/\">Seguir leyendo<\/a><\/p>\n","protected":false},"author":2517,"featured_media":0,"parent":0,"menu_order":0,"comment_status":"closed","ping_status":"closed","template":"","meta":{"ngg_post_thumbnail":0,"footnotes":"","_mc_calendar":[]},"aioseo_notices":[],"_links":{"self":[{"href":"https:\/\/blogsaverroes.juntadeandalucia.es\/ceipelalmendralcarmona\/wp-json\/wp\/v2\/pages\/3650"}],"collection":[{"href":"https:\/\/blogsaverroes.juntadeandalucia.es\/ceipelalmendralcarmona\/wp-json\/wp\/v2\/pages"}],"about":[{"href":"https:\/\/blogsaverroes.juntadeandalucia.es\/ceipelalmendralcarmona\/wp-json\/wp\/v2\/types\/page"}],"author":[{"embeddable":true,"href":"https:\/\/blogsaverroes.juntadeandalucia.es\/ceipelalmendralcarmona\/wp-json\/wp\/v2\/users\/2517"}],"replies":[{"embeddable":true,"href":"https:\/\/blogsaverroes.juntadeandalucia.es\/ceipelalmendralcarmona\/wp-json\/wp\/v2\/comments?post=3650"}],"version-history":[{"count":22,"href":"https:\/\/blogsaverroes.juntadeandalucia.es\/ceipelalmendralcarmona\/wp-json\/wp\/v2\/pages\/3650\/revisions"}],"predecessor-version":[{"id":7240,"href":"https:\/\/blogsaverroes.juntadeandalucia.es\/ceipelalmendralcarmona\/wp-json\/wp\/v2\/pages\/3650\/revisions\/7240"}],"wp:attachment":[{"href":"https:\/\/blogsaverroes.juntadeandalucia.es\/ceipelalmendralcarmona\/wp-json\/wp\/v2\/media?parent=3650"}],"curies":[{"name":"wp","href":"https:\/\/api.w.org\/{rel}","templated":true}]}}