{"id":5591,"date":"2021-09-08T23:23:40","date_gmt":"2021-09-08T22:23:40","guid":{"rendered":"https:\/\/blogsaverroes.juntadeandalucia.es\/ceipelalmendralcarmona\/?page_id=5591"},"modified":"2021-09-08T23:25:27","modified_gmt":"2021-09-08T22:25:27","slug":"escolarizacion","status":"publish","type":"page","link":"https:\/\/blogsaverroes.juntadeandalucia.es\/ceipelalmendralcarmona\/escolarizacion\/","title":{"rendered":"ESCOLARIZACI\u00d3N"},"content":{"rendered":"<p>Pulsa sobre el enlace:<\/p>\n<p style=\"text-align: center\"><span style=\"text-decoration: underline\"><strong><span style=\"font-size: 14pt\">MEN\u00da DE OPCIONES<\/span><\/strong><\/span><\/p>\n<ul>\n<li><strong><a href=\"https:\/\/blogsaverroes.juntadeandalucia.es\/ceipelalmendralcarmona\/admision\/\" target=\"_blank\" rel=\"noopener noreferrer\">ADMISI\u00d3N <\/a><\/strong><\/li>\n<li><a href=\"https:\/\/blogsaverroes.juntadeandalucia.es\/ceipelalmendralcarmona\/matriculacion\/\" target=\"_blank\" rel=\"noopener noreferrer\"><strong>MATRICULACI\u00d3N<\/strong><\/a><\/li>\n<\/ul>\n","protected":false},"excerpt":{"rendered":"<p>Pulsa sobre el enlace: MEN\u00da DE OPCIONES ADMISI\u00d3N MATRICULACI\u00d3N<\/p>\n","protected":false},"author":2517,"featured_media":0,"parent":0,"menu_order":0,"comment_status":"closed","ping_status":"closed","template":"","meta":{"ngg_post_thumbnail":0,"footnotes":"","_mc_calendar":[]},"aioseo_notices":[],"_links":{"self":[{"href":"https:\/\/blogsaverroes.juntadeandalucia.es\/ceipelalmendralcarmona\/wp-json\/wp\/v2\/pages\/5591"}],"collection":[{"href":"https:\/\/blogsaverroes.juntadeandalucia.es\/ceipelalmendralcarmona\/wp-json\/wp\/v2\/pages"}],"about":[{"href":"https:\/\/blogsaverroes.juntadeandalucia.es\/ceipelalmendralcarmona\/wp-json\/wp\/v2\/types\/page"}],"author":[{"embeddable":true,"href":"https:\/\/blogsaverroes.juntadeandalucia.es\/ceipelalmendralcarmona\/wp-json\/wp\/v2\/users\/2517"}],"replies":[{"embeddable":true,"href":"https:\/\/blogsaverroes.juntadeandalucia.es\/ceipelalmendralcarmona\/wp-json\/wp\/v2\/comments?post=5591"}],"version-history":[{"count":2,"href":"https:\/\/blogsaverroes.juntadeandalucia.es\/ceipelalmendralcarmona\/wp-json\/wp\/v2\/pages\/5591\/revisions"}],"predecessor-version":[{"id":5595,"href":"https:\/\/blogsaverroes.juntadeandalucia.es\/ceipelalmendralcarmona\/wp-json\/wp\/v2\/pages\/5591\/revisions\/5595"}],"wp:attachment":[{"href":"https:\/\/blogsaverroes.juntadeandalucia.es\/ceipelalmendralcarmona\/wp-json\/wp\/v2\/media?parent=5591"}],"curies":[{"name":"wp","href":"https:\/\/api.w.org\/{rel}","templated":true}]}}