{"id":5597,"date":"2021-09-08T23:29:55","date_gmt":"2021-09-08T22:29:55","guid":{"rendered":"https:\/\/blogsaverroes.juntadeandalucia.es\/ceipelalmendralcarmona\/?page_id=5597"},"modified":"2021-10-06T18:42:13","modified_gmt":"2021-10-06T17:42:13","slug":"secretaria-m","status":"publish","type":"page","link":"https:\/\/blogsaverroes.juntadeandalucia.es\/ceipelalmendralcarmona\/secretaria-m\/","title":{"rendered":"SECRETARIA M"},"content":{"rendered":"<p>Pulsa sobre el enlace&#8230;.<\/p>\n<p style=\"text-align: center\"><span style=\"text-decoration: underline;font-size: 14pt\"><strong>MEN\u00da DE OPCIONES:<\/strong><\/span><\/p>\n<p>&nbsp;<\/p>\n<ul>\n<li><strong><a href=\"https:\/\/blogsaverroes.juntadeandalucia.es\/ceipelalmendralcarmona\/secretaria\/\" target=\"_blank\" rel=\"noopener noreferrer\">SECRETAR\u00cdA<\/a><\/strong><\/li>\n<li><strong><a href=\"https:\/\/blogsaverroes.juntadeandalucia.es\/ceipelalmendralcarmona\/secretaria-virtual\/\">SECRETARIA VIRTUAL DE LOS CENTROS EDUCATIVOS<\/a><\/strong><\/li>\n<li><strong><a href=\"https:\/\/blogsaverroes.juntadeandalucia.es\/ceipelalmendralcarmona\/escolarizacion\/\" target=\"_blank\" rel=\"noopener noreferrer\">ESCOLARIZACI\u00d3N:<\/a><\/strong>\n<ul>\n<li><a href=\"https:\/\/blogsaverroes.juntadeandalucia.es\/ceipelalmendralcarmona\/admision\/\" target=\"_blank\" rel=\"noopener noreferrer\"><strong>ADMISI\u00d3N<\/strong><\/a><\/li>\n<li><a href=\"https:\/\/blogsaverroes.juntadeandalucia.es\/ceipelalmendralcarmona\/matriculacion\/\" target=\"_blank\" rel=\"noopener noreferrer\"><strong>MATRICULACI\u00d3N<\/strong><\/a><\/li>\n<\/ul>\n<\/li>\n<li><a href=\"https:\/\/blogsaverroes.juntadeandalucia.es\/ceipelalmendralcarmona\/servicioscomplementarios\/\" target=\"_blank\" rel=\"noopener noreferrer\"><strong>SERVICIOS COMPLEMENTARIOS:<\/strong><\/a>\n<ul>\n<li><a href=\"https:\/\/blogsaverroes.juntadeandalucia.es\/ceipelalmendralcarmona\/aula-matinal\/\" target=\"_blank\" rel=\"noopener noreferrer\"><strong>AULA MATINAL<\/strong><\/a><\/li>\n<li><a href=\"https:\/\/blogsaverroes.juntadeandalucia.es\/ceipelalmendralcarmona\/comedor-escolar\/\" target=\"_blank\" rel=\"noopener noreferrer\"><strong>COMEDOR<\/strong><\/a><\/li>\n<li><a href=\"https:\/\/blogsaverroes.juntadeandalucia.es\/ceipelalmendralcarmona\/actividades-extraescolares\/\" target=\"_blank\" rel=\"noopener noreferrer\"><strong>ACTIVIDADES EXTRAESCOLARES<\/strong><\/a><\/li>\n<li><a href=\"https:\/\/blogsaverroes.juntadeandalucia.es\/ceipelalmendralcarmona\/transporte-escolar\/\" target=\"_blank\" rel=\"noopener noreferrer\"><strong>TRANSPORTE ESCOLAR<\/strong><\/a><\/li>\n<\/ul>\n<\/li>\n<li><a href=\"https:\/\/blogsaverroes.juntadeandalucia.es\/ceipelalmendralcarmona\/bonificacion-servicios-complementarios\/\" target=\"_blank\" rel=\"noopener noreferrer\"><strong>BONIFICACI\u00d3N: SERVICIOS COMPLEMENTARIOS<\/strong><\/a><\/li>\n<li><a href=\"https:\/\/blogsaverroes.juntadeandalucia.es\/ceipelalmendralcarmona\/category\/secretaria\/\" target=\"_blank\" rel=\"noopener noreferrer\"><strong>NOVEDADES DE SECRETARIA<\/strong><\/a><\/li>\n<\/ul>\n","protected":false},"excerpt":{"rendered":"<p>Pulsa sobre el enlace&#8230;. MEN\u00da DE OPCIONES: &nbsp; SECRETAR\u00cdA SECRETARIA VIRTUAL DE LOS CENTROS EDUCATIVOS ESCOLARIZACI\u00d3N: ADMISI\u00d3N MATRICULACI\u00d3N SERVICIOS COMPLEMENTARIOS: AULA MATINAL COMEDOR ACTIVIDADES EXTRAESCOLARES TRANSPORTE ESCOLAR BONIFICACI\u00d3N: SERVICIOS COMPLEMENTARIOS NOVEDADES DE SECRETARIA<\/p>\n","protected":false},"author":2517,"featured_media":0,"parent":0,"menu_order":0,"comment_status":"closed","ping_status":"closed","template":"","meta":{"ngg_post_thumbnail":0,"footnotes":"","_mc_calendar":[]},"aioseo_notices":[],"_links":{"self":[{"href":"https:\/\/blogsaverroes.juntadeandalucia.es\/ceipelalmendralcarmona\/wp-json\/wp\/v2\/pages\/5597"}],"collection":[{"href":"https:\/\/blogsaverroes.juntadeandalucia.es\/ceipelalmendralcarmona\/wp-json\/wp\/v2\/pages"}],"about":[{"href":"https:\/\/blogsaverroes.juntadeandalucia.es\/ceipelalmendralcarmona\/wp-json\/wp\/v2\/types\/page"}],"author":[{"embeddable":true,"href":"https:\/\/blogsaverroes.juntadeandalucia.es\/ceipelalmendralcarmona\/wp-json\/wp\/v2\/users\/2517"}],"replies":[{"embeddable":true,"href":"https:\/\/blogsaverroes.juntadeandalucia.es\/ceipelalmendralcarmona\/wp-json\/wp\/v2\/comments?post=5597"}],"version-history":[{"count":16,"href":"https:\/\/blogsaverroes.juntadeandalucia.es\/ceipelalmendralcarmona\/wp-json\/wp\/v2\/pages\/5597\/revisions"}],"predecessor-version":[{"id":5845,"href":"https:\/\/blogsaverroes.juntadeandalucia.es\/ceipelalmendralcarmona\/wp-json\/wp\/v2\/pages\/5597\/revisions\/5845"}],"wp:attachment":[{"href":"https:\/\/blogsaverroes.juntadeandalucia.es\/ceipelalmendralcarmona\/wp-json\/wp\/v2\/media?parent=5597"}],"curies":[{"name":"wp","href":"https:\/\/api.w.org\/{rel}","templated":true}]}}