{"id":5718,"date":"2021-09-14T19:16:52","date_gmt":"2021-09-14T18:16:52","guid":{"rendered":"https:\/\/blogsaverroes.juntadeandalucia.es\/ceipelalmendralcarmona\/?page_id=5718"},"modified":"2021-09-14T19:16:52","modified_gmt":"2021-09-14T18:16:52","slug":"becas-ayudas-para-el-alumnado-de-neae","status":"publish","type":"page","link":"https:\/\/blogsaverroes.juntadeandalucia.es\/ceipelalmendralcarmona\/becas-ayudas-para-el-alumnado-de-neae\/","title":{"rendered":"BECAS: AYUDAS PARA EL ALUMNADO DE NEAE"},"content":{"rendered":"<p><a href=\"https:\/\/blogsaverroes.juntadeandalucia.es\/ceipelalmendralcarmona\/becas-ayudas-para-el-alumnado-de-neae\/gadein-ayudas_necesidades-ministerio\/\" rel=\"attachment wp-att-5729\"><img loading=\"lazy\" decoding=\"async\" class=\"size-full wp-image-5729 aligncenter\" src=\"https:\/\/blogsaverroes.juntadeandalucia.es\/ceipelalmendralcarmona\/files\/2021\/09\/Gadein-Ayudas_Necesidades-Ministerio.jpg\" alt=\"\" width=\"440\" height=\"260\" srcset=\"https:\/\/blogsaverroes.juntadeandalucia.es\/ceipelalmendralcarmona\/files\/2021\/09\/Gadein-Ayudas_Necesidades-Ministerio.jpg 440w, https:\/\/blogsaverroes.juntadeandalucia.es\/ceipelalmendralcarmona\/files\/2021\/09\/Gadein-Ayudas_Necesidades-Ministerio-300x177.jpg 300w\" sizes=\"(max-width: 440px) 100vw, 440px\" \/><\/a><\/p>\n<div class=\"osc-res-tab tabbable   osc-tabs-left\"><div style=\"clear:both;width: 100%;\"><ul class=\"nav osc-res-nav nav-tabs osc-tabs-left-ul\" id=\"oscitas-restabs-1-becas-ayudas-para-el-alumnado-de-neae-55666\"><li class=\"active\"><a href=\"#ert_pane1-0\" data-toggle=\"tab\"><strong>INFORMACI\u00d3N GENERAL<\/strong><\/a><\/li><li class=\"\"><a href=\"#ert_pane1-1\" data-toggle=\"tab\"><strong>PLAZO \/ PROCEDIMIENTO<\/strong><\/a><\/li><li class=\"\"><a href=\"#ert_pane1-2\" data-toggle=\"tab\"><strong>ENLACES<\/strong><\/a><\/li><li class=\"\"><a href=\"#ert_pane1-3\" data-toggle=\"tab\"><strong>NORMATIVA<\/strong><\/a><\/li><\/ul><\/div><div style=\"clear:both;width: 100%;\"><ul class=\"tab-content\" id=\"oscitas-restabcontent-1-becas-ayudas-para-el-alumnado-de-neae-55666\"><li class=\"tab-pane active\" id=\"ert_pane1-0\"><\/p>\n<p>El Ministerio de Educaci\u00f3n y Formaci\u00f3n Profesional convoca ayudas para el alumnado de necesidades espec\u00edficas de apoyo educativo (neae). Consulta estos enlaces que explican todos los detalles de esta convocatoria: qui\u00e9n pude solicitarla, tipos de estudios, cuant\u00eda de estas ayudas, c\u00f3mo solicitarla, qu\u00e9 requisitos exige,&#8230;.<\/p>\n<p>De forma extensa puedes resolver tus dudas en el apartado <strong>NORMATIVA<\/strong>, consultando la Resoluci\u00f3n de esta convocatoria.<\/p>\n<ul>\n<li><strong><a href=\"https:\/\/www.becaseducacion.gob.es\/becas-y-ayudas\/ayudas-apoyo-educativo\/tipos-de-becas.html\" target=\"_blank\" rel=\"noopener noreferrer\">AYUDAS PARA ALUMNADO CON NECESIDADES DE APOYO EDUCATIVO<\/a><\/strong><\/li>\n<li><a href=\"https:\/\/www.juntadeandalucia.es\/educacion\/portals\/web\/becas-y-ayudas\/educacion-especial\" target=\"_blank\" rel=\"noopener noreferrer\"><strong>Portal BECAS Y AYUDAS de Consejer\u00eda de Educaci\u00f3n. Junta de Andaluc\u00eda<\/strong><\/a><\/li>\n<li><strong><a href=\"https:\/\/www.educacionyfp.gob.es\/servicios-al-ciudadano\/catalogo\/general\/05\/050140\/ficha\/050140-2021.html#dg8\" target=\"_blank\" rel=\"noopener noreferrer\">MINISTERIO DE EDUCACI\u00d3N: BECAS Y AYUDAS NEAE<\/a><\/strong><\/li>\n<\/ul>\n<p><\/li><li class=\"tab-pane \" id=\"ert_pane1-1\"><\/p>\n<ul>\n<li>Plazo: <span style=\"text-decoration: underline\"><strong>HASTA EL 30 DE SEPTIEMBRE<\/strong><\/span><\/li>\n<\/ul>\n<p>&nbsp;<\/p>\n<ul>\n<li>Procedimiento:<\/li>\n<\/ul>\n<p>Las solicitudes deber\u00e1n cumplimentarse mediante el formulario accesible por internet en la direcci\u00f3n Ministerio de Educaci\u00f3n y Formaci\u00f3n Profesional o a trav\u00e9s de la sede electr\u00f3nica del Ministerio de Educaci\u00f3n, Cultura y Deporte en la direcci\u00f3n <a href=\"https:\/\/sede.educacion.gob.es\/sede\/login\/inicio.jjsp?idConvocatoria=1554\" target=\"_blank\" rel=\"noopener noreferrer\">Sede electr\u00f3nica <\/a>.<\/p>\n<p>Una vez cumplimentada la solicitud telem\u00e1tica, si el solicitante se puede identificar mediante cualquiera de los sistemas de firma aceptados por la sede electr\u00f3nica, se podr\u00e1 completar el proceso electr\u00f3nico de presentaci\u00f3n de la solicitud acompa\u00f1ando, a trav\u00e9s de la p\u00e1gina web, en formato pdf (escaneado) la documentaci\u00f3n que le sea requerida por la propia aplicaci\u00f3n.<\/p>\n<p>Visita este enlace que detalla los pasos a seguir para formalizarla: <a href=\"https:\/\/www.becaseducacion.gob.es\/becas-y-ayudas\/ayudas-apoyo-educativo\/como-solicitarla.html\" target=\"_blank\" rel=\"noopener noreferrer\">\u00bfC\u00d3MO SOLICITAR ESTA AYUDA? <\/a><\/p>\n<p>&nbsp;<\/p>\n<p>&nbsp;<\/p>\n<p>&nbsp;<\/p>\n<p>&nbsp;<\/p>\n<p><\/li><li class=\"tab-pane \" id=\"ert_pane1-2\"><\/p>\n<p>Para obtener toda la informaci\u00f3n al respecto de esta convocatoria as\u00ed como acceder a la sede electr\u00f3nica para la presentaci\u00f3n de la solicitud a continuaci\u00f3n se muestran los enlaces correspondientes:<\/p>\n<ul>\n<li><strong><a href=\"https:\/\/www.becaseducacion.gob.es\/becas-y-ayudas\/ayudas-apoyo-educativo\/tipos-de-becas.html\" target=\"_blank\" rel=\"noopener noreferrer\">AYUDAS PARA ALUMNADO CON NECESIDADES DE APOYO EDUCATIVO<\/a><\/strong><\/li>\n<li><a href=\"https:\/\/www.juntadeandalucia.es\/educacion\/portals\/web\/becas-y-ayudas\/educacion-especial\" target=\"_blank\" rel=\"noopener noreferrer\"><strong>Portal BECAS Y AYUDAS de Consejer\u00eda de Educaci\u00f3n. Junta de Andaluc\u00eda<\/strong><\/a><\/li>\n<li><a href=\"https:\/\/sede.educacion.gob.es\/sede\/login\/inicio.jjsp?idConvocatoria=1554\" target=\"_blank\" rel=\"noopener noreferrer\"><strong>Sede electr\u00f3nica: Ministerio de Educaci\u00f3n<\/strong><\/a><\/li>\n<\/ul>\n<p><a href=\"https:\/\/blogsaverroes.juntadeandalucia.es\/ceipelalmendralcarmona\/becas-ayudas-para-el-alumnado-de-neae\/table-books-apple-pencils-wallpaper-preview\/\" rel=\"attachment wp-att-5730\"><img loading=\"lazy\" decoding=\"async\" class=\" wp-image-5730 aligncenter\" src=\"https:\/\/blogsaverroes.juntadeandalucia.es\/ceipelalmendralcarmona\/files\/2021\/09\/table-books-apple-pencils-wallpaper-preview.jpg\" alt=\"\" width=\"293\" height=\"195\" srcset=\"https:\/\/blogsaverroes.juntadeandalucia.es\/ceipelalmendralcarmona\/files\/2021\/09\/table-books-apple-pencils-wallpaper-preview.jpg 728w, https:\/\/blogsaverroes.juntadeandalucia.es\/ceipelalmendralcarmona\/files\/2021\/09\/table-books-apple-pencils-wallpaper-preview-300x200.jpg 300w\" sizes=\"(max-width: 293px) 100vw, 293px\" \/><\/a><\/p>\n<p><\/li><li class=\"tab-pane \" id=\"ert_pane1-3\"><\/p>\n<ul>\n<li><strong>Resoluci\u00f3n convocado ayudas para alumnos con neae.<\/strong><\/li>\n<\/ul>\n<p>https:\/\/blogsaverroes.juntadeandalucia.es\/ceipelalmendralcarmona\/files\/2021\/09\/CONVOCATORIA-NEAE-CURSO-2021-2022.pdf<\/p>\n<ul>\n<li><strong>Extracto de la Resoluci\u00f3n de la convocatoria de ayudas para alumnado neae.<\/strong><\/li>\n<\/ul>\n<p>https:\/\/blogsaverroes.juntadeandalucia.es\/ceipelalmendralcarmona\/files\/2021\/09\/BOE-B-2021-34666.pdf<\/p>\n<p><\/li><\/ul><\/div><\/div>\n<p>&nbsp;<\/p>\n<p><a href=\"https:\/\/blogsaverroes.juntadeandalucia.es\/ceipelalmendralcarmona\/becas-ayudas-para-el-alumnado-de-neae\/becas\/\" rel=\"attachment wp-att-5728\"><img loading=\"lazy\" decoding=\"async\" class=\" wp-image-5728 aligncenter\" src=\"https:\/\/blogsaverroes.juntadeandalucia.es\/ceipelalmendralcarmona\/files\/2021\/09\/becas.jpg\" alt=\"\" width=\"185\" height=\"188\"><\/a><\/p>\n","protected":false},"excerpt":{"rendered":"<p>&nbsp;<\/p>\n","protected":false},"author":2517,"featured_media":0,"parent":0,"menu_order":0,"comment_status":"closed","ping_status":"closed","template":"","meta":{"ngg_post_thumbnail":0,"footnotes":"","_mc_calendar":[]},"aioseo_notices":[],"_links":{"self":[{"href":"https:\/\/blogsaverroes.juntadeandalucia.es\/ceipelalmendralcarmona\/wp-json\/wp\/v2\/pages\/5718"}],"collection":[{"href":"https:\/\/blogsaverroes.juntadeandalucia.es\/ceipelalmendralcarmona\/wp-json\/wp\/v2\/pages"}],"about":[{"href":"https:\/\/blogsaverroes.juntadeandalucia.es\/ceipelalmendralcarmona\/wp-json\/wp\/v2\/types\/page"}],"author":[{"embeddable":true,"href":"https:\/\/blogsaverroes.juntadeandalucia.es\/ceipelalmendralcarmona\/wp-json\/wp\/v2\/users\/2517"}],"replies":[{"embeddable":true,"href":"https:\/\/blogsaverroes.juntadeandalucia.es\/ceipelalmendralcarmona\/wp-json\/wp\/v2\/comments?post=5718"}],"version-history":[{"count":13,"href":"https:\/\/blogsaverroes.juntadeandalucia.es\/ceipelalmendralcarmona\/wp-json\/wp\/v2\/pages\/5718\/revisions"}],"predecessor-version":[{"id":5746,"href":"https:\/\/blogsaverroes.juntadeandalucia.es\/ceipelalmendralcarmona\/wp-json\/wp\/v2\/pages\/5718\/revisions\/5746"}],"wp:attachment":[{"href":"https:\/\/blogsaverroes.juntadeandalucia.es\/ceipelalmendralcarmona\/wp-json\/wp\/v2\/media?parent=5718"}],"curies":[{"name":"wp","href":"https:\/\/api.w.org\/{rel}","templated":true}]}}