{"id":5867,"date":"2021-10-07T23:15:48","date_gmt":"2021-10-07T22:15:48","guid":{"rendered":"https:\/\/blogsaverroes.juntadeandalucia.es\/ceipelalmendralcarmona\/?page_id=5867"},"modified":"2024-09-26T18:57:08","modified_gmt":"2024-09-26T17:57:08","slug":"elecciones-al-consejo-escolar","status":"publish","type":"page","link":"https:\/\/blogsaverroes.juntadeandalucia.es\/ceipelalmendralcarmona\/elecciones-al-consejo-escolar\/","title":{"rendered":"ELECCIONES AL CONSEJO ESCOLAR 2024\/2025"},"content":{"rendered":"<div class=\"osc-res-tab tabbable   osc-tabs-left\"><div style=\"clear:both;width: 100%;\"><ul class=\"nav osc-res-nav nav-tabs osc-tabs-left-ul\" id=\"oscitas-restabs-1-elecciones-al-consejo-escolar-37162\"><li class=\"active\"><a href=\"#ert_pane1-0\" data-toggle=\"tab\"><strong>INFORMACI\u00d3N GENERAL<\/strong><\/a><\/li><li class=\"\"><a href=\"#ert_pane1-1\" data-toggle=\"tab\"><strong>NORMATIVA<\/strong><\/a><\/li><li class=\"\"><a href=\"#ert_pane1-2\" data-toggle=\"tab\"><strong>CALENDARIO<\/strong><\/a><\/li><li class=\"\"><a href=\"#ert_pane1-3\" data-toggle=\"tab\"><strong>PORTALES<\/strong><\/a><\/li><li class=\"\"><a href=\"#ert_pane1-4\" data-toggle=\"tab\"><strong>VOTO NO PRESENCIAL<\/strong><\/a><\/li><li class=\"\"><a href=\"#ert_pane1-5\" data-toggle=\"tab\"><strong>FOLLETO EXPLICATIVO PARA EL VOTO ELECTR\u00d3NICO <\/strong><\/a><\/li><\/ul><\/div><div style=\"clear:both;width: 100%;\"><ul class=\"tab-content\" id=\"oscitas-restabcontent-1-elecciones-al-consejo-escolar-37162\"><li class=\"tab-pane active\" id=\"ert_pane1-0\"><\/p>\n<p>&nbsp;<\/p>\n<p>A lo largo del primer trimestre de 2024 se inicia el proceso electoral para la renovaci\u00f3n completa y constituci\u00f3n del Consejo Escolar de nuestro centro, regulada en la <a href=\"https:\/\/www.juntadeandalucia.es\/educacion\/portals\/delegate\/content\/b5738b82-7293-4530-8cfb-7af2f9300186\/Orden%20de%2023%20de%20abril%20de%202024,%20por%20la%20que%20se%20modifica%20la%20Orden%20de%207%20de%20octubre%20de%202010,%20por%20la%20que%20se%20regula%20el%20desarrollo%20de%20los%20procesos%20electorales%20para%20la%20renovaci%C3%B3n%20y%20constituci%C3%B3n%20de%20los%20Consejos%20Escolares%20de%20los%20centros%20docentes%20sostenidos%20con%20fondos%20p%C3%BAblicos%20de%20la%20Comunidad%20Aut%C3%B3noma%20de%20Andaluc%C3%ADa,%20a%20excepci%C3%B3n%20de%20los%20centros%20espec%C3%ADficos%20de%20educaci%C3%B3n%20permanente%20de%20personas%20adultas\" target=\"_blank\" rel=\"noopener\"><strong>Orden de 23 de octubre de 2024<\/strong><\/a> y mediante <strong><a href=\"https:\/\/www.juntadeandalucia.es\/educacion\/portals\/delegate\/content\/d010f98b-6a6b-4573-9fa6-855341cc6944\/Resoluci%C3%B3n%20de%206%20de%20septiembre%20de%202024,%20de%20la%20Direcci%C3%B3n%20General%20de%20Participaci%C3%B3n%20e%20Inclusi%C3%B3n%20Educativa,%20por%20la%20que%20se%20establece%20el%20calendario%20para%20el%20desarrollo%20de%20las%20elecciones%20de%20representantes%20en%20los%20Consejos%20Escolares%20de%20los%20centros%20docentes%20sostenidos%20con%20fondos%20p%C3%BAblicos%20de%20la%20Comunidad%20Aut%C3%B3noma%20de%20Andaluc%C3%ADa,%20a%20excepci%C3%B3n%20de%20los%20centros%20espec%C3%ADficos%20de%20educaci%C3%B3n%20permanente%20de%20personas%20adultas%20para%20el%20curso%202024\/2025\" target=\"_blank\" rel=\"noopener\">Resoluci\u00f3n de 6 de septiembre de 2024<\/a>.<\/strong><span dir=\"ltr\" role=\"presentation\"> por la que se <\/span><span dir=\"ltr\" role=\"presentation\">establece el calendario para el desarrollo de las elecciones<\/span>.<\/p>\n<p>El Consejo Escolar est\u00e1 formado por representantes del profesorado, de los padres\/madres, del ayuntamiento y&nbsp; del personal de administraci\u00f3n y servicios. Todos estos representantes se re\u00fanen con el Equipo Directivo del centro para tratar asuntos importantes para el colegio, ya que el Consejo Escolar es la estructura organizativa que canaliza la participaci\u00f3n de todos los miembros de la Comunidad Educativa. En las reuniones del Consejo se debaten cuestiones fundamentales para la vida del centro: proyectos, programas, presupuestos, horarios, convivencia, jornada escolar, evaluaci\u00f3n, \u2026<\/p>\n<p>Por eso, es importante la presencia de padres y madres en el Consejo&nbsp; y desde aqu\u00ed os pedimos vuestra participaci\u00f3n&nbsp; en las pr\u00f3ximas elecciones.<br \/>\n<strong><a href=\"https:\/\/blogsaverroes.juntadeandalucia.es\/ceipborbolla\/files\/2018\/08\/CONSEJO-ESCOLAR.png\"><img loading=\"lazy\" decoding=\"async\" class=\"wp-image-4394 aligncenter\" src=\"https:\/\/blogsaverroes.juntadeandalucia.es\/ceipborbolla\/files\/2018\/08\/CONSEJO-ESCOLAR-295x300.png\" alt=\"\" width=\"119\" height=\"121\"><\/a><\/strong><\/p>\n<p><strong>CONTAMOS CON VUESTRA PRESENCIA Y OS ANIMAMOS A PARTICIPAR COMO CANDIDATO\/A AL CONSEJO ESCOLAR DEL COLEGIO DE VUESTRO HIJO\/A.<\/strong><\/p>\n<p>Se informa que pr\u00f3ximas a celebrarse las elecciones a Consejo Escolar del centro, se ir\u00e1 exponiendo en el tabl\u00f3n de anuncios del Centro, a trav\u00e9s de iPasen y pagina web del centro toda la informaci\u00f3n relativa a las mismas.<\/p>\n<p>A lo largo del mes de septiembre, pueden <strong>comprobar si sus datos personales son correctos<\/strong>, de cara a proceder a la votaci\u00f3n presencial o electr\u00f3nica. Se puede realizar a trav\u00e9s de dos v\u00edas:<\/p>\n<ul>\n<li>En iPasen, comprobando \u00abMis datos\u00bb (pinchar en \u00abAjustes\u00bb)<\/li>\n<li>De forma personal en el Centro, en horario de Secretar\u00eda.<\/li>\n<\/ul>\n<p>En caso de que sus datos no sean correctos o est\u00e9n incompletos, lo debe comunicar al Centro para proceder a su correcci\u00f3n.<\/p>\n<p>En el tabl\u00f3n de anuncios del centro, as\u00ed como a trav\u00e9s de nuestra web, pueden acceder a la toda informaci\u00f3n sobre el proceso de renovaci\u00f3n del Consejo Escolar.<\/p>\n<p><\/li><li class=\"tab-pane \" id=\"ert_pane1-1\"><\/p>\n<ul>\n<li><a href=\"https:\/\/www.juntadeandalucia.es\/educacion\/portals\/delegate\/content\/d010f98b-6a6b-4573-9fa6-855341cc6944\/Resoluci%C3%B3n%20de%206%20de%20septiembre%20de%202024,%20de%20la%20Direcci%C3%B3n%20General%20de%20Participaci%C3%B3n%20e%20Inclusi%C3%B3n%20Educativa,%20por%20la%20que%20se%20establece%20el%20calendario%20para%20el%20desarrollo%20de%20las%20elecciones%20de%20representantes%20en%20los%20Consejos%20Escolares%20de%20los%20centros%20docentes%20sostenidos%20con%20fondos%20p%C3%BAblicos%20de%20la%20Comunidad%20Aut%C3%B3noma%20de%20Andaluc%C3%ADa,%20a%20excepci%C3%B3n%20de%20los%20centros%20espec%C3%ADficos%20de%20educaci%C3%B3n%20permanente%20de%20personas%20adultas%20para%20el%20curso%202024\/2025\" target=\"_blank\" rel=\"noopener\"><strong>Resoluci\u00f3n de 6 de septiembre de 2024,&nbsp; <\/strong><\/a><span dir=\"ltr\" role=\"presentation\">por la que se <\/span><span dir=\"ltr\" role=\"presentation\">establece el calendario para el desarrollo de las elecciones de representantes <\/span><span dir=\"ltr\" role=\"presentation\">en los Consejos Escolares de los centros docentes sostenidos con fondos <\/span><span dir=\"ltr\" role=\"presentation\">p\u00fablicos de la Comunidad Aut\u00f3noma de Andaluc\u00eda.<\/span><\/li>\n<li><a href=\"https:\/\/www.juntadeandalucia.es\/educacion\/portals\/delegate\/content\/b5738b82-7293-4530-8cfb-7af2f9300186\/Orden%20de%2023%20de%20abril%20de%202024,%20por%20la%20que%20se%20modifica%20la%20Orden%20de%207%20de%20octubre%20de%202010,%20por%20la%20que%20se%20regula%20el%20desarrollo%20de%20los%20procesos%20electorales%20para%20la%20renovaci%C3%B3n%20y%20constituci%C3%B3n%20de%20los%20Consejos%20Escolares%20de%20los%20centros%20docentes%20sostenidos%20con%20fondos%20p%C3%BAblicos%20de%20la%20Comunidad%20Aut%C3%B3noma%20de%20Andaluc%C3%ADa,%20a%20excepci%C3%B3n%20de%20los%20centros%20espec%C3%ADficos%20de%20educaci%C3%B3n%20permanente%20de%20personas%20adultas\" target=\"_blank\" rel=\"noopener\"><strong><span style=\"text-decoration: underline\">Orden<\/span><span style=\"text-decoration: underline\"> de 23 de abril de 2024<\/span><\/strong><\/a>, por la que se modifica la Orden de 7 de octubre de 2010, por la que se regula el desarrollo de los procesos electorales para la renovaci\u00f3n y constituci\u00f3n de los Consejos Escolares de los centros docentes sostenidos con fondos p\u00fablicos de la Comunidad Aut\u00f3noma de Andaluc\u00eda, a excepci\u00f3n de los centros espec\u00edficos de educaci\u00f3n permanente de personas adultas.<\/li>\n<li><a href=\"https:\/\/www.juntadeandalucia.es\/boja\/2010\/200\/2\" target=\"_blank\" rel=\"noopener\"><strong>ORDEN de 7 de octubre de 2010<\/strong><\/a>, &nbsp;por la que se regula el desarrollo de los procesos electorales para la renovaci\u00f3n y constituci\u00f3n de los Consejos Escolares de los centros docentes sostenidos con fondos p\u00fablicos de la Comunidad Aut\u00f3noma de Andaluc\u00eda, a excepci\u00f3n de los centros espec\u00edficos de educaci\u00f3n permanente de personas adultas (BOJA 13-10-2010).<\/li>\n<\/ul>\n<p>&nbsp;<\/p>\n<p><\/li><li class=\"tab-pane \" id=\"ert_pane1-2\"><\/p>\n<p>&nbsp;<\/p>\n<ul>\n<li>Enlace web de Consejer\u00eda:&nbsp; <strong><a href=\"https:\/\/www.juntadeandalucia.es\/educacion\/portals\/delegate\/content\/2cc15f62-d698-4e8f-aceb-4eeb1a6f78a8\/Calendario%20de%20las%20elecciones%20a%20consejos%20escolares%202024\" target=\"_blank\" rel=\"noopener\">CALENDARIO_ELECCIONES_CONSEJO_ESCOLAR_2024<\/a><\/strong><\/li>\n<\/ul>\n<p><a href=\"https:\/\/blogsaverroes.juntadeandalucia.es\/ceipelalmendralcarmona\/files\/2024\/09\/Linea-de-Tiempo-Elecciones-Consejos-Escolares-2024_1.png\"><img loading=\"lazy\" decoding=\"async\" class=\"alignleft wp-image-8153 size-large\" src=\"https:\/\/blogsaverroes.juntadeandalucia.es\/ceipelalmendralcarmona\/files\/2024\/09\/Linea-de-Tiempo-Elecciones-Consejos-Escolares-2024_1-724x1024.png\" alt=\"\" width=\"724\" height=\"1024\" srcset=\"https:\/\/blogsaverroes.juntadeandalucia.es\/ceipelalmendralcarmona\/files\/2024\/09\/Linea-de-Tiempo-Elecciones-Consejos-Escolares-2024_1-724x1024.png 724w, https:\/\/blogsaverroes.juntadeandalucia.es\/ceipelalmendralcarmona\/files\/2024\/09\/Linea-de-Tiempo-Elecciones-Consejos-Escolares-2024_1-212x300.png 212w, https:\/\/blogsaverroes.juntadeandalucia.es\/ceipelalmendralcarmona\/files\/2024\/09\/Linea-de-Tiempo-Elecciones-Consejos-Escolares-2024_1-768x1086.png 768w, https:\/\/blogsaverroes.juntadeandalucia.es\/ceipelalmendralcarmona\/files\/2024\/09\/Linea-de-Tiempo-Elecciones-Consejos-Escolares-2024_1-1086x1536.png 1086w, https:\/\/blogsaverroes.juntadeandalucia.es\/ceipelalmendralcarmona\/files\/2024\/09\/Linea-de-Tiempo-Elecciones-Consejos-Escolares-2024_1-1448x2048.png 1448w, https:\/\/blogsaverroes.juntadeandalucia.es\/ceipelalmendralcarmona\/files\/2024\/09\/Linea-de-Tiempo-Elecciones-Consejos-Escolares-2024_1.png 1131w\" sizes=\"(max-width: 724px) 100vw, 724px\" \/><\/a><\/p>\n<p>&nbsp;<\/p>\n<p>&nbsp;<\/p>\n<p>&nbsp;<\/p>\n<p>&nbsp;<\/p>\n<p>&nbsp;<\/p>\n<p>&nbsp;<\/p>\n<p>&nbsp;<\/p>\n<p>&nbsp;<\/p>\n<p>&nbsp;<\/p>\n<p>&nbsp;<\/p>\n<p>&nbsp;<\/p>\n<p>&nbsp;<\/p>\n<p>&nbsp;<\/p>\n<p>&nbsp;<\/p>\n<p>&nbsp;<\/p>\n<p>&nbsp;<\/p>\n<p>&nbsp;<\/p>\n<p>&nbsp;<\/p>\n<p>&nbsp;<\/p>\n<p>&nbsp;<\/p>\n<p>&nbsp;<\/p>\n<p>&nbsp;<\/p>\n<p>&nbsp;<\/p>\n<p>&nbsp;<\/p>\n<p>&nbsp;<\/p>\n<p>&nbsp;<\/p>\n<p>&nbsp;<\/p>\n<p>&nbsp;<\/p>\n<p>&nbsp;<\/p>\n<p>&nbsp;<\/p>\n<p><a href=\"https:\/\/blogsaverroes.juntadeandalucia.es\/ceipelalmendralcarmona\/files\/2024\/09\/Linea-de-Tiempo-Elecciones-Consejos-Escolares-2024_2.png\"><img loading=\"lazy\" decoding=\"async\" class=\"alignnone wp-image-8152 size-large\" src=\"https:\/\/blogsaverroes.juntadeandalucia.es\/ceipelalmendralcarmona\/files\/2024\/09\/Linea-de-Tiempo-Elecciones-Consejos-Escolares-2024_2-724x1024.png\" alt=\"\" width=\"724\" height=\"1024\" srcset=\"https:\/\/blogsaverroes.juntadeandalucia.es\/ceipelalmendralcarmona\/files\/2024\/09\/Linea-de-Tiempo-Elecciones-Consejos-Escolares-2024_2-724x1024.png 724w, https:\/\/blogsaverroes.juntadeandalucia.es\/ceipelalmendralcarmona\/files\/2024\/09\/Linea-de-Tiempo-Elecciones-Consejos-Escolares-2024_2-212x300.png 212w, https:\/\/blogsaverroes.juntadeandalucia.es\/ceipelalmendralcarmona\/files\/2024\/09\/Linea-de-Tiempo-Elecciones-Consejos-Escolares-2024_2-768x1086.png 768w, https:\/\/blogsaverroes.juntadeandalucia.es\/ceipelalmendralcarmona\/files\/2024\/09\/Linea-de-Tiempo-Elecciones-Consejos-Escolares-2024_2-1086x1536.png 1086w, https:\/\/blogsaverroes.juntadeandalucia.es\/ceipelalmendralcarmona\/files\/2024\/09\/Linea-de-Tiempo-Elecciones-Consejos-Escolares-2024_2-1448x2048.png 1448w, https:\/\/blogsaverroes.juntadeandalucia.es\/ceipelalmendralcarmona\/files\/2024\/09\/Linea-de-Tiempo-Elecciones-Consejos-Escolares-2024_2.png 1131w\" sizes=\"(max-width: 724px) 100vw, 724px\" \/><\/a><\/p>\n<p>&nbsp;<\/p>\n<p><\/li><li class=\"tab-pane \" id=\"ert_pane1-3\"><\/p>\n<p>Pulsa sobre los enlaces para acceder a los portal web sobre <strong>ELECCIONES AL CONSEJO ESCOLAR de&#8230;<\/strong><\/p>\n<ul>\n<li><a href=\"https:\/\/www.juntadeandalucia.es\/educacion\/portals\/web\/ced\/consejos-escolares\" target=\"_blank\" rel=\"noopener\"><strong>Consejer\u00eda de Desarrollo Educativo y Formaci\u00f3n Profesional.<\/strong><\/a><\/li>\n<\/ul>\n<p>&nbsp;<\/p>\n<p>&nbsp;<\/p>\n<p><\/li><li class=\"tab-pane \" id=\"ert_pane1-4\"><\/p>\n<p style=\"text-align: center\"><span style=\"color: #339966;font-size: 20pt\"><strong>DEL 12 AL 18 DE NOVIEMBRE<\/strong><\/span><\/p>\n<p><strong>\u00bfQu\u00e9 se entiende por voto no presencial?<\/strong><\/p>\n<p>Existen dos modalidades de voto no presencial:<\/p>\n<ul>\n<li><span style=\"text-decoration: underline\"><strong>Voto Electr\u00f3nico<\/strong><\/span> a trav\u00e9s de la aplicaci\u00f3n iPASEN.<\/li>\n<li><span style=\"text-decoration: underline\"><strong>Voto por Doble Sobre<\/strong><\/span>, con dos v\u00edas de entrega:\n<ul>\n<li><strong>Enviado por correo certificado<\/strong> con la antelaci\u00f3n suficiente para garantizar que se reciba antes de la realizaci\u00f3n del escrutinio.<\/li>\n<li><strong>Entregado a la persona que ejerza la Direcci\u00f3n del Centro<\/strong> durante los cinco d\u00edas anteriores al de la votaci\u00f3n.<\/li>\n<\/ul>\n<\/li>\n<\/ul>\n<p><strong>\u00bfCu\u00e1les son los periodos de voto no presencial?<\/strong><\/p>\n<ul>\n<li><span style=\"text-decoration: underline\"><strong>Voto Electr\u00f3nico<\/strong><\/span>: <strong><em><span style=\"color: #ff0000\">del 4 al 14 de noviembre<\/span> (ambos inclusive<\/em>).<\/strong><\/li>\n<li><strong><span style=\"text-decoration: underline\">Voto por Doble Sobre<\/span>: <span style=\"color: #ff0000\"><em>del 12 al 18 de noviembre<\/em><\/span> (ambos i<\/strong>nclusive).<\/li>\n<\/ul>\n<p><strong>\u00bfQui\u00e9nes pueden utilizar el voto no presencial?<\/strong><\/p>\n<p>Exclusivamente los padres, las madres y representantes legales del alumnado.<\/p>\n<p><strong>\u00bfC\u00f3mo se garantiza el secreto del voto y la <\/strong><strong>identificaci\u00f3n del elector?<\/strong><\/p>\n<ul>\n<li><span style=\"text-decoration: underline\"><strong>Voto Electr\u00f3nico<\/strong><\/span>: Con un sistema de verificaci\u00f3n de la identidad a trav\u00e9s del tel\u00e9fono m\u00f3vil<\/li>\n<\/ul>\n<p>que asegura el secreto del voto.<\/p>\n<ul>\n<li><span style=\"text-decoration: underline\"><strong>Voto por doble sobre<\/strong><\/span>: El sobre exterior se dirigir\u00e1 a la \u201cMESA ELECTORAL DE REPRESENTANTES DE PADRES Y MADRES\u201d y contendr\u00e1 la firma manuscrita y coincidente con la que aparece en el documento de identificaci\u00f3n que aporte (Fotocopia de D.N.I., pasaporte o carn\u00e9 de conducir).<\/li>\n<\/ul>\n<p style=\"padding-left: 40px\">El sobre interior ir\u00e1 en blanco y cerrado y en su interior se incluye la papeleta del voto.<\/p>\n<p><strong>\u00bfPuede entregar el voto no presencial a la persona <\/strong><strong>que ejerza la Direcci\u00f3n otra persona en lugar del <\/strong><strong>elector o electora?<\/strong><\/p>\n<p>S\u00ed, el propio alumno o alumna u otra persona en representaci\u00f3n del elector o la electora y utilizando el sistema del doble sobre.<\/p>\n<p><strong>\u00bfPuede votar presencialmente una persona que ya <\/strong><strong>haya ejercido el voto no presencial?<\/strong><\/p>\n<p>No. Una persona que haya votado en alguna de las modalidades de voto no presencial no podr\u00e1 votar presencialmente, para evitar la duplicidad de voto.<\/p>\n<p>&nbsp;<\/p>\n<p>&nbsp;<\/p>\n<p>&nbsp;<\/p>\n<p><\/li><li class=\"tab-pane \" id=\"ert_pane1-5\"><\/p>\n<p style=\"text-align: center\"><span style=\"color: #ff0000\"><strong><span style=\"font-size: 24pt\">NOVEDAD:<\/span> <\/strong><\/span><\/p>\n<p style=\"text-align: center\"><span style=\"font-size: 16pt;color: #339966\"><strong><span style=\"font-size: 22pt\">Del 4 al 14 de Noviembre<\/span><\/strong><\/span><\/p>\n<p style=\"text-align: center\"><span style=\"font-size: 16pt;color: #339966\"><strong> puedes votar desde i-Pasen<\/strong><\/span><\/p>\n<p><a href=\"https:\/\/blogsaverroes.juntadeandalucia.es\/ceipelalmendralcarmona\/files\/2024\/09\/Folleto-triptico-Voto-Electronico_1.png\"><img loading=\"lazy\" decoding=\"async\" class=\"alignnone size-large wp-image-8155\" src=\"https:\/\/blogsaverroes.juntadeandalucia.es\/ceipelalmendralcarmona\/files\/2024\/09\/Folleto-triptico-Voto-Electronico_1-1024x724.png\" alt=\"\" width=\"782\" height=\"553\" srcset=\"https:\/\/blogsaverroes.juntadeandalucia.es\/ceipelalmendralcarmona\/files\/2024\/09\/Folleto-triptico-Voto-Electronico_1-1024x724.png 1024w, https:\/\/blogsaverroes.juntadeandalucia.es\/ceipelalmendralcarmona\/files\/2024\/09\/Folleto-triptico-Voto-Electronico_1-300x212.png 300w, https:\/\/blogsaverroes.juntadeandalucia.es\/ceipelalmendralcarmona\/files\/2024\/09\/Folleto-triptico-Voto-Electronico_1-768x543.png 768w, https:\/\/blogsaverroes.juntadeandalucia.es\/ceipelalmendralcarmona\/files\/2024\/09\/Folleto-triptico-Voto-Electronico_1-1536x1086.png 1536w, https:\/\/blogsaverroes.juntadeandalucia.es\/ceipelalmendralcarmona\/files\/2024\/09\/Folleto-triptico-Voto-Electronico_1-2048x1448.png 2048w, https:\/\/blogsaverroes.juntadeandalucia.es\/ceipelalmendralcarmona\/files\/2024\/09\/Folleto-triptico-Voto-Electronico_1.png 1600w\" sizes=\"(max-width: 782px) 100vw, 782px\" \/><\/a><\/p>\n<p><a href=\"https:\/\/blogsaverroes.juntadeandalucia.es\/ceipelalmendralcarmona\/files\/2024\/09\/Folleto-triptico-Voto-Electronico_2.png\"><img loading=\"lazy\" decoding=\"async\" class=\"alignnone size-large wp-image-8154\" src=\"https:\/\/blogsaverroes.juntadeandalucia.es\/ceipelalmendralcarmona\/files\/2024\/09\/Folleto-triptico-Voto-Electronico_2-1024x724.png\" alt=\"\" width=\"782\" height=\"553\" srcset=\"https:\/\/blogsaverroes.juntadeandalucia.es\/ceipelalmendralcarmona\/files\/2024\/09\/Folleto-triptico-Voto-Electronico_2-1024x724.png 1024w, https:\/\/blogsaverroes.juntadeandalucia.es\/ceipelalmendralcarmona\/files\/2024\/09\/Folleto-triptico-Voto-Electronico_2-300x212.png 300w, https:\/\/blogsaverroes.juntadeandalucia.es\/ceipelalmendralcarmona\/files\/2024\/09\/Folleto-triptico-Voto-Electronico_2-768x543.png 768w, https:\/\/blogsaverroes.juntadeandalucia.es\/ceipelalmendralcarmona\/files\/2024\/09\/Folleto-triptico-Voto-Electronico_2-1536x1086.png 1536w, https:\/\/blogsaverroes.juntadeandalucia.es\/ceipelalmendralcarmona\/files\/2024\/09\/Folleto-triptico-Voto-Electronico_2-2048x1448.png 2048w, https:\/\/blogsaverroes.juntadeandalucia.es\/ceipelalmendralcarmona\/files\/2024\/09\/Folleto-triptico-Voto-Electronico_2.png 1600w\" sizes=\"(max-width: 782px) 100vw, 782px\" \/><\/a><\/p>\n<p>&nbsp;<\/p>\n<p><\/li><\/ul><\/div><\/div>\n<p><a href=\"https:\/\/blogsaverroes.juntadeandalucia.es\/ceipelalmendralcarmona\/files\/2021\/10\/unnamed.jpg\"><img loading=\"lazy\" decoding=\"async\" class=\"size-full wp-image-5853 aligncenter\" src=\"https:\/\/blogsaverroes.juntadeandalucia.es\/ceipelalmendralcarmona\/files\/2021\/10\/unnamed.jpg\" alt=\"\" width=\"395\" height=\"512\"><\/a><\/p>\n","protected":false},"excerpt":{"rendered":"","protected":false},"author":2517,"featured_media":5853,"parent":0,"menu_order":0,"comment_status":"closed","ping_status":"closed","template":"","meta":{"ngg_post_thumbnail":0,"footnotes":"","_mc_calendar":[]},"aioseo_notices":[],"_links":{"self":[{"href":"https:\/\/blogsaverroes.juntadeandalucia.es\/ceipelalmendralcarmona\/wp-json\/wp\/v2\/pages\/5867"}],"collection":[{"href":"https:\/\/blogsaverroes.juntadeandalucia.es\/ceipelalmendralcarmona\/wp-json\/wp\/v2\/pages"}],"about":[{"href":"https:\/\/blogsaverroes.juntadeandalucia.es\/ceipelalmendralcarmona\/wp-json\/wp\/v2\/types\/page"}],"author":[{"embeddable":true,"href":"https:\/\/blogsaverroes.juntadeandalucia.es\/ceipelalmendralcarmona\/wp-json\/wp\/v2\/users\/2517"}],"replies":[{"embeddable":true,"href":"https:\/\/blogsaverroes.juntadeandalucia.es\/ceipelalmendralcarmona\/wp-json\/wp\/v2\/comments?post=5867"}],"version-history":[{"count":29,"href":"https:\/\/blogsaverroes.juntadeandalucia.es\/ceipelalmendralcarmona\/wp-json\/wp\/v2\/pages\/5867\/revisions"}],"predecessor-version":[{"id":8165,"href":"https:\/\/blogsaverroes.juntadeandalucia.es\/ceipelalmendralcarmona\/wp-json\/wp\/v2\/pages\/5867\/revisions\/8165"}],"wp:featuredmedia":[{"embeddable":true,"href":"https:\/\/blogsaverroes.juntadeandalucia.es\/ceipelalmendralcarmona\/wp-json\/wp\/v2\/media\/5853"}],"wp:attachment":[{"href":"https:\/\/blogsaverroes.juntadeandalucia.es\/ceipelalmendralcarmona\/wp-json\/wp\/v2\/media?parent=5867"}],"curies":[{"name":"wp","href":"https:\/\/api.w.org\/{rel}","templated":true}]}}