{"id":7415,"date":"2023-05-23T21:40:26","date_gmt":"2023-05-23T20:40:26","guid":{"rendered":"https:\/\/blogsaverroes.juntadeandalucia.es\/ceipelalmendralcarmona\/?page_id=7415"},"modified":"2025-05-14T17:26:13","modified_gmt":"2025-05-14T16:26:13","slug":"programa-de-refuerzo-estival","status":"publish","type":"page","link":"https:\/\/blogsaverroes.juntadeandalucia.es\/ceipelalmendralcarmona\/programa-de-refuerzo-estival\/","title":{"rendered":"PROGRAMA DE REFUERZO ESTIVAL"},"content":{"rendered":"<p><span style=\"text-decoration: underline;font-size: 20pt\"><span style=\"color: #008000;text-decoration: underline\"><strong>PROGRAMA DE REFUERZO ESTIVAL<\/strong><\/span><\/span><\/p>\n<div class=\"osc-res-tab tabbable   osc-tabs-left\"><div style=\"clear:both;width: 100%;\"><ul class=\"nav osc-res-nav nav-tabs osc-tabs-left-ul\" id=\"oscitas-restabs-1-programa-de-refuerzo-estival-56943\"><li class=\"active\"><a href=\"#ert_pane1-0\" data-toggle=\"tab\"><strong>OBJETIVOS<\/strong><\/a><\/li><li class=\"\"><a href=\"#ert_pane1-1\" data-toggle=\"tab\"><strong>NORMATIVA<\/strong><\/a><\/li><li class=\"\"><a href=\"#ert_pane1-2\" data-toggle=\"tab\"><strong>PLAZOS<\/strong><\/a><\/li><li class=\"\"><a href=\"#ert_pane1-3\" data-toggle=\"tab\"><strong>IMPRESOS<\/strong><\/a><\/li><li class=\"\"><a href=\"#ert_pane1-4\" data-toggle=\"tab\"><strong>\u00bfEN QU\u00c9 CONSISTE?<\/strong><\/a><\/li><li class=\"\"><a href=\"#ert_pane1-5\" data-toggle=\"tab\">\u00bf<strong>A QUI\u00c9N SE DIRIGE?<\/strong><\/a><\/li><li class=\"\"><a href=\"#ert_pane1-6\" data-toggle=\"tab\"><strong>ORIENTACIONES METODOL\u00d3GICAS<\/strong><\/a><\/li><li class=\"\"><a href=\"#ert_pane1-7\" data-toggle=\"tab\"><strong>PORTALES Y RECURSOS<\/strong><\/a><\/li><\/ul><\/div><div style=\"clear:both;width: 100%;\"><ul class=\"tab-content\" id=\"oscitas-restabcontent-1-programa-de-refuerzo-estival-56943\"><li class=\"tab-pane active\" id=\"ert_pane1-0\"><\/p>\n<p><span dir=\"ltr\" role=\"presentation\">&#8211; Desarrollar en el alumnado h\u00e1bitos de organizaci\u00f3n y trabajo, as\u00ed como t\u00e9cnicas de <\/span><span dir=\"ltr\" role=\"presentation\">estudio.<\/span><br role=\"presentation\"><span dir=\"ltr\" role=\"presentation\">&#8211; Mejorar habilidades y actitudes asociadas a la lectura, al razonamiento y l\u00f3gica <\/span><span dir=\"ltr\" role=\"presentation\">matem\u00e1tica y a la adquisici\u00f3n de destrezas ling\u00fc\u00edsticas (comprensi\u00f3n y expresi\u00f3n oral) de <\/span><span dir=\"ltr\" role=\"presentation\">la lengua extranjera inglesa.<\/span><br role=\"presentation\"><span dir=\"ltr\" role=\"presentation\">&#8211; Participar en actividades de car\u00e1cter l\u00fadico-deportivo que fomenten h\u00e1bitos de <\/span><span dir=\"ltr\" role=\"presentation\">vida saludable y la participaci\u00f3n en actividades en el entorno escolar, contribuyendo al <\/span><span dir=\"ltr\" role=\"presentation\">desarrollo de habilidades sociales as\u00ed como a la creaci\u00f3n de una vinculaci\u00f3n con el centro <\/span><span dir=\"ltr\" role=\"presentation\">que prevenga el abandono temprano de la escolarizaci\u00f3n.<\/span><br role=\"presentation\"><span dir=\"ltr\" role=\"presentation\">&#8211; Contribuir al aumento de la tasa de promoci\u00f3n y titulaci\u00f3n del alumnado.<\/span><br role=\"presentation\"><span dir=\"ltr\" role=\"presentation\">&#8211; Paliar los efectos negativos producidos en los procesos de ense\u00f1anza-aprendizaje <\/span><span dir=\"ltr\" role=\"presentation\">del<\/span> <span dir=\"ltr\" role=\"presentation\">alumnado<\/span> <span dir=\"ltr\" role=\"presentation\">como<\/span> <span dir=\"ltr\" role=\"presentation\">consecuencia<\/span> <span dir=\"ltr\" role=\"presentation\">de<\/span> <span dir=\"ltr\" role=\"presentation\">situaciones<\/span> <span dir=\"ltr\" role=\"presentation\">de<\/span> <span dir=\"ltr\" role=\"presentation\">vulnerabilidad<\/span> <span dir=\"ltr\" role=\"presentation\">socioeducativa, <\/span><span dir=\"ltr\" role=\"presentation\">social, m\u00e9dica, familiar, econ\u00f3mica o de otra \u00edndole que se hayan podido producir.<\/span><\/p>\n<p><\/li><li class=\"tab-pane \" id=\"ert_pane1-1\"><\/p>\n<ul>\n<li>Pulsa sobre <em><strong><a href=\"https:\/\/www.juntadeandalucia.es\/educacion\/portales\/web\/planes-y-programas\/programas-desarrollo-educativo\/programa-de-refuerzo-educativo-en-periodo-estival\/presentacion\" target=\"_blank\" rel=\"noopener\">este enlace para acceder a la NORMATIVA<\/a><\/strong><\/em> actualizada para este curso escolar..<\/li>\n<li>&nbsp;<\/li>\n<\/ul>\n<p><\/li><li class=\"tab-pane \" id=\"ert_pane1-2\"><\/p>\n<p style=\"text-align: center\"><span style=\"text-decoration: underline;color: #339966\"><span style=\"font-size: 20pt\"><strong>PROGRAMA DE REFUERZO EDUCATIVO<\/strong><\/span><\/span><span style=\"text-decoration: underline;font-size: 26pt;color: #ff0000\"><strong> 2025<\/strong><\/span><\/p>\n<div class=\"item-page\">\n<div>\n<ul>\n<li><span style=\"font-size: 14pt\"><strong><span style=\"color: #000000\">Del 13 al 22 de mayo<\/span>: <span style=\"font-size: 20pt;color: #ff0000\">Plazo de inscripci\u00f3n.<\/span><\/strong><\/span><\/li>\n<li><span style=\"font-size: 14pt\"><strong>3 de junio: Resoluci\u00f3n provisional.<\/strong><\/span><\/li>\n<li><span style=\"font-size: 14pt\"><strong>Del 5 al 10 de junio: Periodo de alegaciones y renuncias.<\/strong><\/span><\/li>\n<li><span style=\"font-size: 14pt\"><strong>25 de junio: Resoluci\u00f3n definitiva.<\/strong><\/span><\/li>\n<\/ul>\n<\/div>\n<\/div>\n<p><a href=\"https:\/\/blogsaverroes.juntadeandalucia.es\/ceipelalmendralcarmona\/programa-de-refuerzo-estival\/4-refuerzo-estival-2024_familias\/\" rel=\"attachment wp-att-7966\"><img loading=\"lazy\" decoding=\"async\" class=\"alignnone size-large wp-image-7966\" src=\"https:\/\/blogsaverroes.juntadeandalucia.es\/ceipelalmendralcarmona\/files\/2024\/05\/4.-REFUERZO-ESTIVAL-2024_FAMILIAS-724x1024.png\" alt=\"\" width=\"724\" height=\"1024\" srcset=\"https:\/\/blogsaverroes.juntadeandalucia.es\/ceipelalmendralcarmona\/files\/2024\/05\/4.-REFUERZO-ESTIVAL-2024_FAMILIAS-724x1024.png 724w, https:\/\/blogsaverroes.juntadeandalucia.es\/ceipelalmendralcarmona\/files\/2024\/05\/4.-REFUERZO-ESTIVAL-2024_FAMILIAS-212x300.png 212w, https:\/\/blogsaverroes.juntadeandalucia.es\/ceipelalmendralcarmona\/files\/2024\/05\/4.-REFUERZO-ESTIVAL-2024_FAMILIAS-768x1086.png 768w, https:\/\/blogsaverroes.juntadeandalucia.es\/ceipelalmendralcarmona\/files\/2024\/05\/4.-REFUERZO-ESTIVAL-2024_FAMILIAS-1086x1536.png 1086w, https:\/\/blogsaverroes.juntadeandalucia.es\/ceipelalmendralcarmona\/files\/2024\/05\/4.-REFUERZO-ESTIVAL-2024_FAMILIAS-1448x2048.png 1448w, https:\/\/blogsaverroes.juntadeandalucia.es\/ceipelalmendralcarmona\/files\/2024\/05\/4.-REFUERZO-ESTIVAL-2024_FAMILIAS.png 1131w\" sizes=\"(max-width: 724px) 100vw, 724px\" \/><\/a><\/p>\n<p><\/li><li class=\"tab-pane \" id=\"ert_pane1-3\"><\/p>\n<ul>\n<li><a href=\"https:\/\/blogsaverroes.juntadeandalucia.es\/ceipelalmendralcarmona\/files\/2023\/05\/FORMULARIO-SOLICITUD-ALUMNADO.pdf\" target=\"_blank\" rel=\"noopener noreferrer\"><strong>MODELO DE IMPRESO<\/strong><\/a><\/li>\n<\/ul>\n<p>&nbsp;<\/p>\n<ul>\n<li>Debe presentar este <a href=\"https:\/\/blogsaverroes.juntadeandalucia.es\/ceipelalmendralcarmona\/files\/2023\/05\/FORMULARIO-SOLICITUD-ALUMNADO.pdf\" target=\"_blank\" rel=\"noopener\"><span style=\"text-decoration: underline\"><strong>impreso de solicitud de inscripci\u00f3n<\/strong><\/span><\/a> del <span style=\"font-size: 16pt\"><strong>13 al 22 de mayo de 2025<\/strong><\/span> en la <a href=\"https:\/\/www.juntadeandalucia.es\/educacion\/secretariavirtual\/accesoTramite\/472\/\" target=\"_blank\" rel=\"noopener noreferrer\"><strong>SECRETARIA VIRTUAL DE LOS CENTROS EDUCATIVOS, <\/strong><\/a>&nbsp;o bien, presencialmente en la Secretaria del centro.<\/li>\n<\/ul>\n<p><a href=\"https:\/\/blogsaverroes.juntadeandalucia.es\/ceipelalmendralcarmona\/programa-de-refuerzo-estival\/4-refuerzo-estival-2024_familias\/\" rel=\"attachment wp-att-7966\"><img loading=\"lazy\" decoding=\"async\" class=\"alignnone size-large wp-image-7966\" src=\"https:\/\/blogsaverroes.juntadeandalucia.es\/ceipelalmendralcarmona\/files\/2024\/05\/4.-REFUERZO-ESTIVAL-2024_FAMILIAS-724x1024.png\" alt=\"\" width=\"724\" height=\"1024\" srcset=\"https:\/\/blogsaverroes.juntadeandalucia.es\/ceipelalmendralcarmona\/files\/2024\/05\/4.-REFUERZO-ESTIVAL-2024_FAMILIAS-724x1024.png 724w, https:\/\/blogsaverroes.juntadeandalucia.es\/ceipelalmendralcarmona\/files\/2024\/05\/4.-REFUERZO-ESTIVAL-2024_FAMILIAS-212x300.png 212w, https:\/\/blogsaverroes.juntadeandalucia.es\/ceipelalmendralcarmona\/files\/2024\/05\/4.-REFUERZO-ESTIVAL-2024_FAMILIAS-768x1086.png 768w, https:\/\/blogsaverroes.juntadeandalucia.es\/ceipelalmendralcarmona\/files\/2024\/05\/4.-REFUERZO-ESTIVAL-2024_FAMILIAS-1086x1536.png 1086w, https:\/\/blogsaverroes.juntadeandalucia.es\/ceipelalmendralcarmona\/files\/2024\/05\/4.-REFUERZO-ESTIVAL-2024_FAMILIAS-1448x2048.png 1448w, https:\/\/blogsaverroes.juntadeandalucia.es\/ceipelalmendralcarmona\/files\/2024\/05\/4.-REFUERZO-ESTIVAL-2024_FAMILIAS.png 1131w\" sizes=\"(max-width: 724px) 100vw, 724px\" \/><\/a><\/p>\n<p><\/li><li class=\"tab-pane \" id=\"ert_pane1-4\"><\/p>\n<p><span dir=\"ltr\" role=\"presentation\">El Programa se impartir\u00e1 de <strong>lunes a viernes<\/strong>, en horario de ma\u00f1ana desde las <\/span><span dir=\"ltr\" role=\"presentation\"><strong>9:00 a las 14:00 horas<\/strong>. Dentro de este horario se incluir\u00e1 el <strong>desarrollo de los cuatro <\/strong><\/span><span dir=\"ltr\" role=\"presentation\"><strong>talleres<\/strong> asociados a los \u00e1mbitos de los procesos de ense\u00f1anza-aprendizaje que precisan <\/span><span dir=\"ltr\" role=\"presentation\">refuerzo, adem\u00e1s se incluir\u00e1 <strong>media hora inicial de asamblea de di\u00e1logo y reflexi\u00f3n<\/strong> y <\/span><strong><span dir=\"ltr\" role=\"presentation\">media hora de descanso.<\/span><\/strong><br role=\"presentation\"><span dir=\"ltr\" role=\"presentation\">Cada d\u00eda deber\u00e1 impartirse un <strong>taller de Refuerzo Ling\u00fc\u00edstico<\/strong>, uno de <strong>Razonamiento <\/strong><\/span><span dir=\"ltr\" role=\"presentation\"><strong>Matem\u00e1tico<\/strong>, uno de <strong>Destrezas Ling\u00fc\u00edsticas en Lengua Extranjera (Ingl\u00e9s)<\/strong> y uno de <\/span><span dir=\"ltr\" role=\"presentation\"><strong>Actividad F\u00edsico-Deportiva y H\u00e1bitos de Vida Saludable.<\/strong> El centro docente podr\u00e1 organizar <\/span><span dir=\"ltr\" role=\"presentation\">el horario de estos talleres en funci\u00f3n de los grupos y del profesorado disponible.<\/span><\/p>\n<p><span dir=\"ltr\" role=\"presentation\">El alumnado <strong>podr\u00e1n solicitar<\/strong> su participaci\u00f3n para la <strong>primera quincena <\/strong><\/span><span dir=\"ltr\" role=\"presentation\"><strong>de julio <\/strong>(del 1 al 15 del citado mes), la <strong>segunda quincena <\/strong>(del 16 al 31 del mismo) o el <strong>mes <\/strong><\/span><strong><span dir=\"ltr\" role=\"presentation\">completo <\/span><\/strong><span dir=\"ltr\" role=\"presentation\">(del 1 al 31 de julio)<\/span><strong><span dir=\"ltr\" role=\"presentation\">.<\/span><\/strong><\/p>\n<p><\/li><li class=\"tab-pane \" id=\"ert_pane1-5\"><\/p>\n<p><span dir=\"ltr\" role=\"presentation\">El Programa de Refuerzo Educativo en periodo estival se concibe como una medida <\/span><span dir=\"ltr\" role=\"presentation\">dirigida al <strong>alumnado de primero a sexto de Educaci\u00f3n Primaria<\/strong>&nbsp;<\/span><span dir=\"ltr\" role=\"presentation\"> que, tras la finalizaci\u00f3n del <\/span><span dir=\"ltr\" role=\"presentation\">per\u00edodo lectivo precisa refuerzo educativo en las \u00e1reas\/materias de car\u00e1cter instrumental <\/span><span dir=\"ltr\" role=\"presentation\">o apoyo para la organizaci\u00f3n del trabajo, mejora de los h\u00e1bitos y t\u00e9cnicas de estudio, <\/span><span dir=\"ltr\" role=\"presentation\">desarrollo de habilidades de integraci\u00f3n y de adaptaci\u00f3n al grupo, as\u00ed como fomento de <\/span><span dir=\"ltr\" role=\"presentation\">los h\u00e1bitos de vida saludable a trav\u00e9s de actividades l\u00fadico-deportivas, contribuyendo de <\/span><span dir=\"ltr\" role=\"presentation\">esta forma al logro del \u00e9xito educativo del alumnado mediante actuaciones preventivas <\/span><span dir=\"ltr\" role=\"presentation\">del fracaso escolar y abandono educativo temprano.<\/span><\/p>\n<p><\/li><li class=\"tab-pane \" id=\"ert_pane1-6\"><\/p>\n<p>S<span dir=\"ltr\" role=\"presentation\">e recomiendan las <\/span><span dir=\"ltr\" role=\"presentation\">siguientes orientaciones metodol\u00f3gicas:<\/span><br role=\"presentation\"><span dir=\"ltr\" role=\"presentation\">&#8211; Activas, motivadoras y participativas, que favorezcan tanto el trabajo individual como <\/span><span dir=\"ltr\" role=\"presentation\">el cooperativo y el aprendizaje entre iguales, integrando la perspectiva de g\u00e9nero.<\/span><br role=\"presentation\"><span dir=\"ltr\" role=\"presentation\">&#8211; Que permitan la integraci\u00f3n de los aprendizajes, poni\u00e9ndolos en relaci\u00f3n con <\/span><span dir=\"ltr\" role=\"presentation\">distintos tipos de contenidos y utiliz\u00e1ndolos de manera efectiva en diferentes situaciones <\/span><span dir=\"ltr\" role=\"presentation\">y contextos.<\/span><br role=\"presentation\"><span dir=\"ltr\" role=\"presentation\">&#8211; Orientadas al desarrollo de competencias clave a trav\u00e9s de situaciones educativas <\/span><span dir=\"ltr\" role=\"presentation\">que posibiliten, fomenten y desarrollen conexiones con las pr\u00e1cticas sociales y culturales <\/span><span dir=\"ltr\" role=\"presentation\">de la comunidad.<\/span><br role=\"presentation\"><span dir=\"ltr\" role=\"presentation\">&#8211; Que hagan uso de recursos y materiales did\u00e1cticos diversos que estimulen el inter\u00e9s <\/span><span dir=\"ltr\" role=\"presentation\">y el h\u00e1bito de la lectura, la pr\u00e1ctica de la expresi\u00f3n escrita y la capacidad de expresarse <\/span><span dir=\"ltr\" role=\"presentation\">correctamente en p\u00fablico.<\/span><br role=\"presentation\"><span dir=\"ltr\" role=\"presentation\">&#8211; Que utilicen las tecnolog\u00edas de la informaci\u00f3n y de la comunicaci\u00f3n para el <\/span><span dir=\"ltr\" role=\"presentation\">aprendizaje y el conocimiento como herramientas integradas para el desarrollo del <\/span><span dir=\"ltr\" role=\"presentation\">curr\u00edculo.<\/span><\/p>\n<p>&nbsp;<\/p>\n<ul>\n<li><a href=\"https:\/\/www.juntadeandalucia.es\/educacion\/portals\/delegate\/content\/fefe5e61-bbd3-403f-b88f-8548f5616750\/6.%20Refuerzo%20Estival%202024%20-%20Gu%C3%ADa%20metodol%C3%B3gica\" target=\"_blank\" rel=\"noopener\"><strong>GU\u00cdA METODOL\u00d3GICA<\/strong><\/a><\/li>\n<\/ul>\n<p><\/li><li class=\"tab-pane \" id=\"ert_pane1-7\"><\/p>\n<ul>\n<li><a href=\"https:\/\/www.juntadeandalucia.es\/educacion\/portales\/web\/planes-y-programas\/programas-desarrollo-educativo\/programa-de-refuerzo-educativo-en-periodo-estival\/presentacion\"><strong>PROGRAMA DE REFUERZO ESTIVAL. PORTAL CONSEJER\u00cdA DE DESARROLLO EDUCATIVO Y FORMACI\u00d3N PROFESIONAL<\/strong><\/a><\/li>\n<li><a href=\"https:\/\/www.juntadeandalucia.es\/educacion\/portals\/delegate\/content\/fefe5e61-bbd3-403f-b88f-8548f5616750\/6.%20Refuerzo%20Estival%202024%20-%20Gu%C3%ADa%20metodol%C3%B3gica\" target=\"_blank\" rel=\"noopener\"><strong>GU\u00cdA METODOL\u00d3GICA<\/strong><\/a><\/li>\n<\/ul>\n<p><\/li><\/ul><\/div><\/div>\n<p><img loading=\"lazy\" decoding=\"async\" class=\"size-full wp-image-7432 aligncenter\" src=\"https:\/\/blogsaverroes.juntadeandalucia.es\/ceipelalmendralcarmona\/files\/2023\/05\/PROGRAMA_REFUERZO-ESTIVAL_IM_R.png\" alt=\"\" width=\"1600\" height=\"794\" srcset=\"https:\/\/blogsaverroes.juntadeandalucia.es\/ceipelalmendralcarmona\/files\/2023\/05\/PROGRAMA_REFUERZO-ESTIVAL_IM_R.png 1600w, https:\/\/blogsaverroes.juntadeandalucia.es\/ceipelalmendralcarmona\/files\/2023\/05\/PROGRAMA_REFUERZO-ESTIVAL_IM_R-300x149.png 300w, https:\/\/blogsaverroes.juntadeandalucia.es\/ceipelalmendralcarmona\/files\/2023\/05\/PROGRAMA_REFUERZO-ESTIVAL_IM_R-1024x508.png 1024w, https:\/\/blogsaverroes.juntadeandalucia.es\/ceipelalmendralcarmona\/files\/2023\/05\/PROGRAMA_REFUERZO-ESTIVAL_IM_R-768x381.png 768w, https:\/\/blogsaverroes.juntadeandalucia.es\/ceipelalmendralcarmona\/files\/2023\/05\/PROGRAMA_REFUERZO-ESTIVAL_IM_R-1536x762.png 1536w\" sizes=\"(max-width: 1600px) 100vw, 1600px\" \/><\/p>\n","protected":false},"excerpt":{"rendered":"<p>PROGRAMA DE REFUERZO ESTIVAL<\/p>\n","protected":false},"author":2517,"featured_media":0,"parent":0,"menu_order":0,"comment_status":"closed","ping_status":"closed","template":"","meta":{"ngg_post_thumbnail":0,"footnotes":"","_mc_calendar":[]},"aioseo_notices":[],"_links":{"self":[{"href":"https:\/\/blogsaverroes.juntadeandalucia.es\/ceipelalmendralcarmona\/wp-json\/wp\/v2\/pages\/7415"}],"collection":[{"href":"https:\/\/blogsaverroes.juntadeandalucia.es\/ceipelalmendralcarmona\/wp-json\/wp\/v2\/pages"}],"about":[{"href":"https:\/\/blogsaverroes.juntadeandalucia.es\/ceipelalmendralcarmona\/wp-json\/wp\/v2\/types\/page"}],"author":[{"embeddable":true,"href":"https:\/\/blogsaverroes.juntadeandalucia.es\/ceipelalmendralcarmona\/wp-json\/wp\/v2\/users\/2517"}],"replies":[{"embeddable":true,"href":"https:\/\/blogsaverroes.juntadeandalucia.es\/ceipelalmendralcarmona\/wp-json\/wp\/v2\/comments?post=7415"}],"version-history":[{"count":34,"href":"https:\/\/blogsaverroes.juntadeandalucia.es\/ceipelalmendralcarmona\/wp-json\/wp\/v2\/pages\/7415\/revisions"}],"predecessor-version":[{"id":8585,"href":"https:\/\/blogsaverroes.juntadeandalucia.es\/ceipelalmendralcarmona\/wp-json\/wp\/v2\/pages\/7415\/revisions\/8585"}],"wp:attachment":[{"href":"https:\/\/blogsaverroes.juntadeandalucia.es\/ceipelalmendralcarmona\/wp-json\/wp\/v2\/media?parent=7415"}],"curies":[{"name":"wp","href":"https:\/\/api.w.org\/{rel}","templated":true}]}}