{"id":7551,"date":"2023-07-12T18:21:48","date_gmt":"2023-07-12T17:21:48","guid":{"rendered":"https:\/\/blogsaverroes.juntadeandalucia.es\/ceipelalmendralcarmona\/?page_id=7551"},"modified":"2023-07-12T18:21:48","modified_gmt":"2023-07-12T17:21:48","slug":"el-aula-de-futuro","status":"publish","type":"page","link":"https:\/\/blogsaverroes.juntadeandalucia.es\/ceipelalmendralcarmona\/el-aula-de-futuro\/","title":{"rendered":"EL AULA DE FUTURO"},"content":{"rendered":"<p><img loading=\"lazy\" decoding=\"async\" class=\" wp-image-7555 aligncenter\" src=\"https:\/\/blogsaverroes.juntadeandalucia.es\/ceipelalmendralcarmona\/files\/2023\/07\/15169894878610.gif\" alt=\"\" width=\"205\" height=\"205\"><div class=\"osc-res-tab tabbable   osc-tabs-left\"><div style=\"clear:both;width: 100%;\"><ul class=\"nav osc-res-nav nav-tabs osc-tabs-left-ul\" id=\"oscitas-restabs-1-el-aula-de-futuro-46289\"><li class=\"active\"><a href=\"#ert_pane1-0\" data-toggle=\"tab\"><strong>OBJETIVOS<\/strong><\/a><\/li><li class=\"\"><a href=\"#ert_pane1-1\" data-toggle=\"tab\"><strong>PROYECTOS<\/strong><\/a><\/li><li class=\"\"><a href=\"#ert_pane1-2\" data-toggle=\"tab\"><strong>PRESENTACI\u00d3N DEL AULA<\/strong><\/a><\/li><li class=\"\"><a href=\"#ert_pane1-3\" data-toggle=\"tab\"><strong>RECURSOS<\/strong><\/a><\/li><\/ul><\/div><div style=\"clear:both;width: 100%;\"><ul class=\"tab-content\" id=\"oscitas-restabcontent-1-el-aula-de-futuro-46289\"><li class=\"tab-pane active\" id=\"ert_pane1-0\"><\/p>\n<p style=\"text-align: center\"><span style=\"text-decoration: underline;font-size: 14pt;color: #ff0000\"><strong>OBJETIVOS FUNDAMENTALES<\/strong><\/span><\/p>\n<p style=\"text-align: left;padding-left: 40px\">* Erradicar el fracaso escolar.<br \/>\n* Erradicar el absentismo.<br \/>\n* Garantizar la igualdad de oportunidades al alumnado m\u00e1s desfavorecido.<\/p>\n<p style=\"padding-left: 40px;text-align: center\"><span style=\"text-decoration: underline\"><strong><span style=\"color: #ff0000;text-decoration: underline;font-size: 14pt\">OBJETIVOS DID\u00c1CTICOS<\/span><\/strong><\/span><\/p>\n<p style=\"padding-left: 40px;text-align: center\"><a href=\"https:\/\/blogsaverroes.juntadeandalucia.es\/ceipelalmendralcarmona\/el-aula-de-futuro\/72ef3033df8d7c845d880e5a7bd6460b\/\" rel=\"attachment wp-att-7557\"><img loading=\"lazy\" decoding=\"async\" class=\" wp-image-7557 alignright\" src=\"https:\/\/blogsaverroes.juntadeandalucia.es\/ceipelalmendralcarmona\/files\/2023\/07\/72ef3033df8d7c845d880e5a7bd6460b.gif\" alt=\"\" width=\"350\" height=\"350\"><\/a><\/p>\n<p style=\"padding-left: 40px;text-align: justify\">* Motivar al alumnado en su proceso de ense\u00f1anza aprendizaje-aprendizaje.<br \/>\n* Motivar al claustro hacia el cambio de una metodolog\u00eda innovadora e inclusiva a trav\u00e9s de la formaci\u00f3n y su puesta en pr\u00e1ctica en el aula.<br \/>\n* Introducir la metodolog\u00eda STEAM en nuestras aulas a trav\u00e9s del fomento del pensamiento computacional y la rob\u00f3tica.<br \/>\n* Fomentar el trabajo cooperativo.<br \/>\n* Conocer y manejar distintos dispositivos, herramientas y aplicaciones para fomentar esta metodolog\u00eda entre nuestro alumnado.<br \/>\n* Afianzar la interacci\u00f3n entre el alumnado.<br \/>\n* Conseguir un desarrollo de los ni\u00f1os y ni\u00f1as de forma integral y competencial.<\/p>\n<p><\/li><li class=\"tab-pane \" id=\"ert_pane1-1\"><\/p>\n<div style=\"text-align: center\">\n<div style=\"margin: 8px 0px 4px\"><a href=\"https:\/\/www.calameo.com\/books\/00297718066d08472db72\" target=\"_blank\" rel=\"noopener noreferrer\">Proyecto Aula Del Futuro<\/a><\/div>\n<p><iframe loading=\"lazy\" src=\"\/\/v.calameo.com\/?bkcode=00297718066d08472db72&amp;mode=mini\" scrolling=\"no\" width=\"480\" height=\"300\" frameborder=\"0\"><\/iframe><\/p>\n<div style=\"margin: 4px 0px 8px\">&nbsp;<\/div>\n<\/div>\n<p>&nbsp;<\/p>\n<div style=\"text-align: center\">\n<div style=\"margin: 8px 0px 4px\"><a href=\"https:\/\/www.calameo.com\/books\/0029771806c1748658404\" target=\"_blank\" rel=\"noopener noreferrer\">Proyecto De Transformacion Digital<\/a><\/div>\n<p><iframe loading=\"lazy\" src=\"\/\/v.calameo.com\/?bkcode=0029771806c1748658404&amp;mode=mini\" scrolling=\"no\" width=\"480\" height=\"300\" frameborder=\"0\"><\/iframe><\/p>\n<div style=\"margin: 4px 0px 8px\">&nbsp;<\/div>\n<\/div>\n<p>&nbsp;<\/p>\n<p><\/li><li class=\"tab-pane \" id=\"ert_pane1-2\"><\/p>\n<ul style=\"list-style-type: circle\">\n<li><span style=\"text-decoration: underline\"><strong>PRESENTACI\u00d3N DEL AULA DEL FUTURO:<\/strong><\/span><\/li>\n<\/ul>\n<p style=\"text-align: center\"><iframe loading=\"lazy\" src=\"https:\/\/www.youtube.com\/embed\/8sM-carX6GY\" width=\"290\" height=\"150\" frameborder=\"0\"><\/iframe>&nbsp;<\/p>\n<p>&nbsp;<\/p>\n<ul style=\"list-style-type: circle\">\n<li><a href=\"https:\/\/drive.google.com\/drive\/folders\/1lq-zIIQ0G7RBgHmuF717rZIo2exogTGz\" target=\"_blank\" rel=\"noopener noreferrer\"><span style=\"text-decoration: underline\"><strong>ACTO DE INAUGURACI\u00d3N DEL AULA DEL FUTURO: FOTOGRAF\u00cdAS.<\/strong><\/span><\/a><\/li>\n<\/ul>\n<p><\/li><li class=\"tab-pane \" id=\"ert_pane1-3\"><\/p>\n<p style=\"text-align: center\"><span style=\"text-decoration: underline\"><span style=\"font-size: 14pt\"><strong>RECURSOS DE ROB\u00d3TICA<\/strong><\/span><\/span><\/p>\n<p style=\"text-align: center\"><span style=\"font-size: 10pt\"><strong>Pulsa sobre los enlaces&#8230;<\/strong><\/span><\/p>\n<ul>\n<li><strong><a href=\"https:\/\/www.juntadeandalucia.es\/educacion\/portals\/web\/ced\/innovacion-educativa\/investigacion\/proyectos\/proyectos-externos\" target=\"_blank\" rel=\"noopener noreferrer\">PROYECTOS EXTERNOS. JUNTA DE ANDALUC\u00cdA.<\/a><\/strong><\/li>\n<li>&nbsp;<\/li>\n<li><a href=\"https:\/\/www.juntadeandalucia.es\/educacion\/portals\/delegate\/content\/bfd0d694-b6ac-4043-8244-280aea2a9b5c\" target=\"_blank\" rel=\"noopener noreferrer\"><strong>PENSAMIENTO COMPUTACIONAL. JUNTA DE ANDALUC\u00cdA.<\/strong><\/a><\/li>\n<li><a href=\"https:\/\/blogsaverroes.juntadeandalucia.es\/ceipelalmendralcarmona\/el-aula-de-futuro\/8b50fa5e5239aad527f86f5de4db3301\/\" rel=\"attachment wp-att-7559\"><img loading=\"lazy\" decoding=\"async\" class=\"wp-image-7559 alignright\" src=\"https:\/\/blogsaverroes.juntadeandalucia.es\/ceipelalmendralcarmona\/files\/2023\/07\/8b50fa5e5239aad527f86f5de4db3301.gif\" alt=\"\" width=\"266\" height=\"404\"><\/a><\/li>\n<li><a href=\"https:\/\/www.juntadeandalucia.es\/educacion\/portals\/web\/ced\/planesyprogramas\/digicraft\" target=\"_blank\" rel=\"noopener noreferrer\"><strong>DIGICRAFT EN TU COLE. JUNTA DE ANDALUC\u00cdA.<\/strong><\/a><\/li>\n<li>&nbsp;<\/li>\n<li><a href=\"https:\/\/www.juntadeandalucia.es\/educacion\/portals\/web\/transformacion-digital-educativa\/rea\/primaria\" target=\"_blank\" rel=\"noopener noreferrer\"><strong>PROYECTO REA\/DUA PRIMARIA, JUNTA DE ANDALUC\u00cdA.<\/strong><\/a><\/li>\n<li>&nbsp;<\/li>\n<li><a href=\"https:\/\/esero.es\/recursos\/\" target=\"_blank\" rel=\"noopener noreferrer\"><strong>ESERO: Oficina Europea de Recursos para la Educaci\u00f3n Espacial en Espa\u00f1a (ESERO Spain): RECURSOS.<\/strong><\/a><\/li>\n<\/ul>\n<ul>\n<li><a href=\"https:\/\/www.esa.int\/kids\/es\/Home\" target=\"_blank\" rel=\"noopener noreferrer\"><strong>RECURSOS PRIMARIA.<\/strong><\/a><\/li>\n<\/ul>\n<ul>\n<li><a href=\"https:\/\/programamos.es\/cody-roby\/\" target=\"_blank\" rel=\"noopener noreferrer\"><strong>PENSAMIENTO COMPUTACIONAL DESENCHUFADOS: CODY-ROBY<\/strong><\/a>.<\/li>\n<\/ul>\n<ul>\n<li><a href=\"https:\/\/scratch.mit.edu\/\" target=\"_blank\" rel=\"noopener noreferrer\"><strong>SCRATCH<\/strong><\/a>: lenguaje de programaci\u00f3n con una interfaz sencilla que permite a los j\u00f3venes crear historias digitales, juegos y animaciones. &nbsp;&nbsp;&nbsp;<\/li>\n<li>&nbsp;<\/li>\n<li><span style=\"text-decoration: underline\"><strong>ROBOTEA20<\/strong><\/span>\n<ul>\n<li><a href=\"https:\/\/www.juntadeandalucia.es\/educacion\/portals\/web\/revista-andalucia-educativa\/contenidos\/-\/contenidos\/detalle\/robotea20-1t3tyxym4z8hd\">https:\/\/www.juntadeandalucia.es\/educacion\/portals\/web\/revista-andalucia-educativa\/contenidos\/-\/contenidos\/detalle\/robotea20-1t3tyxym4z8hd<\/a><\/li>\n<li><a href=\"https:\/\/blogsaverroes.juntadeandalucia.es\/robotea2020\/\">https:\/\/blogsaverroes.juntadeandalucia.es\/robotea2020\/<\/a><\/li>\n<\/ul>\n<\/li>\n<\/ul>\n<p><\/li><\/ul><\/div><\/div><\/p>\n<p><img loading=\"lazy\" decoding=\"async\" class=\" wp-image-7556 aligncenter\" src=\"https:\/\/blogsaverroes.juntadeandalucia.es\/ceipelalmendralcarmona\/files\/2023\/07\/6414793b7befa-602a4f0ed6583-Flying-Robot-Cartoon-Animated-GIFs.gif\" alt=\"\" width=\"283\" height=\"283\"><\/p>\n","protected":false},"excerpt":{"rendered":"","protected":false},"author":2517,"featured_media":7485,"parent":0,"menu_order":0,"comment_status":"closed","ping_status":"closed","template":"","meta":{"ngg_post_thumbnail":0,"footnotes":"","_mc_calendar":[]},"aioseo_notices":[],"_links":{"self":[{"href":"https:\/\/blogsaverroes.juntadeandalucia.es\/ceipelalmendralcarmona\/wp-json\/wp\/v2\/pages\/7551"}],"collection":[{"href":"https:\/\/blogsaverroes.juntadeandalucia.es\/ceipelalmendralcarmona\/wp-json\/wp\/v2\/pages"}],"about":[{"href":"https:\/\/blogsaverroes.juntadeandalucia.es\/ceipelalmendralcarmona\/wp-json\/wp\/v2\/types\/page"}],"author":[{"embeddable":true,"href":"https:\/\/blogsaverroes.juntadeandalucia.es\/ceipelalmendralcarmona\/wp-json\/wp\/v2\/users\/2517"}],"replies":[{"embeddable":true,"href":"https:\/\/blogsaverroes.juntadeandalucia.es\/ceipelalmendralcarmona\/wp-json\/wp\/v2\/comments?post=7551"}],"version-history":[{"count":18,"href":"https:\/\/blogsaverroes.juntadeandalucia.es\/ceipelalmendralcarmona\/wp-json\/wp\/v2\/pages\/7551\/revisions"}],"predecessor-version":[{"id":7577,"href":"https:\/\/blogsaverroes.juntadeandalucia.es\/ceipelalmendralcarmona\/wp-json\/wp\/v2\/pages\/7551\/revisions\/7577"}],"wp:featuredmedia":[{"embeddable":true,"href":"https:\/\/blogsaverroes.juntadeandalucia.es\/ceipelalmendralcarmona\/wp-json\/wp\/v2\/media\/7485"}],"wp:attachment":[{"href":"https:\/\/blogsaverroes.juntadeandalucia.es\/ceipelalmendralcarmona\/wp-json\/wp\/v2\/media?parent=7551"}],"curies":[{"name":"wp","href":"https:\/\/api.w.org\/{rel}","templated":true}]}}