{"id":77,"date":"2015-03-16T06:54:56","date_gmt":"2015-03-16T06:54:56","guid":{"rendered":"http:\/\/blogsaverroes.juntadeandalucia.es\/pre\/ceip\/?page_id=77"},"modified":"2021-09-14T23:27:31","modified_gmt":"2021-09-14T22:27:31","slug":"secretaria","status":"publish","type":"page","link":"https:\/\/blogsaverroes.juntadeandalucia.es\/ceipelalmendralcarmona\/secretaria\/","title":{"rendered":"Secretar\u00eda"},"content":{"rendered":"<div class=\"osc-res-tab tabbable   osc-tabs-left\"><div style=\"clear:both;width: 100%;\"><ul class=\"nav osc-res-nav nav-tabs osc-tabs-left-ul\" id=\"oscitas-restabs-1-secretaria-78766\"><li class=\"active\"><a href=\"#ert_pane1-0\" data-toggle=\"tab\"><strong>OBJETIVOS<\/strong><\/a><\/li><li class=\"\"><a href=\"#ert_pane1-1\" data-toggle=\"tab\"><strong>HORARIO<\/strong><\/a><\/li><li class=\"\"><a href=\"#ert_pane1-2\" data-toggle=\"tab\"><strong>CITA PREVIA<\/strong><\/a><\/li><li class=\"\"><a href=\"#ert_pane1-3\" data-toggle=\"tab\"><strong>MODELOS \/ SOLICITUDES<\/strong><\/a><\/li><li class=\"\"><a href=\"#ert_pane1-4\" data-toggle=\"tab\"><strong>PROFES<\/strong><\/a><\/li><li class=\"\"><a href=\"#ert_pane1-5\" data-toggle=\"tab\"><strong>NOVEDADES<\/strong><\/a><\/li><\/ul><\/div><div style=\"clear:both;width: 100%;\"><ul class=\"tab-content\" id=\"oscitas-restabcontent-1-secretaria-78766\"><li class=\"tab-pane active\" id=\"ert_pane1-0\"><\/p>\n<p style=\"text-align: justify\">La <strong>Secretar\u00eda<\/strong> desarrolla muchas funciones importantes en la vida de un centro, especialmente en la relaci\u00f3n que mantiene con las familias en los diferentes tr\u00e1mites administrativos a lo largo de la escolarizaci\u00f3n: admisi\u00f3n, matr\u00edcula, comedor escolar, becas, etc.<\/p>\n<p style=\"text-align: justify\">Es por esto que la Web, como puerta de entrada y canal de informaci\u00f3n a la comunidad educativa, deber\u00eda informar sobre el horario de la secretar\u00eda, tr\u00e1mites a realizar, plazos, documentaci\u00f3n, etc., con el objetivo de conseguir una mayor <strong>transparencia, agilidad y eficiencia.<\/strong><\/p>\n<p>&nbsp;&nbsp;&nbsp;&nbsp; <a href=\"https:\/\/blogsaverroes.juntadeandalucia.es\/ceipelalmendralcarmona\/files\/2021\/09\/ACCESO-AL-CENTRO.png\"><img loading=\"lazy\" decoding=\"async\" class=\"alignnone size-full wp-image-5355\" src=\"https:\/\/blogsaverroes.juntadeandalucia.es\/ceipelalmendralcarmona\/files\/2021\/09\/ACCESO-AL-CENTRO.png\" alt=\"\" width=\"792\" height=\"414\" srcset=\"https:\/\/blogsaverroes.juntadeandalucia.es\/ceipelalmendralcarmona\/files\/2021\/09\/ACCESO-AL-CENTRO.png 792w, https:\/\/blogsaverroes.juntadeandalucia.es\/ceipelalmendralcarmona\/files\/2021\/09\/ACCESO-AL-CENTRO-300x157.png 300w, https:\/\/blogsaverroes.juntadeandalucia.es\/ceipelalmendralcarmona\/files\/2021\/09\/ACCESO-AL-CENTRO-768x401.png 768w\" sizes=\"(max-width: 792px) 100vw, 792px\" \/><\/a><\/p>\n<p>&nbsp;<\/p>\n<p><\/li><li class=\"tab-pane \" id=\"ert_pane1-1\"><\/p>\n<p style=\"text-align: justify\">El horario de Secretar\u00eda es de Lunes a Viernes de <strong><span style=\"font-size: 14pt\">9:30 a 11:00<\/span> horas. (<a href=\"https:\/\/blogsaverroes.juntadeandalucia.es\/ceipelalmendralcarmona\/files\/2021\/09\/HORARIO_SECRETARIA.pdf\" target=\"_blank\" rel=\"noopener noreferrer\">CARTEL<\/a>)<\/strong><br \/>\nSi quiere realizar alguna consulta utilice cualquiera de estas v\u00edas:<\/p>\n<ul style=\"text-align: justify\">\n<li><strong>Direcci\u00f3n:<\/strong> &nbsp;Calle Andaluc\u00eda, s\/n. Bda. Los Almendrales. Carmona \u2013 41410&nbsp; (Sevilla)<\/li>\n<li><strong>Tel\u00e9fonos: <\/strong>\n<ul>\n<li>General del centro: 955 622 927&nbsp;<\/li>\n<li>M\u00f3vil Direcci\u00f3n: 694 951 589<\/li>\n<\/ul>\n<\/li>\n<\/ul>\n<ul style=\"text-align: justify\">\n<li><strong>FAX: &nbsp;<\/strong>955 622 926 &nbsp; \/ 380 926<\/li>\n<li><strong>E-mail:<\/strong>&nbsp; &nbsp; <a href=\"mailto:41010344.edu@juntadeandalucia.es\">41010344.edu@juntadeandalucia.es<\/a><\/li>\n<\/ul>\n<p style=\"text-align: justify\">Si considera que debe <strong>asistir en persona<\/strong> a las instalaciones del centro para solucionar alguna cuesti\u00f3n, debe pedir <em><span style=\"text-decoration: underline\"><span style=\"font-size: 14pt;color: #ff0000\"><strong>cita previa.<\/strong><\/span><\/span><\/em><\/p>\n<p style=\"text-align: justify\"><\/li><li class=\"tab-pane \" id=\"ert_pane1-2\"><\/p>\n<p style=\"text-align: justify\">Como medida sanitaria, de seguridad e higiene, las gestiones que deban hacer de forma personal en la Secretar\u00eda del centro se realizar\u00e1n solicitando <strong><span style=\"font-size: 14pt\">cita previa,&nbsp; <\/span><\/strong><span style=\"font-size: 12pt\">bien llamando al tel\u00e9fono <strong>955 622 927<\/strong>, o bien, por correo electr\u00f3nico a <a href=\"mailto:41010344.edu@juntadeandalucia.es\">41010344.edu@juntadeandalucia.es<\/a><\/span><br \/>\nUna vez recibida la solicitud le responderemos a la mayor brevedad, asign\u00e1ndole el d\u00eda y la hora, que nunca coincidir\u00e1 con horarios de entradas, salidas o recreos del alumnado.<\/p>\n<p>Gracias.<\/p>\n<p><a href=\"https:\/\/blogsaverroes.juntadeandalucia.es\/ceipelalmendralcarmona\/files\/2021\/09\/ACCESO-AL-CENTRO.png\"><img loading=\"lazy\" decoding=\"async\" class=\"alignnone size-full wp-image-5355\" src=\"https:\/\/blogsaverroes.juntadeandalucia.es\/ceipelalmendralcarmona\/files\/2021\/09\/ACCESO-AL-CENTRO.png\" alt=\"\" width=\"792\" height=\"414\" srcset=\"https:\/\/blogsaverroes.juntadeandalucia.es\/ceipelalmendralcarmona\/files\/2021\/09\/ACCESO-AL-CENTRO.png 792w, https:\/\/blogsaverroes.juntadeandalucia.es\/ceipelalmendralcarmona\/files\/2021\/09\/ACCESO-AL-CENTRO-300x157.png 300w, https:\/\/blogsaverroes.juntadeandalucia.es\/ceipelalmendralcarmona\/files\/2021\/09\/ACCESO-AL-CENTRO-768x401.png 768w\" sizes=\"(max-width: 792px) 100vw, 792px\" \/><\/a><\/p>\n<p><\/li><li class=\"tab-pane \" id=\"ert_pane1-3\"><\/p>\n<ul>\n<li><span style=\"text-decoration: underline\"><strong>ESCOLARIZACI\u00d3N<\/strong><\/span>\n<ul>\n<li><span style=\"text-decoration: underline\"><strong>ADMISI\u00d3N<\/strong><\/span>\n<ul>\n<li><a href=\"https:\/\/www.juntadeandalucia.es\/educacion\/portals\/delegate\/content\/7e1d7b27-eaa4-42e7-bfa3-ac436db80ed6\/ANEXO%20III\" target=\"_blank\" rel=\"noopener noreferrer\"> ANEXO III Solicitud de admisi\u00f3n en segundo ciclo de Educaci\u00f3n Infantil, Educaci\u00f3n Primaria, Educaci\u00f3n Especial, E.S.O. y Bachillerato (v\u00e1lido del 1 al 31 de Marzo).<\/a><\/li>\n<li><a href=\"https:\/\/www.juntadeandalucia.es\/educacion\/portals\/delegate\/content\/dcec9582-b20c-494b-bfbd-2886c7b8be94\/ANEXO%20IX\" target=\"_blank\" rel=\"noopener noreferrer\"> ANEXO IX Solicitud Procedimiento Extraordinario de Admisi\u00f3n<\/a><\/li>\n<\/ul>\n<\/li>\n<li><span style=\"text-decoration: underline\"><strong>MATRICULACI\u00d3N<\/strong><\/span>\n<ul>\n<li><a href=\"https:\/\/www.juntadeandalucia.es\/educacion\/portals\/delegate\/content\/d26442b2-4b4a-433a-9c1e-e1790a29f781\/ANEXO%20IV\" target=\"_blank\" rel=\"noopener noreferrer\"> ANEXO IV Matr\u00edcula en segundo ciclo de Educaci\u00f3n Infantil<\/a><\/li>\n<li><a href=\"https:\/\/www.juntadeandalucia.es\/educacion\/portals\/delegate\/content\/55fad88e-7bb3-40e3-bbe4-198107487345\/ANEXO%20V\" target=\"_blank\" rel=\"noopener noreferrer\"> ANEXO V Matr\u00edcula en Educaci\u00f3n Primaria<\/a><\/li>\n<li><a href=\"https:\/\/www.juntadeandalucia.es\/educacion\/portals\/delegate\/content\/12c1f402-4ea8-4a01-a921-5baa061cc442\/ANEXO%20-%20RELIGI%C3%93N\" target=\"_blank\" rel=\"noopener noreferrer\"> ANEXO &#8211; RELIGI\u00d3N Solicitud para cursar la ense\u00f1anza de religi\u00f3n en Primaria, ESO o Bachillerato<\/a><\/li>\n<\/ul>\n<\/li>\n<\/ul>\n<\/li>\n<li><span style=\"text-decoration: underline\"><strong>SERVICIOS COMPLEMENTARIOS<\/strong><\/span>\n<ul>\n<li><a href=\"http:\/\/www.juntadeandalucia.es\/export\/drupaljda\/002563-A00-V02-00.pdf\" target=\"_blank\" rel=\"noopener noreferrer\">Anexo II.- Servicio de Aula Matinal, Comedor Escolar y actividades Extraescolares (pdf)<\/a>&nbsp;<\/li>\n<li><a href=\"http:\/\/www.juntadeandalucia.es\/export\/drupaljda\/002563-A05-V01-00.pdf\" target=\"_blank\" rel=\"noopener noreferrer\">Anexo V.- Gratuidad\/bonificaci\u00f3n del precio p\u00fablico por los servicios complementarios de Aula Matinal, Comedor Escolar y Actividades Extraescolares (pdf)<\/a><\/li>\n<li><span style=\"text-decoration: underline\"><strong>AULA MATINAL<\/strong><\/span>\n<ul>\n<li><a href=\"https:\/\/blogsaverroes.juntadeandalucia.es\/ceipelalmendralcarmona\/files\/2021\/08\/FICHA_ALTA_AULA_MATINAL_21_22.pdf\" target=\"_blank\" rel=\"noopener noreferrer\">FICHA ALTA AULA MATINAL 21\/22<\/a><\/li>\n<\/ul>\n<\/li>\n<li><span style=\"text-decoration: underline\"><strong>COMEDOR<\/strong><\/span>\n<ul>\n<li><a href=\"https:\/\/blogsaverroes.juntadeandalucia.es\/ceipelalmendralcarmona\/files\/2021\/08\/FICHA_ALTA_COMEDOR_21_22.pdf\" target=\"_blank\" rel=\"noopener noreferrer\">FICHA ALTA COMEDOR 21\/22<\/a><\/li>\n<\/ul>\n<\/li>\n<li><span style=\"text-decoration: underline\"><strong>ACTIVIDADES EXTRAESCOLARES<\/strong><\/span>\n<ul>\n<li><a href=\"https:\/\/blogsaverroes.juntadeandalucia.es\/ceipelalmendralcarmona\/files\/2021\/08\/FICHA_ALTA_ACTIV_EXTRAES_21_22.pdf\" target=\"_blank\" rel=\"noopener noreferrer\">FICHA ALTA ACTIVIDADES EXTRAESCOLARES 21\/22<\/a>&nbsp;<\/li>\n<\/ul>\n<\/li>\n<\/ul>\n<\/li>\n<\/ul>\n<ul>\n<li style=\"list-style-type: none\">\n<ul>\n<li><a href=\"https:\/\/blogsaverroes.juntadeandalucia.es\/ceipelalmendralcarmona\/files\/2021\/09\/Solicitud-Baja-PAF.pdf\">SOLICITUD DE BAJA SERVICIOS COMPLEMENTARIOS<\/a><\/li>\n<\/ul>\n<\/li>\n<li><strong><span style=\"text-decoration: underline\">TRANSPORTE ESCOLAR<\/span><\/strong>\n<ul>\n<li><a href=\"https:\/\/blogsaverroes.juntadeandalucia.es\/ceipelalmendralcarmona\/files\/2021\/09\/transporte_rellenable.pdf\" target=\"_blank\" rel=\"noopener noreferrer\"><strong>SOLICITUD TRANSPORTE ESCOLAR<\/strong><\/a><\/li>\n<\/ul>\n<\/li>\n<\/ul>\n<p><\/li><li class=\"tab-pane \" id=\"ert_pane1-4\"><\/p>\n<p>Documentaci\u00f3n de inter\u00e9s para el profesorado:<\/p>\n<ul>\n<li><a href=\"https:\/\/blogsaverroes.juntadeandalucia.es\/ceipelalmendralcarmona\/files\/2021\/09\/DPS_11007_PARTE_IT.pdf\" target=\"_blank\" rel=\"noopener noreferrer\"><strong>PARTE DE BAJA POR IT<\/strong><\/a><\/li>\n<li><a href=\"https:\/\/blogsaverroes.juntadeandalucia.es\/ceipelalmendralcarmona\/files\/2021\/09\/ANEXO_I-PERMISOS-Y-AUSENCIAS.pdf\" target=\"_blank\" rel=\"noopener noreferrer\"><strong>ANEXO I-PERMISOS-Y-AUSENCIAS.<\/strong><\/a><\/li>\n<li><strong><a href=\"https:\/\/blogsaverroes.juntadeandalucia.es\/ceipelalmendralcarmona\/files\/2021\/09\/SEXENIO.pdf\" target=\"_blank\" rel=\"noopener noreferrer\">SEXENIOS<\/a><\/strong><\/li>\n<li><a href=\"https:\/\/www.juntadeandalucia.es\/educacion\/portals\/delegate\/content\/1dad2c94-2b01-407a-b93b-1991bcf03718\/Anexo%20II%20-%20Cuadro%20Resumen%20de%20permisos,%20licencias%20y%20reducciones%20de%20jornada\" target=\"_blank\" rel=\"noopener noreferrer\"><strong>CUADRO RESUMEN PERMISOS Y LICENCIAS<\/strong><\/a><\/li>\n<li><a href=\"https:\/\/blogsaverroes.juntadeandalucia.es\/ceipelalmendralcarmona\/files\/2021\/09\/grados-de-parentesco.pdf\" target=\"_blank\" rel=\"noopener noreferrer\"><strong>PERMISOS Y AUSENCIAS: Grado de parentesco.<\/strong>pdf<\/a><\/li>\n<li><strong><a href=\"https:\/\/www.juntadeandalucia.es\/educacion\/portals\/web\/inspeccion-educativa\/documentos\/-\/documentos\/0CcGT2vt01sa\/carpeta\/licencias-y-permisos-1\" target=\"_blank\" rel=\"noopener noreferrer\">LICENCIAS Y PERMISOS. PORTAL DE CONSEJER\u00cdA DE EDUCACI\u00d3N. Descarga de impresos actualizados.<\/a><\/strong><\/li>\n<li><a href=\"https:\/\/www.muface.es\/muface_Home\/Prestaciones\/Impresos.html\" target=\"_blank\" rel=\"noopener noreferrer\"><strong>Enlace web MUFACE. Descarga de impresos.<\/strong><\/a><\/li>\n<\/ul>\n<p><\/li><li class=\"tab-pane \" id=\"ert_pane1-5\"><\/p>\n<p>&nbsp;<\/p>\n<p>&nbsp;<\/p>\n<p>Pulsa sobre este enlace para conocer el <span style=\"font-size: 14pt\"><strong><a href=\"https:\/\/blogsaverroes.juntadeandalucia.es\/ceipelalmendralcarmona\/category\/secretaria\/\" target=\"_blank\" rel=\"noopener noreferrer\">HIST\u00d3RICO DE&nbsp; NOVEDADES<\/a><\/strong><\/span> relacionadas con la&nbsp; Secretar\u00eda del centro publicadas en la web.<\/p>\n<p>&nbsp;<\/p>\n<p>&nbsp;<\/p>\n<p>&nbsp;<\/p>\n<p><\/li><\/ul><\/div><\/div>\n<p><a href=\"https:\/\/blogsaverroes.juntadeandalucia.es\/ceipelalmendralcarmona\/secretaria-virtual\/\"><img loading=\"lazy\" decoding=\"async\" class=\"alignnone wp-image-5352 size-full\" src=\"https:\/\/blogsaverroes.juntadeandalucia.es\/ceipelalmendralcarmona\/files\/2021\/09\/PRIORIDAD_SECR_VIRTUAL.png\" alt=\"\" width=\"744\" height=\"258\" srcset=\"https:\/\/blogsaverroes.juntadeandalucia.es\/ceipelalmendralcarmona\/files\/2021\/09\/PRIORIDAD_SECR_VIRTUAL.png 744w, https:\/\/blogsaverroes.juntadeandalucia.es\/ceipelalmendralcarmona\/files\/2021\/09\/PRIORIDAD_SECR_VIRTUAL-300x104.png 300w\" sizes=\"(max-width: 744px) 100vw, 744px\" \/><\/a><\/p>\n<p>&nbsp;<\/p>\n<p>&nbsp;<\/p>\n","protected":false},"excerpt":{"rendered":"<p>&nbsp; &nbsp;<\/p>\n","protected":false},"author":1,"featured_media":0,"parent":0,"menu_order":0,"comment_status":"closed","ping_status":"open","template":"page-cs.php","meta":{"ngg_post_thumbnail":0,"footnotes":"","_mc_calendar":[]},"aioseo_notices":[],"_links":{"self":[{"href":"https:\/\/blogsaverroes.juntadeandalucia.es\/ceipelalmendralcarmona\/wp-json\/wp\/v2\/pages\/77"}],"collection":[{"href":"https:\/\/blogsaverroes.juntadeandalucia.es\/ceipelalmendralcarmona\/wp-json\/wp\/v2\/pages"}],"about":[{"href":"https:\/\/blogsaverroes.juntadeandalucia.es\/ceipelalmendralcarmona\/wp-json\/wp\/v2\/types\/page"}],"author":[{"embeddable":true,"href":"https:\/\/blogsaverroes.juntadeandalucia.es\/ceipelalmendralcarmona\/wp-json\/wp\/v2\/users\/1"}],"replies":[{"embeddable":true,"href":"https:\/\/blogsaverroes.juntadeandalucia.es\/ceipelalmendralcarmona\/wp-json\/wp\/v2\/comments?post=77"}],"version-history":[{"count":41,"href":"https:\/\/blogsaverroes.juntadeandalucia.es\/ceipelalmendralcarmona\/wp-json\/wp\/v2\/pages\/77\/revisions"}],"predecessor-version":[{"id":5757,"href":"https:\/\/blogsaverroes.juntadeandalucia.es\/ceipelalmendralcarmona\/wp-json\/wp\/v2\/pages\/77\/revisions\/5757"}],"wp:attachment":[{"href":"https:\/\/blogsaverroes.juntadeandalucia.es\/ceipelalmendralcarmona\/wp-json\/wp\/v2\/media?parent=77"}],"curies":[{"name":"wp","href":"https:\/\/api.w.org\/{rel}","templated":true}]}}