{"id":20,"date":"2020-01-09T12:32:25","date_gmt":"2020-01-09T11:32:25","guid":{"rendered":"http:\/\/blogsaverroes.juntadeandalucia.es\/pre\/nuevoceip2v2\/?page_id=20"},"modified":"2024-12-30T11:33:51","modified_gmt":"2024-12-30T10:33:51","slug":"2o-ciclo-de-educacion-infantil","status":"publish","type":"page","link":"https:\/\/blogsaverroes.juntadeandalucia.es\/ceipelcolorado\/2o-ciclo-de-educacion-infantil\/","title":{"rendered":"2\u00ba Ciclo de Educaci\u00f3n Infantil"},"content":{"rendered":"<p>Los tutores y tutoras de Educaci\u00f3n Infantil para el curso 2024\/25 son los siguientes:&nbsp;<\/p>\n<p>Infantil 3A &#8211; Roc\u00edo Jurado Rivera<\/p>\n<p>Infantil 3B &#8211; Mar\u00eda Barrena Pav\u00f3n<\/p>\n<p>Infantil 4A &#8211; Josefa Camelo Garc\u00eda<\/p>\n<p>Infantil 4B &#8211; \u00c1ngel Luis L\u00f3pez Jim\u00e9nez<\/p>\n<p>Infantil 5A &#8211; M\u00aa del Mar S\u00e1nchez Torres<\/p>\n<p>Infantil 5B &#8211; Susana Melero S\u00e1nchez<\/p>\n","protected":false},"excerpt":{"rendered":"<p>Los tutores y tutoras de Educaci\u00f3n Infantil para el curso 2024\/25 son los siguientes:&nbsp; Infantil 3A &#8211; Roc\u00edo Jurado Rivera Infantil 3B &#8211; Mar\u00eda Barrena Pav\u00f3n Infantil 4A &#8211; Josefa Camelo Garc\u00eda Infantil 4B &#8211; \u00c1ngel Luis L\u00f3pez Jim\u00e9nez Infantil 5A &#8211; M\u00aa del Mar S\u00e1nchez Torres Infantil 5B &#8211; Susana Melero S\u00e1nchez<\/p>\n","protected":false},"author":15498,"featured_media":0,"parent":0,"menu_order":0,"comment_status":"closed","ping_status":"closed","template":"","meta":{"_et_pb_use_builder":"on","_et_pb_old_content":"","_et_gb_content_width":"","ngg_post_thumbnail":0,"footnotes":"","_mc_calendar":[]},"aioseo_notices":[],"_links":{"self":[{"href":"https:\/\/blogsaverroes.juntadeandalucia.es\/ceipelcolorado\/wp-json\/wp\/v2\/pages\/20"}],"collection":[{"href":"https:\/\/blogsaverroes.juntadeandalucia.es\/ceipelcolorado\/wp-json\/wp\/v2\/pages"}],"about":[{"href":"https:\/\/blogsaverroes.juntadeandalucia.es\/ceipelcolorado\/wp-json\/wp\/v2\/types\/page"}],"author":[{"embeddable":true,"href":"https:\/\/blogsaverroes.juntadeandalucia.es\/ceipelcolorado\/wp-json\/wp\/v2\/users\/15498"}],"replies":[{"embeddable":true,"href":"https:\/\/blogsaverroes.juntadeandalucia.es\/ceipelcolorado\/wp-json\/wp\/v2\/comments?post=20"}],"version-history":[{"count":17,"href":"https:\/\/blogsaverroes.juntadeandalucia.es\/ceipelcolorado\/wp-json\/wp\/v2\/pages\/20\/revisions"}],"predecessor-version":[{"id":1009,"href":"https:\/\/blogsaverroes.juntadeandalucia.es\/ceipelcolorado\/wp-json\/wp\/v2\/pages\/20\/revisions\/1009"}],"wp:attachment":[{"href":"https:\/\/blogsaverroes.juntadeandalucia.es\/ceipelcolorado\/wp-json\/wp\/v2\/media?parent=20"}],"curies":[{"name":"wp","href":"https:\/\/api.w.org\/{rel}","templated":true}]}}