{"id":27,"date":"2020-01-09T12:40:13","date_gmt":"2020-01-09T11:40:13","guid":{"rendered":"http:\/\/blogsaverroes.juntadeandalucia.es\/pre\/nuevoceip2v2\/?page_id=27"},"modified":"2023-01-11T13:40:13","modified_gmt":"2023-01-11T12:40:13","slug":"actividades-extraescolares","status":"publish","type":"page","link":"https:\/\/blogsaverroes.juntadeandalucia.es\/ceipelcolorado\/actividades-extraescolares\/","title":{"rendered":"ACTIVIDADES EXTRAESCOLARES"},"content":{"rendered":"<p><span style=\"font-family: verdana, geneva, sans-serif\">Se consideran actividades extraescolares las encaminadas a potenciar la apertura del centro a su entorno y a procurar la formaci\u00f3n integral del alumnado en aspectos referidos a la ampliaci\u00f3n de su horizonte cultural, a la preparaci\u00f3n para su inserci\u00f3n en la sociedad o del uso del tiempo libre. Para ello, se podr\u00e1n organizar actividades relacionadas o incluidas en alguna de las siguientes \u00e1reas: idiomas, tecnolog\u00edas de la informaci\u00f3n y la comunicaci\u00f3n, deportes, expresi\u00f3n pl\u00e1stica y art\u00edstica, talleres de lectura y escritura o actividades de estudio dirigido.<br \/>\nEl centro mantendr\u00e1 sus puertas abiertas de lunes a jueves y de 16:00 a 19:00 horas y ofrecer actividades extraescolares que aborden aspectos formativos de inter\u00e9s para el alumnado (este curso se posponen este tipo de actividades hasta que la situaci\u00f3n sea menos cr\u00edtica).<br \/>\nEl Centro ofertar\u00e1 de lunes a jueves, al menos dos actividades extraescolares distintas, de una hora de duraci\u00f3n cada una de ellas. El c\u00f3mputo semanal de cada actividad extraescolar ser\u00e1 de dos horas.<br \/>\nLas actividades extraescolares tendr\u00e1n car\u00e1cter voluntario para todo el alumnado y en ning\u00fan caso formar\u00e1n parte del proceso de evaluaci\u00f3n del alumnado para la superaci\u00f3n de las distintas \u00e1reas o materias que integran los curr\u00edculos,<br \/>\nLa atenci\u00f3n al alumnado en las actividades extraescolares se realizar\u00e1 por personal que cuente con la formaci\u00f3n y la cualificaci\u00f3n adecuada a la actividad a desarrollar y que, al menos, est\u00e9 en posesi\u00f3n de alguno de los t\u00edtulos de T\u00e9cnico Superior o titulaci\u00f3n equivalente a efectos profesionales.<\/span><\/p>\n<p style=\"text-align: center\"><span style=\"font-family: verdana, geneva, sans-serif\"><strong>Horario<\/strong><\/span><\/p>\n<table>\n<tbody>\n<tr>\n<td width=\"90\">&nbsp;<\/td>\n<td width=\"205\">LUNES<\/td>\n<td width=\"205\">MARTES<\/td>\n<td width=\"205\">MI\u00c9RCOLES<\/td>\n<td width=\"205\">JUEVES<\/td>\n<\/tr>\n<tr>\n<td width=\"90\">16:00<\/p>\n<p>a<\/p>\n<p>17:00<\/td>\n<td width=\"205\">BAILE MODERNO<\/p>\n<p>&#8212;&#8212;&#8212;&#8212;&#8212;&#8211;<\/p>\n<p>INFORM\u00c1TICA<\/td>\n<td width=\"205\">MULTIDEPORTE<\/p>\n<p>&nbsp;&nbsp;&nbsp;&nbsp;&nbsp;&nbsp;&nbsp; &#8212;&#8212;&#8212;&#8212;&#8212;&#8212;&#8212;-<\/p>\n<p>INGL\u00c9S <strong>INF.-1\u00ba<\/strong><\/td>\n<td width=\"205\">BAILE MODERNO<\/p>\n<p>&#8212;&#8212;&#8212;&#8212;&#8212;<\/p>\n<p>INFORM\u00c1TICA<\/td>\n<td width=\"205\">MULTIDEPORTE<\/p>\n<p>&nbsp;&nbsp;&nbsp;&nbsp;&nbsp;&nbsp;&nbsp; &#8212;&#8212;&#8212;&#8212;&#8212;&#8212;&#8212;-<\/p>\n<p>INGL\u00c9S <strong>INF.-1\u00ba<\/strong><\/td>\n<\/tr>\n<tr>\n<td width=\"90\">17:00<\/p>\n<p>a<\/p>\n<p>18:00<\/td>\n<td width=\"205\"><strong>&nbsp;<\/strong><\/td>\n<td width=\"205\">INGL\u00c9S<strong> 2\u00ba-6\u00ba<\/strong><\/td>\n<td width=\"205\"><strong>&nbsp;<\/strong><\/td>\n<td width=\"205\">&nbsp;<\/p>\n<p>INGL\u00c9S <strong>2\u00ba-6\u00ba<\/strong><\/p>\n<p>&nbsp;<\/td>\n<\/tr>\n<\/tbody>\n<\/table>\n<p>&nbsp;<\/p>\n<p style=\"text-align: center\"><span style=\"font-family: verdana, geneva, sans-serif\"><strong>Tr\u00e1mite de solicitud v\u00eda Internet<\/strong><\/span><\/p>\n<p><span style=\"font-family: verdana, geneva, sans-serif\"><a href=\"https:\/\/www.juntadeandalucia.es\/educacion\/secretariavirtual\/\" target=\"_blank\" rel=\"noopener noreferrer\"><img loading=\"lazy\" decoding=\"async\" class=\"aligncenter wp-image-722\" src=\"https:\/\/blogsaverroes.juntadeandalucia.es\/ceipelcolorado\/files\/2022\/08\/boton-de-poliester-estrella-verde-claro-24_453259_026-300x300.jpg\" alt=\"\" width=\"67\" height=\"67\" srcset=\"https:\/\/blogsaverroes.juntadeandalucia.es\/ceipelcolorado\/files\/2022\/08\/boton-de-poliester-estrella-verde-claro-24_453259_026-300x300.jpg 300w, https:\/\/blogsaverroes.juntadeandalucia.es\/ceipelcolorado\/files\/2022\/08\/boton-de-poliester-estrella-verde-claro-24_453259_026-150x150.jpg 150w, https:\/\/blogsaverroes.juntadeandalucia.es\/ceipelcolorado\/files\/2022\/08\/boton-de-poliester-estrella-verde-claro-24_453259_026-246x246.jpg 246w, https:\/\/blogsaverroes.juntadeandalucia.es\/ceipelcolorado\/files\/2022\/08\/boton-de-poliester-estrella-verde-claro-24_453259_026-520x520.jpg 520w, https:\/\/blogsaverroes.juntadeandalucia.es\/ceipelcolorado\/files\/2022\/08\/boton-de-poliester-estrella-verde-claro-24_453259_026-185x185.jpg 185w, https:\/\/blogsaverroes.juntadeandalucia.es\/ceipelcolorado\/files\/2022\/08\/boton-de-poliester-estrella-verde-claro-24_453259_026-220x220.jpg 220w, https:\/\/blogsaverroes.juntadeandalucia.es\/ceipelcolorado\/files\/2022\/08\/boton-de-poliester-estrella-verde-claro-24_453259_026-60x60.jpg 60w, https:\/\/blogsaverroes.juntadeandalucia.es\/ceipelcolorado\/files\/2022\/08\/boton-de-poliester-estrella-verde-claro-24_453259_026-384x384.jpg 384w, https:\/\/blogsaverroes.juntadeandalucia.es\/ceipelcolorado\/files\/2022\/08\/boton-de-poliester-estrella-verde-claro-24_453259_026.jpg 600w\" sizes=\"(max-width: 67px) 100vw, 67px\" \/><\/a><\/span><\/p>\n<p style=\"text-align: center\"><span style=\"font-family: verdana, geneva, sans-serif\"><strong>Tr\u00e1mite de solicitud v\u00eda presencial<\/strong><\/span><\/p>\n<p><span style=\"font-family: verdana, geneva, sans-serif\"><a href=\"https:\/\/blogsaverroes.juntadeandalucia.es\/ceipelcolorado\/files\/2022\/08\/solicitud-complementarias.pdf\" target=\"_blank\" rel=\"noopener noreferrer\"><img loading=\"lazy\" decoding=\"async\" class=\"aligncenter wp-image-724\" src=\"https:\/\/blogsaverroes.juntadeandalucia.es\/ceipelcolorado\/files\/2022\/08\/boton-amarillo-300x300.png\" alt=\"\" width=\"49\" height=\"49\" srcset=\"https:\/\/blogsaverroes.juntadeandalucia.es\/ceipelcolorado\/files\/2022\/08\/boton-amarillo-300x300.png 300w, https:\/\/blogsaverroes.juntadeandalucia.es\/ceipelcolorado\/files\/2022\/08\/boton-amarillo-150x150.png 150w, https:\/\/blogsaverroes.juntadeandalucia.es\/ceipelcolorado\/files\/2022\/08\/boton-amarillo-768x768.png 768w, https:\/\/blogsaverroes.juntadeandalucia.es\/ceipelcolorado\/files\/2022\/08\/boton-amarillo-246x246.png 246w, https:\/\/blogsaverroes.juntadeandalucia.es\/ceipelcolorado\/files\/2022\/08\/boton-amarillo-520x520.png 520w, https:\/\/blogsaverroes.juntadeandalucia.es\/ceipelcolorado\/files\/2022\/08\/boton-amarillo-185x185.png 185w, https:\/\/blogsaverroes.juntadeandalucia.es\/ceipelcolorado\/files\/2022\/08\/boton-amarillo-220x220.png 220w, https:\/\/blogsaverroes.juntadeandalucia.es\/ceipelcolorado\/files\/2022\/08\/boton-amarillo-60x60.png 60w, https:\/\/blogsaverroes.juntadeandalucia.es\/ceipelcolorado\/files\/2022\/08\/boton-amarillo-384x384.png 384w, https:\/\/blogsaverroes.juntadeandalucia.es\/ceipelcolorado\/files\/2022\/08\/boton-amarillo.png 800w\" sizes=\"(max-width: 49px) 100vw, 49px\" \/><\/a><\/span><\/p>\n<p style=\"text-align: center\"><span style=\"font-family: verdana, geneva, sans-serif\"><strong>Tr\u00e1mite de solicitud de bonificaci\u00f3n v\u00eda presencial<\/strong><\/span><\/p>\n<p><span style=\"font-family: verdana, geneva, sans-serif\"><a href=\"https:\/\/blogsaverroes.juntadeandalucia.es\/ceipelcolorado\/files\/2022\/08\/solicitud-bonificacion-complementarias.pdf\" target=\"_blank\" rel=\"noopener noreferrer\"><img loading=\"lazy\" decoding=\"async\" class=\"aligncenter wp-image-728\" src=\"https:\/\/blogsaverroes.juntadeandalucia.es\/ceipelcolorado\/files\/2022\/08\/R-296x300.png\" alt=\"\" width=\"45\" height=\"46\" srcset=\"https:\/\/blogsaverroes.juntadeandalucia.es\/ceipelcolorado\/files\/2022\/08\/R-296x300.png 296w, https:\/\/blogsaverroes.juntadeandalucia.es\/ceipelcolorado\/files\/2022\/08\/R-150x150.png 150w, https:\/\/blogsaverroes.juntadeandalucia.es\/ceipelcolorado\/files\/2022\/08\/R-246x246.png 246w, https:\/\/blogsaverroes.juntadeandalucia.es\/ceipelcolorado\/files\/2022\/08\/R-520x520.png 520w, https:\/\/blogsaverroes.juntadeandalucia.es\/ceipelcolorado\/files\/2022\/08\/R-185x185.png 185w, https:\/\/blogsaverroes.juntadeandalucia.es\/ceipelcolorado\/files\/2022\/08\/R-220x220.png 220w, https:\/\/blogsaverroes.juntadeandalucia.es\/ceipelcolorado\/files\/2022\/08\/R-60x60.png 60w, https:\/\/blogsaverroes.juntadeandalucia.es\/ceipelcolorado\/files\/2022\/08\/R-384x384.png 384w, https:\/\/blogsaverroes.juntadeandalucia.es\/ceipelcolorado\/files\/2022\/08\/R.png 731w\" sizes=\"(max-width: 45px) 100vw, 45px\" \/><\/a><\/span><\/p>\n","protected":false},"excerpt":{"rendered":"<p>Se consideran actividades extraescolares las encaminadas a potenciar la apertura del centro a su entorno y a procurar la formaci\u00f3n integral del alumnado en aspectos referidos a la ampliaci\u00f3n de su horizonte cultural, a la preparaci\u00f3n para su inserci\u00f3n en la sociedad o del uso del tiempo libre. Para ello, se podr\u00e1n organizar actividades relacionadas [&hellip;]<\/p>\n","protected":false},"author":15498,"featured_media":0,"parent":0,"menu_order":0,"comment_status":"closed","ping_status":"closed","template":"","meta":{"_et_pb_use_builder":"on","_et_pb_old_content":"","_et_gb_content_width":"","ngg_post_thumbnail":0,"footnotes":"","_mc_calendar":[]},"aioseo_notices":[],"_links":{"self":[{"href":"https:\/\/blogsaverroes.juntadeandalucia.es\/ceipelcolorado\/wp-json\/wp\/v2\/pages\/27"}],"collection":[{"href":"https:\/\/blogsaverroes.juntadeandalucia.es\/ceipelcolorado\/wp-json\/wp\/v2\/pages"}],"about":[{"href":"https:\/\/blogsaverroes.juntadeandalucia.es\/ceipelcolorado\/wp-json\/wp\/v2\/types\/page"}],"author":[{"embeddable":true,"href":"https:\/\/blogsaverroes.juntadeandalucia.es\/ceipelcolorado\/wp-json\/wp\/v2\/users\/15498"}],"replies":[{"embeddable":true,"href":"https:\/\/blogsaverroes.juntadeandalucia.es\/ceipelcolorado\/wp-json\/wp\/v2\/comments?post=27"}],"version-history":[{"count":9,"href":"https:\/\/blogsaverroes.juntadeandalucia.es\/ceipelcolorado\/wp-json\/wp\/v2\/pages\/27\/revisions"}],"predecessor-version":[{"id":819,"href":"https:\/\/blogsaverroes.juntadeandalucia.es\/ceipelcolorado\/wp-json\/wp\/v2\/pages\/27\/revisions\/819"}],"wp:attachment":[{"href":"https:\/\/blogsaverroes.juntadeandalucia.es\/ceipelcolorado\/wp-json\/wp\/v2\/media?parent=27"}],"curies":[{"name":"wp","href":"https:\/\/api.w.org\/{rel}","templated":true}]}}