{"id":33,"date":"2020-01-09T12:42:06","date_gmt":"2020-01-09T11:42:06","guid":{"rendered":"http:\/\/blogsaverroes.juntadeandalucia.es\/pre\/nuevoceip2v2\/?page_id=33"},"modified":"2022-08-22T10:18:04","modified_gmt":"2022-08-22T09:18:04","slug":"aula-matinal","status":"publish","type":"page","link":"https:\/\/blogsaverroes.juntadeandalucia.es\/ceipelcolorado\/aula-matinal\/","title":{"rendered":"AULA MATINAL"},"content":{"rendered":"<p><a href=\"https:\/\/www.juntadeandalucia.es\/educacion\/portals\/web\/ced\/servicios-complementarios\" target=\"_blank\" rel=\"noopener noreferrer\"><img loading=\"lazy\" decoding=\"async\" class=\"aligncenter wp-image-721 size-full\" src=\"https:\/\/blogsaverroes.juntadeandalucia.es\/ceipelcolorado\/files\/2022\/08\/logo-plan-de-apertura.jpg\" alt=\"\" width=\"240\" height=\"181\"><\/a><\/p>\n<p><span style=\"font-family: verdana, geneva, sans-serif\">El tiempo comprendido desde las 7:30 horas hasta el comienzo del horario lectivo se considera aula matinal.<\/span><br \/>\n<span style=\"font-family: verdana, geneva, sans-serif\">Para la vigilancia y la atenci\u00f3n educativa que necesiten los escolares en funci\u00f3n de su edad, ser\u00e1n atendidos por personal que estar\u00e1 en posesi\u00f3n de la titulaci\u00f3n de:<\/span><br \/>\n<span style=\"font-family: verdana, geneva, sans-serif\">\u2022 T\u00e9cnico Superior en Educaci\u00f3n Infantil, en Animaci\u00f3n Sociocultural o equivalente.<\/span><br \/>\n<span style=\"font-family: verdana, geneva, sans-serif\">\u2022 T\u00e9cnico en Atenci\u00f3n Sociosanitaria o equivalente.<\/span><br \/>\n<span style=\"font-family: verdana, geneva, sans-serif\">La ratio ser\u00e1 de una persona por cada 30 usuarios\/as o fracci\u00f3n. El aula matinal que atienda hasta 60 alumnos o alumnas dispondr\u00e1 de un t\u00e9cnico superior y un t\u00e9cnico de citados anteriormente. Cuando el n\u00famero de alumnos y alumnas del aula matinal sea superior a 60, por cada 30 alumnos o alumnas o fracci\u00f3n se incrementar\u00e1, alternativamente, con un t\u00e9cnico superior o un t\u00e9cnico de los citados.<\/span><br \/>\n<span style=\"font-family: verdana, geneva, sans-serif\">Entre las responsabilidades del personal que atiende el servicio estar\u00e1 la de recoger, cuidar, atender y acompa\u00f1ar al alumnado, sobre todo a los m\u00e1s peque\u00f1os, a las clases de referencia, as\u00ed como resolver cualquier incidencia que ocurra.<\/span><br \/>\n<span style=\"font-family: verdana, geneva, sans-serif\">La programaci\u00f3n de actividades a llevar a cabo en el aula matinal se realizar\u00e1 anualmente, en funci\u00f3n de las edades del alumnado que demanden este servicio y, en todo caso, estar\u00e1 en consonancia con las actividades que se desarrollen en el centro.<\/span><\/p>\n<p>&nbsp;<\/p>\n<p style=\"text-align: center\"><strong>Tr\u00e1mite de solicitud v\u00eda Internet<a href=\"https:\/\/www.juntadeandalucia.es\/educacion\/secretariavirtual\/\" target=\"_blank\" rel=\"noopener noreferrer\"><img loading=\"lazy\" decoding=\"async\" class=\"aligncenter wp-image-722\" src=\"https:\/\/blogsaverroes.juntadeandalucia.es\/ceipelcolorado\/files\/2022\/08\/boton-de-poliester-estrella-verde-claro-24_453259_026-300x300.jpg\" alt=\"\" width=\"80\" height=\"80\" srcset=\"https:\/\/blogsaverroes.juntadeandalucia.es\/ceipelcolorado\/files\/2022\/08\/boton-de-poliester-estrella-verde-claro-24_453259_026-300x300.jpg 300w, https:\/\/blogsaverroes.juntadeandalucia.es\/ceipelcolorado\/files\/2022\/08\/boton-de-poliester-estrella-verde-claro-24_453259_026-150x150.jpg 150w, https:\/\/blogsaverroes.juntadeandalucia.es\/ceipelcolorado\/files\/2022\/08\/boton-de-poliester-estrella-verde-claro-24_453259_026-246x246.jpg 246w, https:\/\/blogsaverroes.juntadeandalucia.es\/ceipelcolorado\/files\/2022\/08\/boton-de-poliester-estrella-verde-claro-24_453259_026-520x520.jpg 520w, https:\/\/blogsaverroes.juntadeandalucia.es\/ceipelcolorado\/files\/2022\/08\/boton-de-poliester-estrella-verde-claro-24_453259_026-185x185.jpg 185w, https:\/\/blogsaverroes.juntadeandalucia.es\/ceipelcolorado\/files\/2022\/08\/boton-de-poliester-estrella-verde-claro-24_453259_026-220x220.jpg 220w, https:\/\/blogsaverroes.juntadeandalucia.es\/ceipelcolorado\/files\/2022\/08\/boton-de-poliester-estrella-verde-claro-24_453259_026-60x60.jpg 60w, https:\/\/blogsaverroes.juntadeandalucia.es\/ceipelcolorado\/files\/2022\/08\/boton-de-poliester-estrella-verde-claro-24_453259_026-384x384.jpg 384w, https:\/\/blogsaverroes.juntadeandalucia.es\/ceipelcolorado\/files\/2022\/08\/boton-de-poliester-estrella-verde-claro-24_453259_026.jpg 600w\" sizes=\"(max-width: 80px) 100vw, 80px\" \/><\/a> <\/strong><\/p>\n<p style=\"text-align: center\"><strong>Tr\u00e1mite de solicitud v\u00eda presencial<\/strong><\/p>\n<p><a href=\"https:\/\/blogsaverroes.juntadeandalucia.es\/ceipelcolorado\/files\/2022\/08\/solicitud-complementarias.pdf\" target=\"_blank\" rel=\"noopener noreferrer\"><img loading=\"lazy\" decoding=\"async\" class=\"aligncenter wp-image-724\" src=\"https:\/\/blogsaverroes.juntadeandalucia.es\/ceipelcolorado\/files\/2022\/08\/boton-amarillo-300x300.png\" alt=\"\" width=\"73\" height=\"73\" srcset=\"https:\/\/blogsaverroes.juntadeandalucia.es\/ceipelcolorado\/files\/2022\/08\/boton-amarillo-300x300.png 300w, https:\/\/blogsaverroes.juntadeandalucia.es\/ceipelcolorado\/files\/2022\/08\/boton-amarillo-150x150.png 150w, https:\/\/blogsaverroes.juntadeandalucia.es\/ceipelcolorado\/files\/2022\/08\/boton-amarillo-768x768.png 768w, https:\/\/blogsaverroes.juntadeandalucia.es\/ceipelcolorado\/files\/2022\/08\/boton-amarillo-246x246.png 246w, https:\/\/blogsaverroes.juntadeandalucia.es\/ceipelcolorado\/files\/2022\/08\/boton-amarillo-520x520.png 520w, https:\/\/blogsaverroes.juntadeandalucia.es\/ceipelcolorado\/files\/2022\/08\/boton-amarillo-185x185.png 185w, https:\/\/blogsaverroes.juntadeandalucia.es\/ceipelcolorado\/files\/2022\/08\/boton-amarillo-220x220.png 220w, https:\/\/blogsaverroes.juntadeandalucia.es\/ceipelcolorado\/files\/2022\/08\/boton-amarillo-60x60.png 60w, https:\/\/blogsaverroes.juntadeandalucia.es\/ceipelcolorado\/files\/2022\/08\/boton-amarillo-384x384.png 384w, https:\/\/blogsaverroes.juntadeandalucia.es\/ceipelcolorado\/files\/2022\/08\/boton-amarillo.png 800w\" sizes=\"(max-width: 73px) 100vw, 73px\" \/><\/a><\/p>\n<p style=\"text-align: center\"><strong>Tr\u00e1mite de solicitud de bonificaci\u00f3n v\u00eda presencial<\/strong><\/p>\n<p><a href=\"https:\/\/blogsaverroes.juntadeandalucia.es\/ceipelcolorado\/files\/2022\/08\/solicitud-bonificacion-complementarias.pdf\" target=\"_blank\" rel=\"noopener noreferrer\"><img loading=\"lazy\" decoding=\"async\" class=\"aligncenter wp-image-728\" src=\"https:\/\/blogsaverroes.juntadeandalucia.es\/ceipelcolorado\/files\/2022\/08\/R-296x300.png\" alt=\"\" width=\"73\" height=\"74\" srcset=\"https:\/\/blogsaverroes.juntadeandalucia.es\/ceipelcolorado\/files\/2022\/08\/R-296x300.png 296w, https:\/\/blogsaverroes.juntadeandalucia.es\/ceipelcolorado\/files\/2022\/08\/R-150x150.png 150w, https:\/\/blogsaverroes.juntadeandalucia.es\/ceipelcolorado\/files\/2022\/08\/R-246x246.png 246w, https:\/\/blogsaverroes.juntadeandalucia.es\/ceipelcolorado\/files\/2022\/08\/R-520x520.png 520w, https:\/\/blogsaverroes.juntadeandalucia.es\/ceipelcolorado\/files\/2022\/08\/R-185x185.png 185w, https:\/\/blogsaverroes.juntadeandalucia.es\/ceipelcolorado\/files\/2022\/08\/R-220x220.png 220w, https:\/\/blogsaverroes.juntadeandalucia.es\/ceipelcolorado\/files\/2022\/08\/R-60x60.png 60w, https:\/\/blogsaverroes.juntadeandalucia.es\/ceipelcolorado\/files\/2022\/08\/R-384x384.png 384w, https:\/\/blogsaverroes.juntadeandalucia.es\/ceipelcolorado\/files\/2022\/08\/R.png 731w\" sizes=\"(max-width: 73px) 100vw, 73px\" \/><\/a><\/p>\n<p>&nbsp;<\/p>\n","protected":false},"excerpt":{"rendered":"<p>El tiempo comprendido desde las 7:30 horas hasta el comienzo del horario lectivo se considera aula matinal. Para la vigilancia y la atenci\u00f3n educativa que necesiten los escolares en funci\u00f3n de su edad, ser\u00e1n atendidos por personal que estar\u00e1 en posesi\u00f3n de la titulaci\u00f3n de: \u2022 T\u00e9cnico Superior en Educaci\u00f3n Infantil, en Animaci\u00f3n Sociocultural o [&hellip;]<\/p>\n","protected":false},"author":15498,"featured_media":0,"parent":0,"menu_order":0,"comment_status":"closed","ping_status":"closed","template":"","meta":{"_et_pb_use_builder":"on","_et_pb_old_content":"","_et_gb_content_width":"","ngg_post_thumbnail":0,"footnotes":"","_mc_calendar":[]},"aioseo_notices":[],"_links":{"self":[{"href":"https:\/\/blogsaverroes.juntadeandalucia.es\/ceipelcolorado\/wp-json\/wp\/v2\/pages\/33"}],"collection":[{"href":"https:\/\/blogsaverroes.juntadeandalucia.es\/ceipelcolorado\/wp-json\/wp\/v2\/pages"}],"about":[{"href":"https:\/\/blogsaverroes.juntadeandalucia.es\/ceipelcolorado\/wp-json\/wp\/v2\/types\/page"}],"author":[{"embeddable":true,"href":"https:\/\/blogsaverroes.juntadeandalucia.es\/ceipelcolorado\/wp-json\/wp\/v2\/users\/15498"}],"replies":[{"embeddable":true,"href":"https:\/\/blogsaverroes.juntadeandalucia.es\/ceipelcolorado\/wp-json\/wp\/v2\/comments?post=33"}],"version-history":[{"count":10,"href":"https:\/\/blogsaverroes.juntadeandalucia.es\/ceipelcolorado\/wp-json\/wp\/v2\/pages\/33\/revisions"}],"predecessor-version":[{"id":783,"href":"https:\/\/blogsaverroes.juntadeandalucia.es\/ceipelcolorado\/wp-json\/wp\/v2\/pages\/33\/revisions\/783"}],"wp:attachment":[{"href":"https:\/\/blogsaverroes.juntadeandalucia.es\/ceipelcolorado\/wp-json\/wp\/v2\/media?parent=33"}],"curies":[{"name":"wp","href":"https:\/\/api.w.org\/{rel}","templated":true}]}}