{"id":35,"date":"2020-01-09T12:42:54","date_gmt":"2020-01-09T11:42:54","guid":{"rendered":"http:\/\/blogsaverroes.juntadeandalucia.es\/pre\/nuevoceip2v2\/?page_id=35"},"modified":"2022-10-17T10:48:20","modified_gmt":"2022-10-17T09:48:20","slug":"biblioteca","status":"publish","type":"page","link":"https:\/\/blogsaverroes.juntadeandalucia.es\/ceipelcolorado\/biblioteca\/","title":{"rendered":"Biblioteca"},"content":{"rendered":"<p style=\"text-align: center\"><strong><span style=\"font-family: verdana, geneva, sans-serif\">DONACIONES A NUESTRA BIBLIOTECA.<\/span><\/strong><\/p>\n<div class=\"post-header\">\n<div class=\"post-header-line-1\" style=\"text-align: center\"><strong><span style=\"font-family: verdana, geneva, sans-serif\"><u>&nbsp;GRACIAS POR VUESTRA COLABORACI\u00d3N<\/u><\/span><\/strong><\/div>\n<\/div>\n<div id=\"post-body-4317501328263779776\" class=\"post-body entry-content\">\n<p>&nbsp;<\/p>\n<p><span style=\"font-family: verdana, geneva, sans-serif\">Hola a tod@s, nos est\u00e1n llegando muchas donaciones de libros tanto de familias, maestras del centro, as\u00ed como de Santillana. Desde aqu\u00ed nos gustar\u00eda agradecer esas donaciones, gracias a ellas nuestra biblioteca responde cada vez m\u00e1s a las necesidades y gustos del alumnado. Adem\u00e1s, este hecho est\u00e1 haciendo que m\u00e1s y m\u00e1s ni\u00f1@s se acerquen a nuestra biblioteca a elegir libros para leer. Nuestra AMPA al inicio de curso nos compr\u00f3 toda la colecci\u00f3n de Los Futbol\u00edsimos; en este momento es la colecci\u00f3n m\u00e1s prestada de la biblioteca.&nbsp;<\/span><\/p>\n<p><span style=\"font-family: verdana, geneva, sans-serif\">Gracias a estas donaciones, nuestra biblioteca cuenta ya no s\u00f3lo con la colecci\u00f3n de <a href=\"https:\/\/www.losfutbolisimos.es\/la-coleccion\/\">Los Futbol\u00edsimos<\/a>, sino tambi\u00e9n del Diario de Nikki, Junie B. Jones, y otras para el alumnado que est\u00e1 comenzando a leer. Tambi\u00e9n nos han acercado libros en ingl\u00e9s y franc\u00e9s en buen estado, con lo que el alumnado contar\u00e1 tambi\u00e9n con m\u00e1s posibilidades en cuanto a las lenguas extranjeras que se estudian en nuestro colegio. Esperamos que \u00e9sto no cambie y que continuen las donaciones. Os mantendremos informados.&nbsp;<\/span><\/p>\n<p><span style=\"font-family: verdana, geneva, sans-serif\">Un saludo y felices lecturas.&nbsp;<\/span><\/p>\n<p style=\"text-align: center\"><a href=\"https:\/\/www.juntadeandalucia.es\/educacion\/senecav2\/seneca\/biblioweb\/informacion\/11602848\" target=\"_blank\" rel=\"noopener noreferrer\"><span style=\"color: #ff9900\"><strong><span style=\"font-family: verdana, geneva, sans-serif\">Acceso al cat\u00e1logo de libros del centro<\/span><\/strong><\/span><\/a><\/p>\n<p><a href=\"https:\/\/www.juntadeandalucia.es\/educacion\/senecav2\/seneca\/biblioweb\/informacion\/11602848\"><img loading=\"lazy\" decoding=\"async\" class=\"aligncenter wp-image-647 size-medium\" src=\"https:\/\/blogsaverroes.juntadeandalucia.es\/ceipelcolorado\/files\/2022\/08\/foto-300x225.jpg\" alt=\"biblioteca\" width=\"300\" height=\"225\" srcset=\"https:\/\/blogsaverroes.juntadeandalucia.es\/ceipelcolorado\/files\/2022\/08\/foto-300x225.jpg 300w, https:\/\/blogsaverroes.juntadeandalucia.es\/ceipelcolorado\/files\/2022\/08\/foto-1024x768.jpg 1024w, https:\/\/blogsaverroes.juntadeandalucia.es\/ceipelcolorado\/files\/2022\/08\/foto-768x576.jpg 768w, https:\/\/blogsaverroes.juntadeandalucia.es\/ceipelcolorado\/files\/2022\/08\/foto-1536x1152.jpg 1536w, https:\/\/blogsaverroes.juntadeandalucia.es\/ceipelcolorado\/files\/2022\/08\/foto-2048x1536.jpg 2048w\" sizes=\"(max-width: 300px) 100vw, 300px\" \/><\/a><\/p>\n<p style=\"text-align: center\"><a href=\"https:\/\/www.juntadeandalucia.es\/educacion\/senecav2\/seneca\/biblioweb\/index\/\" target=\"_blank\" rel=\"noopener noreferrer\"><span style=\"color: #ff9900\"><strong><span style=\"font-family: verdana, geneva, sans-serif\">Acceso a la red andaluza de bibliotecas escolares<\/span><\/strong><\/span><\/a><\/p>\n<p style=\"text-align: left\"><a href=\"http:\/\/https:\/\/www.juntadeandalucia.es\/educacion\/senecav2\/seneca\/biblioweb\/index\/\" target=\"_blank\" rel=\"noopener noreferrer\"><img loading=\"lazy\" decoding=\"async\" class=\"aligncenter wp-image-646 size-medium\" src=\"https:\/\/blogsaverroes.juntadeandalucia.es\/ceipelcolorado\/files\/2022\/08\/logo-biblioweb1-300x85.png\" alt=\"\" width=\"300\" height=\"85\" srcset=\"https:\/\/blogsaverroes.juntadeandalucia.es\/ceipelcolorado\/files\/2022\/08\/logo-biblioweb1-300x85.png 300w, https:\/\/blogsaverroes.juntadeandalucia.es\/ceipelcolorado\/files\/2022\/08\/logo-biblioweb1-768x217.png 768w, https:\/\/blogsaverroes.juntadeandalucia.es\/ceipelcolorado\/files\/2022\/08\/logo-biblioweb1.png 982w\" sizes=\"(max-width: 300px) 100vw, 300px\" \/><\/a><\/p>\n<p>&nbsp;<\/p>\n<\/div>\n<p>&nbsp;<\/p>\n","protected":false},"excerpt":{"rendered":"<p>DONACIONES A NUESTRA BIBLIOTECA. &nbsp;GRACIAS POR VUESTRA COLABORACI\u00d3N &nbsp; Hola a tod@s, nos est\u00e1n llegando muchas donaciones de libros tanto de familias, maestras del centro, as\u00ed como de Santillana. Desde aqu\u00ed nos gustar\u00eda agradecer esas donaciones, gracias a ellas nuestra biblioteca responde cada vez m\u00e1s a las necesidades y gustos del alumnado. Adem\u00e1s, este hecho [&hellip;]<\/p>\n","protected":false},"author":15498,"featured_media":0,"parent":0,"menu_order":0,"comment_status":"closed","ping_status":"closed","template":"","meta":{"_et_pb_use_builder":"on","_et_pb_old_content":"","_et_gb_content_width":"","ngg_post_thumbnail":0,"footnotes":"","_mc_calendar":[]},"aioseo_notices":[],"_links":{"self":[{"href":"https:\/\/blogsaverroes.juntadeandalucia.es\/ceipelcolorado\/wp-json\/wp\/v2\/pages\/35"}],"collection":[{"href":"https:\/\/blogsaverroes.juntadeandalucia.es\/ceipelcolorado\/wp-json\/wp\/v2\/pages"}],"about":[{"href":"https:\/\/blogsaverroes.juntadeandalucia.es\/ceipelcolorado\/wp-json\/wp\/v2\/types\/page"}],"author":[{"embeddable":true,"href":"https:\/\/blogsaverroes.juntadeandalucia.es\/ceipelcolorado\/wp-json\/wp\/v2\/users\/15498"}],"replies":[{"embeddable":true,"href":"https:\/\/blogsaverroes.juntadeandalucia.es\/ceipelcolorado\/wp-json\/wp\/v2\/comments?post=35"}],"version-history":[{"count":14,"href":"https:\/\/blogsaverroes.juntadeandalucia.es\/ceipelcolorado\/wp-json\/wp\/v2\/pages\/35\/revisions"}],"predecessor-version":[{"id":797,"href":"https:\/\/blogsaverroes.juntadeandalucia.es\/ceipelcolorado\/wp-json\/wp\/v2\/pages\/35\/revisions\/797"}],"wp:attachment":[{"href":"https:\/\/blogsaverroes.juntadeandalucia.es\/ceipelcolorado\/wp-json\/wp\/v2\/media?parent=35"}],"curies":[{"name":"wp","href":"https:\/\/api.w.org\/{rel}","templated":true}]}}