{"id":39,"date":"2020-01-09T12:44:11","date_gmt":"2020-01-09T11:44:11","guid":{"rendered":"http:\/\/blogsaverroes.juntadeandalucia.es\/pre\/nuevoceip2v2\/?page_id=39"},"modified":"2022-08-22T10:18:27","modified_gmt":"2022-08-22T09:18:27","slug":"comedor-escolar","status":"publish","type":"page","link":"https:\/\/blogsaverroes.juntadeandalucia.es\/ceipelcolorado\/comedor-escolar\/","title":{"rendered":"COMEDOR ESCOLAR"},"content":{"rendered":"<p><span style=\"font-family: verdana, geneva, sans-serif\">Este servicio se ofrecer\u00e1 desde la terminaci\u00f3n de las clases a las 14:00 horas hasta las 16:00 horas, organizando no solo el tiempo de la comida sino tambi\u00e9n la atenci\u00f3n del alumnado en los tiempos anteriores y posteriores a la comida.<br \/>\nEl comedor escolar deber\u00e1 cumplir con todas las exigencias establecidas en materia de seguridad e higiene, Real Decreto 640\/2006, de 26 de mayo y Real Decreto 3484\/2000, de 29 de diciembre.<br \/>\nLa modalidad que se lleva a cabo en nuestro centro para la prestaci\u00f3n del servicio es mediante la contrataci\u00f3n de dicho servicio a una empresa del sector.<br \/>\nEn los men\u00fas deber\u00e1n tenerse en cuenta las recomendaciones y las orientaciones diet\u00e9ticas de la Consejer\u00eda competente en la materia y la programaci\u00f3n de los men\u00fas deber\u00e1 estar expuesta en el tabl\u00f3n de anuncios y se entregar\u00e1 a las familias a fin de que la conozcan y puedan completar el r\u00e9gimen alimenticio de sus hijos\/as de una forma saludable y equilibrada.<br \/>\nEl men\u00fa ser\u00e1 el mismo para todos los comensales que hagan uso del servicio. No obstante, se ofrecer\u00e1n men\u00fas alternativos para aquel alumnado del centro que, por problemas de salud, intolerancia a algunos alimentos u otras circunstancias debidamente justificadas requiera un men\u00fa especial.<br \/>\nLa atenci\u00f3n del alumnado se llevar\u00e1 a cabo por personal externo. Sus funciones ser\u00edan:<br \/>\n\u2022 Atender y custodiar al alumnado durante la comida, tiempo anterior y posterior a la misma, as\u00ed como durante el traslado del alumnado desde sus aulas al comedor.<br \/>\n\u2022 Resolver las incidencias que pudieran presentarse.<br \/>\n\u2022 Prestar atenci\u00f3n a la labor educativa del comedor: h\u00e1bitos saludables, higi\u00e9nicos y correcta utilizaci\u00f3n del menaje.<br \/>\n\u2022 Cualquier otra que sea encomendada por la direcci\u00f3n del centro para el mejor funcionamiento.<br \/>\nLa ratio del personal de atenci\u00f3n al alumnado ser\u00e1:<br \/>\n\u2022 Infantil, por cada 15 comensales o fracci\u00f3n superior a diez, una persona.<br \/>\n\u2022 Primaria, por cada 25 comensales o fracci\u00f3n superior a 15, una persona.<br \/>\n\u2022 En todo caso, el n\u00famero de personas para la atenci\u00f3n al alumnado ser\u00e1 de dos como m\u00ednimo.<br \/>\n\u2022 Para la atenci\u00f3n al alumnado en los tiempos anteriores y posteriores a la comida, el n\u00famero m\u00ednimo de personas ser\u00e1 el establecido para la vigilancia de los recreos, es decir, 1 persona por cada dos grupos.<br \/>\nLa persona que ejerce la secretar\u00eda del centro tendr\u00e1 derecho, por el desempe\u00f1o de las tareas administrativas, y la responsabilidad de controlar el correcto funcionamiento de dicho servicio, al uso gratuito del mismo y a la gratificaci\u00f3n por servicios extraordinarios.<br \/>\nPor otro lado, tendr\u00e1 derecho al uso gratuito del comedor escolar el personal laboral del centro cuyo convenio colectivo tenga recogida la funci\u00f3n de atender al alumnado en el comedor escolar y la desempe\u00f1e.<br \/>\n<\/span><\/p>\n<p style=\"text-align: left\"><strong><span style=\"font-family: verdana, geneva, sans-serif\"><br \/>\n<\/span> <\/strong><\/p>\n<p style=\"text-align: center\"><span style=\"font-family: verdana, geneva, sans-serif\">&nbsp;<\/span><\/p>\n<p style=\"text-align: center\"><strong>Tr\u00e1mite de solicitud v\u00eda Internet<\/strong><a href=\"https:\/\/www.juntadeandalucia.es\/educacion\/secretariavirtual\/\" target=\"_blank\" rel=\"noopener noreferrer\"><img loading=\"lazy\" decoding=\"async\" class=\"aligncenter wp-image-722\" src=\"https:\/\/blogsaverroes.juntadeandalucia.es\/ceipelcolorado\/files\/2022\/08\/boton-de-poliester-estrella-verde-claro-24_453259_026-300x300.jpg\" alt=\"\" width=\"75\" height=\"75\" srcset=\"https:\/\/blogsaverroes.juntadeandalucia.es\/ceipelcolorado\/files\/2022\/08\/boton-de-poliester-estrella-verde-claro-24_453259_026-300x300.jpg 300w, https:\/\/blogsaverroes.juntadeandalucia.es\/ceipelcolorado\/files\/2022\/08\/boton-de-poliester-estrella-verde-claro-24_453259_026-150x150.jpg 150w, https:\/\/blogsaverroes.juntadeandalucia.es\/ceipelcolorado\/files\/2022\/08\/boton-de-poliester-estrella-verde-claro-24_453259_026-246x246.jpg 246w, https:\/\/blogsaverroes.juntadeandalucia.es\/ceipelcolorado\/files\/2022\/08\/boton-de-poliester-estrella-verde-claro-24_453259_026-520x520.jpg 520w, https:\/\/blogsaverroes.juntadeandalucia.es\/ceipelcolorado\/files\/2022\/08\/boton-de-poliester-estrella-verde-claro-24_453259_026-185x185.jpg 185w, https:\/\/blogsaverroes.juntadeandalucia.es\/ceipelcolorado\/files\/2022\/08\/boton-de-poliester-estrella-verde-claro-24_453259_026-220x220.jpg 220w, https:\/\/blogsaverroes.juntadeandalucia.es\/ceipelcolorado\/files\/2022\/08\/boton-de-poliester-estrella-verde-claro-24_453259_026-60x60.jpg 60w, https:\/\/blogsaverroes.juntadeandalucia.es\/ceipelcolorado\/files\/2022\/08\/boton-de-poliester-estrella-verde-claro-24_453259_026-384x384.jpg 384w, https:\/\/blogsaverroes.juntadeandalucia.es\/ceipelcolorado\/files\/2022\/08\/boton-de-poliester-estrella-verde-claro-24_453259_026.jpg 600w\" sizes=\"(max-width: 75px) 100vw, 75px\" \/><\/a><strong>Tr\u00e1mite de solicitud v\u00eda presencial<\/strong><\/p>\n<p><a href=\"https:\/\/blogsaverroes.juntadeandalucia.es\/ceipelcolorado\/files\/2022\/08\/solicitud-complementarias.pdf\" target=\"_blank\" rel=\"noopener noreferrer\"><img loading=\"lazy\" decoding=\"async\" class=\"aligncenter wp-image-724\" src=\"https:\/\/blogsaverroes.juntadeandalucia.es\/ceipelcolorado\/files\/2022\/08\/boton-amarillo-300x300.png\" alt=\"\" width=\"55\" height=\"55\" srcset=\"https:\/\/blogsaverroes.juntadeandalucia.es\/ceipelcolorado\/files\/2022\/08\/boton-amarillo-300x300.png 300w, https:\/\/blogsaverroes.juntadeandalucia.es\/ceipelcolorado\/files\/2022\/08\/boton-amarillo-150x150.png 150w, https:\/\/blogsaverroes.juntadeandalucia.es\/ceipelcolorado\/files\/2022\/08\/boton-amarillo-768x768.png 768w, https:\/\/blogsaverroes.juntadeandalucia.es\/ceipelcolorado\/files\/2022\/08\/boton-amarillo-246x246.png 246w, https:\/\/blogsaverroes.juntadeandalucia.es\/ceipelcolorado\/files\/2022\/08\/boton-amarillo-520x520.png 520w, https:\/\/blogsaverroes.juntadeandalucia.es\/ceipelcolorado\/files\/2022\/08\/boton-amarillo-185x185.png 185w, https:\/\/blogsaverroes.juntadeandalucia.es\/ceipelcolorado\/files\/2022\/08\/boton-amarillo-220x220.png 220w, https:\/\/blogsaverroes.juntadeandalucia.es\/ceipelcolorado\/files\/2022\/08\/boton-amarillo-60x60.png 60w, https:\/\/blogsaverroes.juntadeandalucia.es\/ceipelcolorado\/files\/2022\/08\/boton-amarillo-384x384.png 384w, https:\/\/blogsaverroes.juntadeandalucia.es\/ceipelcolorado\/files\/2022\/08\/boton-amarillo.png 800w\" sizes=\"(max-width: 55px) 100vw, 55px\" \/><\/a><\/p>\n<p style=\"text-align: center\"><strong>Tr\u00e1mite de solicitud de bonificaci\u00f3n v\u00eda presencial<\/strong><\/p>\n<p style=\"text-align: center\"><a href=\"https:\/\/blogsaverroes.juntadeandalucia.es\/ceipelcolorado\/files\/2022\/08\/solicitud-bonificacion-complementarias.pdf\" target=\"_blank\" rel=\"noopener noreferrer\"><img loading=\"lazy\" decoding=\"async\" class=\"aligncenter wp-image-728\" src=\"https:\/\/blogsaverroes.juntadeandalucia.es\/ceipelcolorado\/files\/2022\/08\/R-296x300.png\" alt=\"\" width=\"53\" height=\"54\" srcset=\"https:\/\/blogsaverroes.juntadeandalucia.es\/ceipelcolorado\/files\/2022\/08\/R-296x300.png 296w, https:\/\/blogsaverroes.juntadeandalucia.es\/ceipelcolorado\/files\/2022\/08\/R-150x150.png 150w, https:\/\/blogsaverroes.juntadeandalucia.es\/ceipelcolorado\/files\/2022\/08\/R-246x246.png 246w, https:\/\/blogsaverroes.juntadeandalucia.es\/ceipelcolorado\/files\/2022\/08\/R-520x520.png 520w, https:\/\/blogsaverroes.juntadeandalucia.es\/ceipelcolorado\/files\/2022\/08\/R-185x185.png 185w, https:\/\/blogsaverroes.juntadeandalucia.es\/ceipelcolorado\/files\/2022\/08\/R-220x220.png 220w, https:\/\/blogsaverroes.juntadeandalucia.es\/ceipelcolorado\/files\/2022\/08\/R-60x60.png 60w, https:\/\/blogsaverroes.juntadeandalucia.es\/ceipelcolorado\/files\/2022\/08\/R-384x384.png 384w, https:\/\/blogsaverroes.juntadeandalucia.es\/ceipelcolorado\/files\/2022\/08\/R.png 731w\" sizes=\"(max-width: 53px) 100vw, 53px\" \/><\/a><\/p>\n<p>&nbsp;<\/p>\n<p style=\"text-align: center\"><strong>Descargue aqu\u00ed el Men\u00fa del Mes:<\/strong><\/p>\n<p style=\"text-align: center\"><a href=\"https:\/\/blogsaverroes.juntadeandalucia.es\/ceipelcolorado\/files\/2022\/08\/men\u00fa.jpg\" target=\"_blank\" rel=\"noopener noreferrer\"><img loading=\"lazy\" decoding=\"async\" class=\"aligncenter wp-image-667\" src=\"https:\/\/blogsaverroes.juntadeandalucia.es\/ceipelcolorado\/files\/2022\/08\/men\u00fa-150x150.jpg\" alt=\"icono menu\" width=\"66\" height=\"66\" srcset=\"https:\/\/blogsaverroes.juntadeandalucia.es\/ceipelcolorado\/files\/2022\/08\/men\u00fa-150x150.jpg 150w, https:\/\/blogsaverroes.juntadeandalucia.es\/ceipelcolorado\/files\/2022\/08\/men\u00fa-474x474.jpg 474w, https:\/\/blogsaverroes.juntadeandalucia.es\/ceipelcolorado\/files\/2022\/08\/men\u00fa-246x246.jpg 246w, https:\/\/blogsaverroes.juntadeandalucia.es\/ceipelcolorado\/files\/2022\/08\/men\u00fa-185x185.jpg 185w, https:\/\/blogsaverroes.juntadeandalucia.es\/ceipelcolorado\/files\/2022\/08\/men\u00fa-220x220.jpg 220w, https:\/\/blogsaverroes.juntadeandalucia.es\/ceipelcolorado\/files\/2022\/08\/men\u00fa-60x60.jpg 60w, https:\/\/blogsaverroes.juntadeandalucia.es\/ceipelcolorado\/files\/2022\/08\/men\u00fa-384x384.jpg 384w\" sizes=\"(max-width: 66px) 100vw, 66px\" \/><\/a><\/p>\n","protected":false},"excerpt":{"rendered":"<p>Este servicio se ofrecer\u00e1 desde la terminaci\u00f3n de las clases a las 14:00 horas hasta las 16:00 horas, organizando no solo el tiempo de la comida sino tambi\u00e9n la atenci\u00f3n del alumnado en los tiempos anteriores y posteriores a la comida. El comedor escolar deber\u00e1 cumplir con todas las exigencias establecidas en materia de seguridad [&hellip;]<\/p>\n","protected":false},"author":15498,"featured_media":0,"parent":0,"menu_order":0,"comment_status":"closed","ping_status":"closed","template":"","meta":{"_et_pb_use_builder":"on","_et_pb_old_content":"","_et_gb_content_width":"","ngg_post_thumbnail":0,"footnotes":"","_mc_calendar":[]},"aioseo_notices":[],"_links":{"self":[{"href":"https:\/\/blogsaverroes.juntadeandalucia.es\/ceipelcolorado\/wp-json\/wp\/v2\/pages\/39"}],"collection":[{"href":"https:\/\/blogsaverroes.juntadeandalucia.es\/ceipelcolorado\/wp-json\/wp\/v2\/pages"}],"about":[{"href":"https:\/\/blogsaverroes.juntadeandalucia.es\/ceipelcolorado\/wp-json\/wp\/v2\/types\/page"}],"author":[{"embeddable":true,"href":"https:\/\/blogsaverroes.juntadeandalucia.es\/ceipelcolorado\/wp-json\/wp\/v2\/users\/15498"}],"replies":[{"embeddable":true,"href":"https:\/\/blogsaverroes.juntadeandalucia.es\/ceipelcolorado\/wp-json\/wp\/v2\/comments?post=39"}],"version-history":[{"count":16,"href":"https:\/\/blogsaverroes.juntadeandalucia.es\/ceipelcolorado\/wp-json\/wp\/v2\/pages\/39\/revisions"}],"predecessor-version":[{"id":784,"href":"https:\/\/blogsaverroes.juntadeandalucia.es\/ceipelcolorado\/wp-json\/wp\/v2\/pages\/39\/revisions\/784"}],"wp:attachment":[{"href":"https:\/\/blogsaverroes.juntadeandalucia.es\/ceipelcolorado\/wp-json\/wp\/v2\/media?parent=39"}],"curies":[{"name":"wp","href":"https:\/\/api.w.org\/{rel}","templated":true}]}}