{"id":55,"date":"2020-01-09T12:48:16","date_gmt":"2020-01-09T11:48:16","guid":{"rendered":"http:\/\/blogsaverroes.juntadeandalucia.es\/pre\/nuevoceip2v2\/?page_id=55"},"modified":"2023-01-11T12:38:14","modified_gmt":"2023-01-11T11:38:14","slug":"planes-y-proyectos","status":"publish","type":"page","link":"https:\/\/blogsaverroes.juntadeandalucia.es\/ceipelcolorado\/planes-y-proyectos\/","title":{"rendered":"Planes y Proyectos"},"content":{"rendered":"<p>En la actualidad el centro educativo El Colorado participa en los siguientes proyectos y planes, pueden tener mayor informaci\u00f3n accediendo directamente en la entrada o dirigi\u00e9ndose directamente al men\u00fa:<\/p>\n<p>Plan de Apertura: <a title=\"Aula matinal\" href=\"https:\/\/blogsaverroes.juntadeandalucia.es\/ceipelcolorado\/aula-matinal\/\">Aula Matinal<\/a>, <a title=\"Comedor escolar\" href=\"https:\/\/blogsaverroes.juntadeandalucia.es\/ceipelcolorado\/comedor-escolar\/\">Comedor Escolar<\/a> y <a title=\"Actividades extraescolares\" href=\"https:\/\/blogsaverroes.juntadeandalucia.es\/ceipelcolorado\/actividades-extraescolares\/\">Actividades Extraescolares<\/a><\/p>\n<p><a title=\"Escuela: Espacio de Paz\" href=\"https:\/\/blogsaverroes.juntadeandalucia.es\/ceipelcolorado\/planes-y-proyectos\/escuela-espacio-de-paz\/\">Escuela: Espacio de Paz<\/a><\/p>\n<p><a title=\"EcoEscuela\" href=\"https:\/\/blogsaverroes.juntadeandalucia.es\/ceipelcolorado\/planes-y-proyectos\/ecoescuela\/\">Ecoescuela<\/a><\/p>\n<p><a title=\"Plan de Atenci\u00f3n a la Diversidad\" href=\"https:\/\/blogsaverroes.juntadeandalucia.es\/ceipelcolorado\/plan-de-atencion-a-la-diversidad\/\">Plan de Atenci\u00f3n a la Diversidad<\/a><\/p>\n<p><a title=\"PLAN DE ORIENTACI\u00d3N Y ACCI\u00d3N TUTORIAL (P.O.A.T.)\" href=\"https:\/\/blogsaverroes.juntadeandalucia.es\/ceipelcolorado\/plan-de-orientacion-y-accion-tutorial-p-o-a-t\/\">Plan de Orientaci\u00f3n y Acci\u00f3n Tutorial (P.O.A.T.)<\/a><\/p>\n<p><a href=\"https:\/\/blogsaverroes.juntadeandalucia.es\/ceipelcolorado\/comunica\/\">Comunica<\/a><\/p>\n<p>&nbsp;<\/p>\n","protected":false},"excerpt":{"rendered":"<p>En la actualidad el centro educativo El Colorado participa en los siguientes proyectos y planes, pueden tener mayor informaci\u00f3n accediendo directamente en la entrada o dirigi\u00e9ndose directamente al men\u00fa: Plan de Apertura: Aula Matinal, Comedor Escolar y Actividades Extraescolares Escuela: Espacio de Paz Ecoescuela Plan de Atenci\u00f3n a la Diversidad Plan de Orientaci\u00f3n y Acci\u00f3n [&hellip;]<\/p>\n","protected":false},"author":15498,"featured_media":0,"parent":0,"menu_order":0,"comment_status":"closed","ping_status":"closed","template":"","meta":{"_et_pb_use_builder":"on","_et_pb_old_content":"","_et_gb_content_width":"","ngg_post_thumbnail":0,"footnotes":"","_mc_calendar":[]},"aioseo_notices":[],"_links":{"self":[{"href":"https:\/\/blogsaverroes.juntadeandalucia.es\/ceipelcolorado\/wp-json\/wp\/v2\/pages\/55"}],"collection":[{"href":"https:\/\/blogsaverroes.juntadeandalucia.es\/ceipelcolorado\/wp-json\/wp\/v2\/pages"}],"about":[{"href":"https:\/\/blogsaverroes.juntadeandalucia.es\/ceipelcolorado\/wp-json\/wp\/v2\/types\/page"}],"author":[{"embeddable":true,"href":"https:\/\/blogsaverroes.juntadeandalucia.es\/ceipelcolorado\/wp-json\/wp\/v2\/users\/15498"}],"replies":[{"embeddable":true,"href":"https:\/\/blogsaverroes.juntadeandalucia.es\/ceipelcolorado\/wp-json\/wp\/v2\/comments?post=55"}],"version-history":[{"count":11,"href":"https:\/\/blogsaverroes.juntadeandalucia.es\/ceipelcolorado\/wp-json\/wp\/v2\/pages\/55\/revisions"}],"predecessor-version":[{"id":812,"href":"https:\/\/blogsaverroes.juntadeandalucia.es\/ceipelcolorado\/wp-json\/wp\/v2\/pages\/55\/revisions\/812"}],"wp:attachment":[{"href":"https:\/\/blogsaverroes.juntadeandalucia.es\/ceipelcolorado\/wp-json\/wp\/v2\/media?parent=55"}],"curies":[{"name":"wp","href":"https:\/\/api.w.org\/{rel}","templated":true}]}}