{"id":764,"date":"2022-08-19T11:38:57","date_gmt":"2022-08-19T10:38:57","guid":{"rendered":"https:\/\/blogsaverroes.juntadeandalucia.es\/ceipelcolorado\/?page_id=764"},"modified":"2022-08-19T11:43:14","modified_gmt":"2022-08-19T10:43:14","slug":"plan-transformacion-digital-educativa","status":"publish","type":"page","link":"https:\/\/blogsaverroes.juntadeandalucia.es\/ceipelcolorado\/plan-transformacion-digital-educativa\/","title":{"rendered":"PLAN TRANSFORMACI\u00d3N DIGITAL EDUCATIVA"},"content":{"rendered":"<p>El concepto de transformaci\u00f3n digital educativa (TDE) incluye el conjunto de actuaciones orientadas a la mejora y modernizaci\u00f3n de los procesos, los procedimientos, los h\u00e1bitos y comportamientos de las organizaciones educativas y de las personas que, haciendo uso de las tecnolog\u00edas digitales, mejoren su capacidad de hacer frente a los retos de la sociedad actual. Todo ello redundar\u00e1 en la mejora de un aprendizaje competencial, en la mejora de la experiencia, de los resultados de aprendizaje y en un refuerzo de la equidad, a cuyo servicio se supedita dicha transformaci\u00f3n, encuadrada dentro de los Marcos de Referencia Europeos relativos a la competencia digital (DigCompOrg, DigCompEdu y DigComp).<br \/>\nEsta transformaci\u00f3n digital engloba tres \u00e1mbitos de actuaci\u00f3n, el de organizaci\u00f3n y gesti\u00f3n de los centros docentes, el de los procesos de ense\u00f1anza-aprendizaje, y el de la informaci\u00f3n y comunicaci\u00f3n, tanto interna como externa.<\/p>\n<p>Plataformas de Aula Virtual.<br \/>\nLa plataforma educativa <a href=\"https:\/\/www.juntadeandalucia.es\/educacion\/portals\/web\/transformacion-digital-educativa\/moodle-centros\" target=\"_blank\" rel=\"noopener noreferrer\">Moodle Centros<\/a> alojada en los servidores centrales de la Consejer\u00eda de Educaci\u00f3n y Deporte estar\u00e1 a disposici\u00f3n de todos los centros docentes p\u00fablicos de Andaluc\u00eda para facilitar el entorno digital de aprendizaje durante el curso.<\/p>\n<p>Para facilitar la creaci\u00f3n y uso de recursos educativos digitales los centros tienen a su disposici\u00f3n el espacio web eAprendizaje:<br \/>\n(<a href=\"https:\/\/www.juntadeandalucia.es\/educacion\/eaprendizaje\" target=\"_blank\" rel=\"noopener noreferrer\">https:\/\/www.juntadeandalucia.es\/educacion\/eaprendizaje<\/a>).<\/p>\n","protected":false},"excerpt":{"rendered":"<p>El concepto de transformaci\u00f3n digital educativa (TDE) incluye el conjunto de actuaciones orientadas a la mejora y modernizaci\u00f3n de los procesos, los procedimientos, los h\u00e1bitos y comportamientos de las organizaciones educativas y de las personas que, haciendo uso de las tecnolog\u00edas digitales, mejoren su capacidad de hacer frente a los retos de la sociedad actual. [&hellip;]<\/p>\n","protected":false},"author":15498,"featured_media":0,"parent":0,"menu_order":0,"comment_status":"closed","ping_status":"closed","template":"","meta":{"_et_pb_use_builder":"","_et_pb_old_content":"","_et_gb_content_width":"","ngg_post_thumbnail":0,"footnotes":"","_mc_calendar":[]},"aioseo_notices":[],"_links":{"self":[{"href":"https:\/\/blogsaverroes.juntadeandalucia.es\/ceipelcolorado\/wp-json\/wp\/v2\/pages\/764"}],"collection":[{"href":"https:\/\/blogsaverroes.juntadeandalucia.es\/ceipelcolorado\/wp-json\/wp\/v2\/pages"}],"about":[{"href":"https:\/\/blogsaverroes.juntadeandalucia.es\/ceipelcolorado\/wp-json\/wp\/v2\/types\/page"}],"author":[{"embeddable":true,"href":"https:\/\/blogsaverroes.juntadeandalucia.es\/ceipelcolorado\/wp-json\/wp\/v2\/users\/15498"}],"replies":[{"embeddable":true,"href":"https:\/\/blogsaverroes.juntadeandalucia.es\/ceipelcolorado\/wp-json\/wp\/v2\/comments?post=764"}],"version-history":[{"count":2,"href":"https:\/\/blogsaverroes.juntadeandalucia.es\/ceipelcolorado\/wp-json\/wp\/v2\/pages\/764\/revisions"}],"predecessor-version":[{"id":767,"href":"https:\/\/blogsaverroes.juntadeandalucia.es\/ceipelcolorado\/wp-json\/wp\/v2\/pages\/764\/revisions\/767"}],"wp:attachment":[{"href":"https:\/\/blogsaverroes.juntadeandalucia.es\/ceipelcolorado\/wp-json\/wp\/v2\/media?parent=764"}],"curies":[{"name":"wp","href":"https:\/\/api.w.org\/{rel}","templated":true}]}}