{"id":806,"date":"2022-12-01T17:51:33","date_gmt":"2022-12-01T16:51:33","guid":{"rendered":"https:\/\/blogsaverroes.juntadeandalucia.es\/ceipelcolorado\/?page_id=806"},"modified":"2022-12-01T17:51:33","modified_gmt":"2022-12-01T16:51:33","slug":"comunica","status":"publish","type":"page","link":"https:\/\/blogsaverroes.juntadeandalucia.es\/ceipelcolorado\/comunica\/","title":{"rendered":"COMUNICA"},"content":{"rendered":"<p><em>ComunicA<\/em>&nbsp;es un Programa para la Innovaci\u00f3n Educativa que presenta una visi\u00f3n integradora de las tipolog\u00edas textuales como manifestaci\u00f3n cultural, ling\u00fc\u00edstica, est\u00e9tica, social, \u00e9tica e individual que se vinculan con las competencias clave y las nuevas metodolog\u00edas educativas.<\/p>\n<p>Tiene como objetivo primordial ofrecer estrategias y recursos metodol\u00f3gicos que puedan complementar el curr\u00edculum escolar con medidas de apoyo para la mejora de la lectura, la escritura y la lengua oral.<\/p>\n<p>Para ello establece cuatro l\u00edneas de intervenci\u00f3n: oralidad, lectura &#8211; escritura funcional, lectura &#8211; escritura creativa y alfabetizaci\u00f3n audiovisual. Para cada una de esta l\u00edneas el programa propone una serie de actividades y sugerencias did\u00e1cticas que se pueden modificar, adaptar y contextualizar.<\/p>\n<p>Los recursos de&nbsp;<em>ComunicA<\/em>&nbsp;han sido dise\u00f1ados principalmente para la mejora de la competencia en comunicaci\u00f3n ling\u00fc\u00edstica del alumnado y para el disfrute de la lectura en el aula, sin olvidar las posibilidades que ofrece para el desarrollo de otras competencias claves como la Competencia digital, Aprender a aprender, Competencias sociales y c\u00edvicas o Conciencia y expresiones culturales.<\/p>\n<p>Tambi\u00e9n propone modelos de referencia con la intenci\u00f3n de crear un proyecto que establezca la mejora de la competencia ling\u00fc\u00edstica del alumnado atendiendo a las l\u00edneas de intervenci\u00f3n establecidas por&nbsp;<em>ComunicA<\/em>.<\/p>\n<p>Los centros pueden construir sus proyectos utilizando y contextualizando cuantas actividades consideren oportunas de una u otra l\u00ednea o de uno u otro proyecto modelo.<\/p>\n<p><em>ComunicA<\/em>&nbsp;propone una metodolog\u00eda participativa, partiendo del enfoque comunicativo y el aprendizaje contextualizado, el Trabajo basado en Proyectos y\/o Problemas y en la interdisciplinaridad, y da cabida a propuestas como la clase invertida (flipped classroom), la gamificaci\u00f3n&nbsp; u otras que pueden resultar productivas.<\/p>\n<p>Los criterios de evaluaci\u00f3n y las competencias clave se presentan como referentes de la evaluaci\u00f3n, en la que se utilizan las r\u00fabricas como instrumento habitual.<\/p>\n","protected":false},"excerpt":{"rendered":"<p>ComunicA&nbsp;es un Programa para la Innovaci\u00f3n Educativa que presenta una visi\u00f3n integradora de las tipolog\u00edas textuales como manifestaci\u00f3n cultural, ling\u00fc\u00edstica, est\u00e9tica, social, \u00e9tica e individual que se vinculan con las competencias clave y las nuevas metodolog\u00edas educativas. Tiene como objetivo primordial ofrecer estrategias y recursos metodol\u00f3gicos que puedan complementar el curr\u00edculum escolar con medidas de [&hellip;]<\/p>\n","protected":false},"author":15498,"featured_media":0,"parent":0,"menu_order":0,"comment_status":"closed","ping_status":"closed","template":"","meta":{"_et_pb_use_builder":"","_et_pb_old_content":"","_et_gb_content_width":"","ngg_post_thumbnail":0,"footnotes":"","_mc_calendar":[]},"aioseo_notices":[],"_links":{"self":[{"href":"https:\/\/blogsaverroes.juntadeandalucia.es\/ceipelcolorado\/wp-json\/wp\/v2\/pages\/806"}],"collection":[{"href":"https:\/\/blogsaverroes.juntadeandalucia.es\/ceipelcolorado\/wp-json\/wp\/v2\/pages"}],"about":[{"href":"https:\/\/blogsaverroes.juntadeandalucia.es\/ceipelcolorado\/wp-json\/wp\/v2\/types\/page"}],"author":[{"embeddable":true,"href":"https:\/\/blogsaverroes.juntadeandalucia.es\/ceipelcolorado\/wp-json\/wp\/v2\/users\/15498"}],"replies":[{"embeddable":true,"href":"https:\/\/blogsaverroes.juntadeandalucia.es\/ceipelcolorado\/wp-json\/wp\/v2\/comments?post=806"}],"version-history":[{"count":1,"href":"https:\/\/blogsaverroes.juntadeandalucia.es\/ceipelcolorado\/wp-json\/wp\/v2\/pages\/806\/revisions"}],"predecessor-version":[{"id":807,"href":"https:\/\/blogsaverroes.juntadeandalucia.es\/ceipelcolorado\/wp-json\/wp\/v2\/pages\/806\/revisions\/807"}],"wp:attachment":[{"href":"https:\/\/blogsaverroes.juntadeandalucia.es\/ceipelcolorado\/wp-json\/wp\/v2\/media?parent=806"}],"curies":[{"name":"wp","href":"https:\/\/api.w.org\/{rel}","templated":true}]}}