{"id":1150,"date":"2025-01-21T18:04:34","date_gmt":"2025-01-21T17:04:34","guid":{"rendered":"https:\/\/blogsaverroes.juntadeandalucia.es\/ceipelioantoniodenebrija\/?page_id=1150"},"modified":"2025-05-28T13:09:59","modified_gmt":"2025-05-28T12:09:59","slug":"nuestro-centro","status":"publish","type":"page","link":"https:\/\/blogsaverroes.juntadeandalucia.es\/ceipelioantoniodenebrija\/nuestro-centro\/","title":{"rendered":"Nuestro centro"},"content":{"rendered":"<p><img fetchpriority=\"high\" decoding=\"async\" class=\" wp-image-1248 aligncenter\" src=\"https:\/\/blogsaverroes.juntadeandalucia.es\/ceipelioantoniodenebrija\/files\/2025\/05\/ceip-antigua1-700x300-1-300x129.jpg\" alt=\"\" width=\"826\" height=\"355\" srcset=\"https:\/\/blogsaverroes.juntadeandalucia.es\/ceipelioantoniodenebrija\/files\/2025\/05\/ceip-antigua1-700x300-1-300x129.jpg 300w, https:\/\/blogsaverroes.juntadeandalucia.es\/ceipelioantoniodenebrija\/files\/2025\/05\/ceip-antigua1-700x300-1.jpg 700w\" sizes=\"(max-width: 826px) 100vw, 826px\" \/><\/p>\n<p data-start=\"190\" data-end=\"532\"><strong data-start=\"190\" data-end=\"532\">Con m\u00e1s de 50 a\u00f1os de experiencia educativa, el CEIP Elio Antonio de Nebrija (Jerez) es mucho m\u00e1s que un centro es<\/strong><strong data-start=\"190\" data-end=\"532\">colar: es una comunidad educativa que pone el coraz\u00f3n en cada paso del aprendizaje. Creemos firmemente en una educaci\u00f3n completa, que no solo forma en conocimientos, sino que tambi\u00e9n cultiva valores, emociones y v\u00ednculos duraderos.<\/strong><\/p>\n<p data-start=\"534\" data-end=\"768\"><strong data-start=\"534\" data-end=\"768\">Nuestro compromiso con el alumnado va m\u00e1s all\u00e1 de lo acad\u00e9mico. Educamos desde el respeto, la cercan\u00eda y el afecto, sabiendo que solo cuando un ni\u00f1o o una ni\u00f1a se siente seguro, querido y escuchado, puede desarrollarse plenamente.<\/strong><\/p>\n<p data-start=\"770\" data-end=\"978\"><strong data-start=\"770\" data-end=\"978\">En este camino compartido, trabajamos cada d\u00eda por construir un futuro m\u00e1s justo, sostenible e igualitario, guiados por la convicci\u00f3n de que la educaci\u00f3n es la mejor herramienta para transformar el mundo. Porque educar es tambi\u00e9n cuidar, proteger y acompa\u00f1ar. Y en el CEIP Elio Antonio de Nebrija, l<\/strong><strong data-start=\"770\" data-end=\"978\">o hacemos con el coraz\u00f3n.<\/strong><\/p>\n","protected":false},"excerpt":{"rendered":"<p>Con m\u00e1s de 50 a\u00f1os de experiencia educativa, el CEIP Elio Antonio de Nebrija (Jerez) es mucho m\u00e1s que un centro escolar: es una comunidad educativa que pone el coraz\u00f3n en cada paso del&#46;&#46;&#46;<\/p>\n","protected":false},"author":8341,"featured_media":1248,"parent":0,"menu_order":0,"comment_status":"closed","ping_status":"closed","template":"","meta":{"ngg_post_thumbnail":0,"footnotes":""},"aioseo_notices":[],"_links":{"self":[{"href":"https:\/\/blogsaverroes.juntadeandalucia.es\/ceipelioantoniodenebrija\/wp-json\/wp\/v2\/pages\/1150"}],"collection":[{"href":"https:\/\/blogsaverroes.juntadeandalucia.es\/ceipelioantoniodenebrija\/wp-json\/wp\/v2\/pages"}],"about":[{"href":"https:\/\/blogsaverroes.juntadeandalucia.es\/ceipelioantoniodenebrija\/wp-json\/wp\/v2\/types\/page"}],"author":[{"embeddable":true,"href":"https:\/\/blogsaverroes.juntadeandalucia.es\/ceipelioantoniodenebrija\/wp-json\/wp\/v2\/users\/8341"}],"replies":[{"embeddable":true,"href":"https:\/\/blogsaverroes.juntadeandalucia.es\/ceipelioantoniodenebrija\/wp-json\/wp\/v2\/comments?post=1150"}],"version-history":[{"count":2,"href":"https:\/\/blogsaverroes.juntadeandalucia.es\/ceipelioantoniodenebrija\/wp-json\/wp\/v2\/pages\/1150\/revisions"}],"predecessor-version":[{"id":1277,"href":"https:\/\/blogsaverroes.juntadeandalucia.es\/ceipelioantoniodenebrija\/wp-json\/wp\/v2\/pages\/1150\/revisions\/1277"}],"wp:featuredmedia":[{"embeddable":true,"href":"https:\/\/blogsaverroes.juntadeandalucia.es\/ceipelioantoniodenebrija\/wp-json\/wp\/v2\/media\/1248"}],"wp:attachment":[{"href":"https:\/\/blogsaverroes.juntadeandalucia.es\/ceipelioantoniodenebrija\/wp-json\/wp\/v2\/media?parent=1150"}],"curies":[{"name":"wp","href":"https:\/\/api.w.org\/{rel}","templated":true}]}}