{"id":1229,"date":"2025-05-26T16:08:24","date_gmt":"2025-05-26T15:08:24","guid":{"rendered":"https:\/\/blogsaverroes.juntadeandalucia.es\/ceipelioantoniodenebrija\/?page_id=1229"},"modified":"2025-05-26T17:06:30","modified_gmt":"2025-05-26T16:06:30","slug":"plan-de-centro-2","status":"publish","type":"page","link":"https:\/\/blogsaverroes.juntadeandalucia.es\/ceipelioantoniodenebrija\/plan-de-centro-2\/","title":{"rendered":"Plan de centro"},"content":{"rendered":"<p data-start=\"402\" data-end=\"746\"><strong data-start=\"402\" data-end=\"746\"><img fetchpriority=\"high\" decoding=\"async\" class=\"wp-image-1254 aligncenter\" src=\"https:\/\/blogsaverroes.juntadeandalucia.es\/ceipelioantoniodenebrija\/files\/2025\/05\/plan-de-centro-300x175.png\" alt=\"\" width=\"430\" height=\"251\" srcset=\"https:\/\/blogsaverroes.juntadeandalucia.es\/ceipelioantoniodenebrija\/files\/2025\/05\/plan-de-centro-300x175.png 300w, https:\/\/blogsaverroes.juntadeandalucia.es\/ceipelioantoniodenebrija\/files\/2025\/05\/plan-de-centro.png 530w\" sizes=\"(max-width: 430px) 100vw, 430px\" \/><\/strong><\/p>\n<p data-start=\"402\" data-end=\"746\"><strong data-start=\"402\" data-end=\"746\">El Plan de Centro es el coraz\u00f3n que da vida a nuestro proyecto educativo. Es mucho m\u00e1s que un documento: es el reflejo de nuestros sue\u00f1os, valores y compromisos con la infancia. Dise\u00f1ado para guiar cada paso que damos como comunidad educativa, este plan apuesta por una educaci\u00f3n que ense\u00f1a con la cabeza, pero tambi\u00e9n educa con el coraz\u00f3n.<\/strong><\/p>\n<p data-start=\"748\" data-end=\"970\">Con una mirada pedag\u00f3gica innovadora y un enfoque profundamente humano, nuestro Plan de Centro promueve un aprendizaje activo, creativo y significativo, donde cada ni\u00f1a y cada ni\u00f1o se siente protagonista, valorado y capaz.<\/p>\n<p data-start=\"972\" data-end=\"1294\">Aqu\u00ed no solo ense\u00f1amos contenidos, <strong data-start=\"1007\" data-end=\"1040\">sino que acompa\u00f1amos personas<\/strong>. Creamos espacios seguros, afectivos y estimulantes, donde las emociones se reconocen, se gestionan y se convierten en aliadas del aprendizaje. Porque sabemos que cuando un ni\u00f1o se siente bien, aprende mejor. Y cuando se le escucha, crece con confianza.<\/p>\n<p data-start=\"1296\" data-end=\"1350\">Este Plan se estructura en tres pilares fundamentales:<\/p>\n<ul data-start=\"1352\" data-end=\"1911\">\n<li data-start=\"1352\" data-end=\"1545\">\n<p data-start=\"1354\" data-end=\"1545\">El <strong data-start=\"1357\" data-end=\"1379\">Proyecto Educativo<\/strong>, que define qui\u00e9nes somos, qu\u00e9 queremos conseguir y c\u00f3mo vamos a lograrlo, con especial atenci\u00f3n a la diversidad, la inclusi\u00f3n y el desarrollo integral del alumnado.<\/p>\n<\/li>\n<li data-start=\"1546\" data-end=\"1734\">\n<p data-start=\"1548\" data-end=\"1734\">El <strong data-start=\"1551\" data-end=\"1604\">Reglamento de Organizaci\u00f3n y Funcionamiento (ROF)<\/strong>, que establece normas claras, participativas y respetuosas para la convivencia, el trabajo en equipo y la vida diaria del centro.<\/p>\n<\/li>\n<li data-start=\"1735\" data-end=\"1911\">\n<p data-start=\"1737\" data-end=\"1911\">El <strong data-start=\"1740\" data-end=\"1763\">Proyecto de Gesti\u00f3n<\/strong>, que garantiza el uso eficaz y transparente de los recursos humanos, materiales y econ\u00f3micos, al servicio de una escuela viva y en mejora continua.<\/p>\n<\/li>\n<\/ul>\n<p data-start=\"1913\" data-end=\"2140\">Nuestro compromiso es firme: educar para la vida, desde el respeto, la empat\u00eda y la alegr\u00eda de aprender juntos. Construimos comunidad con las familias, el equipo docente y el entorno, sabiendo que educar es un viaje compartido.<\/p>\n<p data-start=\"2142\" data-end=\"2299\"><strong data-start=\"2142\" data-end=\"2299\">Este Plan es la br\u00fajula que orienta nuestra labor diaria, pero tambi\u00e9n la chispa que enciende la pasi\u00f3n por educar con sentido, con alma y con esperanza.<\/strong><\/p>\n","protected":false},"excerpt":{"rendered":"<p>El Plan de Centro es el coraz\u00f3n que da vida a nuestro proyecto educativo. Es mucho m\u00e1s que un documento: es el reflejo de nuestros sue\u00f1os, valores y compromisos con la infancia. Dise\u00f1ado para&#46;&#46;&#46;<\/p>\n","protected":false},"author":8341,"featured_media":1254,"parent":0,"menu_order":0,"comment_status":"closed","ping_status":"closed","template":"","meta":{"ngg_post_thumbnail":0,"footnotes":""},"aioseo_notices":[],"_links":{"self":[{"href":"https:\/\/blogsaverroes.juntadeandalucia.es\/ceipelioantoniodenebrija\/wp-json\/wp\/v2\/pages\/1229"}],"collection":[{"href":"https:\/\/blogsaverroes.juntadeandalucia.es\/ceipelioantoniodenebrija\/wp-json\/wp\/v2\/pages"}],"about":[{"href":"https:\/\/blogsaverroes.juntadeandalucia.es\/ceipelioantoniodenebrija\/wp-json\/wp\/v2\/types\/page"}],"author":[{"embeddable":true,"href":"https:\/\/blogsaverroes.juntadeandalucia.es\/ceipelioantoniodenebrija\/wp-json\/wp\/v2\/users\/8341"}],"replies":[{"embeddable":true,"href":"https:\/\/blogsaverroes.juntadeandalucia.es\/ceipelioantoniodenebrija\/wp-json\/wp\/v2\/comments?post=1229"}],"version-history":[{"count":3,"href":"https:\/\/blogsaverroes.juntadeandalucia.es\/ceipelioantoniodenebrija\/wp-json\/wp\/v2\/pages\/1229\/revisions"}],"predecessor-version":[{"id":1255,"href":"https:\/\/blogsaverroes.juntadeandalucia.es\/ceipelioantoniodenebrija\/wp-json\/wp\/v2\/pages\/1229\/revisions\/1255"}],"wp:featuredmedia":[{"embeddable":true,"href":"https:\/\/blogsaverroes.juntadeandalucia.es\/ceipelioantoniodenebrija\/wp-json\/wp\/v2\/media\/1254"}],"wp:attachment":[{"href":"https:\/\/blogsaverroes.juntadeandalucia.es\/ceipelioantoniodenebrija\/wp-json\/wp\/v2\/media?parent=1229"}],"curies":[{"name":"wp","href":"https:\/\/api.w.org\/{rel}","templated":true}]}}