{"id":1230,"date":"2025-05-26T16:08:24","date_gmt":"2025-05-26T15:08:24","guid":{"rendered":"https:\/\/blogsaverroes.juntadeandalucia.es\/ceipelioantoniodenebrija\/?page_id=1230"},"modified":"2025-05-27T09:10:42","modified_gmt":"2025-05-27T08:10:42","slug":"contacto","status":"publish","type":"page","link":"https:\/\/blogsaverroes.juntadeandalucia.es\/ceipelioantoniodenebrija\/contacto\/","title":{"rendered":"Contacto"},"content":{"rendered":"<h2 style=\"text-align: center\"><strong>CEIP ELIO ANTONIO DE NEBRIJA&nbsp;<\/strong><\/h2>\n<div>&nbsp;<\/div>\n<div><strong>C\u00f3digo de centro<\/strong>: 11006425<\/div>\n<div>&nbsp;<\/div>\n<div>\n<div><strong>Tel\u00e9fono: <\/strong>856811979<\/div>\n<div>&nbsp;<\/div>\n<div><strong>Correo<\/strong>&nbsp;<strong>electr\u00f3nico<\/strong>: 11006425.secretaria@g.educaand.es<\/div>\n<\/div>\n<div>&nbsp;<\/div>\n<div class=\"mb-1\"><strong>Direcci\u00f3n<\/strong>: Bda. de la Granja, s\/n CP. 11405 Jerez de la Frontera<\/div>\n<div>&nbsp;<\/div>\n<div>\n<div class=\"wpcf7 no-js\" id=\"wpcf7-f766-o1\" lang=\"es-ES\" dir=\"ltr\">\n<div class=\"screen-reader-response\"><p role=\"status\" aria-live=\"polite\" aria-atomic=\"true\"><\/p> <ul><\/ul><\/div>\n<form action=\"\/ceipelioantoniodenebrija\/wp-json\/wp\/v2\/pages\/1230#wpcf7-f766-o1\" method=\"post\" class=\"wpcf7-form init\" aria-label=\"Formulario de contacto\" novalidate=\"novalidate\" data-status=\"init\">\n<div style=\"display: none;\">\n<input type=\"hidden\" name=\"_wpcf7\" value=\"766\" \/>\n<input type=\"hidden\" name=\"_wpcf7_version\" value=\"5.9.8\" \/>\n<input type=\"hidden\" name=\"_wpcf7_locale\" value=\"es_ES\" \/>\n<input type=\"hidden\" name=\"_wpcf7_unit_tag\" value=\"wpcf7-f766-o1\" \/>\n<input type=\"hidden\" name=\"_wpcf7_container_post\" value=\"0\" \/>\n<input type=\"hidden\" name=\"_wpcf7_posted_data_hash\" value=\"\" \/>\n<input type=\"hidden\" name=\"_wpcf7_recaptcha_response\" value=\"\" \/>\n<\/div>\n<div class=\"et_pb_contact\">\n\t<div class=\"et_pb_contact_form\">\n\t\t<p class=\"et_pb_contact_field et_pb_contact_field_half\"><span class=\"wpcf7-form-control-wrap\" data-name=\"your-name\"><input size=\"40\" maxlength=\"400\" class=\"wpcf7-form-control wpcf7-text wpcf7-validates-as-required\" aria-required=\"true\" aria-invalid=\"false\" placeholder=\"Nombre\" value=\"\" type=\"text\" name=\"your-name\" \/><\/span>\n\t\t<\/p>\n\t\t<p class=\"et_pb_contact_field et_pb_contact_field_half et_pb_contact_field_last\"><span class=\"wpcf7-form-control-wrap\" data-name=\"your-email\"><input size=\"40\" maxlength=\"400\" class=\"wpcf7-form-control wpcf7-email wpcf7-validates-as-required wpcf7-text wpcf7-validates-as-email\" aria-required=\"true\" aria-invalid=\"false\" placeholder=\"Correo electr\u00f3nico\" value=\"\" type=\"email\" name=\"your-email\" \/><\/span>\n\t\t<\/p>\n\t\t<p class=\"et_pb_contact_field et_pb_contact_field_half\"><span class=\"wpcf7-form-control-wrap\" data-name=\"tel-1\"><input size=\"40\" maxlength=\"400\" class=\"wpcf7-form-control wpcf7-tel wpcf7-text wpcf7-validates-as-tel\" aria-invalid=\"false\" placeholder=\"Tel\u00e9fono (No obligatorio)\" value=\"\" type=\"tel\" name=\"tel-1\" \/><\/span>\n\t\t<\/p>\n\t\t<p class=\"et_pb_contact_field et_pb_contact_field_half et_pb_contact_field_last\"><span class=\"wpcf7-form-control-wrap\" data-name=\"your-subject\"><input size=\"40\" maxlength=\"400\" class=\"wpcf7-form-control wpcf7-text wpcf7-validates-as-required\" aria-required=\"true\" aria-invalid=\"false\" placeholder=\"Asunto\" value=\"\" type=\"text\" name=\"your-subject\" \/><\/span>\n\t\t<\/p>\n\t\t<p class=\"et_pb_contact_field et_pb_contact_field_last\"><span class=\"wpcf7-form-control-wrap\" data-name=\"your-message\"><textarea cols=\"40\" rows=\"10\" maxlength=\"2000\" class=\"wpcf7-form-control wpcf7-textarea\" aria-invalid=\"false\" placeholder=\"Mensaje\" name=\"your-message\"><\/textarea><\/span>\n\t\t<\/p>\n\t<\/div>\n<\/div>\n<div class=\"et_contact_bottom_container padding-button-contact-form\">\n\t<p><button type=\"button\" class=\"et_pb_contact_submit wpcf7-form-control wpcf7-submit et_pb_button\">Enviar<\/button>\n\t<\/p>\n<\/div><div class=\"wpcf7-response-output\" aria-hidden=\"true\"><\/div>\n<\/form>\n<\/div>\n<\/div>\n","protected":false},"excerpt":{"rendered":"<p>CEIP ELIO ANTONIO DE NEBRIJA&nbsp; &nbsp; C\u00f3digo de centro: 11006425 &nbsp; Tel\u00e9fono: 856811979 &nbsp; Correo&nbsp;electr\u00f3nico: 11006425.secretaria@g.educaand.es &nbsp; Direcci\u00f3n: Bda. de la Granja, s\/n CP. 11405 Jerez de la Frontera &nbsp;<\/p>\n","protected":false},"author":8341,"featured_media":0,"parent":0,"menu_order":0,"comment_status":"closed","ping_status":"closed","template":"","meta":{"ngg_post_thumbnail":0,"footnotes":""},"aioseo_notices":[],"_links":{"self":[{"href":"https:\/\/blogsaverroes.juntadeandalucia.es\/ceipelioantoniodenebrija\/wp-json\/wp\/v2\/pages\/1230"}],"collection":[{"href":"https:\/\/blogsaverroes.juntadeandalucia.es\/ceipelioantoniodenebrija\/wp-json\/wp\/v2\/pages"}],"about":[{"href":"https:\/\/blogsaverroes.juntadeandalucia.es\/ceipelioantoniodenebrija\/wp-json\/wp\/v2\/types\/page"}],"author":[{"embeddable":true,"href":"https:\/\/blogsaverroes.juntadeandalucia.es\/ceipelioantoniodenebrija\/wp-json\/wp\/v2\/users\/8341"}],"replies":[{"embeddable":true,"href":"https:\/\/blogsaverroes.juntadeandalucia.es\/ceipelioantoniodenebrija\/wp-json\/wp\/v2\/comments?post=1230"}],"version-history":[{"count":5,"href":"https:\/\/blogsaverroes.juntadeandalucia.es\/ceipelioantoniodenebrija\/wp-json\/wp\/v2\/pages\/1230\/revisions"}],"predecessor-version":[{"id":1261,"href":"https:\/\/blogsaverroes.juntadeandalucia.es\/ceipelioantoniodenebrija\/wp-json\/wp\/v2\/pages\/1230\/revisions\/1261"}],"wp:attachment":[{"href":"https:\/\/blogsaverroes.juntadeandalucia.es\/ceipelioantoniodenebrija\/wp-json\/wp\/v2\/media?parent=1230"}],"curies":[{"name":"wp","href":"https:\/\/api.w.org\/{rel}","templated":true}]}}