{"id":1113,"date":"2015-03-12T11:00:55","date_gmt":"2015-03-12T11:00:55","guid":{"rendered":"http:\/\/blogsaverroes.juntadeandalucia.es\/pre\/ceip\/?page_id=2"},"modified":"2021-03-04T11:45:29","modified_gmt":"2021-03-04T11:45:29","slug":"pagina-ejemplo-2","status":"publish","type":"page","link":"https:\/\/blogsaverroes.juntadeandalucia.es\/ceipeljuncal\/","title":{"rendered":"Inicio"},"content":{"rendered":"<p style=\"text-align: center\">&nbsp;<\/p>\n<p>&nbsp;<\/p>\n<p style=\"text-align: center\"><iframe loading=\"lazy\" src=\"https:\/\/www.youtube-nocookie.com\/embed\/QT9dVvz4qc0?controls=0\" width=\"560\" height=\"315\" frameborder=\"0\"><\/iframe><br \/>\n&nbsp;<\/p>\n<p>El sitio web del CEIP El Juncal es un lugar de encuentro y comunicaci\u00f3n de toda nuestra comunidad educativa donde se podr\u00e1n consultar todos los datos relevantes de nuestro centro adem\u00e1s de conocer actividades y hechos de inter\u00e9s.<\/p>\n","protected":false},"excerpt":{"rendered":"<p>&nbsp; &nbsp; &nbsp; El sitio web del CEIP El Juncal es un lugar de encuentro y comunicaci\u00f3n de toda nuestra comunidad educativa donde se podr\u00e1n consultar todos los datos relevantes de nuestro centro adem\u00e1s de conocer actividades y hechos de inter\u00e9s.<\/p>\n","protected":false},"author":1,"featured_media":0,"parent":0,"menu_order":0,"comment_status":"closed","ping_status":"open","template":"page-c.php","meta":{"ngg_post_thumbnail":0,"footnotes":"","_mc_calendar":[]},"aioseo_notices":[],"_links":{"self":[{"href":"https:\/\/blogsaverroes.juntadeandalucia.es\/ceipeljuncal\/wp-json\/wp\/v2\/pages\/1113"}],"collection":[{"href":"https:\/\/blogsaverroes.juntadeandalucia.es\/ceipeljuncal\/wp-json\/wp\/v2\/pages"}],"about":[{"href":"https:\/\/blogsaverroes.juntadeandalucia.es\/ceipeljuncal\/wp-json\/wp\/v2\/types\/page"}],"author":[{"embeddable":true,"href":"https:\/\/blogsaverroes.juntadeandalucia.es\/ceipeljuncal\/wp-json\/wp\/v2\/users\/1"}],"replies":[{"embeddable":true,"href":"https:\/\/blogsaverroes.juntadeandalucia.es\/ceipeljuncal\/wp-json\/wp\/v2\/comments?post=1113"}],"version-history":[{"count":17,"href":"https:\/\/blogsaverroes.juntadeandalucia.es\/ceipeljuncal\/wp-json\/wp\/v2\/pages\/1113\/revisions"}],"predecessor-version":[{"id":2561,"href":"https:\/\/blogsaverroes.juntadeandalucia.es\/ceipeljuncal\/wp-json\/wp\/v2\/pages\/1113\/revisions\/2561"}],"wp:attachment":[{"href":"https:\/\/blogsaverroes.juntadeandalucia.es\/ceipeljuncal\/wp-json\/wp\/v2\/media?parent=1113"}],"curies":[{"name":"wp","href":"https:\/\/api.w.org\/{rel}","templated":true}]}}