{"id":141,"date":"2015-03-17T07:13:24","date_gmt":"2015-03-17T07:13:24","guid":{"rendered":"http:\/\/blogsaverroes.juntadeandalucia.es\/pre\/ceip\/?page_id=141"},"modified":"2025-05-27T09:27:13","modified_gmt":"2025-05-27T09:27:13","slug":"escolarizacion","status":"publish","type":"page","link":"https:\/\/blogsaverroes.juntadeandalucia.es\/ceipeljuncal\/escolarizacion\/","title":{"rendered":"Escolarizaci\u00f3n"},"content":{"rendered":"<p>Esta secci\u00f3n contiene cuanta informaci\u00f3n sea de utilidad para las familias a la hora de de iniciar el proceso de escolarizaci\u00f3n del curso <strong>2025-2026<\/strong>:&nbsp;<\/p>\n<p><a href=\"http:\/\/www.juntadeandalucia.es\/educacion\/portals\/web\/escolarizacion\/infantil-a-bachillerato\">Enlace al portal de escolarizaci\u00f3n.<\/a><\/p>\n<p><a href=\"https:\/\/drive.google.com\/file\/d\/1DvwByTGFeVO-nIAf-_BhwlGTz4_X3iFT\/view?usp=sharing\">Descargue la solicitud de admisi\u00f3n<\/a>.&nbsp;<\/p>\n<p>Si desea conocer nuestro centro, puede ver el v\u00eddeo que se muestra en la p\u00e1gina <a href=\"https:\/\/blogsaverroes.juntadeandalucia.es\/ceipeljuncal\/\">Inicio<\/a>.<\/p>\n<p>Las solicitudes se podr\u00e1n rellenar y entregar telem\u00e1ticamente en la <a href=\"https:\/\/www.juntadeandalucia.es\/educacion\/secretariavirtual\/\">Secretar\u00eda virtual de los centros docentes andaluces<\/a> si se dispone del sistema de firma clave PIN o certificado digital. Adem\u00e1s, la Consejer\u00eda de Educaci\u00f3n env\u00eda a las familias del alumnado matriculado en Escuelas Infantiles durante el curso 2024\/2025 el identificador educativo andaluz iANDE con el que tambi\u00e9n podr\u00e1n cumplimentar y presentar la solicitud.<\/p>\n<p>Adem\u00e1s, podr\u00e1n cumplimentar la solicitud e imprimirla para presentarla en el centro prioritario.<\/p>\n<p>En este <a href=\"https:\/\/www.youtube.com\/watch?v=ksm-g4kbVnQ\">enlace<\/a> pueden ver un v\u00eddeo tutorial de la cumplimentaci\u00f3n de la solicitud por v\u00eda telem\u00e1tica.<\/p>\n<p>&nbsp;<\/p>\n<p>Tambi\u00e9n se podr\u00e1n <strong>entregar por duplicado<\/strong> en la Secretar\u00eda del centro, de lunes a viernes, en horario de 12:30 a 13:45 horas.&nbsp;<\/p>\n<p><strong>Oferta educativa autorizada por la Delegaci\u00f3n Territorial de Educaci\u00f3n en C\u00e1diz<\/strong><\/p>\n<p>3 a\u00f1os: 50 vacantes<\/p>\n<p>4 a\u00f1os: 0 vacantes<\/p>\n<p>5 a\u00f1os: 0 vacantes&nbsp;<\/p>\n<p>1\u00ba EP:&nbsp; 0 vacantes<\/p>\n<p>2\u00ba EP:&nbsp; &nbsp;0 vacantes<\/p>\n<p>3\u00ba EP:&nbsp; 21 vacantes<\/p>\n<p>4\u00ba EP:&nbsp; 10 vacantes<\/p>\n<p>5\u00ba EP:&nbsp; 7 vacantes<\/p>\n<p>6\u00ba EP:&nbsp; 0 vacantes<\/p>\n<p><strong>PLAZOS<\/strong><\/p>\n<p><strong>Plazo de entrega de solicitudes<\/strong><\/p>\n<p>Del 1 de marzo al 31 de marzo.<\/p>\n<p><strong>Publicaci\u00f3n de la relaci\u00f3n alfab\u00e9tica y baremada de solicitudes<\/strong><\/p>\n<p>22 de abril<\/p>\n<p><strong>Tr\u00e1mite de audiencia, vista de expedientes y formulaci\u00f3n de alegaciones<\/strong><\/p>\n<p>&nbsp;22 de abril al 7 de mayo<\/p>\n<p><strong>Realizaci\u00f3n del sorteo p\u00fablico<\/strong><\/p>\n<p>14 de mayo<\/p>\n<p><strong>Resoluci\u00f3n del procedimiento de admisi\u00f3n del alumnado<\/strong><\/p>\n<p>15 de mayo<\/p>\n<p><strong>Adjudicaci\u00f3n de plaza escolar al alumnado no admitido en el centro prioritario<\/strong><\/p>\n<p>26 de mayo<\/p>\n<p><strong>Presentaci\u00f3n de recursos de alzada\/reclamaciones ante la Delegaci\u00f3n Territorial<\/strong><\/p>\n<p>Un mes a partir del 27 de mayo<\/p>\n<p><strong>Plazo de matriculaci\u00f3n (junto con la matriculaci\u00f3n se podr\u00e1 entregar la petici\u00f3n de los servicios de aula matinal y actividades extraescolares)<\/strong><\/p>\n<p>1 al 9 junio<\/p>\n<p><strong>DOCUMENTACI\u00d3N A APORTAR:<\/strong><\/p>\n<p>Documentaci\u00f3n justificativa de las circunstancias declaradas (no es necesario a no ser que se marquen en la solicitud las casillas de oposici\u00f3n a la verificaci\u00f3n de informaci\u00f3n)<\/p>\n<p>Adem\u00e1s, recomendamos aportar:<\/p>\n<p>Fotocopia de los DNI de los tutores legales<\/p>\n<p>Fotocopia del libro de familia completo<\/p>\n<p>Se puede consultar el baremo y la documentaci\u00f3n necesaria para cada apartado pinchando <a href=\"https:\/\/drive.google.com\/file\/d\/1Nd84RcV8Q-wgJmsBCY0HCKaMI4CvuWRF\/view?usp=sharing\">aqu\u00ed<\/a>.<\/p>\n","protected":false},"excerpt":{"rendered":"<p>Esta secci\u00f3n contiene cuanta informaci\u00f3n sea de utilidad para las familias a la hora de de iniciar el proceso de escolarizaci\u00f3n del curso 2025-2026:&nbsp; Enlace al portal de escolarizaci\u00f3n. Descargue la solicitud de admisi\u00f3n.&nbsp; Si desea conocer nuestro centro, puede ver el v\u00eddeo que se muestra en la p\u00e1gina Inicio. Las solicitudes se podr\u00e1n rellenar &hellip; <\/p>\n<p><a class=\"more-link btn\" href=\"https:\/\/blogsaverroes.juntadeandalucia.es\/ceipeljuncal\/escolarizacion\/\">Seguir leyendo<\/a><\/p>\n","protected":false},"author":1,"featured_media":0,"parent":0,"menu_order":0,"comment_status":"closed","ping_status":"open","template":"","meta":{"ngg_post_thumbnail":0,"footnotes":"","_mc_calendar":[]},"aioseo_notices":[],"_links":{"self":[{"href":"https:\/\/blogsaverroes.juntadeandalucia.es\/ceipeljuncal\/wp-json\/wp\/v2\/pages\/141"}],"collection":[{"href":"https:\/\/blogsaverroes.juntadeandalucia.es\/ceipeljuncal\/wp-json\/wp\/v2\/pages"}],"about":[{"href":"https:\/\/blogsaverroes.juntadeandalucia.es\/ceipeljuncal\/wp-json\/wp\/v2\/types\/page"}],"author":[{"embeddable":true,"href":"https:\/\/blogsaverroes.juntadeandalucia.es\/ceipeljuncal\/wp-json\/wp\/v2\/users\/1"}],"replies":[{"embeddable":true,"href":"https:\/\/blogsaverroes.juntadeandalucia.es\/ceipeljuncal\/wp-json\/wp\/v2\/comments?post=141"}],"version-history":[{"count":59,"href":"https:\/\/blogsaverroes.juntadeandalucia.es\/ceipeljuncal\/wp-json\/wp\/v2\/pages\/141\/revisions"}],"predecessor-version":[{"id":2694,"href":"https:\/\/blogsaverroes.juntadeandalucia.es\/ceipeljuncal\/wp-json\/wp\/v2\/pages\/141\/revisions\/2694"}],"wp:attachment":[{"href":"https:\/\/blogsaverroes.juntadeandalucia.es\/ceipeljuncal\/wp-json\/wp\/v2\/media?parent=141"}],"curies":[{"name":"wp","href":"https:\/\/api.w.org\/{rel}","templated":true}]}}