{"id":35,"date":"2015-03-13T08:21:43","date_gmt":"2015-03-13T08:21:43","guid":{"rendered":"http:\/\/blogsaverroes.juntadeandalucia.es\/pre\/ceip\/?page_id=35"},"modified":"2019-03-25T11:44:14","modified_gmt":"2019-03-25T11:44:14","slug":"el-centro-2","status":"publish","type":"page","link":"https:\/\/blogsaverroes.juntadeandalucia.es\/ceipeljuncal\/el-centro-2\/","title":{"rendered":"Datos del centro"},"content":{"rendered":"<h4>Datos de contacto<\/h4>\n<p>CEIP EL JUNCAL<\/p>\n<p><strong>Direcci\u00f3n: Camino del Juncal, n\u00ba 4. 11.500. El Puerto de Santa Mar\u00eda &#8211; C\u00e1diz&nbsp;<\/strong><\/p>\n<p><strong>Tel\u00e9fono \/ FAX: 956-24-31-25 \/ 956-24-31-27<\/strong><br \/>\n<strong>Email:<\/strong>&nbsp;11007442.edu@juntadeandalucia.es<\/p>\n<h4><strong>Horarios<\/strong><\/h4>\n<p>Horario lectivo: de lunes a viernes de 9 a 14 horas<\/p>\n<p>Aula matinal: de 7:30 a 9 horas<\/p>\n<p>Actividades extraescolares: de lunes a jueves de 16 a 18 horas<\/p>\n<h4><strong>Oferta educativa<\/strong><\/h4>\n<p>El centro ofrece las ense\u00f1anzas correspondientes al segundo ciclo de Educaci\u00f3n Infantil y a Educaci\u00f3n Primaria<\/p>\n","protected":false},"excerpt":{"rendered":"<p>Datos de contacto CEIP EL JUNCAL Direcci\u00f3n: Camino del Juncal, n\u00ba 4. 11.500. El Puerto de Santa Mar\u00eda &#8211; C\u00e1diz&nbsp; Tel\u00e9fono \/ FAX: 956-24-31-25 \/ 956-24-31-27 Email:&nbsp;11007442.edu@juntadeandalucia.es Horarios Horario lectivo: de lunes a viernes de 9 a 14 horas Aula matinal: de 7:30 a 9 horas Actividades extraescolares: de lunes a jueves de 16 a &hellip; <\/p>\n<p><a class=\"more-link btn\" href=\"https:\/\/blogsaverroes.juntadeandalucia.es\/ceipeljuncal\/el-centro-2\/\">Seguir leyendo<\/a><\/p>\n","protected":false},"author":1,"featured_media":0,"parent":0,"menu_order":0,"comment_status":"closed","ping_status":"open","template":"page-cs.php","meta":{"ngg_post_thumbnail":0,"footnotes":"","_mc_calendar":[]},"aioseo_notices":[],"_links":{"self":[{"href":"https:\/\/blogsaverroes.juntadeandalucia.es\/ceipeljuncal\/wp-json\/wp\/v2\/pages\/35"}],"collection":[{"href":"https:\/\/blogsaverroes.juntadeandalucia.es\/ceipeljuncal\/wp-json\/wp\/v2\/pages"}],"about":[{"href":"https:\/\/blogsaverroes.juntadeandalucia.es\/ceipeljuncal\/wp-json\/wp\/v2\/types\/page"}],"author":[{"embeddable":true,"href":"https:\/\/blogsaverroes.juntadeandalucia.es\/ceipeljuncal\/wp-json\/wp\/v2\/users\/1"}],"replies":[{"embeddable":true,"href":"https:\/\/blogsaverroes.juntadeandalucia.es\/ceipeljuncal\/wp-json\/wp\/v2\/comments?post=35"}],"version-history":[{"count":23,"href":"https:\/\/blogsaverroes.juntadeandalucia.es\/ceipeljuncal\/wp-json\/wp\/v2\/pages\/35\/revisions"}],"predecessor-version":[{"id":2319,"href":"https:\/\/blogsaverroes.juntadeandalucia.es\/ceipeljuncal\/wp-json\/wp\/v2\/pages\/35\/revisions\/2319"}],"wp:attachment":[{"href":"https:\/\/blogsaverroes.juntadeandalucia.es\/ceipeljuncal\/wp-json\/wp\/v2\/media?parent=35"}],"curies":[{"name":"wp","href":"https:\/\/api.w.org\/{rel}","templated":true}]}}