{"id":438,"date":"2015-03-20T07:09:31","date_gmt":"2015-03-20T07:09:31","guid":{"rendered":"http:\/\/blogsaverroes.juntadeandalucia.es\/pre\/ceip\/?page_id=438"},"modified":"2018-10-16T11:37:28","modified_gmt":"2018-10-16T11:37:28","slug":"materiales-recursos","status":"publish","type":"page","link":"https:\/\/blogsaverroes.juntadeandalucia.es\/ceipeljuncal\/ed-primaria-3o-ciclo\/materiales-recursos\/","title":{"rendered":"E.P. 3\u00ba ciclo. Materiales, recursos&#8230;"},"content":{"rendered":"<p>Los materiales del tercer ciclo de Educaci\u00f3n Primaria son los que proporciona la editorial SM en su proyecto SAVIA.<\/p>\n<p>Adem\u00e1s, los alumnos y alumnas usar\u00e1n a lo largo del curso los siguientes materiales:<\/p>\n<p>5\u00ba y 6\u00ba EP<\/p>\n<p>6 cuadernos <strong>milimetrados<\/strong> con espiral tama\u00f1o folio.<\/p>\n<p>1 cuaderno tama\u00f1o cuartilla (Educaci\u00f3n F\u00edsica).<\/p>\n<p>1 cuaderno tama\u00f1o cuartilla para vocabulario.<\/p>\n<p>L\u00e1pices, goma, sacapuntas, tijeras, regla de 40 cm, pegamento, comp\u00e1s y bol\u00edgrafos azul y rojo.<\/p>\n<p>1 caja de l\u00e1pices de colores de madera.<\/p>\n<p>1 caja de rotuladores.<\/p>\n<p>3 carpetas azules con goma.<\/p>\n<p>10 fundas de pl\u00e1stico transparentes.<\/p>\n<p>1 bloc de cartulinas de colores.<\/p>\n<p>1 archivador.<\/p>\n<p>1 paquete de 500 folios.<\/p>\n<p>1 flauta.<\/p>\n<p>1 cuaderno de pentagramas.<\/p>\n<p>1 memoria USB de al menos 8 Gb para uso exclusivo del alumno\/a e identificado con su nombre.<\/p>\n","protected":false},"excerpt":{"rendered":"<p>Los materiales del tercer ciclo de Educaci\u00f3n Primaria son los que proporciona la editorial SM en su proyecto SAVIA. Adem\u00e1s, los alumnos y alumnas usar\u00e1n a lo largo del curso los siguientes materiales: 5\u00ba y 6\u00ba EP 6 cuadernos milimetrados con espiral tama\u00f1o folio. 1 cuaderno tama\u00f1o cuartilla (Educaci\u00f3n F\u00edsica). 1 cuaderno tama\u00f1o cuartilla para &hellip; <\/p>\n<p><a class=\"more-link btn\" href=\"https:\/\/blogsaverroes.juntadeandalucia.es\/ceipeljuncal\/ed-primaria-3o-ciclo\/materiales-recursos\/\">Seguir leyendo<\/a><\/p>\n","protected":false},"author":1,"featured_media":0,"parent":436,"menu_order":0,"comment_status":"closed","ping_status":"open","template":"page-sc.php","meta":{"ngg_post_thumbnail":0,"footnotes":"","_mc_calendar":[]},"aioseo_notices":[],"_links":{"self":[{"href":"https:\/\/blogsaverroes.juntadeandalucia.es\/ceipeljuncal\/wp-json\/wp\/v2\/pages\/438"}],"collection":[{"href":"https:\/\/blogsaverroes.juntadeandalucia.es\/ceipeljuncal\/wp-json\/wp\/v2\/pages"}],"about":[{"href":"https:\/\/blogsaverroes.juntadeandalucia.es\/ceipeljuncal\/wp-json\/wp\/v2\/types\/page"}],"author":[{"embeddable":true,"href":"https:\/\/blogsaverroes.juntadeandalucia.es\/ceipeljuncal\/wp-json\/wp\/v2\/users\/1"}],"replies":[{"embeddable":true,"href":"https:\/\/blogsaverroes.juntadeandalucia.es\/ceipeljuncal\/wp-json\/wp\/v2\/comments?post=438"}],"version-history":[{"count":8,"href":"https:\/\/blogsaverroes.juntadeandalucia.es\/ceipeljuncal\/wp-json\/wp\/v2\/pages\/438\/revisions"}],"predecessor-version":[{"id":2262,"href":"https:\/\/blogsaverroes.juntadeandalucia.es\/ceipeljuncal\/wp-json\/wp\/v2\/pages\/438\/revisions\/2262"}],"up":[{"embeddable":true,"href":"https:\/\/blogsaverroes.juntadeandalucia.es\/ceipeljuncal\/wp-json\/wp\/v2\/pages\/436"}],"wp:attachment":[{"href":"https:\/\/blogsaverroes.juntadeandalucia.es\/ceipeljuncal\/wp-json\/wp\/v2\/media?parent=438"}],"curies":[{"name":"wp","href":"https:\/\/api.w.org\/{rel}","templated":true}]}}