{"id":871,"date":"2015-03-16T07:25:46","date_gmt":"2015-03-16T07:25:46","guid":{"rendered":"http:\/\/blogsaverroes.juntadeandalucia.es\/pre\/ceip\/?page_id=106"},"modified":"2025-05-27T09:26:29","modified_gmt":"2025-05-27T09:26:29","slug":"actividades-extraescolares","status":"publish","type":"page","link":"https:\/\/blogsaverroes.juntadeandalucia.es\/ceipeljuncal\/actividades-extraescolares\/","title":{"rendered":"Actividades extraescolares"},"content":{"rendered":"<h4>&nbsp;<\/h4>\n<p style=\"text-align: left\"><a href=\"https:\/\/blogsaverroes.juntadeandalucia.es\/ceipeljuncal\/files\/2015\/03\/talleres.jpg\"><img loading=\"lazy\" decoding=\"async\" class=\"alignleft wp-image-228 size-thumbnail\" src=\"https:\/\/blogsaverroes.juntadeandalucia.es\/ceipeljuncal\/files\/2015\/03\/talleres-150x150.jpg\" alt=\"\" width=\"150\" height=\"150\" srcset=\"https:\/\/blogsaverroes.juntadeandalucia.es\/ceipeljuncal\/files\/2015\/03\/talleres-150x150.jpg 150w, https:\/\/blogsaverroes.juntadeandalucia.es\/ceipeljuncal\/files\/2015\/03\/talleres-160x160.jpg 160w\" sizes=\"(max-width: 150px) 100vw, 150px\" \/><\/a>Las actividades extraescolares tienen lugar en horario de tarde, desde las 16.00 hasta las 18.00, de lunes a jueves, y abarcan aspectos como la lectura, el deporte, la m\u00fasica, la inform\u00e1tica, los idiomas, la danza o el teatro, entre otras actividades l\u00fadicas y formativas.<\/p>\n<p>Empresa responsable: Educasport S.L.<\/p>\n<p>Desc\u00e1rgate&nbsp;<a href=\"https:\/\/drive.google.com\/file\/d\/1zz9EesFa5sYjI_9nwtWC1J33QGskw69z\/view?usp=sharing\">aqu\u00ed<\/a> el formulario, rell\u00e9nalo y env\u00edalo por email a 11007442.edu@juntadeandalucia.es (indicando en el asunto \u201cSolicitud actividades extraescolares NOMBRE y APELLIDOS\u201d) o entr\u00e9galo en la secretar\u00eda del Colegio de 12:30 a 13:45. Tambi\u00e9n puedes entregarlo a trav\u00e9s del <a href=\"https:\/\/www.juntadeandalucia.es\/educacion\/secretariavirtual\/accesoTramite\/462\/\">registro electr\u00f3nico general de los centros educativos<\/a>.<\/p>\n<p>Tambi\u00e9n puede descargar el impreso de solicitud de la&nbsp;<a href=\"https:\/\/drive.google.com\/file\/d\/1xowQhQZUUAddvPsRuuHrBd0n64_pAE_T\/view?usp=sharing\">bonificaci\u00f3n<\/a>. (Entrega del 1 al 7 de septiembre)<\/p>\n<p>Las actividades para el curso 2025-2026 son baile, baloncesto f\u00fatbol sala, Gimnasia r\u00edtmica, manualidades\/ludoteca, multideporte y patinaje.&nbsp;<\/p>\n<p>&nbsp;<\/p>\n<p>&nbsp;<\/p>\n","protected":false},"excerpt":{"rendered":"<p>&nbsp; Las actividades extraescolares tienen lugar en horario de tarde, desde las 16.00 hasta las 18.00, de lunes a jueves, y abarcan aspectos como la lectura, el deporte, la m\u00fasica, la inform\u00e1tica, los idiomas, la danza o el teatro, entre otras actividades l\u00fadicas y formativas. Empresa responsable: Educasport S.L. Desc\u00e1rgate&nbsp;aqu\u00ed el formulario, rell\u00e9nalo y env\u00edalo &hellip; <\/p>\n<p><a class=\"more-link btn\" href=\"https:\/\/blogsaverroes.juntadeandalucia.es\/ceipeljuncal\/actividades-extraescolares\/\">Seguir leyendo<\/a><\/p>\n","protected":false},"author":1,"featured_media":0,"parent":0,"menu_order":0,"comment_status":"closed","ping_status":"open","template":"","meta":{"ngg_post_thumbnail":0,"footnotes":"","_mc_calendar":[]},"aioseo_notices":[],"_links":{"self":[{"href":"https:\/\/blogsaverroes.juntadeandalucia.es\/ceipeljuncal\/wp-json\/wp\/v2\/pages\/871"}],"collection":[{"href":"https:\/\/blogsaverroes.juntadeandalucia.es\/ceipeljuncal\/wp-json\/wp\/v2\/pages"}],"about":[{"href":"https:\/\/blogsaverroes.juntadeandalucia.es\/ceipeljuncal\/wp-json\/wp\/v2\/types\/page"}],"author":[{"embeddable":true,"href":"https:\/\/blogsaverroes.juntadeandalucia.es\/ceipeljuncal\/wp-json\/wp\/v2\/users\/1"}],"replies":[{"embeddable":true,"href":"https:\/\/blogsaverroes.juntadeandalucia.es\/ceipeljuncal\/wp-json\/wp\/v2\/comments?post=871"}],"version-history":[{"count":26,"href":"https:\/\/blogsaverroes.juntadeandalucia.es\/ceipeljuncal\/wp-json\/wp\/v2\/pages\/871\/revisions"}],"predecessor-version":[{"id":2693,"href":"https:\/\/blogsaverroes.juntadeandalucia.es\/ceipeljuncal\/wp-json\/wp\/v2\/pages\/871\/revisions\/2693"}],"wp:attachment":[{"href":"https:\/\/blogsaverroes.juntadeandalucia.es\/ceipeljuncal\/wp-json\/wp\/v2\/media?parent=871"}],"curies":[{"name":"wp","href":"https:\/\/api.w.org\/{rel}","templated":true}]}}