{"id":2338,"date":"2020-03-18T21:51:22","date_gmt":"2020-03-18T21:51:22","guid":{"rendered":"https:\/\/blogsaverroes.juntadeandalucia.es\/ceipelmanantial\/?page_id=2338"},"modified":"2024-11-04T10:53:03","modified_gmt":"2024-11-04T10:53:03","slug":"plan-de-centro","status":"publish","type":"page","link":"https:\/\/blogsaverroes.juntadeandalucia.es\/ceipelmanantial\/plan-de-centro\/","title":{"rendered":"Plan de Centro"},"content":{"rendered":"<p>El Plan de Centro es un documento institucional que recoge los acuerdos que las organizaciones educativas construyamos y servir\u00e1 para establecer la hoja de ruta que guiar\u00e1 nuestras actuaciones y que estar\u00e1n en consonancia con los valores, los objetivos y las prioridades de actuaci\u00f3n del Centro Educativo.<\/p>\n<p>El Plan de Centro es elaborado por el equipo directivo y aprobado por el Consejo Escolar, sin perjuicio de las competencias atribuidas al Claustro de Profesorado sobre el Proyecto Educativo.<\/p>\n<p>El Claustro de Profesorado formular\u00e1 propuestas al equipo directivo para la elaboraci\u00f3n del Plan de Centro, fijar\u00e1 criterios referentes a la orientaci\u00f3n y tutor\u00eda del alumnado, informar\u00e1 el<br \/>\nReglamento de Organizaci\u00f3n y Funcionamiento y aprobar\u00e1 y evaluar\u00e1 determinados aspectos del Proyecto Educativo.<\/p>\n<p>&nbsp;<\/p>\n<p><strong>Plan de Centro est\u00e1 compuesto por:<\/strong><\/p>\n<ul>\n<li><a href=\"https:\/\/drive.google.com\/drive\/folders\/1OovQXi8rJ3QPcfOfbR6gq2YlLASArKPR\">Proyecto Educativo<\/a><\/li>\n<li><a href=\"https:\/\/drive.google.com\/drive\/folders\/1V7DBwARLHzzQz4TeoBZ1hrmyyMUwbyic\">Reglamento de Organizaci\u00f3n y Funcionamiento<\/a><\/li>\n<li><a href=\"https:\/\/drive.google.com\/drive\/folders\/1ey0WCK7yg5DDnoDZ5XDGQO-zDV3jLVub\">Proyecto de Gesti\u00f3n<\/a><\/li>\n<\/ul>\n","protected":false},"excerpt":{"rendered":"<p>El Plan de Centro es un documento institucional que recoge los acuerdos que las organizaciones educativas construyamos y servir\u00e1 para establecer la hoja de ruta que guiar\u00e1 nuestras actuaciones y que estar\u00e1n en consonancia&#46;&#46;&#46;<\/p>\n","protected":false},"author":7217,"featured_media":0,"parent":0,"menu_order":0,"comment_status":"closed","ping_status":"closed","template":"","meta":{"ngg_post_thumbnail":0,"footnotes":""},"aioseo_notices":[],"_links":{"self":[{"href":"https:\/\/blogsaverroes.juntadeandalucia.es\/ceipelmanantial\/wp-json\/wp\/v2\/pages\/2338"}],"collection":[{"href":"https:\/\/blogsaverroes.juntadeandalucia.es\/ceipelmanantial\/wp-json\/wp\/v2\/pages"}],"about":[{"href":"https:\/\/blogsaverroes.juntadeandalucia.es\/ceipelmanantial\/wp-json\/wp\/v2\/types\/page"}],"author":[{"embeddable":true,"href":"https:\/\/blogsaverroes.juntadeandalucia.es\/ceipelmanantial\/wp-json\/wp\/v2\/users\/7217"}],"replies":[{"embeddable":true,"href":"https:\/\/blogsaverroes.juntadeandalucia.es\/ceipelmanantial\/wp-json\/wp\/v2\/comments?post=2338"}],"version-history":[{"count":5,"href":"https:\/\/blogsaverroes.juntadeandalucia.es\/ceipelmanantial\/wp-json\/wp\/v2\/pages\/2338\/revisions"}],"predecessor-version":[{"id":3947,"href":"https:\/\/blogsaverroes.juntadeandalucia.es\/ceipelmanantial\/wp-json\/wp\/v2\/pages\/2338\/revisions\/3947"}],"wp:attachment":[{"href":"https:\/\/blogsaverroes.juntadeandalucia.es\/ceipelmanantial\/wp-json\/wp\/v2\/media?parent=2338"}],"curies":[{"name":"wp","href":"https:\/\/api.w.org\/{rel}","templated":true}]}}