{"id":2826,"date":"2020-12-11T20:35:54","date_gmt":"2020-12-11T20:35:54","guid":{"rendered":"https:\/\/blogsaverroes.juntadeandalucia.es\/ceipelmanantial\/?page_id=2826"},"modified":"2021-11-23T11:11:54","modified_gmt":"2021-11-23T11:11:54","slug":"programaciones","status":"publish","type":"page","link":"https:\/\/blogsaverroes.juntadeandalucia.es\/ceipelmanantial\/programaciones\/","title":{"rendered":"Programaciones"},"content":{"rendered":"<p><a href=\"https:\/\/blogsaverroes.juntadeandalucia.es\/ceipelmanantial\/files\/2020\/12\/programaciones-didacticas.jpg\"><img loading=\"lazy\" decoding=\"async\" class=\"wp-image-2843 alignright\" src=\"https:\/\/blogsaverroes.juntadeandalucia.es\/ceipelmanantial\/files\/2020\/12\/programaciones-didacticas.jpg\" alt=\"\" width=\"150\" height=\"215\" srcset=\"https:\/\/blogsaverroes.juntadeandalucia.es\/ceipelmanantial\/files\/2020\/12\/programaciones-didacticas.jpg 1000w, https:\/\/blogsaverroes.juntadeandalucia.es\/ceipelmanantial\/files\/2020\/12\/programaciones-didacticas-210x300.jpg 210w, https:\/\/blogsaverroes.juntadeandalucia.es\/ceipelmanantial\/files\/2020\/12\/programaciones-didacticas-717x1024.jpg 717w, https:\/\/blogsaverroes.juntadeandalucia.es\/ceipelmanantial\/files\/2020\/12\/programaciones-didacticas-768x1097.jpg 768w, https:\/\/blogsaverroes.juntadeandalucia.es\/ceipelmanantial\/files\/2020\/12\/programaciones-didacticas-17x24.jpg 17w, https:\/\/blogsaverroes.juntadeandalucia.es\/ceipelmanantial\/files\/2020\/12\/programaciones-didacticas-25x36.jpg 25w, https:\/\/blogsaverroes.juntadeandalucia.es\/ceipelmanantial\/files\/2020\/12\/programaciones-didacticas-34x48.jpg 34w\" sizes=\"(max-width: 150px) 100vw, 150px\" \/><\/a>En esta p\u00e1gina incluiremos las <strong>Programaciones Did\u00e1cticas<\/strong> de Segundo Ciclo de Infantil y de Educaci\u00f3n Primaria de las diferentes \u00c1reas, para que est\u00e9n a disposici\u00f3n de nuestro alumnado y sus familias.<\/p>\n<p>Solo hay que hacer clic encima para poder verlas y descargarlas si lo desea.&nbsp;<\/p>\n<p><b>Curso 2021\/2022<\/b>:<\/p>\n<p><a href=\"https:\/\/blogsaverroes.juntadeandalucia.es\/ceipelmanantial\/files\/2021\/11\/Programaciones-21-22.pdf\">Programaciones Did\u00e1cticas Curso 2021\/2022<\/a><\/p>\n","protected":false},"excerpt":{"rendered":"<p>En esta p\u00e1gina incluiremos las Programaciones Did\u00e1cticas de Segundo Ciclo de Infantil y de Educaci\u00f3n Primaria de las diferentes \u00c1reas, para que est\u00e9n a disposici\u00f3n de nuestro alumnado y sus familias. Solo hay que&#46;&#46;&#46;<\/p>\n","protected":false},"author":7217,"featured_media":0,"parent":0,"menu_order":0,"comment_status":"closed","ping_status":"closed","template":"","meta":{"ngg_post_thumbnail":0,"footnotes":""},"aioseo_notices":[],"_links":{"self":[{"href":"https:\/\/blogsaverroes.juntadeandalucia.es\/ceipelmanantial\/wp-json\/wp\/v2\/pages\/2826"}],"collection":[{"href":"https:\/\/blogsaverroes.juntadeandalucia.es\/ceipelmanantial\/wp-json\/wp\/v2\/pages"}],"about":[{"href":"https:\/\/blogsaverroes.juntadeandalucia.es\/ceipelmanantial\/wp-json\/wp\/v2\/types\/page"}],"author":[{"embeddable":true,"href":"https:\/\/blogsaverroes.juntadeandalucia.es\/ceipelmanantial\/wp-json\/wp\/v2\/users\/7217"}],"replies":[{"embeddable":true,"href":"https:\/\/blogsaverroes.juntadeandalucia.es\/ceipelmanantial\/wp-json\/wp\/v2\/comments?post=2826"}],"version-history":[{"count":7,"href":"https:\/\/blogsaverroes.juntadeandalucia.es\/ceipelmanantial\/wp-json\/wp\/v2\/pages\/2826\/revisions"}],"predecessor-version":[{"id":3190,"href":"https:\/\/blogsaverroes.juntadeandalucia.es\/ceipelmanantial\/wp-json\/wp\/v2\/pages\/2826\/revisions\/3190"}],"wp:attachment":[{"href":"https:\/\/blogsaverroes.juntadeandalucia.es\/ceipelmanantial\/wp-json\/wp\/v2\/media?parent=2826"}],"curies":[{"name":"wp","href":"https:\/\/api.w.org\/{rel}","templated":true}]}}