{"id":3242,"date":"2022-02-09T19:18:48","date_gmt":"2022-02-09T19:18:48","guid":{"rendered":"https:\/\/blogsaverroes.juntadeandalucia.es\/ceipelmanantial\/?page_id=3242"},"modified":"2024-06-03T17:50:20","modified_gmt":"2024-06-03T17:50:20","slug":"plan-de-transformacion-digital-educativa","status":"publish","type":"page","link":"https:\/\/blogsaverroes.juntadeandalucia.es\/ceipelmanantial\/plan-de-transformacion-digital-educativa\/","title":{"rendered":"Plan de Transformaci\u00f3n Digital Educativa"},"content":{"rendered":"<h1><img loading=\"lazy\" decoding=\"async\" class=\"wp-image-3245 size-thumbnail alignright\" src=\"https:\/\/blogsaverroes.juntadeandalucia.es\/ceipelmanantial\/files\/2022\/02\/logo_TDE-150x150.png\" alt=\"\" width=\"150\" height=\"150\"><\/h1>\n<p>El plan TDE sienta las bases para una educaci\u00f3n m\u00e1s inclusiva y digital, dotando a los centros de los materiales, instrumentos y formaci\u00f3n necesaria para conseguirlo.<\/p>\n<p>&nbsp;<\/p>\n<p>&nbsp;<\/p>\n<p>&nbsp;<\/p>\n<p><a href=\"https:\/\/blogsaverroes.juntadeandalucia.es\/ceipelmanantial\/files\/2024\/06\/NORMAS-MENORES-INTERNET.png\"><img loading=\"lazy\" decoding=\"async\" class=\"aligncenter size-full wp-image-3896\" src=\"https:\/\/blogsaverroes.juntadeandalucia.es\/ceipelmanantial\/files\/2024\/06\/NORMAS-MENORES-INTERNET.png\" alt=\"\" width=\"600\" height=\"990\" srcset=\"https:\/\/blogsaverroes.juntadeandalucia.es\/ceipelmanantial\/files\/2024\/06\/NORMAS-MENORES-INTERNET.png 600w, https:\/\/blogsaverroes.juntadeandalucia.es\/ceipelmanantial\/files\/2024\/06\/NORMAS-MENORES-INTERNET-182x300.png 182w\" sizes=\"(max-width: 600px) 100vw, 600px\" \/><\/a><\/p>\n<p>&nbsp;<\/p>\n<p><a href=\"https:\/\/blogsaverroes.juntadeandalucia.es\/ceipelmanantial\/files\/2024\/06\/INFOGRAFIA-ALUMNADO.jpg\"><img loading=\"lazy\" decoding=\"async\" class=\"aligncenter  wp-image-3894\" src=\"https:\/\/blogsaverroes.juntadeandalucia.es\/ceipelmanantial\/files\/2024\/06\/INFOGRAFIA-ALUMNADO.jpg\" alt=\"\" width=\"579\" height=\"819\" srcset=\"https:\/\/blogsaverroes.juntadeandalucia.es\/ceipelmanantial\/files\/2024\/06\/INFOGRAFIA-ALUMNADO.jpg 724w, https:\/\/blogsaverroes.juntadeandalucia.es\/ceipelmanantial\/files\/2024\/06\/INFOGRAFIA-ALUMNADO-212x300.jpg 212w\" sizes=\"(max-width: 579px) 100vw, 579px\" \/><\/a><\/p>\n<p>&nbsp;<\/p>\n<p><strong>Descubre m\u00e1s en:<\/strong><\/p>\n<p><a href=\"https:\/\/blogsaverroes.juntadeandalucia.es\/ceipelmanantial\/files\/2024\/06\/Consejos-utiles-uso-de-internet.pdf\">Consejos \u00fatiles uso de internet<\/a><\/p>\n<p><a href=\"https:\/\/blogsaverroes.juntadeandalucia.es\/ceipelmanantial\/files\/2024\/06\/NORMAS-NETIQUETAS.pdf\">NORMAS NETIQUETAS<\/a>&nbsp;<\/p>\n<p><a href=\"https:\/\/blogsaverroes.juntadeandalucia.es\/ceipelmanantial\/files\/2024\/06\/Netiquetas.pdf\">NEtiquetas<\/a><\/p>\n<p><a href=\"https:\/\/blogsaverroes.juntadeandalucia.es\/ceipelmanantial\/files\/2024\/06\/Videos-netiquetas.pdf\">Videos NEtiquetas<\/a><\/p>\n<p>&nbsp;<\/p>\n","protected":false},"excerpt":{"rendered":"<p>El plan TDE sienta las bases para una educaci\u00f3n m\u00e1s inclusiva y digital, dotando a los centros de los materiales, instrumentos y formaci\u00f3n necesaria para conseguirlo. &nbsp; &nbsp; &nbsp; &nbsp; &nbsp; Descubre m\u00e1s en:&#46;&#46;&#46;<\/p>\n","protected":false},"author":7435,"featured_media":0,"parent":0,"menu_order":0,"comment_status":"closed","ping_status":"closed","template":"","meta":{"ngg_post_thumbnail":0,"footnotes":""},"aioseo_notices":[],"_links":{"self":[{"href":"https:\/\/blogsaverroes.juntadeandalucia.es\/ceipelmanantial\/wp-json\/wp\/v2\/pages\/3242"}],"collection":[{"href":"https:\/\/blogsaverroes.juntadeandalucia.es\/ceipelmanantial\/wp-json\/wp\/v2\/pages"}],"about":[{"href":"https:\/\/blogsaverroes.juntadeandalucia.es\/ceipelmanantial\/wp-json\/wp\/v2\/types\/page"}],"author":[{"embeddable":true,"href":"https:\/\/blogsaverroes.juntadeandalucia.es\/ceipelmanantial\/wp-json\/wp\/v2\/users\/7435"}],"replies":[{"embeddable":true,"href":"https:\/\/blogsaverroes.juntadeandalucia.es\/ceipelmanantial\/wp-json\/wp\/v2\/comments?post=3242"}],"version-history":[{"count":5,"href":"https:\/\/blogsaverroes.juntadeandalucia.es\/ceipelmanantial\/wp-json\/wp\/v2\/pages\/3242\/revisions"}],"predecessor-version":[{"id":3898,"href":"https:\/\/blogsaverroes.juntadeandalucia.es\/ceipelmanantial\/wp-json\/wp\/v2\/pages\/3242\/revisions\/3898"}],"wp:attachment":[{"href":"https:\/\/blogsaverroes.juntadeandalucia.es\/ceipelmanantial\/wp-json\/wp\/v2\/media?parent=3242"}],"curies":[{"name":"wp","href":"https:\/\/api.w.org\/{rel}","templated":true}]}}