{"id":3248,"date":"2022-02-09T19:30:32","date_gmt":"2022-02-09T19:30:32","guid":{"rendered":"https:\/\/blogsaverroes.juntadeandalucia.es\/ceipelmanantial\/?page_id=3248"},"modified":"2022-02-09T19:30:42","modified_gmt":"2022-02-09T19:30:42","slug":"plan-de-igualdad-de-genero-en-educacion","status":"publish","type":"page","link":"https:\/\/blogsaverroes.juntadeandalucia.es\/ceipelmanantial\/plan-de-igualdad-de-genero-en-educacion\/","title":{"rendered":"Plan de Igualdad de G\u00e9nero en Educaci\u00f3n"},"content":{"rendered":"<h1>Plan de Igualdad de G\u00e9nero en Educaci\u00f3n<\/h1>\n<h1><img loading=\"lazy\" decoding=\"async\" class=\"wp-image-3249 size-full alignright\" src=\"https:\/\/blogsaverroes.juntadeandalucia.es\/ceipelmanantial\/files\/2022\/02\/IGUALDADPRESENTACION.jpg\" alt=\"\" width=\"263\" height=\"150\"><\/h1>\n<p>El Plan de Igualdad de G\u00e9nero en educaci\u00f3n propone actuaciones a favor de los derechos igualitarios entre hombres y mujeres, proponiendo actuaciones espec\u00edficas encaminadas a lograr una sociedad justa.<\/p>\n","protected":false},"excerpt":{"rendered":"<p>Plan de Igualdad de G\u00e9nero en Educaci\u00f3n El Plan de Igualdad de G\u00e9nero en educaci\u00f3n propone actuaciones a favor de los derechos igualitarios entre hombres y mujeres, proponiendo actuaciones espec\u00edficas encaminadas a lograr una&#46;&#46;&#46;<\/p>\n","protected":false},"author":7435,"featured_media":0,"parent":0,"menu_order":0,"comment_status":"closed","ping_status":"closed","template":"","meta":{"ngg_post_thumbnail":0,"footnotes":""},"aioseo_notices":[],"_links":{"self":[{"href":"https:\/\/blogsaverroes.juntadeandalucia.es\/ceipelmanantial\/wp-json\/wp\/v2\/pages\/3248"}],"collection":[{"href":"https:\/\/blogsaverroes.juntadeandalucia.es\/ceipelmanantial\/wp-json\/wp\/v2\/pages"}],"about":[{"href":"https:\/\/blogsaverroes.juntadeandalucia.es\/ceipelmanantial\/wp-json\/wp\/v2\/types\/page"}],"author":[{"embeddable":true,"href":"https:\/\/blogsaverroes.juntadeandalucia.es\/ceipelmanantial\/wp-json\/wp\/v2\/users\/7435"}],"replies":[{"embeddable":true,"href":"https:\/\/blogsaverroes.juntadeandalucia.es\/ceipelmanantial\/wp-json\/wp\/v2\/comments?post=3248"}],"version-history":[{"count":1,"href":"https:\/\/blogsaverroes.juntadeandalucia.es\/ceipelmanantial\/wp-json\/wp\/v2\/pages\/3248\/revisions"}],"predecessor-version":[{"id":3250,"href":"https:\/\/blogsaverroes.juntadeandalucia.es\/ceipelmanantial\/wp-json\/wp\/v2\/pages\/3248\/revisions\/3250"}],"wp:attachment":[{"href":"https:\/\/blogsaverroes.juntadeandalucia.es\/ceipelmanantial\/wp-json\/wp\/v2\/media?parent=3248"}],"curies":[{"name":"wp","href":"https:\/\/api.w.org\/{rel}","templated":true}]}}