{"id":3251,"date":"2022-02-09T19:34:26","date_gmt":"2022-02-09T19:34:26","guid":{"rendered":"https:\/\/blogsaverroes.juntadeandalucia.es\/ceipelmanantial\/?page_id=3251"},"modified":"2022-02-09T19:34:26","modified_gmt":"2022-02-09T19:34:26","slug":"practicum-grado-maestro","status":"publish","type":"page","link":"https:\/\/blogsaverroes.juntadeandalucia.es\/ceipelmanantial\/practicum-grado-maestro\/","title":{"rendered":"Pr\u00e1cticum Grado Maestro"},"content":{"rendered":"<h1>Pr\u00e1cticum Grado Maestro<\/h1>\n<p><img loading=\"lazy\" decoding=\"async\" class=\"size-full wp-image-3252 alignright\" src=\"https:\/\/blogsaverroes.juntadeandalucia.es\/ceipelmanantial\/files\/2022\/02\/Pr\u00e1cticum-Grado-Maestro.jpg\" alt=\"\" width=\"255\" height=\"197\">El programa de pr\u00e1cticas para los estudiantes de Ciencias de la Educaci\u00f3n constituye un componente fundamental en la formaci\u00f3n de los futuros docentes.<\/p>\n","protected":false},"excerpt":{"rendered":"<p>Pr\u00e1cticum Grado Maestro El programa de pr\u00e1cticas para los estudiantes de Ciencias de la Educaci\u00f3n constituye un componente fundamental en la formaci\u00f3n de los futuros docentes.<\/p>\n","protected":false},"author":7435,"featured_media":0,"parent":0,"menu_order":0,"comment_status":"closed","ping_status":"closed","template":"","meta":{"ngg_post_thumbnail":0,"footnotes":""},"aioseo_notices":[],"_links":{"self":[{"href":"https:\/\/blogsaverroes.juntadeandalucia.es\/ceipelmanantial\/wp-json\/wp\/v2\/pages\/3251"}],"collection":[{"href":"https:\/\/blogsaverroes.juntadeandalucia.es\/ceipelmanantial\/wp-json\/wp\/v2\/pages"}],"about":[{"href":"https:\/\/blogsaverroes.juntadeandalucia.es\/ceipelmanantial\/wp-json\/wp\/v2\/types\/page"}],"author":[{"embeddable":true,"href":"https:\/\/blogsaverroes.juntadeandalucia.es\/ceipelmanantial\/wp-json\/wp\/v2\/users\/7435"}],"replies":[{"embeddable":true,"href":"https:\/\/blogsaverroes.juntadeandalucia.es\/ceipelmanantial\/wp-json\/wp\/v2\/comments?post=3251"}],"version-history":[{"count":1,"href":"https:\/\/blogsaverroes.juntadeandalucia.es\/ceipelmanantial\/wp-json\/wp\/v2\/pages\/3251\/revisions"}],"predecessor-version":[{"id":3253,"href":"https:\/\/blogsaverroes.juntadeandalucia.es\/ceipelmanantial\/wp-json\/wp\/v2\/pages\/3251\/revisions\/3253"}],"wp:attachment":[{"href":"https:\/\/blogsaverroes.juntadeandalucia.es\/ceipelmanantial\/wp-json\/wp\/v2\/media?parent=3251"}],"curies":[{"name":"wp","href":"https:\/\/api.w.org\/{rel}","templated":true}]}}