{"id":3262,"date":"2022-02-09T19:43:33","date_gmt":"2022-02-09T19:43:33","guid":{"rendered":"https:\/\/blogsaverroes.juntadeandalucia.es\/ceipelmanantial\/?page_id=3262"},"modified":"2022-02-09T19:43:33","modified_gmt":"2022-02-09T19:43:33","slug":"programa-impulsa-inclusion","status":"publish","type":"page","link":"https:\/\/blogsaverroes.juntadeandalucia.es\/ceipelmanantial\/programa-impulsa-inclusion\/","title":{"rendered":"Programa Impulsa Inclusi\u00f3n"},"content":{"rendered":"<h1>Programa Impulsa Inclusi\u00f3n<\/h1>\n<p><img loading=\"lazy\" decoding=\"async\" class=\"size-medium wp-image-3263 alignright\" src=\"https:\/\/blogsaverroes.juntadeandalucia.es\/ceipelmanantial\/files\/2022\/02\/Programa-Impulsa-Inclusi\u00f3n-300x157.jpg\" alt=\"\" width=\"300\" height=\"157\" srcset=\"https:\/\/blogsaverroes.juntadeandalucia.es\/ceipelmanantial\/files\/2022\/02\/Programa-Impulsa-Inclusi\u00f3n-300x157.jpg 300w, https:\/\/blogsaverroes.juntadeandalucia.es\/ceipelmanantial\/files\/2022\/02\/Programa-Impulsa-Inclusi\u00f3n.jpg 558w\" sizes=\"(max-width: 300px) 100vw, 300px\" \/>El Programa Impulsa se concibe como un conjunto de actuaciones dirigidas a potenciar la cultura inclusiva de los centros docentes y a mejorar el grado de adquisici\u00f3n de competencias a trav\u00e9s de la mejora de los recursos en el aula y\/o de la realizaci\u00f3n de experiencias innovadoras, activas y experimentales que promuevan el saber hacer del alumnado, partiendo de sus conocimientos y fomentando actitudes como la autonom\u00eda, la responsabilidad, el respeto y el trabajo en equipo, bajo los principios de la atenci\u00f3n a la diversidad y la igualdad de g\u00e9nero.<\/p>\n","protected":false},"excerpt":{"rendered":"<p>Programa Impulsa Inclusi\u00f3n El Programa Impulsa se concibe como un conjunto de actuaciones dirigidas a potenciar la cultura inclusiva de los centros docentes y a mejorar el grado de adquisici\u00f3n de competencias a trav\u00e9s&#46;&#46;&#46;<\/p>\n","protected":false},"author":7435,"featured_media":0,"parent":0,"menu_order":0,"comment_status":"closed","ping_status":"closed","template":"","meta":{"ngg_post_thumbnail":0,"footnotes":""},"aioseo_notices":[],"_links":{"self":[{"href":"https:\/\/blogsaverroes.juntadeandalucia.es\/ceipelmanantial\/wp-json\/wp\/v2\/pages\/3262"}],"collection":[{"href":"https:\/\/blogsaverroes.juntadeandalucia.es\/ceipelmanantial\/wp-json\/wp\/v2\/pages"}],"about":[{"href":"https:\/\/blogsaverroes.juntadeandalucia.es\/ceipelmanantial\/wp-json\/wp\/v2\/types\/page"}],"author":[{"embeddable":true,"href":"https:\/\/blogsaverroes.juntadeandalucia.es\/ceipelmanantial\/wp-json\/wp\/v2\/users\/7435"}],"replies":[{"embeddable":true,"href":"https:\/\/blogsaverroes.juntadeandalucia.es\/ceipelmanantial\/wp-json\/wp\/v2\/comments?post=3262"}],"version-history":[{"count":1,"href":"https:\/\/blogsaverroes.juntadeandalucia.es\/ceipelmanantial\/wp-json\/wp\/v2\/pages\/3262\/revisions"}],"predecessor-version":[{"id":3264,"href":"https:\/\/blogsaverroes.juntadeandalucia.es\/ceipelmanantial\/wp-json\/wp\/v2\/pages\/3262\/revisions\/3264"}],"wp:attachment":[{"href":"https:\/\/blogsaverroes.juntadeandalucia.es\/ceipelmanantial\/wp-json\/wp\/v2\/media?parent=3262"}],"curies":[{"name":"wp","href":"https:\/\/api.w.org\/{rel}","templated":true}]}}