{"id":3280,"date":"2022-02-09T20:06:41","date_gmt":"2022-02-09T20:06:41","guid":{"rendered":"https:\/\/blogsaverroes.juntadeandalucia.es\/ceipelmanantial\/?page_id=3280"},"modified":"2022-02-09T20:06:41","modified_gmt":"2022-02-09T20:06:41","slug":"gestion-de-servicios","status":"publish","type":"page","link":"https:\/\/blogsaverroes.juntadeandalucia.es\/ceipelmanantial\/gestion-de-servicios\/","title":{"rendered":"Gesti\u00f3n de Servicios"},"content":{"rendered":"<h2>Documentos para gestionar los servicios del Plan de Apertura y entregar en horario de secretar\u00eda o secretar\u00eda&nbsp;virtual.&nbsp;<\/h2>\n<ol>\n<li><a href=\"https:\/\/blogsaverroes.juntadeandalucia.es\/ceipelmanantial\/files\/2021\/02\/Solicitud-de-Aula-Matinal-Comedor-y-Actividades-Extraescolares-Anexo-II.pdf\">Solicitud de Aula Matinal, Comedor y Actividades Extraescolares (Anexo II)<\/a><\/li>\n<li><a href=\"https:\/\/blogsaverroes.juntadeandalucia.es\/ceipelmanantial\/files\/2021\/02\/Solicitud-de-Bonificaci%C3%B3n-para-Servicios-Complementarios-Anexo-V.pdf\">Solicitud de Bonificaci\u00f3n para Servicios Complementarios (Anexo V)<\/a><\/li>\n<li><a href=\"https:\/\/blogsaverroes.juntadeandalucia.es\/ceipelmanantial\/files\/2021\/03\/Solicitud-BAJA.pdf\">Solicitud de Baja para Aula Matinal, Comedor y Actividades Extraescolares.<\/a><\/li>\n<\/ol>\n<p>Hasta el 25 de cada mes pueden darse de alta o baja para cualquiera de los servicios del Plan de Apertura (Aula Matinal, Comedor y Actividades Extraescolares), para que sea efectiva desde el&nbsp; d\u00eda 1 del mes siguiente, la baja o alta.<\/p>\n<p>Puede que haya lista de espera en algunos de los servicios.<\/p>\n<p>Habr\u00e1 servicio todos los d\u00edas lectivos, salvo los que se avise previamente el centro o empresa proveedora.<\/p>\n<p>El dejar de asistir a un servicio no implica la baja, por lo que los proveedores de los mismos pueden seguir cargando recibos hasta la notificaci\u00f3n de la misma.&nbsp;<\/p>\n<p>Las Actividades Extraescolares empiezan el d\u00eda 1 de octubre y acaban el d\u00eda 31 de mayo.<\/p>\n","protected":false},"excerpt":{"rendered":"<p>Documentos para gestionar los servicios del Plan de Apertura y entregar en horario de secretar\u00eda o secretar\u00eda&nbsp;virtual.&nbsp; Solicitud de Aula Matinal, Comedor y Actividades Extraescolares (Anexo II) Solicitud de Bonificaci\u00f3n para Servicios Complementarios (Anexo&#46;&#46;&#46;<\/p>\n","protected":false},"author":7435,"featured_media":0,"parent":0,"menu_order":0,"comment_status":"closed","ping_status":"closed","template":"","meta":{"ngg_post_thumbnail":0,"footnotes":""},"aioseo_notices":[],"_links":{"self":[{"href":"https:\/\/blogsaverroes.juntadeandalucia.es\/ceipelmanantial\/wp-json\/wp\/v2\/pages\/3280"}],"collection":[{"href":"https:\/\/blogsaverroes.juntadeandalucia.es\/ceipelmanantial\/wp-json\/wp\/v2\/pages"}],"about":[{"href":"https:\/\/blogsaverroes.juntadeandalucia.es\/ceipelmanantial\/wp-json\/wp\/v2\/types\/page"}],"author":[{"embeddable":true,"href":"https:\/\/blogsaverroes.juntadeandalucia.es\/ceipelmanantial\/wp-json\/wp\/v2\/users\/7435"}],"replies":[{"embeddable":true,"href":"https:\/\/blogsaverroes.juntadeandalucia.es\/ceipelmanantial\/wp-json\/wp\/v2\/comments?post=3280"}],"version-history":[{"count":1,"href":"https:\/\/blogsaverroes.juntadeandalucia.es\/ceipelmanantial\/wp-json\/wp\/v2\/pages\/3280\/revisions"}],"predecessor-version":[{"id":3281,"href":"https:\/\/blogsaverroes.juntadeandalucia.es\/ceipelmanantial\/wp-json\/wp\/v2\/pages\/3280\/revisions\/3281"}],"wp:attachment":[{"href":"https:\/\/blogsaverroes.juntadeandalucia.es\/ceipelmanantial\/wp-json\/wp\/v2\/media?parent=3280"}],"curies":[{"name":"wp","href":"https:\/\/api.w.org\/{rel}","templated":true}]}}