{"id":3590,"date":"2023-02-02T09:50:04","date_gmt":"2023-02-02T09:50:04","guid":{"rendered":"https:\/\/blogsaverroes.juntadeandalucia.es\/ceipelmanantial\/?page_id=3590"},"modified":"2023-02-02T09:50:04","modified_gmt":"2023-02-02T09:50:04","slug":"programa-aldea-ecohuerto","status":"publish","type":"page","link":"https:\/\/blogsaverroes.juntadeandalucia.es\/ceipelmanantial\/programa-aldea-ecohuerto\/","title":{"rendered":"Programa Aldea &#8211; EcoHuerto"},"content":{"rendered":"<p>Este programa pretende impulsar la sensibilizaci\u00f3n ecol\u00f3gica y la transmisi\u00f3n de actitudes de respeto y cuidado del medio ambiente, utilizando el huerto &nbsp;escolar como un recurso educativo de primer orden para reforzar contenidos curriculares y para transmitir al alumnado la importancia de las t\u00e9cnicas productivas con la alimentaci\u00f3n, en relaci\u00f3n con los ciclos naturales y el respeto al medio ambiente.<\/p>\n<p>Sembrar y plantar verduras, hortalizas y \u00e1rboles frutales tiene valor en s\u00ed mismo y ayuda a comprender la multitud de ritmos que dominan la naturaleza, la dependencia que el ser humano tiene de ella y la asincron\u00eda, cada vez m\u00e1s pronunciada, que existe entre ambos.<\/p>\n<p><a href=\"https:\/\/www.juntadeandalucia.es\/educacion\/portals\/web\/aldea\/proyectos\/ecohuerto\/el-proyecto\"><img loading=\"lazy\" decoding=\"async\" class=\"aligncenter size-full wp-image-3591\" src=\"https:\/\/blogsaverroes.juntadeandalucia.es\/ceipelmanantial\/files\/2023\/02\/layout_set_logo.png\" alt=\"\" width=\"497\" height=\"121\" srcset=\"https:\/\/blogsaverroes.juntadeandalucia.es\/ceipelmanantial\/files\/2023\/02\/layout_set_logo.png 497w, https:\/\/blogsaverroes.juntadeandalucia.es\/ceipelmanantial\/files\/2023\/02\/layout_set_logo-300x73.png 300w\" sizes=\"(max-width: 497px) 100vw, 497px\" \/><\/a><\/p>\n","protected":false},"excerpt":{"rendered":"<p>Este programa pretende impulsar la sensibilizaci\u00f3n ecol\u00f3gica y la transmisi\u00f3n de actitudes de respeto y cuidado del medio ambiente, utilizando el huerto &nbsp;escolar como un recurso educativo de primer orden para reforzar contenidos curriculares&#46;&#46;&#46;<\/p>\n","protected":false},"author":7435,"featured_media":0,"parent":0,"menu_order":0,"comment_status":"closed","ping_status":"closed","template":"","meta":{"ngg_post_thumbnail":0,"footnotes":""},"aioseo_notices":[],"_links":{"self":[{"href":"https:\/\/blogsaverroes.juntadeandalucia.es\/ceipelmanantial\/wp-json\/wp\/v2\/pages\/3590"}],"collection":[{"href":"https:\/\/blogsaverroes.juntadeandalucia.es\/ceipelmanantial\/wp-json\/wp\/v2\/pages"}],"about":[{"href":"https:\/\/blogsaverroes.juntadeandalucia.es\/ceipelmanantial\/wp-json\/wp\/v2\/types\/page"}],"author":[{"embeddable":true,"href":"https:\/\/blogsaverroes.juntadeandalucia.es\/ceipelmanantial\/wp-json\/wp\/v2\/users\/7435"}],"replies":[{"embeddable":true,"href":"https:\/\/blogsaverroes.juntadeandalucia.es\/ceipelmanantial\/wp-json\/wp\/v2\/comments?post=3590"}],"version-history":[{"count":1,"href":"https:\/\/blogsaverroes.juntadeandalucia.es\/ceipelmanantial\/wp-json\/wp\/v2\/pages\/3590\/revisions"}],"predecessor-version":[{"id":3592,"href":"https:\/\/blogsaverroes.juntadeandalucia.es\/ceipelmanantial\/wp-json\/wp\/v2\/pages\/3590\/revisions\/3592"}],"wp:attachment":[{"href":"https:\/\/blogsaverroes.juntadeandalucia.es\/ceipelmanantial\/wp-json\/wp\/v2\/media?parent=3590"}],"curies":[{"name":"wp","href":"https:\/\/api.w.org\/{rel}","templated":true}]}}