{"id":3593,"date":"2023-02-02T09:51:52","date_gmt":"2023-02-02T09:51:52","guid":{"rendered":"https:\/\/blogsaverroes.juntadeandalucia.es\/ceipelmanantial\/?page_id=3593"},"modified":"2023-02-02T09:51:52","modified_gmt":"2023-02-02T09:51:52","slug":"programa-habitos-de-vida-saludables","status":"publish","type":"page","link":"https:\/\/blogsaverroes.juntadeandalucia.es\/ceipelmanantial\/programa-habitos-de-vida-saludables\/","title":{"rendered":"Programa H\u00e1bitos de Vida Saludables"},"content":{"rendered":"<p>Este programa persigue responsabilizar al alumnado para la defensa de la salud propia y colectiva. Una alimentaci\u00f3n poco saludable y el no practicar actividad f\u00edsica con regularidad son las principales causas de las enfermedades cr\u00f3nicas m\u00e1s importantes. La infancia y la adolescencia son periodos cruciales para actuar sobre la conducta alimentaria y el sedentarismo, ya que las costumbres adquiridas en esta etapa van a ser determinantes del estado de salud de la futura persona adulta. Los buenos h\u00e1bitos de vida saludable nacen en las familias, pero pueden reforzarse en el medio escolar, por lo que la escuela se convierte en el escenario m\u00e1s eficaz para modificar los estilos de vida de los escolares, con especial atenci\u00f3n entre los 6 y los 12 a\u00f1os.<\/p>\n<p><a href=\"https:\/\/www.juntadeandalucia.es\/educacion\/portals\/web\/habitos-vida-saludable\"><img loading=\"lazy\" decoding=\"async\" class=\"aligncenter size-full wp-image-3594\" src=\"https:\/\/blogsaverroes.juntadeandalucia.es\/ceipelmanantial\/files\/2023\/02\/layout_set_logo-1.png\" alt=\"\" width=\"503\" height=\"113\" srcset=\"https:\/\/blogsaverroes.juntadeandalucia.es\/ceipelmanantial\/files\/2023\/02\/layout_set_logo-1.png 503w, https:\/\/blogsaverroes.juntadeandalucia.es\/ceipelmanantial\/files\/2023\/02\/layout_set_logo-1-300x67.png 300w\" sizes=\"(max-width: 503px) 100vw, 503px\" \/><\/a><\/p>\n","protected":false},"excerpt":{"rendered":"<p>Este programa persigue responsabilizar al alumnado para la defensa de la salud propia y colectiva. Una alimentaci\u00f3n poco saludable y el no practicar actividad f\u00edsica con regularidad son las principales causas de las enfermedades&#46;&#46;&#46;<\/p>\n","protected":false},"author":7435,"featured_media":0,"parent":0,"menu_order":0,"comment_status":"closed","ping_status":"closed","template":"","meta":{"ngg_post_thumbnail":0,"footnotes":""},"aioseo_notices":[],"_links":{"self":[{"href":"https:\/\/blogsaverroes.juntadeandalucia.es\/ceipelmanantial\/wp-json\/wp\/v2\/pages\/3593"}],"collection":[{"href":"https:\/\/blogsaverroes.juntadeandalucia.es\/ceipelmanantial\/wp-json\/wp\/v2\/pages"}],"about":[{"href":"https:\/\/blogsaverroes.juntadeandalucia.es\/ceipelmanantial\/wp-json\/wp\/v2\/types\/page"}],"author":[{"embeddable":true,"href":"https:\/\/blogsaverroes.juntadeandalucia.es\/ceipelmanantial\/wp-json\/wp\/v2\/users\/7435"}],"replies":[{"embeddable":true,"href":"https:\/\/blogsaverroes.juntadeandalucia.es\/ceipelmanantial\/wp-json\/wp\/v2\/comments?post=3593"}],"version-history":[{"count":1,"href":"https:\/\/blogsaverroes.juntadeandalucia.es\/ceipelmanantial\/wp-json\/wp\/v2\/pages\/3593\/revisions"}],"predecessor-version":[{"id":3595,"href":"https:\/\/blogsaverroes.juntadeandalucia.es\/ceipelmanantial\/wp-json\/wp\/v2\/pages\/3593\/revisions\/3595"}],"wp:attachment":[{"href":"https:\/\/blogsaverroes.juntadeandalucia.es\/ceipelmanantial\/wp-json\/wp\/v2\/media?parent=3593"}],"curies":[{"name":"wp","href":"https:\/\/api.w.org\/{rel}","templated":true}]}}