{"id":4056,"date":"2025-11-12T12:35:23","date_gmt":"2025-11-12T12:35:23","guid":{"rendered":"https:\/\/blogsaverroes.juntadeandalucia.es\/ceipelmanantial\/?page_id=4056"},"modified":"2025-11-13T10:03:55","modified_gmt":"2025-11-13T10:03:55","slug":"tutoriales-ipasen-y-classrom","status":"publish","type":"page","link":"https:\/\/blogsaverroes.juntadeandalucia.es\/ceipelmanantial\/tutoriales-ipasen-y-classrom\/","title":{"rendered":"Tutoriales Ipasen"},"content":{"rendered":"<p><a href=\"https:\/\/www.youtube.com\/watch?v=3pcDfLgjguE&amp;t=15s\" target=\"_blank\" rel=\"noopener\">Registrase en iPasen por primera vez<\/a><br \/>\n<a href=\"http:\/\/youtube.com\/watch?v=CTaUTYjFDYs&amp;list=PLv2ZR20mMXivzQiHQwFT3DZG0kth5bngd&amp;index=22\" target=\"_blank\" rel=\"noopener\">iPASEN para familias &#8211; Recuperaci\u00f3n de contrase\u00f1a PASEN familia<\/a><br \/>\n<a href=\"https:\/\/www.youtube.com\/watch?v=FUw1QEFYO3M&amp;list=PLv2ZR20mMXivzQiHQwFT3DZG0kth5bngd&amp;index=3\" target=\"_blank\" rel=\"noopener\">iPASEN para familias &#8211; Noticias de la Consejer\u00eda de Educaci\u00f3n<\/a><br \/>\n<a href=\"https:\/\/www.youtube.com\/watch?v=1vHCdyp_nHs&amp;list=PLv2ZR20mMXivzQiHQwFT3DZG0kth5bngd&amp;index=4\" target=\"_blank\" rel=\"noopener\">iPASEN para familias &#8211; Agenda personal<\/a><br \/>\n<a href=\"https:\/\/www.youtube.com\/watch?v=XQ6_KlF3B_I&amp;list=PLv2ZR20mMXivzQiHQwFT3DZG0kth5bngd&amp;index=5\" target=\"_blank\" rel=\"noopener\">iPASEN para familias &#8211; Mis datos<\/a><br \/>\n<a href=\"https:\/\/www.youtube.com\/watch?v=1BVFe2LM8rY&amp;list=PLv2ZR20mMXivzQiHQwFT3DZG0kth5bngd&amp;index=6\" target=\"_blank\" rel=\"noopener\">iPASEN para familias &#8211; El m\u00f3dulo de comunicaciones y mensajer\u00eda<\/a><br \/>\n<a href=\"https:\/\/www.youtube.com\/watch?v=KhGp6aZIZtc&amp;list=PLv2ZR20mMXivzQiHQwFT3DZG0kth5bngd&amp;index=7\" target=\"_blank\" rel=\"noopener\">iPASEN para familias &#8211; Configuraci\u00f3n de la aplicaci\u00f3n iPASEN<\/a><br \/>\n<a href=\"https:\/\/www.youtube.com\/watch?v=oxjRJe0gEjs&amp;list=PLv2ZR20mMXivzQiHQwFT3DZG0kth5bngd&amp;index=8\" target=\"_blank\" rel=\"noopener\">iPASEN para familias &#8211; Consulta de datos de la tutor\u00eda (clase)<\/a><br \/>\n<a href=\"https:\/\/www.youtube.com\/watch?v=j5Oir4b_kfw&amp;list=PLv2ZR20mMXivzQiHQwFT3DZG0kth5bngd&amp;index=9\" target=\"_blank\" rel=\"noopener\">iPASEN para familias &#8211; Ficha del hijo\/a y actualizaci\u00f3n de su foto<\/a><br \/>\n<a href=\"https:\/\/www.youtube.com\/watch?v=1jl2akvufOg&amp;list=PLv2ZR20mMXivzQiHQwFT3DZG0kth5bngd&amp;index=10\" target=\"_blank\" rel=\"noopener\">iPASEN para familias &#8211; Comunicaci\u00f3n de faltas de asistencia que se van a producir (NUEVO)<\/a><br \/>\n<a href=\"https:\/\/www.youtube.com\/watch?v=Z4ny0VmwEHA&amp;list=PLv2ZR20mMXivzQiHQwFT3DZG0kth5bngd&amp;index=11\" target=\"_blank\" rel=\"noopener\">iPASEN para familias &#8211; Justificaci\u00f3n de faltas de asistencia ya producidas (NUEVO)<\/a><br \/>\n<a href=\"https:\/\/www.youtube.com\/watch?v=uOlkCdVr490&amp;list=PLv2ZR20mMXivzQiHQwFT3DZG0kth5bngd&amp;index=17\" target=\"_blank\" rel=\"noopener\">iPASEN para familias &#8211; Consulta de las calificaciones obtenidas en actividades evaluables<\/a><br \/>\n<a href=\"https:\/\/www.youtube.com\/watch?v=GJFc0yy0vhM&amp;list=PLv2ZR20mMXivzQiHQwFT3DZG0kth5bngd&amp;index=12\" target=\"_blank\" rel=\"noopener\">iPASEN para familias &#8211; Consulta de calificaciones de una convocatoria de evaluaci\u00f3n<\/a><br \/>\n<a href=\"https:\/\/www.youtube.com\/watch?v=Ge1BAR5NB1s&amp;list=PLv2ZR20mMXivzQiHQwFT3DZG0kth5bngd&amp;index=27\" target=\"_blank\" rel=\"noopener\">iPasen para familias &#8211; Consulta de las observaciones a las calificaciones<\/a><br \/>\n<a href=\"http:\/\/youtube.com\/watch?v=g76-5YL2PvA&amp;list=PLv2ZR20mMXivzQiHQwFT3DZG0kth5bngd&amp;index=12\" target=\"_blank\" rel=\"noopener\">Punto de recogida PASEN para familias<\/a><br \/>\n<a href=\"https:\/\/www.youtube.com\/watch?v=b3wR0Tas0gM&amp;list=PLv2ZR20mMXivzQiHQwFT3DZG0kth5bngd&amp;index=14\" target=\"_blank\" rel=\"noopener\">iPASEN para familias &#8211; Consulta de las observaciones realizadas sobre el hijo\/a<\/a><br \/>\n<a href=\"https:\/\/www.youtube.com\/watch?v=2Wk5E2U9eL4&amp;list=PLv2ZR20mMXivzQiHQwFT3DZG0kth5bngd&amp;index=16\" target=\"_blank\" rel=\"noopener\">iPASEN para familias &#8211; Consulta del horario lectivo del hijo\/a<\/a><br \/>\n<a href=\"https:\/\/www.youtube.com\/watch?v=bOyTZNqhsOk&amp;list=PLv2ZR20mMXivzQiHQwFT3DZG0kth5bngd&amp;index=18\" target=\"_blank\" rel=\"noopener\">iPASEN para familias &#8211; Autorizaciones y firmas<\/a><br \/>\n<a href=\"https:\/\/www.youtube.com\/watch?v=4BdaKNQ7s3Y&amp;list=PLv2ZR20mMXivzQiHQwFT3DZG0kth5bngd&amp;index=19\" target=\"_blank\" rel=\"noopener\">iPASEN para familias &#8211; Registrar personas autorizadas para la recogida del hijo\/a<\/a><br \/>\n<a href=\"https:\/\/www.youtube.com\/watch?v=19nOhxvurx4&amp;list=PLv2ZR20mMXivzQiHQwFT3DZG0kth5bngd&amp;index=22\" target=\"_blank\" rel=\"noopener\">iPASEN para familias &#8211; Consulta del tabl\u00f3n de anuncios<\/a><br \/>\n<a href=\"https:\/\/www.youtube.com\/watch?v=3sC2GQIFrAI&amp;list=PLv2ZR20mMXivzQiHQwFT3DZG0kth5bngd&amp;index=25\" target=\"_blank\" rel=\"noopener\">Soluci\u00f3n a los problemas de descarga de archivos pdf del Punto de Recogida PASEN<\/a><br \/>\n<a href=\"https:\/\/www.youtube.com\/watch?v=zOanzI08qSg\" target=\"_blank\" rel=\"noopener\">Conocer usuario y contrase\u00f1a mail g.educaand.es y recuperaci\u00f3n contrase\u00f1a alumnado<\/a><br \/>\n<a href=\"https:\/\/www.youtube.com\/watch?v=ZIByx1Gp9rw\" target=\"_blank\" rel=\"noopener\">Gesti\u00f3n de tutor\u00edas iPasen: solicitar, aceptar y firmar acta de tutor\u00eda.<\/a><\/p>\n","protected":false},"excerpt":{"rendered":"<p>Registrase en iPasen por primera vez iPASEN para familias &#8211; Recuperaci\u00f3n de contrase\u00f1a PASEN familia iPASEN para familias &#8211; Noticias de la Consejer\u00eda de Educaci\u00f3n iPASEN para familias &#8211; Agenda personal iPASEN para familias&#46;&#46;&#46;<\/p>\n","protected":false},"author":7217,"featured_media":0,"parent":0,"menu_order":0,"comment_status":"closed","ping_status":"closed","template":"","meta":{"ngg_post_thumbnail":0,"footnotes":""},"aioseo_notices":[],"_links":{"self":[{"href":"https:\/\/blogsaverroes.juntadeandalucia.es\/ceipelmanantial\/wp-json\/wp\/v2\/pages\/4056"}],"collection":[{"href":"https:\/\/blogsaverroes.juntadeandalucia.es\/ceipelmanantial\/wp-json\/wp\/v2\/pages"}],"about":[{"href":"https:\/\/blogsaverroes.juntadeandalucia.es\/ceipelmanantial\/wp-json\/wp\/v2\/types\/page"}],"author":[{"embeddable":true,"href":"https:\/\/blogsaverroes.juntadeandalucia.es\/ceipelmanantial\/wp-json\/wp\/v2\/users\/7217"}],"replies":[{"embeddable":true,"href":"https:\/\/blogsaverroes.juntadeandalucia.es\/ceipelmanantial\/wp-json\/wp\/v2\/comments?post=4056"}],"version-history":[{"count":19,"href":"https:\/\/blogsaverroes.juntadeandalucia.es\/ceipelmanantial\/wp-json\/wp\/v2\/pages\/4056\/revisions"}],"predecessor-version":[{"id":4079,"href":"https:\/\/blogsaverroes.juntadeandalucia.es\/ceipelmanantial\/wp-json\/wp\/v2\/pages\/4056\/revisions\/4079"}],"wp:attachment":[{"href":"https:\/\/blogsaverroes.juntadeandalucia.es\/ceipelmanantial\/wp-json\/wp\/v2\/media?parent=4056"}],"curies":[{"name":"wp","href":"https:\/\/api.w.org\/{rel}","templated":true}]}}