{"id":49,"date":"2015-03-13T08:47:05","date_gmt":"2015-03-13T08:47:05","guid":{"rendered":"http:\/\/blogsaverroes.juntadeandalucia.es\/pre\/ceip\/?page_id=49"},"modified":"2025-05-13T09:57:40","modified_gmt":"2025-05-13T09:57:40","slug":"consejo-escolar","status":"publish","type":"page","link":"https:\/\/blogsaverroes.juntadeandalucia.es\/ceipelmanantial\/consejo-escolar\/","title":{"rendered":"Consejo Escolar"},"content":{"rendered":"<div id=\"Info-table-wrap-5067\" class=\"ult_pricing_heading\">\n<h3 class=\"ult-responsive\" style=\"text-align: center\">MIEMBROS DEL CONSEJO ESCOLAR<\/h3>\n<h5 class=\"ult-responsive\" style=\"text-align: center\">&nbsp;<\/h5>\n<\/div>\n<p>Profesorado:<\/p>\n<ul>\n<li>Equipo Directivo &#8211; Carmen M\u00aa (Directora)<\/li>\n<li>Equipo Directivo &#8211; Lola (Jefa de Estudios)<\/li>\n<li>Equipo Directivo &#8211; M\u00aa Carmen (Secretaria)<\/li>\n<li>Colom\u00e9 Santos, Olga<\/li>\n<li>Giraldo Iglesias, M\u00aa Jos\u00e9<\/li>\n<li>Jim\u00e9nez Gutierrez, Sonia<\/li>\n<li>Mar\u00edn Dom\u00ednguez, Lola<\/li>\n<li>M\u00e1rquez Di\u00e9guez, Mar<\/li>\n<li>M\u00e9ndez Groiss, M\u00aaJos\u00e9<\/li>\n<li>S\u00e1nchez Balanza, Auxi<\/li>\n<li>Vena Montilla, Esperanza<\/li>\n<\/ul>\n<p>Padres\/madres:<\/p>\n<ul>\n<li>Contreras Castilla Ana M\u00aa<\/li>\n<li>Fern\u00e1ndez Casuso, Cristina<\/li>\n<li>Mu\u00f1oz Fern\u00e1ndez, Elisabet<\/li>\n<li>Palma Soria, Mercedes<\/li>\n<li>V\u00e1zquez Arias, Raquel<\/li>\n<li>Vicente Iglesias, Natalia<\/li>\n<li>Losa Gonz\u00e1lez, Alejandro<\/li>\n<li>Mart\u00ednez D\u00edaz, Roc\u00edo<\/li>\n<li>Medrano S\u00e1nchez, Roc\u00edo<\/li>\n<li>Representante AMPA Los Manantiales &#8211;&nbsp;<\/li>\n<\/ul>\n<p>Ayuntamiento: Moreno Ort\u00edz, Isabel M\u00aa<\/p>\n","protected":false},"excerpt":{"rendered":"<p>MIEMBROS DEL CONSEJO ESCOLAR &nbsp; Profesorado: Equipo Directivo &#8211; Carmen M\u00aa (Directora) Equipo Directivo &#8211; Lola (Jefa de Estudios) Equipo Directivo &#8211; M\u00aa Carmen (Secretaria) Colom\u00e9 Santos, Olga Giraldo Iglesias, M\u00aa Jos\u00e9 Jim\u00e9nez Gutierrez,&#46;&#46;&#46;<\/p>\n","protected":false},"author":1,"featured_media":0,"parent":0,"menu_order":0,"comment_status":"open","ping_status":"open","template":"","meta":{"ngg_post_thumbnail":0,"footnotes":""},"aioseo_notices":[],"_links":{"self":[{"href":"https:\/\/blogsaverroes.juntadeandalucia.es\/ceipelmanantial\/wp-json\/wp\/v2\/pages\/49"}],"collection":[{"href":"https:\/\/blogsaverroes.juntadeandalucia.es\/ceipelmanantial\/wp-json\/wp\/v2\/pages"}],"about":[{"href":"https:\/\/blogsaverroes.juntadeandalucia.es\/ceipelmanantial\/wp-json\/wp\/v2\/types\/page"}],"author":[{"embeddable":true,"href":"https:\/\/blogsaverroes.juntadeandalucia.es\/ceipelmanantial\/wp-json\/wp\/v2\/users\/1"}],"replies":[{"embeddable":true,"href":"https:\/\/blogsaverroes.juntadeandalucia.es\/ceipelmanantial\/wp-json\/wp\/v2\/comments?post=49"}],"version-history":[{"count":16,"href":"https:\/\/blogsaverroes.juntadeandalucia.es\/ceipelmanantial\/wp-json\/wp\/v2\/pages\/49\/revisions"}],"predecessor-version":[{"id":3973,"href":"https:\/\/blogsaverroes.juntadeandalucia.es\/ceipelmanantial\/wp-json\/wp\/v2\/pages\/49\/revisions\/3973"}],"wp:attachment":[{"href":"https:\/\/blogsaverroes.juntadeandalucia.es\/ceipelmanantial\/wp-json\/wp\/v2\/media?parent=49"}],"curies":[{"name":"wp","href":"https:\/\/api.w.org\/{rel}","templated":true}]}}