{"id":871,"date":"2015-03-16T07:25:46","date_gmt":"2015-03-16T07:25:46","guid":{"rendered":"http:\/\/blogsaverroes.juntadeandalucia.es\/pre\/ceip\/?page_id=106"},"modified":"2025-11-10T08:26:47","modified_gmt":"2025-11-10T08:26:47","slug":"actividades-extraescolares","status":"publish","type":"page","link":"https:\/\/blogsaverroes.juntadeandalucia.es\/ceipelmanantial\/actividades-extraescolares\/","title":{"rendered":"Actividades Extraescolares"},"content":{"rendered":"<h4><strong>OFERTA DE ACTIVIDADES EXTRAESCOLARES<\/strong><\/h4>\n<p><a href=\"https:\/\/blogsaverroes.juntadeandalucia.es\/ceipelmanantial\/files\/2025\/09\/AAEE25-26.png\"><img loading=\"lazy\" decoding=\"async\" class=\"aligncenter size-full wp-image-4038\" src=\"https:\/\/blogsaverroes.juntadeandalucia.es\/ceipelmanantial\/files\/2025\/09\/AAEE25-26.png\" alt=\"\" width=\"830\" height=\"285\" srcset=\"https:\/\/blogsaverroes.juntadeandalucia.es\/ceipelmanantial\/files\/2025\/09\/AAEE25-26.png 830w, https:\/\/blogsaverroes.juntadeandalucia.es\/ceipelmanantial\/files\/2025\/09\/AAEE25-26-300x103.png 300w, https:\/\/blogsaverroes.juntadeandalucia.es\/ceipelmanantial\/files\/2025\/09\/AAEE25-26-768x264.png 768w\" sizes=\"(max-width: 830px) 100vw, 830px\" \/><\/a><\/p>\n<p><sup>1<\/sup>Equipamientos de protecci\u00f3n obligatorios (Casco, Rodilleras, Coderas y Mu\u00f1equeras).<br \/>\n<sup>2<\/sup>Solicitaremos a los\/as usuarios\/as alergias alimentarias para evitar incidencias.<\/p>\n<h4><strong>\u00bfQUI\u00c9N LO GESTIONA?<\/strong><\/h4>\n<h4>La empresa <a href=\"https:\/\/carriles.es\/confamilia\/\"><strong>CARRILES Animaci\u00f3n y Aventura<\/strong><\/a>&nbsp;es la encargada&nbsp;del servicio de Actividades Extraescolares en nuestro centro escolar como proveedor homologado por la&nbsp;<a href=\"https:\/\/href.li\/?https:\/\/www.juntadeandalucia.es\/temas\/contratacion-publica\/perfiles-licitaciones\/perfiles-contratante\/detalle\/COED02.html\">Agencia P\u00fablica Andaluza de Educaci\u00f3n<\/a>.<\/h4>\n<div class=\"h-global-transition-all h-heading style-4036 style-local-6087-c16 position-relative h-element\" data-colibri-id=\"6087-c16\">\n<div class=\"h-heading__outer style-4036 style-local-6087-c16\">\n<h4>\u00bfQU\u00c9 SOLUCIONA?<\/h4>\n<\/div>\n<\/div>\n<div class=\"h-text h-text-component style-4037 style-local-6087-c17 position-relative h-element\" data-colibri-id=\"6087-c17\">\n<div class=\"\">\n<p>Este servicio tiene la finalidad de ayudar a aquellas familias que por motivos varios como:<\/p>\n<ul>\n<li>Conciliar la vida familiar y laboral.<\/li>\n<li>Aprendizaje y socializaci\u00f3n de los usuarios\/as.<\/li>\n<li>Servicio en su propio centro escolar, sin desplazamientos.<\/li>\n<li>Realizaci\u00f3n de actividad f\u00edsica.<\/li>\n<li>Etc.<\/li>\n<\/ul>\n<div class=\"h-global-transition-all h-heading style-4036 style-local-6087-c23 position-relative h-element\" data-colibri-id=\"6087-c23\">\n<div class=\"h-heading__outer style-4036 style-local-6087-c23\">\n<h4>\u00bfC\u00d3MO FUNCIONA?<\/h4>\n<\/div>\n<\/div>\n<div class=\"h-text h-text-component style-4037 style-local-6087-c24 position-relative h-element\" data-colibri-id=\"6087-c24\">\n<div class=\"\">\n<p>El servicio tiene un horario de 16:00 a 18:00 horas de lunes a jueves, pero cada centro tiene un horario y actividades concreto.<\/p>\n<ul>\n<li>El&nbsp;<strong>inicio&nbsp;<\/strong>de las actividades extraescolares ser\u00e1 el 1 de octubre.<\/li>\n<li>Las actividades extraescolares&nbsp;<strong>terminar\u00e1n&nbsp;<\/strong>el 31 de mayo.<\/li>\n<li>Las actividades extraescolares que tengan&nbsp;<strong>9 o menos usuarios<\/strong>&nbsp;no se iniciar\u00e1n por normativa o no continuar\u00e1 el mes siguiente.<\/li>\n<\/ul>\n<\/div>\n<\/div>\n<\/div>\n<\/div>\n<div class=\"h-global-transition-all h-heading style-4036 style-local-6087-c30 position-relative h-element\" data-colibri-id=\"6087-c30\">\n<div class=\"h-heading__outer style-4036 style-local-6087-c30\">\n<h4>\u00bfCU\u00c1NTO CUESTA Y C\u00d3MO SE ABONA?<\/h4>\n<\/div>\n<\/div>\n<div class=\"h-text h-text-component style-4113 style-local-6087-c31 position-relative h-element\" data-colibri-id=\"6087-c31\">\n<div class=\"\">\n<p>Precio de una actividad sin bonificar es de&nbsp;17,51\u20ac&nbsp;el curso 2025\/2026, puede variar para el pr\u00f3ximo curso.<\/p>\n<p>Las tarifas son por mes completo.&nbsp;<\/p>\n<p>La cuota es por meses completos,&nbsp;no hay partes proporcionales ni d\u00edas sueltos. Tampoco hay descuentos cuando hay vacaciones o festivos.<\/p>\n<p>Los&nbsp;cobros se har\u00e1n a mes vencido&nbsp;el d\u00eda 10 de cada mes en la cuenta bancaria proporcionada en la solicitud al centro y se la siguiente forma:<\/p>\n<p>\u00b7&nbsp; &nbsp; &nbsp; &nbsp; Se cobrar\u00e1 a mes vencido el 10 de cada mes y el cobro corresponder\u00e1 al mes anterior al que se cobre.<\/p>\n<p>La&nbsp;devoluci\u00f3n de los recibos&nbsp;tendr\u00e1 un coste de 4 euros.<\/p>\n<\/div>\n<div class=\"h-global-transition-all h-heading style-4049 style-local-6087-c43 position-relative h-element\" data-colibri-id=\"6087-c43\">\n<div class=\"h-heading__outer style-4049 style-local-6087-c43\">\n<h4>PLAZOS PARA SOLICITAR LA BONIFICACI\u00d3N<\/h4>\n<\/div>\n<\/div>\n<div class=\"h-text h-text-component style-4050 style-local-6087-c44 position-relative h-element\" data-colibri-id=\"6087-c44\">\n<div class=\"\">\n<p>Es un servicio que puede ser bonificado por la Consejer\u00eda de Educaci\u00f3n, para ello debe solicitar en la secretar\u00eda de su centro la bonificaci\u00f3n antes del 5 de septiembre para beneficiarse de un descuento en base a la renta familiar. O en el momento de hacer el alta en el servicio si es que no estaba de alta en ning\u00fan servicio del plan de apertura con anterioridad.&nbsp;<\/p>\n<p>Precio de una actividad sin bonificar es de&nbsp;<strong>17,51\u20ac<\/strong>, a continuaci\u00f3n dejamos una tabla con las bonificaciones a dicho precio. Aclaramos que solo se bonifica una sola actividad.<\/p>\n<table class=\"w-fit min-w-(--thread-content-width) aligncenter\" style=\"width: 29.3848%\" data-start=\"551\" data-end=\"810\">\n<thead data-start=\"551\" data-end=\"608\">\n<tr data-start=\"551\" data-end=\"608\">\n<th style=\"width: 21.9697%;text-align: center\" data-start=\"551\" data-end=\"563\" data-col-size=\"sm\">Descuento<\/th>\n<th style=\"width: 46.2121%\" data-start=\"563\" data-end=\"588\" data-col-size=\"sm\">Importe descontado (\u20ac)<\/th>\n<th style=\"width: 29.2929%\" data-start=\"588\" data-end=\"608\" data-col-size=\"sm\">Precio final (\u20ac)<\/th>\n<\/tr>\n<\/thead>\n<tbody data-start=\"668\" data-end=\"810\">\n<tr data-start=\"668\" data-end=\"690\">\n<td style=\"width: 21.9697%\" data-start=\"668\" data-end=\"675\" data-col-size=\"sm\">50 %<\/td>\n<td style=\"width: 46.2121%\" data-col-size=\"sm\" data-start=\"675\" data-end=\"682\">8,76<\/td>\n<td style=\"width: 29.2929%\" data-col-size=\"sm\" data-start=\"682\" data-end=\"690\">8,76<\/td>\n<\/tr>\n<tr data-start=\"691\" data-end=\"714\">\n<td style=\"width: 21.9697%\" data-start=\"691\" data-end=\"698\" data-col-size=\"sm\">42 %<\/td>\n<td style=\"width: 46.2121%\" data-col-size=\"sm\" data-start=\"698\" data-end=\"705\">7,35<\/td>\n<td style=\"width: 29.2929%\" data-col-size=\"sm\" data-start=\"705\" data-end=\"714\">10,16<\/td>\n<\/tr>\n<tr data-start=\"715\" data-end=\"738\">\n<td style=\"width: 21.9697%\" data-start=\"715\" data-end=\"722\" data-col-size=\"sm\">34 %<\/td>\n<td style=\"width: 46.2121%\" data-col-size=\"sm\" data-start=\"722\" data-end=\"729\">5,95<\/td>\n<td style=\"width: 29.2929%\" data-col-size=\"sm\" data-start=\"729\" data-end=\"738\">11,56<\/td>\n<\/tr>\n<tr data-start=\"739\" data-end=\"762\">\n<td style=\"width: 21.9697%\" data-start=\"739\" data-end=\"746\" data-col-size=\"sm\">26 %<\/td>\n<td style=\"width: 46.2121%\" data-col-size=\"sm\" data-start=\"746\" data-end=\"753\">4,55<\/td>\n<td style=\"width: 29.2929%\" data-col-size=\"sm\" data-start=\"753\" data-end=\"762\">12,96<\/td>\n<\/tr>\n<tr data-start=\"763\" data-end=\"786\">\n<td style=\"width: 21.9697%\" data-start=\"763\" data-end=\"770\" data-col-size=\"sm\">10 %<\/td>\n<td style=\"width: 46.2121%\" data-col-size=\"sm\" data-start=\"770\" data-end=\"777\">1,75<\/td>\n<td style=\"width: 29.2929%\" data-col-size=\"sm\" data-start=\"777\" data-end=\"786\">15,76<\/td>\n<\/tr>\n<tr data-start=\"787\" data-end=\"810\">\n<td style=\"width: 21.9697%\" data-start=\"787\" data-end=\"794\" data-col-size=\"sm\">0 %<\/td>\n<td style=\"width: 46.2121%\" data-col-size=\"sm\" data-start=\"794\" data-end=\"801\">0,00<\/td>\n<td style=\"width: 29.2929%\" data-col-size=\"sm\" data-start=\"801\" data-end=\"810\">17,51<\/td>\n<\/tr>\n<\/tbody>\n<\/table>\n<\/div>\n<\/div>\n<\/div>\n<h4><strong>\u00bfC\u00d3MO TE INSCRIBES?<\/strong><\/h4>\n<div class=\"h-text h-text-component style-4050 style-local-6087-c51 position-relative h-element\" data-colibri-id=\"6087-c51\">\n<div class=\"\">\n<p>Se puedes inscribir desde junio cuando realice la matr\u00edcula para el curso siguiente.<\/p>\n<p>Una vez empezado el curso las<strong>&nbsp;altas&nbsp;<\/strong>se realizan antes del d\u00eda&nbsp;<strong>25&nbsp;<\/strong>en la secretar\u00eda del centro en su horario o en la <a class=\"customize-unpreviewable\" href=\"https:\/\/blogsaverroes.juntadeandalucia.es\/ceipelmanantial\/gestion-de-servicios\"><strong>secretar\u00eda virtual<\/strong><\/a>, para que sean efectivas desde el d\u00eda 1 del mes siguiente.<\/p>\n<p>No se aceptar\u00e1n altas o bajas fuera de este plazo.<\/p>\n<p><strong>No existe la posibilidad de probar<\/strong>&nbsp;un taller sin darse de alta.<\/p>\n<\/div>\n<\/div>\n<p>&nbsp;<\/p>\n<h4><strong>\u00bfC\u00d3MO TE DAS DE BAJA?<\/strong><\/h4>\n<div class=\"h-text h-text-component style-4050 style-local-6087-c58 position-relative h-element\" data-colibri-id=\"6087-c58\">\n<div class=\"\">\n<p>Una vez empezado el curso las<strong>&nbsp;bajas&nbsp;<\/strong> se realizan antes del d\u00eda&nbsp;<strong>25&nbsp;<\/strong>en la secretar\u00eda del centro en su horario o en la <a class=\"customize-unpreviewable\" href=\"https:\/\/blogsaverroes.juntadeandalucia.es\/ceipelmanantial\/gestion-de-servicios\"><strong>secretar\u00eda virtual<\/strong><\/a>, para que sean efectivas desde el d\u00eda 1 del mes siguiente.<\/p>\n<p>La&nbsp;<strong>no asistencia a las actividades no implica la baja<\/strong>&nbsp;de las mismas. Por lo que se ruega cumplimentar, la baja ya que si no se le seguir\u00e1 cobrando la cuota correspondiente.<\/p>\n<p>&nbsp;<\/p>\n<\/div>\n<\/div>\n<p><strong>EL USUARIO\/A SER\u00c1 DADO DE BAJA EN LOS SIGUIENTES CASOS<\/strong><\/p>\n<div class=\"h-global-transition-all h-heading style-4049 style-local-6087-c64 position-relative h-element\" data-colibri-id=\"6087-c64\">\n<div class=\"h-heading__outer style-4049 style-local-6087-c64\">\n<h5 class=\"\"><span style=\"font-size: 16px\">CARRILES Animaci\u00f3n y Aventura propondr\u00e1 al centro la p\u00e9rdida (baja) de la condici\u00f3n de usuario\/a cuando:<\/span><\/h5>\n<\/div>\n<\/div>\n<div class=\"h-text h-text-component style-4050 style-local-6087-c65 position-relative h-element\" data-colibri-id=\"6087-c65\">\n<div class=\"\">\n<ul>\n<li>El\/la usuario\/a&nbsp;<strong>no est\u00e9 al corriente del pago<\/strong>&nbsp;los recibos del servicio de la\/las actividad\/es extraescolar\/es.<\/li>\n<li>Cuando el\/la usuario\/a&nbsp;<strong>no utilice el servicio<\/strong>&nbsp;de actividades extraescolares durante cinco d\u00edas consecutivos sin causa justificada.<\/li>\n<li>Por cualquier&nbsp;<strong>comportamiento inadecuado<\/strong>&nbsp;que se recoja en el Reglamento de Organizaci\u00f3n y Funcionamiento del centro.<\/li>\n<\/ul>\n<h4>ACCESO SECRETAR\u00cdA VIRTUAL<\/h4>\n<p><a class=\"customize-unpreviewable\" href=\"https:\/\/blogsaverroes.juntadeandalucia.es\/ceipelmanantial\/gestion-de-servicios\"><strong>Secretar\u00eda Virtual<\/strong><\/a><\/p>\n<p>Para hacer llegar la solicitud ser\u00e1 necesario el c\u00f3digo de centro que es: 41010964<\/p>\n<p>Se podr\u00e1 autentificar con:<\/p>\n<ul>\n<li>Autenticaci\u00f3n \u2013 Cl@ve<\/li>\n<li>Certificado Digital<\/li>\n<li>Autenticaci\u00f3n \u2013 Idea (iPasen)<\/li>\n<\/ul>\n<p>&nbsp;<\/p>\n<\/div>\n<\/div>\n<p><a href=\"https:\/\/blogsaverroes.juntadeandalucia.es\/ceipelmanantial\/files\/2020\/03\/Plan-de-apertura.jpg\"><img loading=\"lazy\" decoding=\"async\" class=\"wp-image-2540 alignleft\" src=\"https:\/\/blogsaverroes.juntadeandalucia.es\/ceipelmanantial\/files\/2020\/03\/Plan-de-apertura.jpg\" alt=\"\" width=\"242\" height=\"177\" srcset=\"https:\/\/blogsaverroes.juntadeandalucia.es\/ceipelmanantial\/files\/2020\/03\/Plan-de-apertura.jpg 389w, https:\/\/blogsaverroes.juntadeandalucia.es\/ceipelmanantial\/files\/2020\/03\/Plan-de-apertura-300x220.jpg 300w, https:\/\/blogsaverroes.juntadeandalucia.es\/ceipelmanantial\/files\/2020\/03\/Plan-de-apertura-24x18.jpg 24w, https:\/\/blogsaverroes.juntadeandalucia.es\/ceipelmanantial\/files\/2020\/03\/Plan-de-apertura-36x26.jpg 36w, https:\/\/blogsaverroes.juntadeandalucia.es\/ceipelmanantial\/files\/2020\/03\/Plan-de-apertura-48x35.jpg 48w\" sizes=\"(max-width: 242px) 100vw, 242px\" \/><\/a><a href=\"https:\/\/blogsaverroes.juntadeandalucia.es\/ceipelmanantial\/files\/2023\/01\/cropped-Logo-Carriles-animacion-y-aventura-1.png\"><img loading=\"lazy\" decoding=\"async\" class=\"size-full wp-image-3563 alignright\" src=\"https:\/\/blogsaverroes.juntadeandalucia.es\/ceipelmanantial\/files\/2023\/01\/cropped-Logo-Carriles-animacion-y-aventura-1.png\" alt=\"\" width=\"300\" height=\"140\"><\/a><\/p>\n<p>&nbsp;<\/p>\n<p>&nbsp;<\/p>\n<p>&nbsp;<\/p>\n<p>&nbsp;<\/p>\n<p>&nbsp;<\/p>\n<p><strong>No<\/strong><strong>rmativa que regula el servicio:<\/strong> <em>Orden de 17 abril de 2017<\/em>, por la que se regula la organizaci\u00f3n y el funcionamiento de los servicios complementarios de aula matinal, comedor escolar y actividades extraescolares, as\u00ed como el uso de las instalaciones de los centros docentes p\u00fablicos de la Comunidad Aut\u00f3noma de Andaluc\u00eda fuera del horario escolar.<\/p>\n<p><!-- \/wp:paragraph --><!-- \/wp:list --><\/p>\n","protected":false},"excerpt":{"rendered":"<p>OFERTA DE ACTIVIDADES EXTRAESCOLARES 1Equipamientos de protecci\u00f3n obligatorios (Casco, Rodilleras, Coderas y Mu\u00f1equeras). 2Solicitaremos a los\/as usuarios\/as alergias alimentarias para evitar incidencias. \u00bfQUI\u00c9N LO GESTIONA? La empresa CARRILES Animaci\u00f3n y Aventura&nbsp;es la encargada&nbsp;del servicio&#46;&#46;&#46;<\/p>\n","protected":false},"author":1,"featured_media":0,"parent":0,"menu_order":0,"comment_status":"open","ping_status":"closed","template":"","meta":{"ngg_post_thumbnail":0,"footnotes":""},"aioseo_notices":[],"_links":{"self":[{"href":"https:\/\/blogsaverroes.juntadeandalucia.es\/ceipelmanantial\/wp-json\/wp\/v2\/pages\/871"}],"collection":[{"href":"https:\/\/blogsaverroes.juntadeandalucia.es\/ceipelmanantial\/wp-json\/wp\/v2\/pages"}],"about":[{"href":"https:\/\/blogsaverroes.juntadeandalucia.es\/ceipelmanantial\/wp-json\/wp\/v2\/types\/page"}],"author":[{"embeddable":true,"href":"https:\/\/blogsaverroes.juntadeandalucia.es\/ceipelmanantial\/wp-json\/wp\/v2\/users\/1"}],"replies":[{"embeddable":true,"href":"https:\/\/blogsaverroes.juntadeandalucia.es\/ceipelmanantial\/wp-json\/wp\/v2\/comments?post=871"}],"version-history":[{"count":47,"href":"https:\/\/blogsaverroes.juntadeandalucia.es\/ceipelmanantial\/wp-json\/wp\/v2\/pages\/871\/revisions"}],"predecessor-version":[{"id":4055,"href":"https:\/\/blogsaverroes.juntadeandalucia.es\/ceipelmanantial\/wp-json\/wp\/v2\/pages\/871\/revisions\/4055"}],"wp:attachment":[{"href":"https:\/\/blogsaverroes.juntadeandalucia.es\/ceipelmanantial\/wp-json\/wp\/v2\/media?parent=871"}],"curies":[{"name":"wp","href":"https:\/\/api.w.org\/{rel}","templated":true}]}}