{"id":872,"date":"2015-03-16T12:50:42","date_gmt":"2015-03-16T12:50:42","guid":{"rendered":"http:\/\/blogsaverroes.juntadeandalucia.es\/pre\/ceip\/?page_id=120"},"modified":"2025-03-31T10:13:18","modified_gmt":"2025-03-31T10:13:18","slug":"contactar","status":"publish","type":"page","link":"https:\/\/blogsaverroes.juntadeandalucia.es\/ceipelmanantial\/contactar\/","title":{"rendered":"Contacto"},"content":{"rendered":"<h2 style=\"text-align: center\"><strong>Horario de Atenci\u00f3n al P\u00fablico de Secretar\u00eda&nbsp;<\/strong><\/h2>\n<p>Durante el Curso Escolar:<\/p>\n<ul>\n<li><strong>Horario de Ma\u00f1ana<\/strong>: Lunes y Viernes de 9:15 a 10:15 horas.<\/li>\n<li><strong>Horario de Tarde<\/strong>: Martes de 17:30 a 18:30 horas.<\/li>\n<\/ul>\n<p>*El <strong>resto de tr\u00e1mites<\/strong> se realizar\u00e1n a trav\u00e9s del <a href=\"https:\/\/www.juntadeandalucia.es\/educacion\/secretariavirtual\/accesoTramite\/462\/\"><strong>registro electr\u00f3nico<\/strong><\/a> de la Consejer\u00eda de educaci\u00f3n.&nbsp;<\/p>\n<p><strong><a href=\"https:\/\/www.youtube.com\/watch?v=6qnpRCkgJxQ\">TUTORIAL REGISTRO ELECTR\u00d3NICO<\/a><\/strong><\/p>\n<p><strong>C\u00f3digo de centro: 41010964<\/strong><\/p>\n<p>Correo del centro: <span style=\"color: #ff0000\"><span style=\"color: #000000\"><a href=\"mailto:41010964.edu@juntadeandalucia.es\">41010964.edu@juntadeandalucia.es<\/a><\/span><\/span><\/p>\n<h2><strong>Servicios del Plan de Apertura<\/strong><\/h2>\n<ol>\n<li><a href=\"https:\/\/blogsaverroes.juntadeandalucia.es\/ceipelmanantial\/files\/2021\/02\/Solicitud-de-Aula-Matinal-Comedor-y-Actividades-Extraescolares-Anexo-II.pdf\">Solicitud de Aula Matinal, Comedor y Actividades Extraescolares (Anexo II)<\/a><\/li>\n<li><a href=\"https:\/\/blogsaverroes.juntadeandalucia.es\/ceipelmanantial\/files\/2021\/02\/Solicitud-de-Bonificaci\u00f3n-para-Servicios-Complementarios-Anexo-V.pdf\">Solicitud de Bonificaci\u00f3n para Servicios Complementarios (Anexo V)<\/a><\/li>\n<li><a href=\"https:\/\/blogsaverroes.juntadeandalucia.es\/ceipelmanantial\/files\/2021\/03\/Solicitud-BAJA.pdf\">Solicitud de Baja para Aula Matinal, Comedor y Actividades Extraescolares.<\/a><\/li>\n<\/ol>\n<h2><strong>Datos de contacto<\/strong><\/h2>\n<table style=\"width: 49.1667%\">\n<tbody>\n<tr>\n<td style=\"width: 37.3853%\"><a href=\"https:\/\/blogsaverroes.juntadeandalucia.es\/ceipelmanantial\/files\/2015\/03\/direcci\u00f3n.png\"><img loading=\"lazy\" decoding=\"async\" class=\"aligncenter wp-image-2222\" src=\"https:\/\/blogsaverroes.juntadeandalucia.es\/ceipelmanantial\/files\/2015\/03\/direcci\u00f3n.png\" alt=\"\" width=\"100\" height=\"100\" srcset=\"https:\/\/blogsaverroes.juntadeandalucia.es\/ceipelmanantial\/files\/2015\/03\/direcci\u00f3n.png 150w, https:\/\/blogsaverroes.juntadeandalucia.es\/ceipelmanantial\/files\/2015\/03\/direcci\u00f3n-100x100.png 100w, https:\/\/blogsaverroes.juntadeandalucia.es\/ceipelmanantial\/files\/2015\/03\/direcci\u00f3n-160x160.png 160w, https:\/\/blogsaverroes.juntadeandalucia.es\/ceipelmanantial\/files\/2015\/03\/direcci\u00f3n-320x320.png 320w, https:\/\/blogsaverroes.juntadeandalucia.es\/ceipelmanantial\/files\/2015\/03\/direcci\u00f3n-24x24.png 24w, https:\/\/blogsaverroes.juntadeandalucia.es\/ceipelmanantial\/files\/2015\/03\/direcci\u00f3n-36x36.png 36w, https:\/\/blogsaverroes.juntadeandalucia.es\/ceipelmanantial\/files\/2015\/03\/direcci\u00f3n-48x48.png 48w\" sizes=\"(max-width: 100px) 100vw, 100px\" \/><\/a><\/td>\n<td style=\"width: 113.073%;text-align: center\">C\/ Periodista Eduardo Chinarro D\u00edaz, 1, 41019, Sevilla<\/td>\n<\/tr>\n<tr>\n<td style=\"width: 37.3853%\"><a href=\"https:\/\/blogsaverroes.juntadeandalucia.es\/ceipelmanantial\/files\/2015\/03\/tel\u00e9fono.png\"><img loading=\"lazy\" decoding=\"async\" class=\"aligncenter wp-image-2224\" src=\"https:\/\/blogsaverroes.juntadeandalucia.es\/ceipelmanantial\/files\/2015\/03\/tel\u00e9fono.png\" alt=\"\" width=\"100\" height=\"100\" srcset=\"https:\/\/blogsaverroes.juntadeandalucia.es\/ceipelmanantial\/files\/2015\/03\/tel\u00e9fono.png 150w, https:\/\/blogsaverroes.juntadeandalucia.es\/ceipelmanantial\/files\/2015\/03\/tel\u00e9fono-100x100.png 100w, https:\/\/blogsaverroes.juntadeandalucia.es\/ceipelmanantial\/files\/2015\/03\/tel\u00e9fono-160x160.png 160w, https:\/\/blogsaverroes.juntadeandalucia.es\/ceipelmanantial\/files\/2015\/03\/tel\u00e9fono-320x320.png 320w, https:\/\/blogsaverroes.juntadeandalucia.es\/ceipelmanantial\/files\/2015\/03\/tel\u00e9fono-24x24.png 24w, https:\/\/blogsaverroes.juntadeandalucia.es\/ceipelmanantial\/files\/2015\/03\/tel\u00e9fono-36x36.png 36w, https:\/\/blogsaverroes.juntadeandalucia.es\/ceipelmanantial\/files\/2015\/03\/tel\u00e9fono-48x48.png 48w\" sizes=\"(max-width: 100px) 100vw, 100px\" \/><\/a><\/td>\n<td style=\"width: 113.073%;text-align: center\">600141221<\/td>\n<\/tr>\n<tr>\n<td style=\"width: 37.3853%\"><a href=\"https:\/\/blogsaverroes.juntadeandalucia.es\/ceipelmanantial\/files\/2015\/03\/correo-electr\u00f3nico.png\"><img loading=\"lazy\" decoding=\"async\" class=\"aligncenter wp-image-2227\" src=\"https:\/\/blogsaverroes.juntadeandalucia.es\/ceipelmanantial\/files\/2015\/03\/correo-electr\u00f3nico.png\" alt=\"\" width=\"100\" height=\"100\" srcset=\"https:\/\/blogsaverroes.juntadeandalucia.es\/ceipelmanantial\/files\/2015\/03\/correo-electr\u00f3nico.png 150w, https:\/\/blogsaverroes.juntadeandalucia.es\/ceipelmanantial\/files\/2015\/03\/correo-electr\u00f3nico-100x100.png 100w, https:\/\/blogsaverroes.juntadeandalucia.es\/ceipelmanantial\/files\/2015\/03\/correo-electr\u00f3nico-160x160.png 160w, https:\/\/blogsaverroes.juntadeandalucia.es\/ceipelmanantial\/files\/2015\/03\/correo-electr\u00f3nico-320x320.png 320w, https:\/\/blogsaverroes.juntadeandalucia.es\/ceipelmanantial\/files\/2015\/03\/correo-electr\u00f3nico-24x24.png 24w, https:\/\/blogsaverroes.juntadeandalucia.es\/ceipelmanantial\/files\/2015\/03\/correo-electr\u00f3nico-36x36.png 36w, https:\/\/blogsaverroes.juntadeandalucia.es\/ceipelmanantial\/files\/2015\/03\/correo-electr\u00f3nico-48x48.png 48w\" sizes=\"(max-width: 100px) 100vw, 100px\" \/><\/a><\/td>\n<td style=\"width: 113.073%;text-align: center\"><a href=\"mailto:41010964.edu@juntadeandalucia.es\">41010964.edu@juntadeandalucia.es<\/a><\/td>\n<\/tr>\n<\/tbody>\n<\/table>\n<h2>&nbsp;<\/h2>\n","protected":false},"excerpt":{"rendered":"<p>Horario de Atenci\u00f3n al P\u00fablico de Secretar\u00eda&nbsp; Durante el Curso Escolar: Horario de Ma\u00f1ana: Lunes y Viernes de 9:15 a 10:15 horas. Horario de Tarde: Martes de 17:30 a 18:30 horas. *El resto de&#46;&#46;&#46;<\/p>\n","protected":false},"author":1,"featured_media":0,"parent":0,"menu_order":0,"comment_status":"open","ping_status":"open","template":"","meta":{"ngg_post_thumbnail":0,"footnotes":""},"aioseo_notices":[],"_links":{"self":[{"href":"https:\/\/blogsaverroes.juntadeandalucia.es\/ceipelmanantial\/wp-json\/wp\/v2\/pages\/872"}],"collection":[{"href":"https:\/\/blogsaverroes.juntadeandalucia.es\/ceipelmanantial\/wp-json\/wp\/v2\/pages"}],"about":[{"href":"https:\/\/blogsaverroes.juntadeandalucia.es\/ceipelmanantial\/wp-json\/wp\/v2\/types\/page"}],"author":[{"embeddable":true,"href":"https:\/\/blogsaverroes.juntadeandalucia.es\/ceipelmanantial\/wp-json\/wp\/v2\/users\/1"}],"replies":[{"embeddable":true,"href":"https:\/\/blogsaverroes.juntadeandalucia.es\/ceipelmanantial\/wp-json\/wp\/v2\/comments?post=872"}],"version-history":[{"count":35,"href":"https:\/\/blogsaverroes.juntadeandalucia.es\/ceipelmanantial\/wp-json\/wp\/v2\/pages\/872\/revisions"}],"predecessor-version":[{"id":3971,"href":"https:\/\/blogsaverroes.juntadeandalucia.es\/ceipelmanantial\/wp-json\/wp\/v2\/pages\/872\/revisions\/3971"}],"wp:attachment":[{"href":"https:\/\/blogsaverroes.juntadeandalucia.es\/ceipelmanantial\/wp-json\/wp\/v2\/media?parent=872"}],"curies":[{"name":"wp","href":"https:\/\/api.w.org\/{rel}","templated":true}]}}