{"id":99,"date":"2015-03-16T07:22:54","date_gmt":"2015-03-16T07:22:54","guid":{"rendered":"http:\/\/blogsaverroes.juntadeandalucia.es\/pre\/ceip\/?page_id=99"},"modified":"2024-09-04T17:18:06","modified_gmt":"2024-09-04T17:18:06","slug":"comedor-escolar","status":"publish","type":"page","link":"https:\/\/blogsaverroes.juntadeandalucia.es\/ceipelmanantial\/comedor-escolar\/","title":{"rendered":"Comedor Escolar"},"content":{"rendered":"<h4><strong> \u00bfQUI\u00c9N LO GESTIONA?<\/strong><\/h4>\n<p><a href=\"https:\/\/colectividadeshgonzalez.com\/\"><img loading=\"lazy\" decoding=\"async\" class=\"size-full wp-image-3924 alignleft\" src=\"https:\/\/blogsaverroes.juntadeandalucia.es\/ceipelmanantial\/files\/2024\/09\/Catering-GLEZ.png\" alt=\"\" width=\"454\" height=\"111\" srcset=\"https:\/\/blogsaverroes.juntadeandalucia.es\/ceipelmanantial\/files\/2024\/09\/Catering-GLEZ.png 454w, https:\/\/blogsaverroes.juntadeandalucia.es\/ceipelmanantial\/files\/2024\/09\/Catering-GLEZ-300x73.png 300w\" sizes=\"(max-width: 454px) 100vw, 454px\" \/><\/a><\/p>\n<p>La empresa <a href=\"https:\/\/colectividadeshgonzalez.com\/\"><strong>Catering Hermanos Gonz\u00e1lez<\/strong><\/a> es la encargada de la concesi\u00f3n del servicio p\u00fablico&nbsp;de comedor en nuestro centro escolar en la modalidad de concesi\u00f3n por parte de la <strong><a href=\"https:\/\/www.juntadeandalucia.es\/temas\/contratacion-publica\/perfiles-licitaciones\/perfiles-contratante\/detalle\/COED02.html\">Agencia P\u00fablica Andaluza de Educaci\u00f3n <\/a><\/strong>y adem\u00e1s, le informamos de las Condiciones Generales del Servicio de Comedor:<\/p>\n<p>&nbsp;<\/p>\n<p>Condiciones de funcionamiento que nos establecen y que son las que a continuaci\u00f3n detallamos:<\/p>\n<p><strong>ALTAS &#8211;<\/strong>&nbsp;La solicitud de alta se debe solicitar en el centro, rellenando el formulario del Servicio de Comedor de la Delegaci\u00f3n de Educaci\u00f3n, en dicho formulario es importante que indique los datos del usuario\/a, datos de los padres y la domiciliaci\u00f3n bancaria.<\/p>\n<p><strong>BAJAS &#8211;<\/strong>&nbsp;Al igual que el alta, la solicitud de baja del Servicio de Comedor Escolar, se tramita a trav\u00e9s de la Direcci\u00f3n del Centro Escolar, rellenando el documento correspondiente y se comunicar\u00e1 con una antelaci\u00f3n de, al menos, una semana del inicio del mes en que se pretenda hacer efectiva la baja, la copia de esta solicitud debe enviarse al catering para que se suspenda el cobro del servicio.<\/p>\n<p><strong>CUENTA BANCARIA &#8211;<\/strong>&nbsp;El usuario que podr\u00e1 hacer uso de la app, y podr\u00e1 contratar o eliminar d\u00edas de servicio ser\u00e1 el titular de la cuenta bancaria informado en el momento del alta en el formulario de la Delegaci\u00f3n de Educaci\u00f3n, para modificarlo debe acudir al centro escolar y modificar dichos datos.<\/p>\n<p><strong>AUSENCIAS \/ PRESENCIAS &#8211;<\/strong>&nbsp;Tienen que ser comunicadas por la plataforma telem\u00e1tica disponible en Android e iOS, a trav\u00e9s de la App M\u00f3vil \u201cComedor escolar Como en Casa&#8221;, el preaviso m\u00ednimo es de 3 d\u00edas h\u00e1biles al d\u00eda de la comunicaci\u00f3n de ausencia \/ presencia, es decir, tiene que existir 3 d\u00edas h\u00e1biles entre el d\u00eda de aviso y el d\u00eda de ausencia (por ejemplo: para justificar el viernes habr\u00eda que avisar como \u00faltimo d\u00eda el lunes).<br \/>\nDurante el mes de septiembre y cuando por cualquier causa no est\u00e9 operativa la app, las comunicaciones ser\u00e1n gestionadas a trav\u00e9s de nuestro correo <a href=\"mailto:comedorescolaruno@cateringhgonzalez.com\">comedorescolaruno@cateringhgonzalez.com<\/a> siempre y cuando se cumpla la normativa de preaviso establecida.<br \/>\nPara acceder a la app\/plataforma, tiene que registrase a trav\u00e9s de la opci\u00f3n \u201cRecuperar\/Solicitar contrase\u00f1a\u201d, se le solicitar\u00e1 el DNI del tutor (padre\/madre) con el que registr\u00f3 la solicitud de comedor, y los 4 \u00faltimos d\u00edgitos de su tel\u00e9fono. Las comunicaciones por v\u00eda telef\u00f3nica, v\u00eda email u otra v\u00eda de contacto, no ser\u00e1n v\u00e1lidas y pasado los d\u00edas indicados no se justificar\u00e1n las ausencias ya que el sistema no lo permite. Excepcionalmente, solo se justificar\u00e1n con menos de 3 d\u00edas h\u00e1biles aquellas faltas que est\u00e9 recogidas en el \u201cAnexo I\u201d por enfermedad del usuario de comedor.<br \/>\nLa responsabilidad de la comunicaci\u00f3n de todos los tipos de ausencias incluidas las EXCURSIONES recae sobre los padres, nunca sobre el colegio.<\/p>\n<p><strong>INICIO DE CURSO<\/strong> &#8211; (septiembre): Si no se va a hacer uso desde el primer d\u00eda de comedor\/colegio la ausencia debe ser comunicada cumpliendo los plazos establecidos a <a href=\"mailto:comedorescolaruno@cateringhgonzalez.com\">comedorescolaruno@cateringhgonzalez.com<\/a>, adicionalmente en el caso de que no vaya a usar la plaza que solicit\u00f3 en junio tambi\u00e9n debe acudir al colegio para tramitar la baja antes del comienzo del comedor.<\/p>\n<p><strong>SERVICIO ESPOR\u00c1DICO &#8211;<\/strong>&nbsp;Si el patr\u00f3n de asistencia es distinto de lunes a viernes, debe comunicar con la antelaci\u00f3n requerida dicha planificaci\u00f3n por la app o en su defecto por email al catering, por el contrario, entenderemos que el usuario har\u00e1 uso de comedor de lunes a viernes ya que al catering no le llega la informaci\u00f3n que usted rellen\u00f3 en la matr\u00edcula de la Delegaci\u00f3n de Educaci\u00f3n. Si no tiene un patr\u00f3n predefinido (L, M, X, J y V) y necesitan el servicio solo d\u00edas sueltos del mes tendr\u00e1n que notificar la AUSENCIA o FALTA de TODOS los d\u00edas que no utilicen el servicio, respetando la normativa sobre ausencias como todos los dem\u00e1s usuarios.<\/p>\n<p><strong>FORMA DE PAGO &#8211; <\/strong>El cobro del Servicio de Comedor, se abonar\u00e1 a mes VENCIDO los d\u00edas 5 y 10 de cada mes, por domiciliaci\u00f3n bancaria; el alumno que no haya abonado la parte que le corresponda del servicio p\u00fablico, no tendr\u00e1 derecho al mismo, rogamos que antes de proceder a la devoluci\u00f3n del recibo si tiene alguna duda, comentario o incidencia se ponga en contacto con nosotros. En los recibos devueltos por el banco, se cobrar\u00e1n los gastos originados por el banco al gestionar la devoluci\u00f3n por un importe de 5 euros.<br \/>\nEl recibo de septiembre se pasar\u00e1, de forma excepcional, a finales de octubre para adaptarnos lo m\u00e1ximo posible a las bonificaciones definitivas.<br \/>\nEl impago, devoluci\u00f3n de dos recibos o 5 ausencias consecutivas no justificadas puede ocasionar la p\u00e9rdida de la plaza del comedor y la suspensi\u00f3n del servicio en tanto no se realice la liquidaci\u00f3n correspondiente.<\/p>\n<p><strong>COSTE DEL MEN\u00da &#8211;<\/strong> Es de<strong><em> 5,54\u20ac<\/em><\/strong> (precio oficial BOJA curso 2024\/2025) <em><strong>por d\u00eda<\/strong><\/em> (IVA incluido) e incluye servicio de monitora, primer plato, segundo plato con guarnici\u00f3n, pan y postre. A este importe se le <em>descontar\u00e1 la bonificaci\u00f3n<\/em> que corresponda.<\/p>\n<p><strong>CONSULTA DEL MEN\u00da &#8211;&nbsp;<\/strong><a href=\"http:\/\/www.cateringhgonzalez.com\/consultatumenu\">http:\/\/www.cateringhgonzalez.com\/consultatumenu&nbsp;<\/a><br \/>\nUSUARIO: hgonzalez399<br \/>\nCONTRASE\u00d1A: colegio<\/p>\n<p><strong>ELABORACI\u00d3N DE MEN\u00daS &#8211; <\/strong>Para los casos de alergia o intolerancia ponemos a su disposici\u00f3n el tel\u00e9fono <strong>955806875<\/strong> y el email <a href=\"mailto:nutricion@cateringhgonzalez.com\">nutricion@cateringhgonzalez.com<\/a> con el fin de poder elaborar un men\u00fa acorde a sus necesidades nutricionales y establecer el d\u00eda de comienzo del usuario. Comentarles en este sentido, que nuestra Nutricionista jefe est\u00e1 a disposici\u00f3n de todas las familias a trav\u00e9s de un Programa de Atenci\u00f3n Nutricional que hemos dise\u00f1ado para asesorarles gratuitamente.<\/p>\n<p><strong>ANULACI\u00d3N DEL SERVICIO &#8211; <\/strong>Ser\u00e1 posible la anulaci\u00f3n del servicio durante cualquier d\u00eda de la prestaci\u00f3n siempre que la anulaci\u00f3n quede acreditada por la asistencia del usuario a consulta m\u00e9dica. Se considerar\u00e1 suficientemente justificada este tipo de ausencia con la presentaci\u00f3n al contratista de cualquiera de los documentos siguientes, en un plazo no superior a 5 d\u00edas lectivos desde que se produjo la ausencia: &#8211; Informe de asistencia a consulta. Que servir\u00e1 como justificante de varios d\u00edas de ausencia, siempre que en el mismo se<br \/>\nprescriban los d\u00edas de CONVALECENCIA previstos &#8211; Justificante de acceso a demanda de asistencia. En este sentido, el contratista aplicar\u00e1 el descuento en la factura\/recibo del mes<br \/>\nAdjuntamos los ejemplos de los dos tipos de documentos que la normativa permite:<\/p>\n<p><a href=\"https:\/\/blogsaverroes.juntadeandalucia.es\/ceipelmanantial\/files\/2024\/09\/Justificante-2.png\"><img loading=\"lazy\" decoding=\"async\" class=\"aligncenter size-full wp-image-3925\" src=\"https:\/\/blogsaverroes.juntadeandalucia.es\/ceipelmanantial\/files\/2024\/09\/Justificante-2.png\" alt=\"\" width=\"695\" height=\"521\" srcset=\"https:\/\/blogsaverroes.juntadeandalucia.es\/ceipelmanantial\/files\/2024\/09\/Justificante-2.png 695w, https:\/\/blogsaverroes.juntadeandalucia.es\/ceipelmanantial\/files\/2024\/09\/Justificante-2-300x225.png 300w\" sizes=\"(max-width: 695px) 100vw, 695px\" \/><\/a> <a href=\"https:\/\/blogsaverroes.juntadeandalucia.es\/ceipelmanantial\/files\/2024\/09\/Justificante-1.png\"><img loading=\"lazy\" decoding=\"async\" class=\"aligncenter wp-image-3926\" src=\"https:\/\/blogsaverroes.juntadeandalucia.es\/ceipelmanantial\/files\/2024\/09\/Justificante-1.png\" alt=\"\" width=\"690\" height=\"492\" srcset=\"https:\/\/blogsaverroes.juntadeandalucia.es\/ceipelmanantial\/files\/2024\/09\/Justificante-1.png 741w, https:\/\/blogsaverroes.juntadeandalucia.es\/ceipelmanantial\/files\/2024\/09\/Justificante-1-300x214.png 300w\" sizes=\"(max-width: 690px) 100vw, 690px\" \/><\/a><\/p>\n<p>\u2022 El env\u00edo de dicho justificante podr\u00e1 realizarse mediante la app o en su defecto por correo electr\u00f3nico siempre en los 5 d\u00edas lectivos siguientes a la primera ausencia.<br \/>\n\u2022 En el caso de contar con alguno de los modelos solicitados y necesitar d\u00edas de convalecencia futuros y que no le haya sido posible que el facultativo se los prescriba podr\u00e1 contactar con nosotros para tratar de adaptarnos a sus necesidades.<br \/>\n\u2022 Los justificantes no son v\u00e1lidos para fechas pasadas, la justificaci\u00f3n de las ausencias comenzar\u00e1 en el d\u00eda que se realiz\u00f3 la consulta m\u00e9dica.<br \/>\n\u2022 Cualquier otro justificante de un problema m\u00e9dico que haya sido imprevisible como por ejemplo el informe de urgencias o la prescripci\u00f3n s\u00f3lo ser\u00e1n aceptados si la comunicaci\u00f3n se hace el mismo d\u00eda de la ausencia mediante la app aceptando las cl\u00e1usulas oportunas relativas a Ley Org\u00e1nica 3\/2018, de 5 de diciembre, de Protecci\u00f3n de Datos Personales y garant\u00eda de los derechos digitales.<\/p>\n<p><strong>CONTACTO<\/strong><br \/>\nSi tiene problemas de acceso a la plataforma o necesita alguna gesti\u00f3n que no pueda realizar en la misma le atenderemos por tel\u00e9fono en el <strong>954865193<\/strong> (centralita) y en el correo <strong>comedorescolaruno@cateringhgonzalez.com<\/strong> .<\/p>\n<p><strong>Nota<\/strong>: Esta informaci\u00f3n est\u00e1 sujeta a cambios sin previo aviso.&nbsp;<\/p>\n<p><strong>Normativa que regula el servicio: <\/strong><\/p>\n<ul id=\"mce_1\" class=\"editor-rich-text__tinymce mce-content-body\" role=\"textbox\">\n<li><em>Orden de 17 abril de 2017<\/em>, por la que se regula la organizaci\u00f3n y el funcionamiento de los servicios complementarios de aula matinal, comedor escolar y actividades extraescolares, as\u00ed como el uso de las instalaciones de los centros docentes p\u00fablicos de la Comunidad Aut\u00f3noma de Andaluc\u00eda fuera del horario escolar.<\/li>\n<\/ul>\n<p>&nbsp;<\/p>\n","protected":false},"excerpt":{"rendered":"<p>\u00bfQUI\u00c9N LO GESTIONA? La empresa Catering Hermanos Gonz\u00e1lez es la encargada de la concesi\u00f3n del servicio p\u00fablico&nbsp;de comedor en nuestro centro escolar en la modalidad de concesi\u00f3n por parte de la Agencia P\u00fablica Andaluza&#46;&#46;&#46;<\/p>\n","protected":false},"author":1,"featured_media":0,"parent":0,"menu_order":0,"comment_status":"open","ping_status":"open","template":"","meta":{"ngg_post_thumbnail":0,"footnotes":""},"aioseo_notices":[],"_links":{"self":[{"href":"https:\/\/blogsaverroes.juntadeandalucia.es\/ceipelmanantial\/wp-json\/wp\/v2\/pages\/99"}],"collection":[{"href":"https:\/\/blogsaverroes.juntadeandalucia.es\/ceipelmanantial\/wp-json\/wp\/v2\/pages"}],"about":[{"href":"https:\/\/blogsaverroes.juntadeandalucia.es\/ceipelmanantial\/wp-json\/wp\/v2\/types\/page"}],"author":[{"embeddable":true,"href":"https:\/\/blogsaverroes.juntadeandalucia.es\/ceipelmanantial\/wp-json\/wp\/v2\/users\/1"}],"replies":[{"embeddable":true,"href":"https:\/\/blogsaverroes.juntadeandalucia.es\/ceipelmanantial\/wp-json\/wp\/v2\/comments?post=99"}],"version-history":[{"count":15,"href":"https:\/\/blogsaverroes.juntadeandalucia.es\/ceipelmanantial\/wp-json\/wp\/v2\/pages\/99\/revisions"}],"predecessor-version":[{"id":3928,"href":"https:\/\/blogsaverroes.juntadeandalucia.es\/ceipelmanantial\/wp-json\/wp\/v2\/pages\/99\/revisions\/3928"}],"wp:attachment":[{"href":"https:\/\/blogsaverroes.juntadeandalucia.es\/ceipelmanantial\/wp-json\/wp\/v2\/media?parent=99"}],"curies":[{"name":"wp","href":"https:\/\/api.w.org\/{rel}","templated":true}]}}