{"id":113,"date":"2018-02-24T08:06:00","date_gmt":"2018-02-24T08:06:00","guid":{"rendered":"http:\/\/blogsaverroes.juntadeandalucia.es\/pre\/ceip\/?page_id=113"},"modified":"2022-05-11T10:54:09","modified_gmt":"2022-05-11T10:54:09","slug":"biblioteca","status":"publish","type":"page","link":"https:\/\/blogsaverroes.juntadeandalucia.es\/ceipelolivo\/biblioteca\/","title":{"rendered":"Bibliolivo. Nuestra biblioteca"},"content":{"rendered":"<p><span style=\"color: #339966\"><strong>Celebraci\u00f3n \u00bb D\u00eda del Libro\u00bb &#8211; Curso 2021-2022<\/strong><\/span><\/p>\n<p><a href=\"https:\/\/view.genial.ly\/61e04d062be3a00d7d13e42c\/presentation-dia-del-libro-2022\"><img loading=\"lazy\" decoding=\"async\" class=\"aligncenter size-large wp-image-7443\" src=\"https:\/\/blogsaverroes.juntadeandalucia.es\/ceipelolivo\/files\/2022\/05\/GENIALLY-DIA-DEL-LIBRO-1024x831.jpg\" alt=\"\" width=\"660\" height=\"536\" srcset=\"https:\/\/blogsaverroes.juntadeandalucia.es\/ceipelolivo\/files\/2022\/05\/GENIALLY-DIA-DEL-LIBRO-1024x831.jpg 1024w, https:\/\/blogsaverroes.juntadeandalucia.es\/ceipelolivo\/files\/2022\/05\/GENIALLY-DIA-DEL-LIBRO-300x244.jpg 300w, https:\/\/blogsaverroes.juntadeandalucia.es\/ceipelolivo\/files\/2022\/05\/GENIALLY-DIA-DEL-LIBRO-768x623.jpg 768w, https:\/\/blogsaverroes.juntadeandalucia.es\/ceipelolivo\/files\/2022\/05\/GENIALLY-DIA-DEL-LIBRO-700x568.jpg 700w, https:\/\/blogsaverroes.juntadeandalucia.es\/ceipelolivo\/files\/2022\/05\/GENIALLY-DIA-DEL-LIBRO-332x269.jpg 332w, https:\/\/blogsaverroes.juntadeandalucia.es\/ceipelolivo\/files\/2022\/05\/GENIALLY-DIA-DEL-LIBRO-24x19.jpg 24w, https:\/\/blogsaverroes.juntadeandalucia.es\/ceipelolivo\/files\/2022\/05\/GENIALLY-DIA-DEL-LIBRO-36x29.jpg 36w, https:\/\/blogsaverroes.juntadeandalucia.es\/ceipelolivo\/files\/2022\/05\/GENIALLY-DIA-DEL-LIBRO-48x39.jpg 48w, https:\/\/blogsaverroes.juntadeandalucia.es\/ceipelolivo\/files\/2022\/05\/GENIALLY-DIA-DEL-LIBRO.jpg 1062w\" sizes=\"(max-width: 660px) 100vw, 660px\" \/><\/a><\/p>\n<p><a href=\"https:\/\/www.instagram.com\/tv\/CcxM-H_oC5B\/?igshid=YmMyMTA2M2Y=\"><img loading=\"lazy\" decoding=\"async\" class=\"aligncenter size-large wp-image-7444\" src=\"https:\/\/blogsaverroes.juntadeandalucia.es\/ceipelolivo\/files\/2022\/05\/tempFileForShare_20220511-105145-1024x639.jpg\" alt=\"\" width=\"660\" height=\"412\" srcset=\"https:\/\/blogsaverroes.juntadeandalucia.es\/ceipelolivo\/files\/2022\/05\/tempFileForShare_20220511-105145-1024x639.jpg 1024w, https:\/\/blogsaverroes.juntadeandalucia.es\/ceipelolivo\/files\/2022\/05\/tempFileForShare_20220511-105145-300x187.jpg 300w, https:\/\/blogsaverroes.juntadeandalucia.es\/ceipelolivo\/files\/2022\/05\/tempFileForShare_20220511-105145-768x479.jpg 768w, https:\/\/blogsaverroes.juntadeandalucia.es\/ceipelolivo\/files\/2022\/05\/tempFileForShare_20220511-105145-1536x959.jpg 1536w, https:\/\/blogsaverroes.juntadeandalucia.es\/ceipelolivo\/files\/2022\/05\/tempFileForShare_20220511-105145-700x437.jpg 700w, https:\/\/blogsaverroes.juntadeandalucia.es\/ceipelolivo\/files\/2022\/05\/tempFileForShare_20220511-105145-332x207.jpg 332w, https:\/\/blogsaverroes.juntadeandalucia.es\/ceipelolivo\/files\/2022\/05\/tempFileForShare_20220511-105145-24x15.jpg 24w, https:\/\/blogsaverroes.juntadeandalucia.es\/ceipelolivo\/files\/2022\/05\/tempFileForShare_20220511-105145-36x22.jpg 36w, https:\/\/blogsaverroes.juntadeandalucia.es\/ceipelolivo\/files\/2022\/05\/tempFileForShare_20220511-105145-48x30.jpg 48w, https:\/\/blogsaverroes.juntadeandalucia.es\/ceipelolivo\/files\/2022\/05\/tempFileForShare_20220511-105145.jpg 1600w\" sizes=\"(max-width: 660px) 100vw, 660px\" \/><\/a><\/p>\n<p>&nbsp;<\/p>\n<div style=\"width: 848px;\" class=\"wp-video\"><!--[if lt IE 9]><script>document.createElement('video');<\/script><![endif]-->\n<video class=\"wp-video-shortcode\" id=\"video-113-1\" width=\"848\" height=\"464\" preload=\"metadata\" controls=\"controls\"><source type=\"video\/mp4\" src=\"https:\/\/blogsaverroes.juntadeandalucia.es\/ceipelolivo\/files\/2021\/12\/4_5902445964299339967.mp4?_=1\" \/><a href=\"https:\/\/blogsaverroes.juntadeandalucia.es\/ceipelolivo\/files\/2021\/12\/4_5902445964299339967.mp4\">https:\/\/blogsaverroes.juntadeandalucia.es\/ceipelolivo\/files\/2021\/12\/4_5902445964299339967.mp4<\/a><\/video><\/div>\n<p>&nbsp;<\/p>\n<p style=\"text-align: justify\">Queremos que nuestro alumnado vea la biblioteca como un espacio de tranquilidad, en el que poder coger un libro divertido con el que pasar un rato agradable.<\/p>\n<p style=\"text-align: justify\">Un espacio en el que descubrir nuevos mundos a trav\u00e9s de las historias que nos cuentan los libros y que adem\u00e1s fomentan la imaginaci\u00f3n y las ganas de aprender.<\/p>\n<p style=\"text-align: justify\">Adem\u00e1s tenemos diversos ordenadores en los que se pueden realizar tareas de investigaci\u00f3n y b\u00fasqueda de informaci\u00f3n para realizar las tareas de clase.<\/p>\n<p style=\"text-align: justify\">En los pr\u00f3ximos meses vamos a seguir ampliando nuestro cat\u00e1logo de libros, sobre todo de cara al d\u00eda del libro que celebraremos en abril.<\/p>\n<p style=\"text-align: justify\">Os dejamos con el enlace a nuestra web Bibliolivo y a la p\u00e1gina web de las Bibliotecas Escolares de la Junta de Andaluc\u00eda:<\/p>\n<p><a href=\"https:\/\/proyectosceipolivo.wixsite.com\/bibliolivo\" target=\"_blank\" rel=\"noopener noreferrer\"><img loading=\"lazy\" decoding=\"async\" class=\"aligncenter wp-image-4102 size-medium\" src=\"https:\/\/blogsaverroes.juntadeandalucia.es\/ceipelolivo\/files\/2018\/02\/Olibook-300x300.png\" alt=\"\" width=\"300\" height=\"300\" srcset=\"https:\/\/blogsaverroes.juntadeandalucia.es\/ceipelolivo\/files\/2018\/02\/Olibook-300x300.png 300w, https:\/\/blogsaverroes.juntadeandalucia.es\/ceipelolivo\/files\/2018\/02\/Olibook-150x150.png 150w, https:\/\/blogsaverroes.juntadeandalucia.es\/ceipelolivo\/files\/2018\/02\/Olibook-100x100.png 100w, https:\/\/blogsaverroes.juntadeandalucia.es\/ceipelolivo\/files\/2018\/02\/Olibook-432x432.png 432w, https:\/\/blogsaverroes.juntadeandalucia.es\/ceipelolivo\/files\/2018\/02\/Olibook-268x268.png 268w, https:\/\/blogsaverroes.juntadeandalucia.es\/ceipelolivo\/files\/2018\/02\/Olibook-24x24.png 24w, https:\/\/blogsaverroes.juntadeandalucia.es\/ceipelolivo\/files\/2018\/02\/Olibook-36x36.png 36w, https:\/\/blogsaverroes.juntadeandalucia.es\/ceipelolivo\/files\/2018\/02\/Olibook-48x48.png 48w, https:\/\/blogsaverroes.juntadeandalucia.es\/ceipelolivo\/files\/2018\/02\/Olibook.png 512w\" sizes=\"(max-width: 300px) 100vw, 300px\" \/><\/a><\/p>\n<p style=\"text-align: justify\"><a href=\"http:\/\/www.juntadeandalucia.es\/educacion\/webportal\/web\/lecturas-y-bibliotecas-escolares\/bibliotecas-escolares\" target=\"_blank\" rel=\"noopener noreferrer\"><img loading=\"lazy\" decoding=\"async\" class=\"aligncenter wp-image-4141 size-medium\" src=\"https:\/\/blogsaverroes.juntadeandalucia.es\/ceipelolivo\/files\/2018\/02\/plan_lector-300x151.jpg\" alt=\"\" width=\"300\" height=\"151\" srcset=\"https:\/\/blogsaverroes.juntadeandalucia.es\/ceipelolivo\/files\/2018\/02\/plan_lector-300x151.jpg 300w, https:\/\/blogsaverroes.juntadeandalucia.es\/ceipelolivo\/files\/2018\/02\/plan_lector-24x12.jpg 24w, https:\/\/blogsaverroes.juntadeandalucia.es\/ceipelolivo\/files\/2018\/02\/plan_lector-36x18.jpg 36w, https:\/\/blogsaverroes.juntadeandalucia.es\/ceipelolivo\/files\/2018\/02\/plan_lector-48x24.jpg 48w, https:\/\/blogsaverroes.juntadeandalucia.es\/ceipelolivo\/files\/2018\/02\/plan_lector.jpg 500w\" sizes=\"(max-width: 300px) 100vw, 300px\" \/><\/a><\/p>\n<p><iframe loading=\"lazy\" title=\"PRESENTACI\u00d3N BIBLIOTECA DEL OLIVO\" width=\"500\" height=\"281\" src=\"https:\/\/www.youtube.com\/embed\/N_J9PuG6Ntg?feature=oembed&#038;wmode=opaque\" frameborder=\"0\" allow=\"accelerometer; autoplay; clipboard-write; encrypted-media; gyroscope; picture-in-picture; web-share\" referrerpolicy=\"strict-origin-when-cross-origin\" allowfullscreen><\/iframe><\/p>\n<h4>Fotos de nuestra biblioteca<\/h4>\n<table>\n<tbody>\n<tr>\n<td><a href=\"https:\/\/blogsaverroes.juntadeandalucia.es\/ceipelolivo\/files\/2018\/02\/IMG_4869.jpg\" target=\"_blank\" rel=\"noopener noreferrer\"><img loading=\"lazy\" decoding=\"async\" class=\"aligncenter wp-image-2436 size-medium\" src=\"https:\/\/blogsaverroes.juntadeandalucia.es\/ceipelolivo\/files\/2018\/02\/IMG_4869-300x225.jpg\" alt=\"\" width=\"300\" height=\"225\" srcset=\"https:\/\/blogsaverroes.juntadeandalucia.es\/ceipelolivo\/files\/2018\/02\/IMG_4869-300x225.jpg 300w, https:\/\/blogsaverroes.juntadeandalucia.es\/ceipelolivo\/files\/2018\/02\/IMG_4869-768x576.jpg 768w, https:\/\/blogsaverroes.juntadeandalucia.es\/ceipelolivo\/files\/2018\/02\/IMG_4869-1024x768.jpg 1024w, https:\/\/blogsaverroes.juntadeandalucia.es\/ceipelolivo\/files\/2018\/02\/IMG_4869-700x525.jpg 700w, https:\/\/blogsaverroes.juntadeandalucia.es\/ceipelolivo\/files\/2018\/02\/IMG_4869-24x18.jpg 24w, https:\/\/blogsaverroes.juntadeandalucia.es\/ceipelolivo\/files\/2018\/02\/IMG_4869-36x27.jpg 36w, https:\/\/blogsaverroes.juntadeandalucia.es\/ceipelolivo\/files\/2018\/02\/IMG_4869-48x36.jpg 48w, https:\/\/blogsaverroes.juntadeandalucia.es\/ceipelolivo\/files\/2018\/02\/IMG_4869.jpg 1600w\" sizes=\"(max-width: 300px) 100vw, 300px\" \/><\/a><\/td>\n<td><a href=\"https:\/\/blogsaverroes.juntadeandalucia.es\/ceipelolivo\/files\/2018\/02\/c45f777a-ff54-4d42-b6bf-cbef984d18a5.jpg\" target=\"_blank\" rel=\"noopener noreferrer\"><img loading=\"lazy\" decoding=\"async\" class=\"aligncenter wp-image-2438 size-medium\" src=\"https:\/\/blogsaverroes.juntadeandalucia.es\/ceipelolivo\/files\/2018\/02\/c45f777a-ff54-4d42-b6bf-cbef984d18a5-300x225.jpg\" alt=\"\" width=\"300\" height=\"225\" srcset=\"https:\/\/blogsaverroes.juntadeandalucia.es\/ceipelolivo\/files\/2018\/02\/c45f777a-ff54-4d42-b6bf-cbef984d18a5-300x225.jpg 300w, https:\/\/blogsaverroes.juntadeandalucia.es\/ceipelolivo\/files\/2018\/02\/c45f777a-ff54-4d42-b6bf-cbef984d18a5-768x576.jpg 768w, https:\/\/blogsaverroes.juntadeandalucia.es\/ceipelolivo\/files\/2018\/02\/c45f777a-ff54-4d42-b6bf-cbef984d18a5-1024x768.jpg 1024w, https:\/\/blogsaverroes.juntadeandalucia.es\/ceipelolivo\/files\/2018\/02\/c45f777a-ff54-4d42-b6bf-cbef984d18a5-700x525.jpg 700w, https:\/\/blogsaverroes.juntadeandalucia.es\/ceipelolivo\/files\/2018\/02\/c45f777a-ff54-4d42-b6bf-cbef984d18a5-24x18.jpg 24w, https:\/\/blogsaverroes.juntadeandalucia.es\/ceipelolivo\/files\/2018\/02\/c45f777a-ff54-4d42-b6bf-cbef984d18a5-36x27.jpg 36w, https:\/\/blogsaverroes.juntadeandalucia.es\/ceipelolivo\/files\/2018\/02\/c45f777a-ff54-4d42-b6bf-cbef984d18a5-48x36.jpg 48w, https:\/\/blogsaverroes.juntadeandalucia.es\/ceipelolivo\/files\/2018\/02\/c45f777a-ff54-4d42-b6bf-cbef984d18a5.jpg 1600w\" sizes=\"(max-width: 300px) 100vw, 300px\" \/><\/a>&nbsp;<\/td>\n<\/tr>\n<tr>\n<td><a href=\"https:\/\/blogsaverroes.juntadeandalucia.es\/ceipelolivo\/files\/2018\/02\/IMG_0876.jpg\" target=\"_blank\" rel=\"noopener noreferrer\"><img loading=\"lazy\" decoding=\"async\" class=\"aligncenter wp-image-2437 size-medium\" src=\"https:\/\/blogsaverroes.juntadeandalucia.es\/ceipelolivo\/files\/2018\/02\/IMG_0876-225x300.jpg\" alt=\"\" width=\"225\" height=\"300\" srcset=\"https:\/\/blogsaverroes.juntadeandalucia.es\/ceipelolivo\/files\/2018\/02\/IMG_0876-225x300.jpg 225w, https:\/\/blogsaverroes.juntadeandalucia.es\/ceipelolivo\/files\/2018\/02\/IMG_0876-768x1024.jpg 768w, https:\/\/blogsaverroes.juntadeandalucia.es\/ceipelolivo\/files\/2018\/02\/IMG_0876-700x933.jpg 700w, https:\/\/blogsaverroes.juntadeandalucia.es\/ceipelolivo\/files\/2018\/02\/IMG_0876-18x24.jpg 18w, https:\/\/blogsaverroes.juntadeandalucia.es\/ceipelolivo\/files\/2018\/02\/IMG_0876-27x36.jpg 27w, https:\/\/blogsaverroes.juntadeandalucia.es\/ceipelolivo\/files\/2018\/02\/IMG_0876-36x48.jpg 36w, https:\/\/blogsaverroes.juntadeandalucia.es\/ceipelolivo\/files\/2018\/02\/IMG_0876.jpg 1200w\" sizes=\"(max-width: 225px) 100vw, 225px\" \/><\/a><\/td>\n<td><a href=\"https:\/\/blogsaverroes.juntadeandalucia.es\/ceipelolivo\/files\/2018\/02\/IMG_4897.jpg\" target=\"_blank\" rel=\"noopener noreferrer\"><img loading=\"lazy\" decoding=\"async\" class=\"aligncenter wp-image-2439 size-medium\" src=\"https:\/\/blogsaverroes.juntadeandalucia.es\/ceipelolivo\/files\/2018\/02\/IMG_4897-300x225.jpg\" alt=\"\" width=\"300\" height=\"225\" srcset=\"https:\/\/blogsaverroes.juntadeandalucia.es\/ceipelolivo\/files\/2018\/02\/IMG_4897-300x225.jpg 300w, https:\/\/blogsaverroes.juntadeandalucia.es\/ceipelolivo\/files\/2018\/02\/IMG_4897-768x576.jpg 768w, https:\/\/blogsaverroes.juntadeandalucia.es\/ceipelolivo\/files\/2018\/02\/IMG_4897-1024x768.jpg 1024w, https:\/\/blogsaverroes.juntadeandalucia.es\/ceipelolivo\/files\/2018\/02\/IMG_4897-700x525.jpg 700w, https:\/\/blogsaverroes.juntadeandalucia.es\/ceipelolivo\/files\/2018\/02\/IMG_4897-24x18.jpg 24w, https:\/\/blogsaverroes.juntadeandalucia.es\/ceipelolivo\/files\/2018\/02\/IMG_4897-36x27.jpg 36w, https:\/\/blogsaverroes.juntadeandalucia.es\/ceipelolivo\/files\/2018\/02\/IMG_4897-48x36.jpg 48w, https:\/\/blogsaverroes.juntadeandalucia.es\/ceipelolivo\/files\/2018\/02\/IMG_4897.jpg 1600w\" sizes=\"(max-width: 300px) 100vw, 300px\" \/><\/a>&nbsp;<\/td>\n<\/tr>\n<\/tbody>\n<\/table>\n<p style=\"text-align: justify\">Mirad el cambio que ha sufrido la biblioteca entre las dos im\u00e1genes. La primera est\u00e1 tomada el a\u00f1o 1991 y en ella aparece la Se\u00f1orita Magdalena. La segunda es del a\u00f1o pasado. \u00bfAlguna diferencia?<\/p>\n<p><iframe loading=\"lazy\" src=\"https:\/\/cdn.knightlab.com\/libs\/juxtapose\/latest\/embed\/index.html?uid=7525818c-33a3-11e8-b263-0edaf8f81e27\" width=\"640\" height=\"480\" frameborder=\"0\"><\/iframe><\/p>\n<p>La siguiente imagen enlaza con el anterior blog de la biblioteca. La incluimos aqu\u00ed ya que no queremos que se pierdan las cosas que hicimos:<\/p>\n<p><a href=\"http:\/\/bibliotecaceipelolivo.blogspot.com.es\" target=\"_blank\" rel=\"noopener noreferrer\"><img loading=\"lazy\" decoding=\"async\" class=\"aligncenter wp-image-3212 size-medium\" src=\"https:\/\/blogsaverroes.juntadeandalucia.es\/ceipelolivo\/files\/2018\/02\/Biblio-300x77.png\" alt=\"\" width=\"300\" height=\"77\" srcset=\"https:\/\/blogsaverroes.juntadeandalucia.es\/ceipelolivo\/files\/2018\/02\/Biblio-300x77.png 300w, https:\/\/blogsaverroes.juntadeandalucia.es\/ceipelolivo\/files\/2018\/02\/Biblio-768x198.png 768w, https:\/\/blogsaverroes.juntadeandalucia.es\/ceipelolivo\/files\/2018\/02\/Biblio-1024x263.png 1024w, https:\/\/blogsaverroes.juntadeandalucia.es\/ceipelolivo\/files\/2018\/02\/Biblio-700x180.png 700w, https:\/\/blogsaverroes.juntadeandalucia.es\/ceipelolivo\/files\/2018\/02\/Biblio-24x6.png 24w, https:\/\/blogsaverroes.juntadeandalucia.es\/ceipelolivo\/files\/2018\/02\/Biblio-36x9.png 36w, https:\/\/blogsaverroes.juntadeandalucia.es\/ceipelolivo\/files\/2018\/02\/Biblio-48x12.png 48w, https:\/\/blogsaverroes.juntadeandalucia.es\/ceipelolivo\/files\/2018\/02\/Biblio.png 1026w\" sizes=\"(max-width: 300px) 100vw, 300px\" \/><\/a><\/p>\n","protected":false},"excerpt":{"rendered":"<p>Celebraci\u00f3n \u00bb D\u00eda del Libro\u00bb &#8211; Curso 2021-2022 &nbsp; &nbsp; Queremos que nuestro alumnado vea la biblioteca como un espacio de tranquilidad, en el que poder coger un libro divertido con el que pasar&#46;&#46;&#46;<\/p>\n","protected":false},"author":6073,"featured_media":0,"parent":0,"menu_order":0,"comment_status":"closed","ping_status":"open","template":"","meta":{"ngg_post_thumbnail":0,"footnotes":"","_mc_calendar":[]},"aioseo_notices":[],"_links":{"self":[{"href":"https:\/\/blogsaverroes.juntadeandalucia.es\/ceipelolivo\/wp-json\/wp\/v2\/pages\/113"}],"collection":[{"href":"https:\/\/blogsaverroes.juntadeandalucia.es\/ceipelolivo\/wp-json\/wp\/v2\/pages"}],"about":[{"href":"https:\/\/blogsaverroes.juntadeandalucia.es\/ceipelolivo\/wp-json\/wp\/v2\/types\/page"}],"author":[{"embeddable":true,"href":"https:\/\/blogsaverroes.juntadeandalucia.es\/ceipelolivo\/wp-json\/wp\/v2\/users\/6073"}],"replies":[{"embeddable":true,"href":"https:\/\/blogsaverroes.juntadeandalucia.es\/ceipelolivo\/wp-json\/wp\/v2\/comments?post=113"}],"version-history":[{"count":25,"href":"https:\/\/blogsaverroes.juntadeandalucia.es\/ceipelolivo\/wp-json\/wp\/v2\/pages\/113\/revisions"}],"predecessor-version":[{"id":7448,"href":"https:\/\/blogsaverroes.juntadeandalucia.es\/ceipelolivo\/wp-json\/wp\/v2\/pages\/113\/revisions\/7448"}],"wp:attachment":[{"href":"https:\/\/blogsaverroes.juntadeandalucia.es\/ceipelolivo\/wp-json\/wp\/v2\/media?parent=113"}],"curies":[{"name":"wp","href":"https:\/\/api.w.org\/{rel}","templated":true}]}}