{"id":2382,"date":"2018-02-22T22:23:23","date_gmt":"2018-02-22T22:23:23","guid":{"rendered":"https:\/\/blogsaverroes.juntadeandalucia.es\/ceipelolivo\/?page_id=2382"},"modified":"2020-07-24T08:32:55","modified_gmt":"2020-07-24T08:32:55","slug":"proyecto-matematico-de-centro","status":"publish","type":"page","link":"https:\/\/blogsaverroes.juntadeandalucia.es\/ceipelolivo\/proyecto-matematico-de-centro\/","title":{"rendered":"Proyecto Matem\u00e1tico de Centro"},"content":{"rendered":"<p style=\"text-align: justify\">Con el Proyecto Matem\u00e1tico nuestra intenci\u00f3n es establecer una forma conjunta de trabajar los distintos bloques de contenidos de la asignatura de Matem\u00e1ticas, realizando una secuencia l\u00f3gica seg\u00fan el nivel y siempre de acuerdo al curr\u00edculum establecido por la Consejer\u00eda de Educaci\u00f3n. Pulsa en el siguiente enlace para acceder a la p\u00e1gina web:<\/p>\n<p><a href=\"https:\/\/blogsaverroes.juntadeandalucia.es\/olivomates\/\">Proyecto Matem\u00e1tico.<\/a><\/p>\n<p><a href=\"https:\/\/blogsaverroes.juntadeandalucia.es\/olivomates\/\" target=\"_blank\" rel=\"noopener noreferrer\"><img loading=\"lazy\" decoding=\"async\" class=\"alignnone wp-image-6677 size-full\" src=\"https:\/\/blogsaverroes.juntadeandalucia.es\/ceipelolivo\/files\/2020\/07\/Mozilla.jpeg\" alt=\"\" width=\"119\" height=\"126\" srcset=\"https:\/\/blogsaverroes.juntadeandalucia.es\/ceipelolivo\/files\/2020\/07\/Mozilla.jpeg 119w, https:\/\/blogsaverroes.juntadeandalucia.es\/ceipelolivo\/files\/2020\/07\/Mozilla-24x24.jpeg 24w, https:\/\/blogsaverroes.juntadeandalucia.es\/ceipelolivo\/files\/2020\/07\/Mozilla-34x36.jpeg 34w, https:\/\/blogsaverroes.juntadeandalucia.es\/ceipelolivo\/files\/2020\/07\/Mozilla-45x48.jpeg 45w\" sizes=\"(max-width: 119px) 100vw, 119px\" \/><\/a><\/p>\n","protected":false},"excerpt":{"rendered":"<p>Con el Proyecto Matem\u00e1tico nuestra intenci\u00f3n es establecer una forma conjunta de trabajar los distintos bloques de contenidos de la asignatura de Matem\u00e1ticas, realizando una secuencia l\u00f3gica seg\u00fan el nivel y siempre de acuerdo&#46;&#46;&#46;<\/p>\n","protected":false},"author":6073,"featured_media":0,"parent":0,"menu_order":0,"comment_status":"closed","ping_status":"closed","template":"","meta":{"ngg_post_thumbnail":0,"footnotes":"","_mc_calendar":[]},"aioseo_notices":[],"_links":{"self":[{"href":"https:\/\/blogsaverroes.juntadeandalucia.es\/ceipelolivo\/wp-json\/wp\/v2\/pages\/2382"}],"collection":[{"href":"https:\/\/blogsaverroes.juntadeandalucia.es\/ceipelolivo\/wp-json\/wp\/v2\/pages"}],"about":[{"href":"https:\/\/blogsaverroes.juntadeandalucia.es\/ceipelolivo\/wp-json\/wp\/v2\/types\/page"}],"author":[{"embeddable":true,"href":"https:\/\/blogsaverroes.juntadeandalucia.es\/ceipelolivo\/wp-json\/wp\/v2\/users\/6073"}],"replies":[{"embeddable":true,"href":"https:\/\/blogsaverroes.juntadeandalucia.es\/ceipelolivo\/wp-json\/wp\/v2\/comments?post=2382"}],"version-history":[{"count":23,"href":"https:\/\/blogsaverroes.juntadeandalucia.es\/ceipelolivo\/wp-json\/wp\/v2\/pages\/2382\/revisions"}],"predecessor-version":[{"id":6678,"href":"https:\/\/blogsaverroes.juntadeandalucia.es\/ceipelolivo\/wp-json\/wp\/v2\/pages\/2382\/revisions\/6678"}],"wp:attachment":[{"href":"https:\/\/blogsaverroes.juntadeandalucia.es\/ceipelolivo\/wp-json\/wp\/v2\/media?parent=2382"}],"curies":[{"name":"wp","href":"https:\/\/api.w.org\/{rel}","templated":true}]}}