{"id":2442,"date":"2018-02-24T11:32:06","date_gmt":"2018-02-24T11:32:06","guid":{"rendered":"https:\/\/blogsaverroes.juntadeandalucia.es\/ceipelolivo\/?page_id=2442"},"modified":"2020-02-21T21:24:55","modified_gmt":"2020-02-21T21:24:55","slug":"nuestra-historia","status":"publish","type":"page","link":"https:\/\/blogsaverroes.juntadeandalucia.es\/ceipelolivo\/nuestra-historia\/","title":{"rendered":"NUESTRA HISTORIA"},"content":{"rendered":"<h4 style=\"text-align: justify\">Nuestra historia en im\u00e1genes:<\/h4>\n<p style=\"text-align: justify\">La historia de un colegio se va creando a trav\u00e9s de las experiencias que viven sus alumnos y maestros. Pero no \u00fanicamente a trav\u00e9s de ellos. Las familias e invitados que en alg\u00fan momento dado vienen a darnos lecciones de vida, forman una comunidad educativa en continuo movimiento.<\/p>\n<p style=\"text-align: justify\">La nuestra es una historia llena de momentos felices, y la queremos compartir con todos vosotros a trav\u00e9s de las im\u00e1genes que tenemos en nuestro archivo. El fin que perseguimos es conseguir que perduren a lo largo del tiempo.<\/p>\n<p style=\"text-align: justify\">Esperamos que os gusten, y si alguna vez a lo largo de vuestra vida hab\u00e9is pertenecido a la historia del Colegio P\u00fablico \u00abEl Olivo\u00bb, os hagan soltar una lagrimita de emoci\u00f3n.<\/p>\n<p style=\"text-align: justify\">Nos encantar\u00eda tambi\u00e9n recuperar fotograf\u00edas que a lo largo del tiempo se han perdido, sobre todo tras la inundaci\u00f3n que sufrimos mientras nos cambiaban los tejados.<\/p>\n<p style=\"text-align: justify\">Si ten\u00e9is alguna foto que os gustar\u00eda compartir enviadla a nuestra direcci\u00f3n de correo electr\u00f3nico:<\/p>\n<p><a href=\"23004008.edu@juntadeandalucia.es\">23004008.edu@juntadeandalucia.es<\/a><\/p>\n<p><a href=\"https:\/\/blogsaverroes.juntadeandalucia.es\/ceipelolivo\/files\/2018\/02\/Colegio-76-77.jpeg\"><img loading=\"lazy\" decoding=\"async\" class=\"size-medium wp-image-2455 aligncenter\" src=\"https:\/\/blogsaverroes.juntadeandalucia.es\/ceipelolivo\/files\/2018\/02\/Colegio-76-77-300x212.jpeg\" alt=\"\" width=\"300\" height=\"212\" srcset=\"https:\/\/blogsaverroes.juntadeandalucia.es\/ceipelolivo\/files\/2018\/02\/Colegio-76-77-300x212.jpeg 300w, https:\/\/blogsaverroes.juntadeandalucia.es\/ceipelolivo\/files\/2018\/02\/Colegio-76-77-768x543.jpeg 768w, https:\/\/blogsaverroes.juntadeandalucia.es\/ceipelolivo\/files\/2018\/02\/Colegio-76-77-700x495.jpeg 700w, https:\/\/blogsaverroes.juntadeandalucia.es\/ceipelolivo\/files\/2018\/02\/Colegio-76-77-24x17.jpeg 24w, https:\/\/blogsaverroes.juntadeandalucia.es\/ceipelolivo\/files\/2018\/02\/Colegio-76-77-36x25.jpeg 36w, https:\/\/blogsaverroes.juntadeandalucia.es\/ceipelolivo\/files\/2018\/02\/Colegio-76-77-48x34.jpeg 48w, https:\/\/blogsaverroes.juntadeandalucia.es\/ceipelolivo\/files\/2018\/02\/Colegio-76-77.jpeg 973w\" sizes=\"(max-width: 300px) 100vw, 300px\" \/><\/a><\/p>\n","protected":false},"excerpt":{"rendered":"<p>Nuestra historia en im\u00e1genes: La historia de un colegio se va creando a trav\u00e9s de las experiencias que viven sus alumnos y maestros. Pero no \u00fanicamente a trav\u00e9s de ellos. Las familias e invitados&#46;&#46;&#46;<\/p>\n","protected":false},"author":5889,"featured_media":2456,"parent":0,"menu_order":0,"comment_status":"closed","ping_status":"closed","template":"","meta":{"ngg_post_thumbnail":0,"footnotes":"","_mc_calendar":[]},"aioseo_notices":[],"_links":{"self":[{"href":"https:\/\/blogsaverroes.juntadeandalucia.es\/ceipelolivo\/wp-json\/wp\/v2\/pages\/2442"}],"collection":[{"href":"https:\/\/blogsaverroes.juntadeandalucia.es\/ceipelolivo\/wp-json\/wp\/v2\/pages"}],"about":[{"href":"https:\/\/blogsaverroes.juntadeandalucia.es\/ceipelolivo\/wp-json\/wp\/v2\/types\/page"}],"author":[{"embeddable":true,"href":"https:\/\/blogsaverroes.juntadeandalucia.es\/ceipelolivo\/wp-json\/wp\/v2\/users\/5889"}],"replies":[{"embeddable":true,"href":"https:\/\/blogsaverroes.juntadeandalucia.es\/ceipelolivo\/wp-json\/wp\/v2\/comments?post=2442"}],"version-history":[{"count":10,"href":"https:\/\/blogsaverroes.juntadeandalucia.es\/ceipelolivo\/wp-json\/wp\/v2\/pages\/2442\/revisions"}],"predecessor-version":[{"id":5232,"href":"https:\/\/blogsaverroes.juntadeandalucia.es\/ceipelolivo\/wp-json\/wp\/v2\/pages\/2442\/revisions\/5232"}],"wp:featuredmedia":[{"embeddable":true,"href":"https:\/\/blogsaverroes.juntadeandalucia.es\/ceipelolivo\/wp-json\/wp\/v2\/media\/2456"}],"wp:attachment":[{"href":"https:\/\/blogsaverroes.juntadeandalucia.es\/ceipelolivo\/wp-json\/wp\/v2\/media?parent=2442"}],"curies":[{"name":"wp","href":"https:\/\/api.w.org\/{rel}","templated":true}]}}