{"id":2448,"date":"2018-02-24T11:49:32","date_gmt":"2018-02-24T11:49:32","guid":{"rendered":"https:\/\/blogsaverroes.juntadeandalucia.es\/ceipelolivo\/?page_id=2448"},"modified":"2018-03-13T18:59:29","modified_gmt":"2018-03-13T18:59:29","slug":"el-colegio","status":"publish","type":"page","link":"https:\/\/blogsaverroes.juntadeandalucia.es\/ceipelolivo\/el-colegio\/","title":{"rendered":"El colegio"},"content":{"rendered":"<p style=\"text-align: justify\">El Colegio P\u00fablico \u00abEl Olivo\u00bb se inaugura el a\u00f1o 1975, siendo el m\u00e1s nuevo construido en la localidad hasta la creaci\u00f3n de la escuela infantil \u00abLa Ranita\u00bb.<\/p>\n<p style=\"text-align: justify\">En el per\u00edodo de tiempo que va desde 1975 a 1983 estuvo agrupado con \u00abPonce de Le\u00f3n\u00bb, siendo el director de ambos Don Miguel Anguita Perag\u00f3n.<\/p>\n<p style=\"text-align: justify\">El curso escolar 1983\/1984 los colegios se separan y Torredonjimeno pasa a ofrecer la oferta educativa que tenemos en la actualidad.<\/p>\n<p style=\"text-align: justify\">Nuestro centro ha presenciado muchos cambios en el barrio, puesto que se encuentra en la zona de expansi\u00f3n de Torredonjimeno. Es por ello que ha visto crecer a un barrio desde sus cimientos y su zona de influencia ha cambiado mucho desde su nacimiento.<\/p>\n<p>Os mostramos algunas im\u00e1genes en las que pod\u00e9is apreciar el profundo cambio del barrio:<\/p>\n<p><a href=\"https:\/\/blogsaverroes.juntadeandalucia.es\/ceipelolivo\/files\/2018\/02\/Patio.jpeg\"><img loading=\"lazy\" decoding=\"async\" class=\"alignnone size-medium wp-image-2457\" src=\"https:\/\/blogsaverroes.juntadeandalucia.es\/ceipelolivo\/files\/2018\/02\/Patio-300x220.jpeg\" alt=\"\" width=\"300\" height=\"220\" srcset=\"https:\/\/blogsaverroes.juntadeandalucia.es\/ceipelolivo\/files\/2018\/02\/Patio-300x220.jpeg 300w, https:\/\/blogsaverroes.juntadeandalucia.es\/ceipelolivo\/files\/2018\/02\/Patio-768x564.jpeg 768w, https:\/\/blogsaverroes.juntadeandalucia.es\/ceipelolivo\/files\/2018\/02\/Patio-1024x752.jpeg 1024w, https:\/\/blogsaverroes.juntadeandalucia.es\/ceipelolivo\/files\/2018\/02\/Patio-700x514.jpeg 700w, https:\/\/blogsaverroes.juntadeandalucia.es\/ceipelolivo\/files\/2018\/02\/Patio-24x18.jpeg 24w, https:\/\/blogsaverroes.juntadeandalucia.es\/ceipelolivo\/files\/2018\/02\/Patio-36x26.jpeg 36w, https:\/\/blogsaverroes.juntadeandalucia.es\/ceipelolivo\/files\/2018\/02\/Patio-48x35.jpeg 48w, https:\/\/blogsaverroes.juntadeandalucia.es\/ceipelolivo\/files\/2018\/02\/Patio.jpeg 1342w\" sizes=\"(max-width: 300px) 100vw, 300px\" \/><\/a> <a href=\"https:\/\/blogsaverroes.juntadeandalucia.es\/ceipelolivo\/files\/2018\/02\/Colegio.jpeg\"><img loading=\"lazy\" decoding=\"async\" class=\"alignnone size-medium wp-image-2456\" src=\"https:\/\/blogsaverroes.juntadeandalucia.es\/ceipelolivo\/files\/2018\/02\/Colegio-300x212.jpeg\" alt=\"\" width=\"300\" height=\"212\" srcset=\"https:\/\/blogsaverroes.juntadeandalucia.es\/ceipelolivo\/files\/2018\/02\/Colegio-300x212.jpeg 300w, https:\/\/blogsaverroes.juntadeandalucia.es\/ceipelolivo\/files\/2018\/02\/Colegio-768x542.jpeg 768w, https:\/\/blogsaverroes.juntadeandalucia.es\/ceipelolivo\/files\/2018\/02\/Colegio-700x494.jpeg 700w, https:\/\/blogsaverroes.juntadeandalucia.es\/ceipelolivo\/files\/2018\/02\/Colegio-24x17.jpeg 24w, https:\/\/blogsaverroes.juntadeandalucia.es\/ceipelolivo\/files\/2018\/02\/Colegio-36x25.jpeg 36w, https:\/\/blogsaverroes.juntadeandalucia.es\/ceipelolivo\/files\/2018\/02\/Colegio-48x34.jpeg 48w, https:\/\/blogsaverroes.juntadeandalucia.es\/ceipelolivo\/files\/2018\/02\/Colegio.jpeg 968w\" sizes=\"(max-width: 300px) 100vw, 300px\" \/><\/a> <a href=\"https:\/\/blogsaverroes.juntadeandalucia.es\/ceipelolivo\/files\/2018\/02\/Colegio-76-77.jpeg\"><img loading=\"lazy\" decoding=\"async\" class=\"alignnone size-medium wp-image-2455\" src=\"https:\/\/blogsaverroes.juntadeandalucia.es\/ceipelolivo\/files\/2018\/02\/Colegio-76-77-300x212.jpeg\" alt=\"\" width=\"300\" height=\"212\" srcset=\"https:\/\/blogsaverroes.juntadeandalucia.es\/ceipelolivo\/files\/2018\/02\/Colegio-76-77-300x212.jpeg 300w, https:\/\/blogsaverroes.juntadeandalucia.es\/ceipelolivo\/files\/2018\/02\/Colegio-76-77-768x543.jpeg 768w, https:\/\/blogsaverroes.juntadeandalucia.es\/ceipelolivo\/files\/2018\/02\/Colegio-76-77-700x495.jpeg 700w, https:\/\/blogsaverroes.juntadeandalucia.es\/ceipelolivo\/files\/2018\/02\/Colegio-76-77-24x17.jpeg 24w, https:\/\/blogsaverroes.juntadeandalucia.es\/ceipelolivo\/files\/2018\/02\/Colegio-76-77-36x25.jpeg 36w, https:\/\/blogsaverroes.juntadeandalucia.es\/ceipelolivo\/files\/2018\/02\/Colegio-76-77-48x34.jpeg 48w, https:\/\/blogsaverroes.juntadeandalucia.es\/ceipelolivo\/files\/2018\/02\/Colegio-76-77.jpeg 973w\" sizes=\"(max-width: 300px) 100vw, 300px\" \/><\/a> <a href=\"https:\/\/blogsaverroes.juntadeandalucia.es\/ceipelolivo\/files\/2018\/02\/Cambios.jpeg\"><img loading=\"lazy\" decoding=\"async\" class=\"alignnone size-medium wp-image-2454\" src=\"https:\/\/blogsaverroes.juntadeandalucia.es\/ceipelolivo\/files\/2018\/02\/Cambios-300x218.jpeg\" alt=\"\" width=\"300\" height=\"218\" srcset=\"https:\/\/blogsaverroes.juntadeandalucia.es\/ceipelolivo\/files\/2018\/02\/Cambios-300x218.jpeg 300w, https:\/\/blogsaverroes.juntadeandalucia.es\/ceipelolivo\/files\/2018\/02\/Cambios-768x557.jpeg 768w, https:\/\/blogsaverroes.juntadeandalucia.es\/ceipelolivo\/files\/2018\/02\/Cambios-1024x743.jpeg 1024w, https:\/\/blogsaverroes.juntadeandalucia.es\/ceipelolivo\/files\/2018\/02\/Cambios-700x508.jpeg 700w, https:\/\/blogsaverroes.juntadeandalucia.es\/ceipelolivo\/files\/2018\/02\/Cambios-24x17.jpeg 24w, https:\/\/blogsaverroes.juntadeandalucia.es\/ceipelolivo\/files\/2018\/02\/Cambios-36x26.jpeg 36w, https:\/\/blogsaverroes.juntadeandalucia.es\/ceipelolivo\/files\/2018\/02\/Cambios-48x35.jpeg 48w, https:\/\/blogsaverroes.juntadeandalucia.es\/ceipelolivo\/files\/2018\/02\/Cambios.jpeg 1356w\" sizes=\"(max-width: 300px) 100vw, 300px\" \/><\/a> <a href=\"https:\/\/blogsaverroes.juntadeandalucia.es\/ceipelolivo\/files\/2018\/02\/A\u00f1o76_77.jpeg\"><img loading=\"lazy\" decoding=\"async\" class=\"size-medium wp-image-2453 aligncenter\" src=\"https:\/\/blogsaverroes.juntadeandalucia.es\/ceipelolivo\/files\/2018\/02\/A\u00f1o76_77-300x214.jpeg\" alt=\"\" width=\"300\" height=\"214\"><\/a><\/p>\n","protected":false},"excerpt":{"rendered":"<p>El Colegio P\u00fablico \u00abEl Olivo\u00bb se inaugura el a\u00f1o 1975, siendo el m\u00e1s nuevo construido en la localidad hasta la creaci\u00f3n de la escuela infantil \u00abLa Ranita\u00bb. En el per\u00edodo de tiempo que va&#46;&#46;&#46;<\/p>\n","protected":false},"author":6073,"featured_media":0,"parent":0,"menu_order":0,"comment_status":"closed","ping_status":"closed","template":"","meta":{"ngg_post_thumbnail":0,"footnotes":"","_mc_calendar":[]},"aioseo_notices":[],"_links":{"self":[{"href":"https:\/\/blogsaverroes.juntadeandalucia.es\/ceipelolivo\/wp-json\/wp\/v2\/pages\/2448"}],"collection":[{"href":"https:\/\/blogsaverroes.juntadeandalucia.es\/ceipelolivo\/wp-json\/wp\/v2\/pages"}],"about":[{"href":"https:\/\/blogsaverroes.juntadeandalucia.es\/ceipelolivo\/wp-json\/wp\/v2\/types\/page"}],"author":[{"embeddable":true,"href":"https:\/\/blogsaverroes.juntadeandalucia.es\/ceipelolivo\/wp-json\/wp\/v2\/users\/6073"}],"replies":[{"embeddable":true,"href":"https:\/\/blogsaverroes.juntadeandalucia.es\/ceipelolivo\/wp-json\/wp\/v2\/comments?post=2448"}],"version-history":[{"count":4,"href":"https:\/\/blogsaverroes.juntadeandalucia.es\/ceipelolivo\/wp-json\/wp\/v2\/pages\/2448\/revisions"}],"predecessor-version":[{"id":2458,"href":"https:\/\/blogsaverroes.juntadeandalucia.es\/ceipelolivo\/wp-json\/wp\/v2\/pages\/2448\/revisions\/2458"}],"wp:attachment":[{"href":"https:\/\/blogsaverroes.juntadeandalucia.es\/ceipelolivo\/wp-json\/wp\/v2\/media?parent=2448"}],"curies":[{"name":"wp","href":"https:\/\/api.w.org\/{rel}","templated":true}]}}