{"id":2463,"date":"2018-02-24T12:31:44","date_gmt":"2018-02-24T12:31:44","guid":{"rendered":"https:\/\/blogsaverroes.juntadeandalucia.es\/ceipelolivo\/?page_id=2463"},"modified":"2018-03-13T18:57:23","modified_gmt":"2018-03-13T18:57:23","slug":"curso-89-90","status":"publish","type":"page","link":"https:\/\/blogsaverroes.juntadeandalucia.es\/ceipelolivo\/curso-89-90\/","title":{"rendered":"Curso 1989-90"},"content":{"rendered":"<p style=\"text-align: justify\">Os dejamos con algunas im\u00e1genes del curso 1989-1990. Pertenecen a la fiesta de fin de curso. Ya quedaba muy poquito para los Juegos Ol\u00edmpicos de Barcelona y la Expo de Sevilla del a\u00f1o 1992.<\/p>\n<p><a href=\"https:\/\/blogsaverroes.juntadeandalucia.es\/ceipelolivo\/files\/2018\/02\/89-90-05-001.jpg\"><img loading=\"lazy\" decoding=\"async\" class=\"alignnone size-medium wp-image-2469\" src=\"https:\/\/blogsaverroes.juntadeandalucia.es\/ceipelolivo\/files\/2018\/02\/89-90-05-001-300x198.jpg\" alt=\"\" width=\"300\" height=\"198\" srcset=\"https:\/\/blogsaverroes.juntadeandalucia.es\/ceipelolivo\/files\/2018\/02\/89-90-05-001-300x198.jpg 300w, https:\/\/blogsaverroes.juntadeandalucia.es\/ceipelolivo\/files\/2018\/02\/89-90-05-001-768x507.jpg 768w, https:\/\/blogsaverroes.juntadeandalucia.es\/ceipelolivo\/files\/2018\/02\/89-90-05-001-1024x676.jpg 1024w, https:\/\/blogsaverroes.juntadeandalucia.es\/ceipelolivo\/files\/2018\/02\/89-90-05-001-700x462.jpg 700w, https:\/\/blogsaverroes.juntadeandalucia.es\/ceipelolivo\/files\/2018\/02\/89-90-05-001-24x16.jpg 24w, https:\/\/blogsaverroes.juntadeandalucia.es\/ceipelolivo\/files\/2018\/02\/89-90-05-001-36x24.jpg 36w, https:\/\/blogsaverroes.juntadeandalucia.es\/ceipelolivo\/files\/2018\/02\/89-90-05-001-48x32.jpg 48w, https:\/\/blogsaverroes.juntadeandalucia.es\/ceipelolivo\/files\/2018\/02\/89-90-05-001.jpg 1600w\" sizes=\"(max-width: 300px) 100vw, 300px\" \/><\/a> <a href=\"https:\/\/blogsaverroes.juntadeandalucia.es\/ceipelolivo\/files\/2018\/02\/89-90-04-001.jpg\"><img loading=\"lazy\" decoding=\"async\" class=\"alignnone size-medium wp-image-2468\" src=\"https:\/\/blogsaverroes.juntadeandalucia.es\/ceipelolivo\/files\/2018\/02\/89-90-04-001-300x198.jpg\" alt=\"\" width=\"300\" height=\"198\" srcset=\"https:\/\/blogsaverroes.juntadeandalucia.es\/ceipelolivo\/files\/2018\/02\/89-90-04-001-300x198.jpg 300w, https:\/\/blogsaverroes.juntadeandalucia.es\/ceipelolivo\/files\/2018\/02\/89-90-04-001-768x506.jpg 768w, https:\/\/blogsaverroes.juntadeandalucia.es\/ceipelolivo\/files\/2018\/02\/89-90-04-001-1024x674.jpg 1024w, https:\/\/blogsaverroes.juntadeandalucia.es\/ceipelolivo\/files\/2018\/02\/89-90-04-001-700x461.jpg 700w, https:\/\/blogsaverroes.juntadeandalucia.es\/ceipelolivo\/files\/2018\/02\/89-90-04-001-24x16.jpg 24w, https:\/\/blogsaverroes.juntadeandalucia.es\/ceipelolivo\/files\/2018\/02\/89-90-04-001-36x24.jpg 36w, https:\/\/blogsaverroes.juntadeandalucia.es\/ceipelolivo\/files\/2018\/02\/89-90-04-001-48x32.jpg 48w, https:\/\/blogsaverroes.juntadeandalucia.es\/ceipelolivo\/files\/2018\/02\/89-90-04-001.jpg 1600w\" sizes=\"(max-width: 300px) 100vw, 300px\" \/><\/a> <a href=\"https:\/\/blogsaverroes.juntadeandalucia.es\/ceipelolivo\/files\/2018\/02\/89-90-04-001-2.jpg\"><img loading=\"lazy\" decoding=\"async\" class=\"alignnone size-medium wp-image-2467\" src=\"https:\/\/blogsaverroes.juntadeandalucia.es\/ceipelolivo\/files\/2018\/02\/89-90-04-001-2-300x198.jpg\" alt=\"\" width=\"300\" height=\"198\" srcset=\"https:\/\/blogsaverroes.juntadeandalucia.es\/ceipelolivo\/files\/2018\/02\/89-90-04-001-2-300x198.jpg 300w, https:\/\/blogsaverroes.juntadeandalucia.es\/ceipelolivo\/files\/2018\/02\/89-90-04-001-2-768x506.jpg 768w, https:\/\/blogsaverroes.juntadeandalucia.es\/ceipelolivo\/files\/2018\/02\/89-90-04-001-2-1024x674.jpg 1024w, https:\/\/blogsaverroes.juntadeandalucia.es\/ceipelolivo\/files\/2018\/02\/89-90-04-001-2-700x461.jpg 700w, https:\/\/blogsaverroes.juntadeandalucia.es\/ceipelolivo\/files\/2018\/02\/89-90-04-001-2-24x16.jpg 24w, https:\/\/blogsaverroes.juntadeandalucia.es\/ceipelolivo\/files\/2018\/02\/89-90-04-001-2-36x24.jpg 36w, https:\/\/blogsaverroes.juntadeandalucia.es\/ceipelolivo\/files\/2018\/02\/89-90-04-001-2-48x32.jpg 48w, https:\/\/blogsaverroes.juntadeandalucia.es\/ceipelolivo\/files\/2018\/02\/89-90-04-001-2.jpg 1600w\" sizes=\"(max-width: 300px) 100vw, 300px\" \/><\/a> <a href=\"https:\/\/blogsaverroes.juntadeandalucia.es\/ceipelolivo\/files\/2018\/02\/89-90-03-001.jpg\"><img loading=\"lazy\" decoding=\"async\" class=\"alignnone size-medium wp-image-2466\" src=\"https:\/\/blogsaverroes.juntadeandalucia.es\/ceipelolivo\/files\/2018\/02\/89-90-03-001-300x198.jpg\" alt=\"\" width=\"300\" height=\"198\" srcset=\"https:\/\/blogsaverroes.juntadeandalucia.es\/ceipelolivo\/files\/2018\/02\/89-90-03-001-300x198.jpg 300w, https:\/\/blogsaverroes.juntadeandalucia.es\/ceipelolivo\/files\/2018\/02\/89-90-03-001-768x507.jpg 768w, https:\/\/blogsaverroes.juntadeandalucia.es\/ceipelolivo\/files\/2018\/02\/89-90-03-001-1024x676.jpg 1024w, https:\/\/blogsaverroes.juntadeandalucia.es\/ceipelolivo\/files\/2018\/02\/89-90-03-001-700x462.jpg 700w, https:\/\/blogsaverroes.juntadeandalucia.es\/ceipelolivo\/files\/2018\/02\/89-90-03-001-24x16.jpg 24w, https:\/\/blogsaverroes.juntadeandalucia.es\/ceipelolivo\/files\/2018\/02\/89-90-03-001-36x24.jpg 36w, https:\/\/blogsaverroes.juntadeandalucia.es\/ceipelolivo\/files\/2018\/02\/89-90-03-001-48x32.jpg 48w, https:\/\/blogsaverroes.juntadeandalucia.es\/ceipelolivo\/files\/2018\/02\/89-90-03-001.jpg 1600w\" sizes=\"(max-width: 300px) 100vw, 300px\" \/><\/a> <a href=\"https:\/\/blogsaverroes.juntadeandalucia.es\/ceipelolivo\/files\/2018\/02\/89-90-02-001.jpg\"><img loading=\"lazy\" decoding=\"async\" class=\"alignnone size-medium wp-image-2465\" src=\"https:\/\/blogsaverroes.juntadeandalucia.es\/ceipelolivo\/files\/2018\/02\/89-90-02-001-300x199.jpg\" alt=\"\" width=\"300\" height=\"199\" srcset=\"https:\/\/blogsaverroes.juntadeandalucia.es\/ceipelolivo\/files\/2018\/02\/89-90-02-001-300x199.jpg 300w, https:\/\/blogsaverroes.juntadeandalucia.es\/ceipelolivo\/files\/2018\/02\/89-90-02-001-768x510.jpg 768w, https:\/\/blogsaverroes.juntadeandalucia.es\/ceipelolivo\/files\/2018\/02\/89-90-02-001-1024x680.jpg 1024w, https:\/\/blogsaverroes.juntadeandalucia.es\/ceipelolivo\/files\/2018\/02\/89-90-02-001-700x465.jpg 700w, https:\/\/blogsaverroes.juntadeandalucia.es\/ceipelolivo\/files\/2018\/02\/89-90-02-001-24x16.jpg 24w, https:\/\/blogsaverroes.juntadeandalucia.es\/ceipelolivo\/files\/2018\/02\/89-90-02-001-36x24.jpg 36w, https:\/\/blogsaverroes.juntadeandalucia.es\/ceipelolivo\/files\/2018\/02\/89-90-02-001-48x32.jpg 48w, https:\/\/blogsaverroes.juntadeandalucia.es\/ceipelolivo\/files\/2018\/02\/89-90-02-001.jpg 1600w\" sizes=\"(max-width: 300px) 100vw, 300px\" \/><\/a> <a href=\"https:\/\/blogsaverroes.juntadeandalucia.es\/ceipelolivo\/files\/2018\/02\/89-90-01-001.jpg\"><img loading=\"lazy\" decoding=\"async\" class=\"alignnone size-medium wp-image-2464\" src=\"https:\/\/blogsaverroes.juntadeandalucia.es\/ceipelolivo\/files\/2018\/02\/89-90-01-001-198x300.jpg\" alt=\"\" width=\"198\" height=\"300\" srcset=\"https:\/\/blogsaverroes.juntadeandalucia.es\/ceipelolivo\/files\/2018\/02\/89-90-01-001-198x300.jpg 198w, https:\/\/blogsaverroes.juntadeandalucia.es\/ceipelolivo\/files\/2018\/02\/89-90-01-001-768x1166.jpg 768w, https:\/\/blogsaverroes.juntadeandalucia.es\/ceipelolivo\/files\/2018\/02\/89-90-01-001-674x1024.jpg 674w, https:\/\/blogsaverroes.juntadeandalucia.es\/ceipelolivo\/files\/2018\/02\/89-90-01-001-700x1063.jpg 700w, https:\/\/blogsaverroes.juntadeandalucia.es\/ceipelolivo\/files\/2018\/02\/89-90-01-001-16x24.jpg 16w, https:\/\/blogsaverroes.juntadeandalucia.es\/ceipelolivo\/files\/2018\/02\/89-90-01-001-24x36.jpg 24w, https:\/\/blogsaverroes.juntadeandalucia.es\/ceipelolivo\/files\/2018\/02\/89-90-01-001-32x48.jpg 32w, https:\/\/blogsaverroes.juntadeandalucia.es\/ceipelolivo\/files\/2018\/02\/89-90-01-001.jpg 1053w\" sizes=\"(max-width: 198px) 100vw, 198px\" \/><\/a><\/p>\n","protected":false},"excerpt":{"rendered":"<p>Os dejamos con algunas im\u00e1genes del curso 1989-1990. Pertenecen a la fiesta de fin de curso. Ya quedaba muy poquito para los Juegos Ol\u00edmpicos de Barcelona y la Expo de Sevilla del a\u00f1o 1992.<\/p>\n","protected":false},"author":5889,"featured_media":2467,"parent":0,"menu_order":0,"comment_status":"closed","ping_status":"closed","template":"","meta":{"ngg_post_thumbnail":0,"footnotes":"","_mc_calendar":[]},"aioseo_notices":[],"_links":{"self":[{"href":"https:\/\/blogsaverroes.juntadeandalucia.es\/ceipelolivo\/wp-json\/wp\/v2\/pages\/2463"}],"collection":[{"href":"https:\/\/blogsaverroes.juntadeandalucia.es\/ceipelolivo\/wp-json\/wp\/v2\/pages"}],"about":[{"href":"https:\/\/blogsaverroes.juntadeandalucia.es\/ceipelolivo\/wp-json\/wp\/v2\/types\/page"}],"author":[{"embeddable":true,"href":"https:\/\/blogsaverroes.juntadeandalucia.es\/ceipelolivo\/wp-json\/wp\/v2\/users\/5889"}],"replies":[{"embeddable":true,"href":"https:\/\/blogsaverroes.juntadeandalucia.es\/ceipelolivo\/wp-json\/wp\/v2\/comments?post=2463"}],"version-history":[{"count":2,"href":"https:\/\/blogsaverroes.juntadeandalucia.es\/ceipelolivo\/wp-json\/wp\/v2\/pages\/2463\/revisions"}],"predecessor-version":[{"id":2704,"href":"https:\/\/blogsaverroes.juntadeandalucia.es\/ceipelolivo\/wp-json\/wp\/v2\/pages\/2463\/revisions\/2704"}],"wp:featuredmedia":[{"embeddable":true,"href":"https:\/\/blogsaverroes.juntadeandalucia.es\/ceipelolivo\/wp-json\/wp\/v2\/media\/2467"}],"wp:attachment":[{"href":"https:\/\/blogsaverroes.juntadeandalucia.es\/ceipelolivo\/wp-json\/wp\/v2\/media?parent=2463"}],"curies":[{"name":"wp","href":"https:\/\/api.w.org\/{rel}","templated":true}]}}