{"id":2849,"date":"2018-03-13T17:16:57","date_gmt":"2018-03-13T17:16:57","guid":{"rendered":"https:\/\/blogsaverroes.juntadeandalucia.es\/ceipelolivo\/?page_id=2849"},"modified":"2018-05-02T18:42:28","modified_gmt":"2018-05-02T18:42:28","slug":"promocion-84","status":"publish","type":"page","link":"https:\/\/blogsaverroes.juntadeandalucia.es\/ceipelolivo\/promocion-84\/","title":{"rendered":"Generaci\u00f3n del 84"},"content":{"rendered":"<p style=\"text-align: justify\">El a\u00f1o 1984 naci\u00f3 Arjen Robben, futbolista holand\u00e9s que podr\u00eda habernos amargado el mundial que ganamos en Sud\u00e1frica, si Iker Casillas no hubiera hecho aquella extraordinaria parada&#8230;<\/p>\n<p style=\"text-align: justify\">Sin embargo, nosotros nos acordamos del a\u00f1o 1984 porque naci\u00f3 una generaci\u00f3n de ni\u00f1as y ni\u00f1os que dejaron huella en nuestro colegio y que han participado en la vida de nuestra localidad en los \u00faltimos a\u00f1os.<\/p>\n<p style=\"text-align: justify\">En las fotos vemos adem\u00e1s a unas grandes maestras y educadoras; Adela, Pepi, M\u00aa Carmen Melero y M\u00aa Carmen Tudela, que han trabajado mucho (y algunas siguen trabajando), para que nuestro centro sea un referente en la lucha por la igualdad.<\/p>\n<p><a href=\"https:\/\/blogsaverroes.juntadeandalucia.es\/ceipelolivo\/files\/2018\/03\/Generaci\u00f3n-83_01-001.jpg\">&nbsp;&nbsp;&nbsp;<\/a><a href=\"https:\/\/blogsaverroes.juntadeandalucia.es\/ceipelolivo\/files\/2018\/03\/Generaci\u00f3n-83_01-001.jpg\" target=\"_blank\" rel=\"noopener\"><img loading=\"lazy\" decoding=\"async\" class=\"alignnone wp-image-2850 size-medium\" src=\"https:\/\/blogsaverroes.juntadeandalucia.es\/ceipelolivo\/files\/2018\/03\/Generaci\u00f3n-83_01-001-300x240.jpg\" alt=\"\" width=\"300\" height=\"240\" srcset=\"https:\/\/blogsaverroes.juntadeandalucia.es\/ceipelolivo\/files\/2018\/03\/Generaci\u00f3n-83_01-001-300x240.jpg 300w, https:\/\/blogsaverroes.juntadeandalucia.es\/ceipelolivo\/files\/2018\/03\/Generaci\u00f3n-83_01-001-768x614.jpg 768w, https:\/\/blogsaverroes.juntadeandalucia.es\/ceipelolivo\/files\/2018\/03\/Generaci\u00f3n-83_01-001-1024x818.jpg 1024w, https:\/\/blogsaverroes.juntadeandalucia.es\/ceipelolivo\/files\/2018\/03\/Generaci\u00f3n-83_01-001-700x559.jpg 700w, https:\/\/blogsaverroes.juntadeandalucia.es\/ceipelolivo\/files\/2018\/03\/Generaci\u00f3n-83_01-001-24x19.jpg 24w, https:\/\/blogsaverroes.juntadeandalucia.es\/ceipelolivo\/files\/2018\/03\/Generaci\u00f3n-83_01-001-36x29.jpg 36w, https:\/\/blogsaverroes.juntadeandalucia.es\/ceipelolivo\/files\/2018\/03\/Generaci\u00f3n-83_01-001-48x38.jpg 48w, https:\/\/blogsaverroes.juntadeandalucia.es\/ceipelolivo\/files\/2018\/03\/Generaci\u00f3n-83_01-001.jpg 1600w\" sizes=\"(max-width: 300px) 100vw, 300px\" \/><\/a><a href=\"https:\/\/blogsaverroes.juntadeandalucia.es\/ceipelolivo\/files\/2018\/03\/Generaci\u00f3n-del-83_02-001.jpg\" target=\"_blank\" rel=\"noopener\"><img loading=\"lazy\" decoding=\"async\" class=\"alignnone wp-image-2851 size-medium\" src=\"https:\/\/blogsaverroes.juntadeandalucia.es\/ceipelolivo\/files\/2018\/03\/Generaci\u00f3n-del-83_02-001-300x240.jpg\" alt=\"\" width=\"300\" height=\"240\" srcset=\"https:\/\/blogsaverroes.juntadeandalucia.es\/ceipelolivo\/files\/2018\/03\/Generaci\u00f3n-del-83_02-001-300x240.jpg 300w, https:\/\/blogsaverroes.juntadeandalucia.es\/ceipelolivo\/files\/2018\/03\/Generaci\u00f3n-del-83_02-001-768x614.jpg 768w, https:\/\/blogsaverroes.juntadeandalucia.es\/ceipelolivo\/files\/2018\/03\/Generaci\u00f3n-del-83_02-001-1024x819.jpg 1024w, https:\/\/blogsaverroes.juntadeandalucia.es\/ceipelolivo\/files\/2018\/03\/Generaci\u00f3n-del-83_02-001-700x560.jpg 700w, https:\/\/blogsaverroes.juntadeandalucia.es\/ceipelolivo\/files\/2018\/03\/Generaci\u00f3n-del-83_02-001-24x19.jpg 24w, https:\/\/blogsaverroes.juntadeandalucia.es\/ceipelolivo\/files\/2018\/03\/Generaci\u00f3n-del-83_02-001-36x29.jpg 36w, https:\/\/blogsaverroes.juntadeandalucia.es\/ceipelolivo\/files\/2018\/03\/Generaci\u00f3n-del-83_02-001-48x38.jpg 48w, https:\/\/blogsaverroes.juntadeandalucia.es\/ceipelolivo\/files\/2018\/03\/Generaci\u00f3n-del-83_02-001.jpg 1600w\" sizes=\"(max-width: 300px) 100vw, 300px\" \/><\/a><\/p>\n<p style=\"text-align: justify\">Estad atent@s a esta p\u00e1gina porque tenemos muchas m\u00e1s fotos de esta generaci\u00f3n que iremos subiendo en un futuro.<\/p>\n<p>Hasta la pr\u00f3xima \ud83d\ude09<\/p>\n","protected":false},"excerpt":{"rendered":"<p>El a\u00f1o 1984 naci\u00f3 Arjen Robben, futbolista holand\u00e9s que podr\u00eda habernos amargado el mundial que ganamos en Sud\u00e1frica, si Iker Casillas no hubiera hecho aquella extraordinaria parada&#8230; Sin embargo, nosotros nos acordamos del a\u00f1o&#46;&#46;&#46;<\/p>\n","protected":false},"author":5889,"featured_media":2851,"parent":0,"menu_order":0,"comment_status":"closed","ping_status":"closed","template":"","meta":{"ngg_post_thumbnail":0,"footnotes":"","_mc_calendar":[]},"aioseo_notices":[],"_links":{"self":[{"href":"https:\/\/blogsaverroes.juntadeandalucia.es\/ceipelolivo\/wp-json\/wp\/v2\/pages\/2849"}],"collection":[{"href":"https:\/\/blogsaverroes.juntadeandalucia.es\/ceipelolivo\/wp-json\/wp\/v2\/pages"}],"about":[{"href":"https:\/\/blogsaverroes.juntadeandalucia.es\/ceipelolivo\/wp-json\/wp\/v2\/types\/page"}],"author":[{"embeddable":true,"href":"https:\/\/blogsaverroes.juntadeandalucia.es\/ceipelolivo\/wp-json\/wp\/v2\/users\/5889"}],"replies":[{"embeddable":true,"href":"https:\/\/blogsaverroes.juntadeandalucia.es\/ceipelolivo\/wp-json\/wp\/v2\/comments?post=2849"}],"version-history":[{"count":6,"href":"https:\/\/blogsaverroes.juntadeandalucia.es\/ceipelolivo\/wp-json\/wp\/v2\/pages\/2849\/revisions"}],"predecessor-version":[{"id":3552,"href":"https:\/\/blogsaverroes.juntadeandalucia.es\/ceipelolivo\/wp-json\/wp\/v2\/pages\/2849\/revisions\/3552"}],"wp:featuredmedia":[{"embeddable":true,"href":"https:\/\/blogsaverroes.juntadeandalucia.es\/ceipelolivo\/wp-json\/wp\/v2\/media\/2851"}],"wp:attachment":[{"href":"https:\/\/blogsaverroes.juntadeandalucia.es\/ceipelolivo\/wp-json\/wp\/v2\/media?parent=2849"}],"curies":[{"name":"wp","href":"https:\/\/api.w.org\/{rel}","templated":true}]}}