{"id":2960,"date":"2018-03-18T16:24:35","date_gmt":"2018-03-18T16:24:35","guid":{"rendered":"https:\/\/blogsaverroes.juntadeandalucia.es\/ceipelolivo\/?page_id=2960"},"modified":"2020-11-02T16:48:58","modified_gmt":"2020-11-02T16:48:58","slug":"rof","status":"publish","type":"page","link":"https:\/\/blogsaverroes.juntadeandalucia.es\/ceipelolivo\/rof\/","title":{"rendered":"Reglamento de organizaci\u00f3n y funcionamiento"},"content":{"rendered":"<p style=\"text-align: justify\">La LOE, 2\/2002, de 3 de mayo, en su art\u00edculo 124 establece que los centros docentes elaborar\u00e1n sus Reglamentos de Organizaci\u00f3n y Funcionamiento (ROF).<\/p>\n<p style=\"text-align: justify\">La LEA, 17\/2007, de 10 de diciembre, en el art\u00edculo 128 y el Decreto 328\/2010, de 13 de julio, por el que se aprueba el Reglamento Org\u00e1nico de los Colegios de Educaci\u00f3n Infantil y Primaria en el art\u00edculo 24, regulan el Reglamento de Organizaci\u00f3n y Funcionamiento de los Centros de Educaci\u00f3n Infantil y Primaria, para que en \u00e9l se recojan las normas organizativas y funcionales que faciliten la consecuci\u00f3n de un clima adecuado que nos permita alcanzar los objetivos que el centro se proponga y mantener un ambiente de respeto, confianza y colaboraci\u00f3n entre todos los sectores de la comunidad educativa.<\/p>\n<h4>\u00bfPara qu\u00e9 sirve?<\/h4>\n<p style=\"text-align: justify\">Es el documento que rige nuestro centro. Todos los aspectos legales del CEIP \u00abEl Olivo\u00bb, quedan recogidos en sus p\u00e1ginas y est\u00e1n a disposici\u00f3n de la comunidad educativa:<\/p>\n<h5>Revisi\u00f3n realizada durante el curso 2020 &#8211; 2021:<\/h5>\n<p><a href=\"https:\/\/blogsaverroes.juntadeandalucia.es\/olivodoc\/files\/2020\/11\/ROF-Revision-2020.pdf\" target=\"_blank\" rel=\"noopener noreferrer\"><img loading=\"lazy\" decoding=\"async\" class=\"aligncenter wp-image-2963 size-medium\" src=\"https:\/\/blogsaverroes.juntadeandalucia.es\/ceipelolivo\/files\/2018\/03\/Captura-de-pantalla-2018-03-18-a-las-17.26.19-212x300.png\" alt=\"\" width=\"212\" height=\"300\" srcset=\"https:\/\/blogsaverroes.juntadeandalucia.es\/ceipelolivo\/files\/2018\/03\/Captura-de-pantalla-2018-03-18-a-las-17.26.19-212x300.png 212w, https:\/\/blogsaverroes.juntadeandalucia.es\/ceipelolivo\/files\/2018\/03\/Captura-de-pantalla-2018-03-18-a-las-17.26.19-768x1085.png 768w, https:\/\/blogsaverroes.juntadeandalucia.es\/ceipelolivo\/files\/2018\/03\/Captura-de-pantalla-2018-03-18-a-las-17.26.19-725x1024.png 725w, https:\/\/blogsaverroes.juntadeandalucia.es\/ceipelolivo\/files\/2018\/03\/Captura-de-pantalla-2018-03-18-a-las-17.26.19-700x989.png 700w, https:\/\/blogsaverroes.juntadeandalucia.es\/ceipelolivo\/files\/2018\/03\/Captura-de-pantalla-2018-03-18-a-las-17.26.19-17x24.png 17w, https:\/\/blogsaverroes.juntadeandalucia.es\/ceipelolivo\/files\/2018\/03\/Captura-de-pantalla-2018-03-18-a-las-17.26.19-25x36.png 25w, https:\/\/blogsaverroes.juntadeandalucia.es\/ceipelolivo\/files\/2018\/03\/Captura-de-pantalla-2018-03-18-a-las-17.26.19-34x48.png 34w, https:\/\/blogsaverroes.juntadeandalucia.es\/ceipelolivo\/files\/2018\/03\/Captura-de-pantalla-2018-03-18-a-las-17.26.19.png 900w\" sizes=\"(max-width: 212px) 100vw, 212px\" \/><\/a><\/p>\n<h3><span style=\"font-size: 8pt\">Informado al Claustro del Profesorado y al Consejo escolar el d\u00eda 26 de octubre de 2020.<\/span><\/h3>\n<p>Actualizado con fecha: 02 de noviembre de 2020.<\/p>\n","protected":false},"excerpt":{"rendered":"<p>La LOE, 2\/2002, de 3 de mayo, en su art\u00edculo 124 establece que los centros docentes elaborar\u00e1n sus Reglamentos de Organizaci\u00f3n y Funcionamiento (ROF). La LEA, 17\/2007, de 10 de diciembre, en el art\u00edculo&#46;&#46;&#46;<\/p>\n","protected":false},"author":5889,"featured_media":0,"parent":0,"menu_order":0,"comment_status":"closed","ping_status":"closed","template":"","meta":{"ngg_post_thumbnail":0,"footnotes":"","_mc_calendar":[]},"aioseo_notices":[],"_links":{"self":[{"href":"https:\/\/blogsaverroes.juntadeandalucia.es\/ceipelolivo\/wp-json\/wp\/v2\/pages\/2960"}],"collection":[{"href":"https:\/\/blogsaverroes.juntadeandalucia.es\/ceipelolivo\/wp-json\/wp\/v2\/pages"}],"about":[{"href":"https:\/\/blogsaverroes.juntadeandalucia.es\/ceipelolivo\/wp-json\/wp\/v2\/types\/page"}],"author":[{"embeddable":true,"href":"https:\/\/blogsaverroes.juntadeandalucia.es\/ceipelolivo\/wp-json\/wp\/v2\/users\/5889"}],"replies":[{"embeddable":true,"href":"https:\/\/blogsaverroes.juntadeandalucia.es\/ceipelolivo\/wp-json\/wp\/v2\/comments?post=2960"}],"version-history":[{"count":7,"href":"https:\/\/blogsaverroes.juntadeandalucia.es\/ceipelolivo\/wp-json\/wp\/v2\/pages\/2960\/revisions"}],"predecessor-version":[{"id":6862,"href":"https:\/\/blogsaverroes.juntadeandalucia.es\/ceipelolivo\/wp-json\/wp\/v2\/pages\/2960\/revisions\/6862"}],"wp:attachment":[{"href":"https:\/\/blogsaverroes.juntadeandalucia.es\/ceipelolivo\/wp-json\/wp\/v2\/media?parent=2960"}],"curies":[{"name":"wp","href":"https:\/\/api.w.org\/{rel}","templated":true}]}}